{"id":24740,"date":"2020-05-02T19:11:52","date_gmt":"2020-05-02T18:11:52","guid":{"rendered":"https:\/\/gongcenter.ch\/product\/zaphir-windspiel-blue-moon\/"},"modified":"2024-01-04T17:04:21","modified_gmt":"2024-01-04T16:04:21","slug":"zaphir-windspiel-blue-moon","status":"publish","type":"product","link":"https:\/\/gongcenter.ch\/en\/product\/zaphir-windspiel-blue-moon\/","title":{"rendered":"Windspiel Zaphir 5er Set"},"content":{"rendered":"<p>F\u00fcnf Zaphir Windspiele. Die zauberhaften Klanginstrumente.<\/p>\n<p>Die Zaphir-Klangspiele werden von Hand in Frankreich gefertigt, und sind auf einen Klang gestimmt. Sie sind 5 verschiedenen Farben erh\u00e4ltlich. Sobald das Klangspiel in Schwingung ger\u00e4t, ber\u00fchrt ein kleines Pl\u00e4ttchen im Inneren des Klang-Zylinders sanft acht unterschiedlich lange St\u00e4be, die am Boden des Klang-Zylinders im Kreis angeordnet sind. Zu h\u00f6ren sind harmonische, sehr melodi\u00f6se Akkorde, die ein Wohlgef\u00fchl verbreiten.<\/p>\n","protected":false},"excerpt":{"rendered":"Verf\u00fcgbare Farben:\r\n<ul>\r\n \t<li><strong>Crystalide:<\/strong> light yellow<\/li>\r\n \t<li><strong>Sunray:<\/strong> snow white<\/li>\r\n \t<li><strong>Twilight:<\/strong> light blue-violet<\/li>\r\n \t<li><strong>Suf:<\/strong> persian red<\/li>\r\n \t<li><strong>Blue Moon:<\/strong> violet-red<\/li>\r\n<\/ul>","protected":false},"featured_media":29788,"template":"","meta":[],"product_brand":[],"product_cat":[507],"product_tag":[],"class_list":{"0":"post-24740","1":"product","2":"type-product","3":"status-publish","4":"has-post-thumbnail","6":"brands-zaphir","7":"product_cat-koshi-heloa-zaphir-klangpiele","8":"product_shipping_class-bis-199-chf-9-90-chf","9":"pa_farben-blue-moon","10":"pa_farben-crystalide","11":"pa_farben-sufi","12":"pa_farben-sunray","13":"pa_farben-twilight","15":"first","16":"instock","17":"taxable","18":"shipping-taxable","19":"purchasable","20":"product-type-simple"},"yoast_head":"<!-- This site is optimized with the Yoast SEO plugin v27.0 - https:\/\/yoast.com\/product\/yoast-seo-wordpress\/ -->\n<title>Zaphir Windspiel 5er Set - Gong Center Z\u00fcrich<\/title>\n<meta name=\"description\" content=\"Die f\u00fcnf Zaphir-Windspiele: Blue Moon, Crystalide, Sunray, Twilight &amp; Sufi. Die magischen Klanginstrumente f\u00fcr Klangtherapie, Meditation oder zu Hause.\" \/>\n<meta name=\"robots\" content=\"index, follow, max-snippet:-1, max-image-preview:large, max-video-preview:-1\" \/>\n<link rel=\"canonical\" href=\"https:\/\/gongcenter.ch\/produkt\/zaphir-windspiel-blue-moon\/\" \/>\n<meta property=\"og:locale\" content=\"en_US\" \/>\n<meta property=\"og:type\" content=\"article\" \/>\n<meta property=\"og:title\" content=\"Zaphir Windspiel 5er Set - Gong Center Z\u00fcrich\" \/>\n<meta property=\"og:description\" content=\"Die f\u00fcnf Zaphir-Windspiele: Blue Moon, Crystalide, Sunray, Twilight &amp; Sufi. Die magischen Klanginstrumente f\u00fcr Klangtherapie, Meditation oder zu Hause.\" \/>\n<meta property=\"og:url\" content=\"https:\/\/gongcenter.ch\/produkt\/zaphir-windspiel-blue-moon\/\" \/>\n<meta property=\"og:site_name\" content=\"Gong Center Schweiz I Dein Gong und Klanginstrumente Fachgesch\u00e4ft\" \/>\n<meta property=\"article:modified_time\" content=\"2024-01-04T16:04:21+00:00\" \/>\n<meta property=\"og:image\" content=\"https:\/\/gongcenter.ch\/app\/uploads\/2022\/09\/Zaphir-5-Modelle-1.png\" \/>\n\t<meta property=\"og:image:width\" content=\"600\" \/>\n\t<meta property=\"og:image:height\" content=\"600\" \/>\n\t<meta property=\"og:image:type\" content=\"image\/png\" \/>\n<meta name=\"twitter:card\" content=\"summary_large_image\" \/>\n<meta name=\"twitter:label1\" content=\"Est. reading time\" \/>\n\t<meta name=\"twitter:data1\" content=\"1 minute\" \/>\n<!-- \/ Yoast SEO plugin. -->","yoast_head_json":{"title":"Zaphir Windspiel 5er Set - Gong Center Z\u00fcrich","description":"Die f\u00fcnf Zaphir-Windspiele: Blue Moon, Crystalide, Sunray, Twilight & Sufi. Die magischen Klanginstrumente f\u00fcr Klangtherapie, Meditation oder zu Hause.","robots":{"index":"index","follow":"follow","max-snippet":"max-snippet:-1","max-image-preview":"max-image-preview:large","max-video-preview":"max-video-preview:-1"},"canonical":"https:\/\/gongcenter.ch\/produkt\/zaphir-windspiel-blue-moon\/","og_locale":"en_US","og_type":"article","og_title":"Zaphir Windspiel 5er Set - Gong Center Z\u00fcrich","og_description":"Die f\u00fcnf Zaphir-Windspiele: Blue Moon, Crystalide, Sunray, Twilight & Sufi. Die magischen Klanginstrumente f\u00fcr Klangtherapie, Meditation oder zu Hause.","og_url":"https:\/\/gongcenter.ch\/produkt\/zaphir-windspiel-blue-moon\/","og_site_name":"Gong Center Schweiz I Dein Gong und Klanginstrumente Fachgesch\u00e4ft","article_modified_time":"2024-01-04T16:04:21+00:00","og_image":[{"width":600,"height":600,"url":"https:\/\/gongcenter.ch\/app\/uploads\/2022\/09\/Zaphir-5-Modelle-1.png","type":"image\/png"}],"twitter_card":"summary_large_image","twitter_misc":{"Est. reading time":"1 minute"},"schema":{"@context":"https:\/\/schema.org","@graph":[{"@type":"WebPage","@id":"https:\/\/gongcenter.ch\/produkt\/zaphir-windspiel-blue-moon\/","url":"https:\/\/gongcenter.ch\/produkt\/zaphir-windspiel-blue-moon\/","name":"Zaphir Windspiel 5er Set - Gong Center Z\u00fcrich","isPartOf":{"@id":"https:\/\/gongcenter.ch\/#website"},"primaryImageOfPage":{"@id":"https:\/\/gongcenter.ch\/produkt\/zaphir-windspiel-blue-moon\/#primaryimage"},"image":{"@id":"https:\/\/gongcenter.ch\/produkt\/zaphir-windspiel-blue-moon\/#primaryimage"},"thumbnailUrl":"https:\/\/gongcenter.ch\/app\/uploads\/2022\/09\/Zaphir-5-Modelle-1.png","datePublished":"2020-05-02T18:11:52+00:00","dateModified":"2024-01-04T16:04:21+00:00","description":"Die f\u00fcnf Zaphir-Windspiele: Blue Moon, Crystalide, Sunray, Twilight & Sufi. Die magischen Klanginstrumente f\u00fcr Klangtherapie, Meditation oder zu Hause.","breadcrumb":{"@id":"https:\/\/gongcenter.ch\/produkt\/zaphir-windspiel-blue-moon\/#breadcrumb"},"inLanguage":"en-US","potentialAction":[{"@type":"ReadAction","target":["https:\/\/gongcenter.ch\/produkt\/zaphir-windspiel-blue-moon\/"]}]},{"@type":"ImageObject","inLanguage":"en-US","@id":"https:\/\/gongcenter.ch\/produkt\/zaphir-windspiel-blue-moon\/#primaryimage","url":"https:\/\/gongcenter.ch\/app\/uploads\/2022\/09\/Zaphir-5-Modelle-1.png","contentUrl":"https:\/\/gongcenter.ch\/app\/uploads\/2022\/09\/Zaphir-5-Modelle-1.png","width":600,"height":600},{"@type":"BreadcrumbList","@id":"https:\/\/gongcenter.ch\/produkt\/zaphir-windspiel-blue-moon\/#breadcrumb","itemListElement":[{"@type":"ListItem","position":1,"name":"Startseite","item":"https:\/\/gongcenter.ch\/en\/"},{"@type":"ListItem","position":2,"name":"Shop","item":"https:\/\/gongcenter.ch\/en\/shop\/"},{"@type":"ListItem","position":3,"name":"Windspiel Zaphir 5er Set"}]},{"@type":"WebSite","@id":"https:\/\/gongcenter.ch\/#website","url":"https:\/\/gongcenter.ch\/","name":"Gong Center Schweiz I Dein Gong und Klanginstrumente Fachgesch\u00e4ft","description":"Entdecke eine grosse Gong Auswahl sowie weitere Klanginstrumente - Wir sind Gong Klangtherapeut und bieten dir Top Qualit\u00e4t und Beratung.","publisher":{"@id":"https:\/\/gongcenter.ch\/#organization"},"potentialAction":[{"@type":"SearchAction","target":{"@type":"EntryPoint","urlTemplate":"https:\/\/gongcenter.ch\/?s={search_term_string}"},"query-input":{"@type":"PropertyValueSpecification","valueRequired":true,"valueName":"search_term_string"}}],"inLanguage":"en-US"},{"@type":"Organization","@id":"https:\/\/gongcenter.ch\/#organization","name":"Gongcenter Z\u00fcrich I Das Fachgesch\u00e4ft f\u00fcr Gong und Klang","url":"https:\/\/gongcenter.ch\/","logo":{"@type":"ImageObject","inLanguage":"en-US","@id":"https:\/\/gongcenter.ch\/#\/schema\/logo\/image\/","url":"https:\/\/gongcenter.ch\/app\/uploads\/2018\/05\/Gong-Center_Logo_2000_black.png","contentUrl":"https:\/\/gongcenter.ch\/app\/uploads\/2018\/05\/Gong-Center_Logo_2000_black.png","width":2000,"height":600,"caption":"Gongcenter Z\u00fcrich I Das Fachgesch\u00e4ft f\u00fcr Gong und Klang"},"image":{"@id":"https:\/\/gongcenter.ch\/#\/schema\/logo\/image\/"}}]}},"acf":[],"_links":{"self":[{"href":"https:\/\/gongcenter.ch\/en\/wp-json\/wp\/v2\/product\/24740","targetHints":{"allow":["GET"]}}],"collection":[{"href":"https:\/\/gongcenter.ch\/en\/wp-json\/wp\/v2\/product"}],"about":[{"href":"https:\/\/gongcenter.ch\/en\/wp-json\/wp\/v2\/types\/product"}],"wp:featuredmedia":[{"embeddable":true,"href":"https:\/\/gongcenter.ch\/en\/wp-json\/wp\/v2\/media\/29788"}],"wp:attachment":[{"href":"https:\/\/gongcenter.ch\/en\/wp-json\/wp\/v2\/media?parent=24740"}],"wp:term":[{"taxonomy":"product_brand","embeddable":true,"href":"https:\/\/gongcenter.ch\/en\/wp-json\/wp\/v2\/product_brand?post=24740"},{"taxonomy":"product_cat","embeddable":true,"href":"https:\/\/gongcenter.ch\/en\/wp-json\/wp\/v2\/product_cat?post=24740"},{"taxonomy":"product_tag","embeddable":true,"href":"https:\/\/gongcenter.ch\/en\/wp-json\/wp\/v2\/product_tag?post=24740"}],"curies":[{"name":"wp","href":"https:\/\/api.w.org\/{rel}","templated":true}]}}