{"id":24749,"date":"2020-05-02T19:15:56","date_gmt":"2020-05-02T18:15:56","guid":{"rendered":"https:\/\/gongcenter.ch\/product\/indianerflte-e-432hz-in-ahorn\/"},"modified":"2023-04-18T11:38:44","modified_gmt":"2023-04-18T10:38:44","slug":"indianerflte-e-432hz-in-ahorn","status":"publish","type":"product","link":"https:\/\/gongcenter.ch\/en\/product\/indianerflte-e-432hz-in-ahorn\/","title":{"rendered":"Indianerfl\ufffdte E 432Hz in Ahorn"},"content":{"rendered":"<p>Diese traditionelle Indianerfl\u00f6te basiert auf einer pentatonischen Skala in E-Moll , wenn beim Spielen das vierte Loch von unten verschlossen wird. Mit allen 6 L\u00f6chern gespielt, verf\u00fcgt sie \u00fcber eine diatonisch gestimmte Skala.<\/p>\n","protected":false},"excerpt":{"rendered":"Diese traditionelle Indianerfl\u00f6te basiert auf einer pentatonischen Skala in E-Moll , wenn beim Spielen das vierte Loch von unten verschlossen wird. Mit allen 6 L\u00f6chern gespielt, verf\u00fcgt sie \u00fcber eine diatonisch gestimmte Skala.","protected":false},"featured_media":29796,"template":"","meta":[],"product_brand":[],"product_cat":[1219],"product_tag":[],"class_list":{"0":"post-24749","1":"product","2":"type-product","3":"status-publish","4":"has-post-thumbnail","6":"brands-gong-center","7":"product_cat-indianerfloeten","8":"product_shipping_class-kostenloser-versand-innerhalb-der-schweiz","10":"first","11":"instock","12":"sale","13":"sold-individually","14":"taxable","15":"shipping-taxable","16":"purchasable","17":"product-type-simple"},"yoast_head":"<!-- This site is optimized with the Yoast SEO plugin v27.0 - https:\/\/yoast.com\/product\/yoast-seo-wordpress\/ -->\n<title>Indianerfl\u00f6te E 432Hz in Ahorn<\/title>\n<meta name=\"description\" content=\"Diese Indianerfl\u00f6te basiert auf einer pentatonischen Skala in E-Moll , wenn beim Spielen das vierte Loch von unten verschlossen wird.\" \/>\n<meta name=\"robots\" content=\"index, follow, max-snippet:-1, max-image-preview:large, max-video-preview:-1\" \/>\n<link rel=\"canonical\" href=\"https:\/\/gongcenter.ch\/produkt\/indianerflte-e-432hz-in-ahorn\/\" \/>\n<meta property=\"og:locale\" content=\"en_US\" \/>\n<meta property=\"og:type\" content=\"article\" \/>\n<meta property=\"og:title\" content=\"Indianerfl\u00f6te E 432Hz in Ahorn\" \/>\n<meta property=\"og:description\" content=\"Diese Indianerfl\u00f6te basiert auf einer pentatonischen Skala in E-Moll , wenn beim Spielen das vierte Loch von unten verschlossen wird.\" \/>\n<meta property=\"og:url\" content=\"https:\/\/gongcenter.ch\/produkt\/indianerflte-e-432hz-in-ahorn\/\" \/>\n<meta property=\"og:site_name\" content=\"Gong Center Schweiz I Dein Gong und Klanginstrumente Fachgesch\u00e4ft\" \/>\n<meta property=\"article:modified_time\" content=\"2023-04-18T10:38:44+00:00\" \/>\n<meta property=\"og:image\" content=\"https:\/\/gongcenter.ch\/app\/uploads\/2022\/09\/Indianerfloete-Ton-E-432Hz-Ahorn-und-Nussbaum-2.png\" \/>\n\t<meta property=\"og:image:width\" content=\"600\" \/>\n\t<meta property=\"og:image:height\" content=\"600\" \/>\n\t<meta property=\"og:image:type\" content=\"image\/png\" \/>\n<meta name=\"twitter:card\" content=\"summary_large_image\" \/>\n<meta name=\"twitter:label1\" content=\"Est. reading time\" \/>\n\t<meta name=\"twitter:data1\" content=\"1 minute\" \/>\n<!-- \/ Yoast SEO plugin. -->","yoast_head_json":{"title":"Indianerfl\u00f6te E 432Hz in Ahorn","description":"Diese Indianerfl\u00f6te basiert auf einer pentatonischen Skala in E-Moll , wenn beim Spielen das vierte Loch von unten verschlossen wird.","robots":{"index":"index","follow":"follow","max-snippet":"max-snippet:-1","max-image-preview":"max-image-preview:large","max-video-preview":"max-video-preview:-1"},"canonical":"https:\/\/gongcenter.ch\/produkt\/indianerflte-e-432hz-in-ahorn\/","og_locale":"en_US","og_type":"article","og_title":"Indianerfl\u00f6te E 432Hz in Ahorn","og_description":"Diese Indianerfl\u00f6te basiert auf einer pentatonischen Skala in E-Moll , wenn beim Spielen das vierte Loch von unten verschlossen wird.","og_url":"https:\/\/gongcenter.ch\/produkt\/indianerflte-e-432hz-in-ahorn\/","og_site_name":"Gong Center Schweiz I Dein Gong und Klanginstrumente Fachgesch\u00e4ft","article_modified_time":"2023-04-18T10:38:44+00:00","og_image":[{"width":600,"height":600,"url":"https:\/\/gongcenter.ch\/app\/uploads\/2022\/09\/Indianerfloete-Ton-E-432Hz-Ahorn-und-Nussbaum-2.png","type":"image\/png"}],"twitter_card":"summary_large_image","twitter_misc":{"Est. reading time":"1 minute"},"schema":{"@context":"https:\/\/schema.org","@graph":[{"@type":"WebPage","@id":"https:\/\/gongcenter.ch\/produkt\/indianerflte-e-432hz-in-ahorn\/","url":"https:\/\/gongcenter.ch\/produkt\/indianerflte-e-432hz-in-ahorn\/","name":"Indianerfl\u00f6te E 432Hz in Ahorn","isPartOf":{"@id":"https:\/\/gongcenter.ch\/#website"},"primaryImageOfPage":{"@id":"https:\/\/gongcenter.ch\/produkt\/indianerflte-e-432hz-in-ahorn\/#primaryimage"},"image":{"@id":"https:\/\/gongcenter.ch\/produkt\/indianerflte-e-432hz-in-ahorn\/#primaryimage"},"thumbnailUrl":"https:\/\/gongcenter.ch\/app\/uploads\/2022\/09\/Indianerfloete-Ton-E-432Hz-Ahorn-und-Nussbaum-2.png","datePublished":"2020-05-02T18:15:56+00:00","dateModified":"2023-04-18T10:38:44+00:00","description":"Diese Indianerfl\u00f6te basiert auf einer pentatonischen Skala in E-Moll , wenn beim Spielen das vierte Loch von unten verschlossen wird.","breadcrumb":{"@id":"https:\/\/gongcenter.ch\/produkt\/indianerflte-e-432hz-in-ahorn\/#breadcrumb"},"inLanguage":"en-US","potentialAction":[{"@type":"ReadAction","target":["https:\/\/gongcenter.ch\/produkt\/indianerflte-e-432hz-in-ahorn\/"]}]},{"@type":"ImageObject","inLanguage":"en-US","@id":"https:\/\/gongcenter.ch\/produkt\/indianerflte-e-432hz-in-ahorn\/#primaryimage","url":"https:\/\/gongcenter.ch\/app\/uploads\/2022\/09\/Indianerfloete-Ton-E-432Hz-Ahorn-und-Nussbaum-2.png","contentUrl":"https:\/\/gongcenter.ch\/app\/uploads\/2022\/09\/Indianerfloete-Ton-E-432Hz-Ahorn-und-Nussbaum-2.png","width":600,"height":600},{"@type":"BreadcrumbList","@id":"https:\/\/gongcenter.ch\/produkt\/indianerflte-e-432hz-in-ahorn\/#breadcrumb","itemListElement":[{"@type":"ListItem","position":1,"name":"Startseite","item":"https:\/\/gongcenter.ch\/en\/"},{"@type":"ListItem","position":2,"name":"Shop","item":"https:\/\/gongcenter.ch\/en\/shop\/"},{"@type":"ListItem","position":3,"name":"Indianerfl\ufffdte E 432Hz in Ahorn"}]},{"@type":"WebSite","@id":"https:\/\/gongcenter.ch\/#website","url":"https:\/\/gongcenter.ch\/","name":"Gong Center Schweiz I Dein Gong und Klanginstrumente Fachgesch\u00e4ft","description":"Entdecke eine grosse Gong Auswahl sowie weitere Klanginstrumente - Wir sind Gong Klangtherapeut und bieten dir Top Qualit\u00e4t und Beratung.","publisher":{"@id":"https:\/\/gongcenter.ch\/#organization"},"potentialAction":[{"@type":"SearchAction","target":{"@type":"EntryPoint","urlTemplate":"https:\/\/gongcenter.ch\/?s={search_term_string}"},"query-input":{"@type":"PropertyValueSpecification","valueRequired":true,"valueName":"search_term_string"}}],"inLanguage":"en-US"},{"@type":"Organization","@id":"https:\/\/gongcenter.ch\/#organization","name":"Gongcenter Z\u00fcrich I Das Fachgesch\u00e4ft f\u00fcr Gong und Klang","url":"https:\/\/gongcenter.ch\/","logo":{"@type":"ImageObject","inLanguage":"en-US","@id":"https:\/\/gongcenter.ch\/#\/schema\/logo\/image\/","url":"https:\/\/gongcenter.ch\/app\/uploads\/2018\/05\/Gong-Center_Logo_2000_black.png","contentUrl":"https:\/\/gongcenter.ch\/app\/uploads\/2018\/05\/Gong-Center_Logo_2000_black.png","width":2000,"height":600,"caption":"Gongcenter Z\u00fcrich I Das Fachgesch\u00e4ft f\u00fcr Gong und Klang"},"image":{"@id":"https:\/\/gongcenter.ch\/#\/schema\/logo\/image\/"}}]}},"acf":[],"_links":{"self":[{"href":"https:\/\/gongcenter.ch\/en\/wp-json\/wp\/v2\/product\/24749","targetHints":{"allow":["GET"]}}],"collection":[{"href":"https:\/\/gongcenter.ch\/en\/wp-json\/wp\/v2\/product"}],"about":[{"href":"https:\/\/gongcenter.ch\/en\/wp-json\/wp\/v2\/types\/product"}],"wp:featuredmedia":[{"embeddable":true,"href":"https:\/\/gongcenter.ch\/en\/wp-json\/wp\/v2\/media\/29796"}],"wp:attachment":[{"href":"https:\/\/gongcenter.ch\/en\/wp-json\/wp\/v2\/media?parent=24749"}],"wp:term":[{"taxonomy":"product_brand","embeddable":true,"href":"https:\/\/gongcenter.ch\/en\/wp-json\/wp\/v2\/product_brand?post=24749"},{"taxonomy":"product_cat","embeddable":true,"href":"https:\/\/gongcenter.ch\/en\/wp-json\/wp\/v2\/product_cat?post=24749"},{"taxonomy":"product_tag","embeddable":true,"href":"https:\/\/gongcenter.ch\/en\/wp-json\/wp\/v2\/product_tag?post=24749"}],"curies":[{"name":"wp","href":"https:\/\/api.w.org\/{rel}","templated":true}]}}