{"id":24753,"date":"2020-05-02T19:15:57","date_gmt":"2020-05-02T18:15:57","guid":{"rendered":"https:\/\/gongcenter.ch\/product\/indianerflte-f-432hz-in-nussbaum\/"},"modified":"2023-04-18T11:38:46","modified_gmt":"2023-04-18T10:38:46","slug":"indianerflte-f-432hz-in-nussbaum","status":"publish","type":"product","link":"https:\/\/gongcenter.ch\/en\/product\/indianerflte-f-432hz-in-nussbaum\/","title":{"rendered":"Indianerfl\ufffdte F 432Hz in Nussbaum"},"content":{"rendered":"<p><span style=\"font-size: 16px;\"><span style=\"font-family: PT Sans, sans-serif;\"><br \/>\nerh\u00e4ltlich in Nussbaum, Kastanie oder Ahorn<br \/>\nDiese traditionelle Indianerfl\u00f6te basiert auf einer pentatonischen Skala in F-Moll, wenn beim Spielen das vierte Loch von unten verschlossen wird. Mit allen 6 L\u00f6chern gespielt, verf\u00fcgt sie \u00fcber eine diatonisch gestimmte Skala. Die Fl\u00f6te ist mit einem Fetisch verziert.<\/span><span style=\"font-family: PT Sans, sans-serif;\"><br \/>\n<\/span><\/span><\/p>\n","protected":false},"excerpt":{"rendered":"<ul>\r\n \t<li>L\u00e4nge der Fl\u00f6te: 50 cm<\/li>\r\n \t<li>Innendurchmesser: 2.4 cm<\/li>\r\n \t<li>Abstand zwischen den einzelnen L\u00f6chern: maximal 2,5 cm<\/li>\r\n<\/ul>","protected":false},"featured_media":29804,"template":"","meta":[],"product_brand":[],"product_cat":[1219],"product_tag":[],"class_list":{"0":"post-24753","1":"product","2":"type-product","3":"status-publish","4":"has-post-thumbnail","6":"brands-gong-center","7":"product_cat-indianerfloeten","8":"product_shipping_class-kostenloser-versand-innerhalb-der-schweiz","10":"first","11":"instock","12":"sale","13":"sold-individually","14":"taxable","15":"shipping-taxable","16":"purchasable","17":"product-type-simple"},"yoast_head":"<!-- This site is optimized with the Yoast SEO plugin v27.0 - https:\/\/yoast.com\/product\/yoast-seo-wordpress\/ -->\n<title>Indianerfl\u00f6te F 432Hz in Nussbaum<\/title>\n<meta name=\"description\" content=\"Diese Indianerfl\u00f6te basiert auf einer pentatonischen Skala in F-Moll, wenn beim Spielen das vierte Loch von unten verschlossen wird.\" \/>\n<meta name=\"robots\" content=\"index, follow, max-snippet:-1, max-image-preview:large, max-video-preview:-1\" \/>\n<link rel=\"canonical\" href=\"https:\/\/gongcenter.ch\/produkt\/indianerflte-f-432hz-in-nussbaum\/\" \/>\n<meta property=\"og:locale\" content=\"en_US\" \/>\n<meta property=\"og:type\" content=\"article\" \/>\n<meta property=\"og:title\" content=\"Indianerfl\u00f6te F 432Hz in Nussbaum\" \/>\n<meta property=\"og:description\" content=\"Diese Indianerfl\u00f6te basiert auf einer pentatonischen Skala in F-Moll, wenn beim Spielen das vierte Loch von unten verschlossen wird.\" \/>\n<meta property=\"og:url\" content=\"https:\/\/gongcenter.ch\/produkt\/indianerflte-f-432hz-in-nussbaum\/\" \/>\n<meta property=\"og:site_name\" content=\"Gong Center Schweiz I Dein Gong und Klanginstrumente Fachgesch\u00e4ft\" \/>\n<meta property=\"article:modified_time\" content=\"2023-04-18T10:38:46+00:00\" \/>\n<meta property=\"og:image\" content=\"https:\/\/gongcenter.ch\/app\/uploads\/2022\/09\/Indianerfloete-Ton-F-432Hz-Nussbaum-2.png\" \/>\n\t<meta property=\"og:image:width\" content=\"600\" \/>\n\t<meta property=\"og:image:height\" content=\"600\" \/>\n\t<meta property=\"og:image:type\" content=\"image\/png\" \/>\n<meta name=\"twitter:card\" content=\"summary_large_image\" \/>\n<meta name=\"twitter:label1\" content=\"Est. reading time\" \/>\n\t<meta name=\"twitter:data1\" content=\"1 minute\" \/>\n<!-- \/ Yoast SEO plugin. -->","yoast_head_json":{"title":"Indianerfl\u00f6te F 432Hz in Nussbaum","description":"Diese Indianerfl\u00f6te basiert auf einer pentatonischen Skala in F-Moll, wenn beim Spielen das vierte Loch von unten verschlossen wird.","robots":{"index":"index","follow":"follow","max-snippet":"max-snippet:-1","max-image-preview":"max-image-preview:large","max-video-preview":"max-video-preview:-1"},"canonical":"https:\/\/gongcenter.ch\/produkt\/indianerflte-f-432hz-in-nussbaum\/","og_locale":"en_US","og_type":"article","og_title":"Indianerfl\u00f6te F 432Hz in Nussbaum","og_description":"Diese Indianerfl\u00f6te basiert auf einer pentatonischen Skala in F-Moll, wenn beim Spielen das vierte Loch von unten verschlossen wird.","og_url":"https:\/\/gongcenter.ch\/produkt\/indianerflte-f-432hz-in-nussbaum\/","og_site_name":"Gong Center Schweiz I Dein Gong und Klanginstrumente Fachgesch\u00e4ft","article_modified_time":"2023-04-18T10:38:46+00:00","og_image":[{"width":600,"height":600,"url":"https:\/\/gongcenter.ch\/app\/uploads\/2022\/09\/Indianerfloete-Ton-F-432Hz-Nussbaum-2.png","type":"image\/png"}],"twitter_card":"summary_large_image","twitter_misc":{"Est. reading time":"1 minute"},"schema":{"@context":"https:\/\/schema.org","@graph":[{"@type":"WebPage","@id":"https:\/\/gongcenter.ch\/produkt\/indianerflte-f-432hz-in-nussbaum\/","url":"https:\/\/gongcenter.ch\/produkt\/indianerflte-f-432hz-in-nussbaum\/","name":"Indianerfl\u00f6te F 432Hz in Nussbaum","isPartOf":{"@id":"https:\/\/gongcenter.ch\/#website"},"primaryImageOfPage":{"@id":"https:\/\/gongcenter.ch\/produkt\/indianerflte-f-432hz-in-nussbaum\/#primaryimage"},"image":{"@id":"https:\/\/gongcenter.ch\/produkt\/indianerflte-f-432hz-in-nussbaum\/#primaryimage"},"thumbnailUrl":"https:\/\/gongcenter.ch\/app\/uploads\/2022\/09\/Indianerfloete-Ton-F-432Hz-Nussbaum-2.png","datePublished":"2020-05-02T18:15:57+00:00","dateModified":"2023-04-18T10:38:46+00:00","description":"Diese Indianerfl\u00f6te basiert auf einer pentatonischen Skala in F-Moll, wenn beim Spielen das vierte Loch von unten verschlossen wird.","breadcrumb":{"@id":"https:\/\/gongcenter.ch\/produkt\/indianerflte-f-432hz-in-nussbaum\/#breadcrumb"},"inLanguage":"en-US","potentialAction":[{"@type":"ReadAction","target":["https:\/\/gongcenter.ch\/produkt\/indianerflte-f-432hz-in-nussbaum\/"]}]},{"@type":"ImageObject","inLanguage":"en-US","@id":"https:\/\/gongcenter.ch\/produkt\/indianerflte-f-432hz-in-nussbaum\/#primaryimage","url":"https:\/\/gongcenter.ch\/app\/uploads\/2022\/09\/Indianerfloete-Ton-F-432Hz-Nussbaum-2.png","contentUrl":"https:\/\/gongcenter.ch\/app\/uploads\/2022\/09\/Indianerfloete-Ton-F-432Hz-Nussbaum-2.png","width":600,"height":600},{"@type":"BreadcrumbList","@id":"https:\/\/gongcenter.ch\/produkt\/indianerflte-f-432hz-in-nussbaum\/#breadcrumb","itemListElement":[{"@type":"ListItem","position":1,"name":"Startseite","item":"https:\/\/gongcenter.ch\/en\/"},{"@type":"ListItem","position":2,"name":"Shop","item":"https:\/\/gongcenter.ch\/en\/shop\/"},{"@type":"ListItem","position":3,"name":"Indianerfl\ufffdte F 432Hz in Nussbaum"}]},{"@type":"WebSite","@id":"https:\/\/gongcenter.ch\/#website","url":"https:\/\/gongcenter.ch\/","name":"Gong Center Schweiz I Dein Gong und Klanginstrumente Fachgesch\u00e4ft","description":"Entdecke eine grosse Gong Auswahl sowie weitere Klanginstrumente - Wir sind Gong Klangtherapeut und bieten dir Top Qualit\u00e4t und Beratung.","publisher":{"@id":"https:\/\/gongcenter.ch\/#organization"},"potentialAction":[{"@type":"SearchAction","target":{"@type":"EntryPoint","urlTemplate":"https:\/\/gongcenter.ch\/?s={search_term_string}"},"query-input":{"@type":"PropertyValueSpecification","valueRequired":true,"valueName":"search_term_string"}}],"inLanguage":"en-US"},{"@type":"Organization","@id":"https:\/\/gongcenter.ch\/#organization","name":"Gongcenter Z\u00fcrich I Das Fachgesch\u00e4ft f\u00fcr Gong und Klang","url":"https:\/\/gongcenter.ch\/","logo":{"@type":"ImageObject","inLanguage":"en-US","@id":"https:\/\/gongcenter.ch\/#\/schema\/logo\/image\/","url":"https:\/\/gongcenter.ch\/app\/uploads\/2018\/05\/Gong-Center_Logo_2000_black.png","contentUrl":"https:\/\/gongcenter.ch\/app\/uploads\/2018\/05\/Gong-Center_Logo_2000_black.png","width":2000,"height":600,"caption":"Gongcenter Z\u00fcrich I Das Fachgesch\u00e4ft f\u00fcr Gong und Klang"},"image":{"@id":"https:\/\/gongcenter.ch\/#\/schema\/logo\/image\/"}}]}},"acf":[],"_links":{"self":[{"href":"https:\/\/gongcenter.ch\/en\/wp-json\/wp\/v2\/product\/24753","targetHints":{"allow":["GET"]}}],"collection":[{"href":"https:\/\/gongcenter.ch\/en\/wp-json\/wp\/v2\/product"}],"about":[{"href":"https:\/\/gongcenter.ch\/en\/wp-json\/wp\/v2\/types\/product"}],"wp:featuredmedia":[{"embeddable":true,"href":"https:\/\/gongcenter.ch\/en\/wp-json\/wp\/v2\/media\/29804"}],"wp:attachment":[{"href":"https:\/\/gongcenter.ch\/en\/wp-json\/wp\/v2\/media?parent=24753"}],"wp:term":[{"taxonomy":"product_brand","embeddable":true,"href":"https:\/\/gongcenter.ch\/en\/wp-json\/wp\/v2\/product_brand?post=24753"},{"taxonomy":"product_cat","embeddable":true,"href":"https:\/\/gongcenter.ch\/en\/wp-json\/wp\/v2\/product_cat?post=24753"},{"taxonomy":"product_tag","embeddable":true,"href":"https:\/\/gongcenter.ch\/en\/wp-json\/wp\/v2\/product_tag?post=24753"}],"curies":[{"name":"wp","href":"https:\/\/api.w.org\/{rel}","templated":true}]}}