{"id":24775,"date":"2020-05-03T07:32:06","date_gmt":"2020-05-03T06:32:06","guid":{"rendered":"https:\/\/gongcenter.ch\/product\/kristallstab-6-oktave-uranus\/"},"modified":"2023-05-02T19:55:27","modified_gmt":"2023-05-02T18:55:27","slug":"kristallstab-6-oktave-uranus","status":"publish","type":"product","link":"https:\/\/gongcenter.ch\/en\/product\/kristallstab-6-oktave-uranus\/","title":{"rendered":"Kristallstab 6 Oktave Uranus"},"content":{"rendered":"\n<p>Dieser Kristallklangstab von Dieter Schrade ist auf die<br \/>\nPlanetenfrequenz des Uranus unseres Sonnensystems gestimmt.\n <\/p>\n<p>Durch die Oktavierung der einzelnen Frequenzen nutzen diese<br \/>\nKristallklangst&auml;be die verschiedenen spirituellen und urzeitlichen<br \/>\nEnergien der einzelnen Planeten.<\/p>\n<p>Die entsprechende Planetentonfrequenzen sind vom Schweizer<br \/>\nMathematiker und Klangwissenschaftler Hans Cousto berechnet. <br \/>\nAuf Stimmgenauigkeit wird bei der Herstellung allergr&ouml;ssten Wert<br \/>\nGelegt.<\/p>\n<p>Wie Mozart bereits die F&auml;higkeiten hatte, Musik in einer h&ouml;heren<br \/>\nDimension zu produzieren, rufen diese Kristall-St&auml;be das Neue<br \/>\nZeitalter mit den h&ouml;heren Schwingungen herbei.<\/p>\n<p>Ein Gef&uuml;hl der Freiheit, Vollkommenheit und Ganzheit breitet sich<br \/>\naus.<\/p>\n<p>F&uuml;ge diese Kristallklangst&auml;be deinen spirituellen<br \/>\nKlanginstrumenten hinzu und verwende sie in Klang-Meditationen,<br \/>\nSound Healings und f&uuml;r deine pers&ouml;nliche Erholung sowie<br \/>\nEntspannung.<\/p>\n<p>Die Grundfrequenz jeden Kristallstabs betr&auml;gt 432Hz und ist somit<br \/>\nperfekt geeigent f&uuml;r andere 432Hz gestimmte Sets und Instrumente.<\/p>\n<p>Erlebe und erfahre mehr &uuml;ber die Einsatzm&ouml;glichkeiten und<br \/>\nSpieltechniken der Kristallkl&auml;nge in unseren Kursen und Workshops.<\/p>\n<p>Der Kristallstab klingt sehr hell und besteht zu 99,9 % aus<br \/>\nBergkristall-Siliziumdioxid.<\/p>\n","protected":false},"excerpt":{"rendered":"\n    URANUS<br>\n    <br>\n    Ton:G# <br>\n    Handgestimmt auf: 439.4 Hz<br>\n    Farbe: Orange<br>\n    Wirkung bei Aktivierung: Neue Ideen, Unabh&auml;ngigkeit<br>\n    <br>\n    L&auml;nge: 27.0 cm<br>\n    Gewicht: 195 gr.<br>\n    Lieferumfang: inkl.1 Holzschlegel, 1 Gummischlegel und\n    Verpackungsschachtel<br>","protected":false},"featured_media":29844,"template":"","meta":[],"product_brand":[],"product_cat":[1218],"product_tag":[],"class_list":{"0":"post-24775","1":"product","2":"type-product","3":"status-publish","4":"has-post-thumbnail","6":"brands-dieter-schrade","7":"product_cat-kristall-klang","8":"product_shipping_class-bis-199-chf-9-90-chf","10":"first","11":"instock","12":"taxable","13":"shipping-taxable","14":"purchasable","15":"product-type-simple"},"yoast_head":"<!-- This site is optimized with the Yoast SEO plugin v27.0 - https:\/\/yoast.com\/product\/yoast-seo-wordpress\/ -->\n<title>Kristallstab 6 Oktave Uranus - Gong Center Schweiz I Dein Gong und Klanginstrumente Fachgesch\u00e4ft<\/title>\n<meta name=\"robots\" content=\"index, follow, max-snippet:-1, max-image-preview:large, max-video-preview:-1\" \/>\n<link rel=\"canonical\" href=\"https:\/\/gongcenter.ch\/produkt\/kristallstab-6-oktave-uranus\/\" \/>\n<meta property=\"og:locale\" content=\"en_US\" \/>\n<meta property=\"og:type\" content=\"article\" \/>\n<meta property=\"og:title\" content=\"Kristallstab 6 Oktave Uranus - Gong Center Schweiz I Dein Gong und Klanginstrumente Fachgesch\u00e4ft\" \/>\n<meta property=\"og:description\" content=\"URANUS     Ton:G#   Handgestimmt auf: 439.4 Hz   Farbe: Orange   Wirkung bei Aktivierung: Neue Ideen, Unabh&auml;ngigkeit     L&auml;nge: 27.0 cm   Gewicht: 195 gr.   Lieferumfang: inkl.1 Holzschlegel, 1 Gummischlegel und   Verpackungsschachtel\" \/>\n<meta property=\"og:url\" content=\"https:\/\/gongcenter.ch\/produkt\/kristallstab-6-oktave-uranus\/\" \/>\n<meta property=\"og:site_name\" content=\"Gong Center Schweiz I Dein Gong und Klanginstrumente Fachgesch\u00e4ft\" \/>\n<meta property=\"article:modified_time\" content=\"2023-05-02T18:55:27+00:00\" \/>\n<meta property=\"og:image\" content=\"https:\/\/gongcenter.ch\/app\/uploads\/2022\/09\/DS-Kristallstab-Uranus-2.png\" \/>\n\t<meta property=\"og:image:width\" content=\"600\" \/>\n\t<meta property=\"og:image:height\" content=\"600\" \/>\n\t<meta property=\"og:image:type\" content=\"image\/png\" \/>\n<meta name=\"twitter:card\" content=\"summary_large_image\" \/>\n<meta name=\"twitter:label1\" content=\"Est. reading time\" \/>\n\t<meta name=\"twitter:data1\" content=\"1 minute\" \/>\n<!-- \/ Yoast SEO plugin. -->","yoast_head_json":{"title":"Kristallstab 6 Oktave Uranus - Gong Center Schweiz I Dein Gong und Klanginstrumente Fachgesch\u00e4ft","robots":{"index":"index","follow":"follow","max-snippet":"max-snippet:-1","max-image-preview":"max-image-preview:large","max-video-preview":"max-video-preview:-1"},"canonical":"https:\/\/gongcenter.ch\/produkt\/kristallstab-6-oktave-uranus\/","og_locale":"en_US","og_type":"article","og_title":"Kristallstab 6 Oktave Uranus - Gong Center Schweiz I Dein Gong und Klanginstrumente Fachgesch\u00e4ft","og_description":"URANUS     Ton:G#   Handgestimmt auf: 439.4 Hz   Farbe: Orange   Wirkung bei Aktivierung: Neue Ideen, Unabh&auml;ngigkeit     L&auml;nge: 27.0 cm   Gewicht: 195 gr.   Lieferumfang: inkl.1 Holzschlegel, 1 Gummischlegel und   Verpackungsschachtel","og_url":"https:\/\/gongcenter.ch\/produkt\/kristallstab-6-oktave-uranus\/","og_site_name":"Gong Center Schweiz I Dein Gong und Klanginstrumente Fachgesch\u00e4ft","article_modified_time":"2023-05-02T18:55:27+00:00","og_image":[{"width":600,"height":600,"url":"https:\/\/gongcenter.ch\/app\/uploads\/2022\/09\/DS-Kristallstab-Uranus-2.png","type":"image\/png"}],"twitter_card":"summary_large_image","twitter_misc":{"Est. reading time":"1 minute"},"schema":{"@context":"https:\/\/schema.org","@graph":[{"@type":"WebPage","@id":"https:\/\/gongcenter.ch\/produkt\/kristallstab-6-oktave-uranus\/","url":"https:\/\/gongcenter.ch\/produkt\/kristallstab-6-oktave-uranus\/","name":"Kristallstab 6 Oktave Uranus - Gong Center Schweiz I Dein Gong und Klanginstrumente Fachgesch\u00e4ft","isPartOf":{"@id":"https:\/\/gongcenter.ch\/#website"},"primaryImageOfPage":{"@id":"https:\/\/gongcenter.ch\/produkt\/kristallstab-6-oktave-uranus\/#primaryimage"},"image":{"@id":"https:\/\/gongcenter.ch\/produkt\/kristallstab-6-oktave-uranus\/#primaryimage"},"thumbnailUrl":"https:\/\/gongcenter.ch\/app\/uploads\/2022\/09\/DS-Kristallstab-Uranus-2.png","datePublished":"2020-05-03T06:32:06+00:00","dateModified":"2023-05-02T18:55:27+00:00","breadcrumb":{"@id":"https:\/\/gongcenter.ch\/produkt\/kristallstab-6-oktave-uranus\/#breadcrumb"},"inLanguage":"en-US","potentialAction":[{"@type":"ReadAction","target":["https:\/\/gongcenter.ch\/produkt\/kristallstab-6-oktave-uranus\/"]}]},{"@type":"ImageObject","inLanguage":"en-US","@id":"https:\/\/gongcenter.ch\/produkt\/kristallstab-6-oktave-uranus\/#primaryimage","url":"https:\/\/gongcenter.ch\/app\/uploads\/2022\/09\/DS-Kristallstab-Uranus-2.png","contentUrl":"https:\/\/gongcenter.ch\/app\/uploads\/2022\/09\/DS-Kristallstab-Uranus-2.png","width":600,"height":600},{"@type":"BreadcrumbList","@id":"https:\/\/gongcenter.ch\/produkt\/kristallstab-6-oktave-uranus\/#breadcrumb","itemListElement":[{"@type":"ListItem","position":1,"name":"Startseite","item":"https:\/\/gongcenter.ch\/en\/"},{"@type":"ListItem","position":2,"name":"Shop","item":"https:\/\/gongcenter.ch\/en\/shop\/"},{"@type":"ListItem","position":3,"name":"Kristallstab 6 Oktave Uranus"}]},{"@type":"WebSite","@id":"https:\/\/gongcenter.ch\/#website","url":"https:\/\/gongcenter.ch\/","name":"Gong Center Schweiz I Dein Gong und Klanginstrumente Fachgesch\u00e4ft","description":"Entdecke eine grosse Gong Auswahl sowie weitere Klanginstrumente - Wir sind Gong Klangtherapeut und bieten dir Top Qualit\u00e4t und Beratung.","publisher":{"@id":"https:\/\/gongcenter.ch\/#organization"},"potentialAction":[{"@type":"SearchAction","target":{"@type":"EntryPoint","urlTemplate":"https:\/\/gongcenter.ch\/?s={search_term_string}"},"query-input":{"@type":"PropertyValueSpecification","valueRequired":true,"valueName":"search_term_string"}}],"inLanguage":"en-US"},{"@type":"Organization","@id":"https:\/\/gongcenter.ch\/#organization","name":"Gongcenter Z\u00fcrich I Das Fachgesch\u00e4ft f\u00fcr Gong und Klang","url":"https:\/\/gongcenter.ch\/","logo":{"@type":"ImageObject","inLanguage":"en-US","@id":"https:\/\/gongcenter.ch\/#\/schema\/logo\/image\/","url":"https:\/\/gongcenter.ch\/app\/uploads\/2018\/05\/Gong-Center_Logo_2000_black.png","contentUrl":"https:\/\/gongcenter.ch\/app\/uploads\/2018\/05\/Gong-Center_Logo_2000_black.png","width":2000,"height":600,"caption":"Gongcenter Z\u00fcrich I Das Fachgesch\u00e4ft f\u00fcr Gong und Klang"},"image":{"@id":"https:\/\/gongcenter.ch\/#\/schema\/logo\/image\/"}}]}},"acf":[],"_links":{"self":[{"href":"https:\/\/gongcenter.ch\/en\/wp-json\/wp\/v2\/product\/24775","targetHints":{"allow":["GET"]}}],"collection":[{"href":"https:\/\/gongcenter.ch\/en\/wp-json\/wp\/v2\/product"}],"about":[{"href":"https:\/\/gongcenter.ch\/en\/wp-json\/wp\/v2\/types\/product"}],"wp:featuredmedia":[{"embeddable":true,"href":"https:\/\/gongcenter.ch\/en\/wp-json\/wp\/v2\/media\/29844"}],"wp:attachment":[{"href":"https:\/\/gongcenter.ch\/en\/wp-json\/wp\/v2\/media?parent=24775"}],"wp:term":[{"taxonomy":"product_brand","embeddable":true,"href":"https:\/\/gongcenter.ch\/en\/wp-json\/wp\/v2\/product_brand?post=24775"},{"taxonomy":"product_cat","embeddable":true,"href":"https:\/\/gongcenter.ch\/en\/wp-json\/wp\/v2\/product_cat?post=24775"},{"taxonomy":"product_tag","embeddable":true,"href":"https:\/\/gongcenter.ch\/en\/wp-json\/wp\/v2\/product_tag?post=24775"}],"curies":[{"name":"wp","href":"https:\/\/api.w.org\/{rel}","templated":true}]}}