{"id":24797,"date":"2020-05-03T07:32:11","date_gmt":"2020-05-03T06:32:11","guid":{"rendered":"https:\/\/gongcenter.ch\/product\/paiste-symphonic-brilliant-gong-62-cm-24-zoll\/"},"modified":"2025-03-25T12:12:01","modified_gmt":"2025-03-25T11:12:01","slug":"paiste-brilliant-gong","status":"publish","type":"product","link":"https:\/\/gongcenter.ch\/en\/product\/paiste-brilliant-gong\/","title":{"rendered":"PAISTE Brilliant Gong"},"content":{"rendered":"<p class=\"\" data-start=\"314\" data-end=\"585\">Der <strong data-start=\"318\" data-end=\"347\">Brilliant-Gong von PAISTE<\/strong> besticht durch seine au\u00dfergew\u00f6hnliche <strong data-start=\"386\" data-end=\"416\">Optik und klangliche Tiefe<\/strong>. Seine hochglanzpolierte Oberfl\u00e4che reflektiert das Licht in goldenen bis silbrigen T\u00f6nen und spiegelt die Farben der Umgebung \u2013 ein visuelles wie akustisches Erlebnis.<\/p>\n<p class=\"\" data-start=\"587\" data-end=\"932\">Der Begriff <strong data-start=\"599\" data-end=\"616\">\u201esymphonisch\u201c<\/strong> steht bei PAISTE f\u00fcr eine <strong data-start=\"643\" data-end=\"672\">universelle Klangstruktur<\/strong> mit einem <strong data-start=\"683\" data-end=\"718\">harmonischen Schwingungsverlauf<\/strong>, der flexibel und reich an Obert\u00f6nen das gesamte Frequenzspektrum abbildet. Der <strong data-start=\"799\" data-end=\"819\">Brilliant-Finish<\/strong> verleiht dem Gong nicht nur eine moderne, lichtvolle Ausstrahlung, sondern auch eine klare, offene Klangfarbe.<\/p>\n<p class=\"\" data-start=\"934\" data-end=\"1115\">Da dieser Gong <strong data-start=\"949\" data-end=\"977\">keinerlei Schwarzanteile<\/strong> enth\u00e4lt, wird er auch als <strong data-start=\"1004\" data-end=\"1019\">\u201eLichtgong\u201c<\/strong> bezeichnet \u2013 seine Frequenz liegt nahe dem <strong data-start=\"1063\" data-end=\"1076\">Sonnenton<\/strong> und wirkt energetisierend und \u00f6ffnend.<\/p>\n<p class=\"\" data-start=\"1117\" data-end=\"1404\">In unserer Erfahrung mit integraler Klangarbeit hat sich der <strong data-start=\"1178\" data-end=\"1235\">PAISTE Brilliant Symphonic Gong mit 81\u202fcm Durchmesser<\/strong> als besonders <strong data-start=\"1250\" data-end=\"1283\">herzzentriert und heilwirksam<\/strong> erwiesen \u2013 ein Gong mit <strong data-start=\"1308\" data-end=\"1403\">grosser Pr\u00e4senz, schneller Klangentfaltung und einem intensiven Zugang zur emotionalen Tiefe<\/strong>.<\/p>\n<p class=\"\" data-start=\"1406\" data-end=\"1645\">Die moderne Wissenschaft best\u00e4tigt: <strong data-start=\"1442\" data-end=\"1531\">Harmonische Naturkl\u00e4nge k\u00f6nnen die Qualit\u00e4t innerer Absichten in den Raum \u00fcbertragen.<\/strong> So wird das Spiel mit diesem Gong zu einem bewussten Ausdruck deiner Intention, Kreativit\u00e4t und inneren Klarheit.<\/p>\n<p class=\"\" data-start=\"1647\" data-end=\"1792\"><strong data-start=\"1647\" data-end=\"1706\">PAISTE steht f\u00fcr h\u00f6chste Handwerkskunst aus Deutschland<\/strong>, getragen von jahrzehntelanger Erfahrung und einem kompromisslosen Qualit\u00e4tsanspruch.<\/p>\n","protected":false},"excerpt":{"rendered":"<p class=\"\" data-start=\"116\" data-end=\"314\"><strong data-start=\"116\" data-end=\"128\">Hinweis:\r\n<\/strong><br data-start=\"128\" data-end=\"131\" \/>Der <strong data-start=\"135\" data-end=\"160\">PAISTE Brilliant Gong<\/strong> wird standardm\u00e4ssig <strong data-start=\"181\" data-end=\"194\">ohne Logo<\/strong> geliefert. Wenn du einen Gong <strong data-start=\"225\" data-end=\"244\">mit PAISTE Logo<\/strong> w\u00fcnschst, teile uns dies bitte ausdr\u00fccklich bei der Bestellung mit.<\/p>\r\n<p class=\"\" data-start=\"316\" data-end=\"403\">Bitte beachte: <strong data-start=\"331\" data-end=\"395\">Bei nicht lagernden Gr\u00f6ssen kann es zu l\u00e4ngeren Lieferzeiten<\/strong> kommen.<\/p>","protected":false},"featured_media":29848,"template":"","meta":[],"product_brand":[],"product_cat":[678],"product_tag":[],"class_list":{"0":"post-24797","1":"product","2":"type-product","3":"status-publish","4":"has-post-thumbnail","6":"brands-paiste","7":"product_cat-symphonic-gong-paiste-gongs","8":"product_shipping_class-kostenloser-versand-innerhalb-der-schweiz","9":"pa_groesse-24-62-cm","10":"pa_groesse-26-66-cm","11":"pa_groesse-28-71-cm","12":"pa_groesse-30-75-cm","13":"pa_groesse-32-81-cm-o","14":"pa_groesse-34-86cm","15":"pa_groesse-36-90-cm-o","16":"pa_groesse-38-95-cm-o","18":"first","19":"instock","20":"sold-individually","21":"taxable","22":"shipping-taxable","23":"purchasable","24":"product-type-variable"},"yoast_head":"<!-- This site is optimized with the Yoast SEO plugin v27.0 - https:\/\/yoast.com\/product\/yoast-seo-wordpress\/ -->\n<title>Paiste Symphonic Brillant Gong | Intensiver Herz-Zugang<\/title>\n<meta name=\"description\" content=\"Der PAISTE Brilliant Symphonic Gong vereint lichtvolle Optik mit herz\u00f6ffnendem Klang. Handgefertigt in Deutschland \u2013 f\u00fcr tiefe Heilung und Inspiration.\" \/>\n<meta name=\"robots\" content=\"index, follow, max-snippet:-1, max-image-preview:large, max-video-preview:-1\" \/>\n<link rel=\"canonical\" href=\"https:\/\/gongcenter.ch\/produkt\/paiste-brilliant-gong\/\" \/>\n<meta property=\"og:locale\" content=\"en_US\" \/>\n<meta property=\"og:type\" content=\"article\" \/>\n<meta property=\"og:title\" content=\"Paiste Symphonic Brillant Gong | Intensiver Herz-Zugang\" \/>\n<meta property=\"og:description\" content=\"Der PAISTE Brilliant Symphonic Gong vereint lichtvolle Optik mit herz\u00f6ffnendem Klang. Handgefertigt in Deutschland \u2013 f\u00fcr tiefe Heilung und Inspiration.\" \/>\n<meta property=\"og:url\" content=\"https:\/\/gongcenter.ch\/produkt\/paiste-brilliant-gong\/\" \/>\n<meta property=\"og:site_name\" content=\"Gong Center Schweiz I Dein Gong und Klanginstrumente Fachgesch\u00e4ft\" \/>\n<meta property=\"article:modified_time\" content=\"2025-03-25T11:12:01+00:00\" \/>\n<meta property=\"og:image\" content=\"https:\/\/gongcenter.ch\/app\/uploads\/2022\/09\/PAISTE-Symphonic-Brilliant-Gong-2.png\" \/>\n\t<meta property=\"og:image:width\" content=\"600\" \/>\n\t<meta property=\"og:image:height\" content=\"600\" \/>\n\t<meta property=\"og:image:type\" content=\"image\/png\" \/>\n<meta name=\"twitter:card\" content=\"summary_large_image\" \/>\n<meta name=\"twitter:label1\" content=\"Est. reading time\" \/>\n\t<meta name=\"twitter:data1\" content=\"2 minutes\" \/>\n<!-- \/ Yoast SEO plugin. -->","yoast_head_json":{"title":"Paiste Symphonic Brillant Gong | Intensiver Herz-Zugang","description":"Der PAISTE Brilliant Symphonic Gong vereint lichtvolle Optik mit herz\u00f6ffnendem Klang. Handgefertigt in Deutschland \u2013 f\u00fcr tiefe Heilung und Inspiration.","robots":{"index":"index","follow":"follow","max-snippet":"max-snippet:-1","max-image-preview":"max-image-preview:large","max-video-preview":"max-video-preview:-1"},"canonical":"https:\/\/gongcenter.ch\/produkt\/paiste-brilliant-gong\/","og_locale":"en_US","og_type":"article","og_title":"Paiste Symphonic Brillant Gong | Intensiver Herz-Zugang","og_description":"Der PAISTE Brilliant Symphonic Gong vereint lichtvolle Optik mit herz\u00f6ffnendem Klang. Handgefertigt in Deutschland \u2013 f\u00fcr tiefe Heilung und Inspiration.","og_url":"https:\/\/gongcenter.ch\/produkt\/paiste-brilliant-gong\/","og_site_name":"Gong Center Schweiz I Dein Gong und Klanginstrumente Fachgesch\u00e4ft","article_modified_time":"2025-03-25T11:12:01+00:00","og_image":[{"width":600,"height":600,"url":"https:\/\/gongcenter.ch\/app\/uploads\/2022\/09\/PAISTE-Symphonic-Brilliant-Gong-2.png","type":"image\/png"}],"twitter_card":"summary_large_image","twitter_misc":{"Est. reading time":"2 minutes"},"schema":{"@context":"https:\/\/schema.org","@graph":[{"@type":"WebPage","@id":"https:\/\/gongcenter.ch\/produkt\/paiste-brilliant-gong\/","url":"https:\/\/gongcenter.ch\/produkt\/paiste-brilliant-gong\/","name":"Paiste Symphonic Brillant Gong | Intensiver Herz-Zugang","isPartOf":{"@id":"https:\/\/gongcenter.ch\/#website"},"primaryImageOfPage":{"@id":"https:\/\/gongcenter.ch\/produkt\/paiste-brilliant-gong\/#primaryimage"},"image":{"@id":"https:\/\/gongcenter.ch\/produkt\/paiste-brilliant-gong\/#primaryimage"},"thumbnailUrl":"https:\/\/gongcenter.ch\/app\/uploads\/2022\/09\/PAISTE-Symphonic-Brilliant-Gong-2.png","datePublished":"2020-05-03T06:32:11+00:00","dateModified":"2025-03-25T11:12:01+00:00","description":"Der PAISTE Brilliant Symphonic Gong vereint lichtvolle Optik mit herz\u00f6ffnendem Klang. Handgefertigt in Deutschland \u2013 f\u00fcr tiefe Heilung und Inspiration.","breadcrumb":{"@id":"https:\/\/gongcenter.ch\/produkt\/paiste-brilliant-gong\/#breadcrumb"},"inLanguage":"en-US","potentialAction":[{"@type":"ReadAction","target":["https:\/\/gongcenter.ch\/produkt\/paiste-brilliant-gong\/"]}]},{"@type":"ImageObject","inLanguage":"en-US","@id":"https:\/\/gongcenter.ch\/produkt\/paiste-brilliant-gong\/#primaryimage","url":"https:\/\/gongcenter.ch\/app\/uploads\/2022\/09\/PAISTE-Symphonic-Brilliant-Gong-2.png","contentUrl":"https:\/\/gongcenter.ch\/app\/uploads\/2022\/09\/PAISTE-Symphonic-Brilliant-Gong-2.png","width":600,"height":600},{"@type":"BreadcrumbList","@id":"https:\/\/gongcenter.ch\/produkt\/paiste-brilliant-gong\/#breadcrumb","itemListElement":[{"@type":"ListItem","position":1,"name":"Startseite","item":"https:\/\/gongcenter.ch\/en\/"},{"@type":"ListItem","position":2,"name":"Shop","item":"https:\/\/gongcenter.ch\/en\/shop\/"},{"@type":"ListItem","position":3,"name":"PAISTE Brilliant Gong"}]},{"@type":"WebSite","@id":"https:\/\/gongcenter.ch\/#website","url":"https:\/\/gongcenter.ch\/","name":"Gong Center Schweiz I Dein Gong und Klanginstrumente Fachgesch\u00e4ft","description":"Entdecke eine grosse Gong Auswahl sowie weitere Klanginstrumente - Wir sind Gong Klangtherapeut und bieten dir Top Qualit\u00e4t und Beratung.","publisher":{"@id":"https:\/\/gongcenter.ch\/#organization"},"potentialAction":[{"@type":"SearchAction","target":{"@type":"EntryPoint","urlTemplate":"https:\/\/gongcenter.ch\/?s={search_term_string}"},"query-input":{"@type":"PropertyValueSpecification","valueRequired":true,"valueName":"search_term_string"}}],"inLanguage":"en-US"},{"@type":"Organization","@id":"https:\/\/gongcenter.ch\/#organization","name":"Gongcenter Z\u00fcrich I Das Fachgesch\u00e4ft f\u00fcr Gong und Klang","url":"https:\/\/gongcenter.ch\/","logo":{"@type":"ImageObject","inLanguage":"en-US","@id":"https:\/\/gongcenter.ch\/#\/schema\/logo\/image\/","url":"https:\/\/gongcenter.ch\/app\/uploads\/2018\/05\/Gong-Center_Logo_2000_black.png","contentUrl":"https:\/\/gongcenter.ch\/app\/uploads\/2018\/05\/Gong-Center_Logo_2000_black.png","width":2000,"height":600,"caption":"Gongcenter Z\u00fcrich I Das Fachgesch\u00e4ft f\u00fcr Gong und Klang"},"image":{"@id":"https:\/\/gongcenter.ch\/#\/schema\/logo\/image\/"}}]}},"acf":[],"_links":{"self":[{"href":"https:\/\/gongcenter.ch\/en\/wp-json\/wp\/v2\/product\/24797","targetHints":{"allow":["GET"]}}],"collection":[{"href":"https:\/\/gongcenter.ch\/en\/wp-json\/wp\/v2\/product"}],"about":[{"href":"https:\/\/gongcenter.ch\/en\/wp-json\/wp\/v2\/types\/product"}],"wp:featuredmedia":[{"embeddable":true,"href":"https:\/\/gongcenter.ch\/en\/wp-json\/wp\/v2\/media\/29848"}],"wp:attachment":[{"href":"https:\/\/gongcenter.ch\/en\/wp-json\/wp\/v2\/media?parent=24797"}],"wp:term":[{"taxonomy":"product_brand","embeddable":true,"href":"https:\/\/gongcenter.ch\/en\/wp-json\/wp\/v2\/product_brand?post=24797"},{"taxonomy":"product_cat","embeddable":true,"href":"https:\/\/gongcenter.ch\/en\/wp-json\/wp\/v2\/product_cat?post=24797"},{"taxonomy":"product_tag","embeddable":true,"href":"https:\/\/gongcenter.ch\/en\/wp-json\/wp\/v2\/product_tag?post=24797"}],"curies":[{"name":"wp","href":"https:\/\/api.w.org\/{rel}","templated":true}]}}