{"id":24822,"date":"2020-05-04T16:52:35","date_gmt":"2020-05-04T15:52:35","guid":{"rendered":"https:\/\/gongcenter.ch\/product\/chakraset-oktave-7-komplettes-set-7-klangstbe-c-b\/"},"modified":"2024-01-09T22:42:04","modified_gmt":"2024-01-09T21:42:04","slug":"chakraset-oktave-7-klangstbe","status":"publish","type":"product","link":"https:\/\/gongcenter.ch\/en\/product\/chakraset-oktave-7-klangstbe\/","title":{"rendered":"Klangst\u00e4be Chakraset, Oktave 7"},"content":{"rendered":"<p>Dieser Kristallklangst\u00e4be von Dieter Schrade sind in der Oktave 7 auf die sieben Chakrafrequenzen des menschlichen K\u00f6rpers gestimmt.<\/p>\n<p>Die entsprechende Chakrentonfrequenzen sind vom Schweizer Mathematiker und Klangwissenschaftler Hans Cousto berechnet. Auf Stimmgenauigkeit wird bei der Herstellung allergr\u00f6ssten Wert gelegt.<\/p>\n<p>Wie Mozart bereits die F\u00e4higkeiten hatte, Musik in einer h\u00f6heren Dimension zu produzieren, rufen diese Kristall-St\u00e4be das Neue Zeitalter mit den h\u00f6heren Schwingungen herbei. Ein Gef\u00fchl der Freiheit, Vollkommenheit und Ganzheit breitet sich aus.<\/p>\n<p>F\u00fcge Kristallklangst\u00e4be deinen spirituellen Klanginstrumenten hinzu und verwende sie in Klang-Meditationen, Sound Healings und f\u00fcr deine pers\u00f6nliche Erholung sowie Entspannung. Sie eignen sich perfekt f\u00fcr andere gestimmte 432Hz-Sets und -Instrumente.<\/p>\n<p>Erlebe und erfahre mehr \u00fcber die Einsatzm\u00f6glichkeiten und Spieltechniken der Kristallkl\u00e4nge in unseren Kursen und Workshops.<\/p>\n","protected":false},"excerpt":{"rendered":"7 Chakren-T\u00f6ne im Set, Oktave 7\r\n\r\nTon: jeweiliger, handgestimmte Chakrenfrequenz, C-B\r\nFarbe: entsprechend dem jeweiligen Chakra\r\nWirkung bei Aktivierung: entsprechend dem jeweiligen Chakra\r\nL\u00e4nge: 17.5 cm Gewicht: 115 gr.\r\n\r\nLieferumfang: inkl.1 Holzschlegel, 1 Gummischlegel und\r\nVerpackungsschachteln\r\nDer Kristallstab klingt sehr hell und besteht zu 99,9 % aus\r\nBergkristall-Siliziumdioxid.\r\n\r\n&lt;p","protected":false},"featured_media":29860,"template":"","meta":[],"product_brand":[],"product_cat":[1218],"product_tag":[],"class_list":{"0":"post-24822","1":"product","2":"type-product","3":"status-publish","4":"has-post-thumbnail","6":"brands-dieter-schrade","7":"product_cat-kristall-klang","8":"product_shipping_class-kostenloser-versand-innerhalb-der-schweiz","10":"first","11":"instock","12":"taxable","13":"shipping-taxable","14":"purchasable","15":"product-type-simple"},"yoast_head":"<!-- This site is optimized with the Yoast SEO plugin v27.0 - https:\/\/yoast.com\/product\/yoast-seo-wordpress\/ -->\n<title>Klangst\u00e4be Chakraset, Oktave 7 - Gong Center Schweiz I Dein Gong und Klanginstrumente Fachgesch\u00e4ft<\/title>\n<meta name=\"robots\" content=\"index, follow, max-snippet:-1, max-image-preview:large, max-video-preview:-1\" \/>\n<link rel=\"canonical\" href=\"https:\/\/gongcenter.ch\/produkt\/chakraset-oktave-7-klangstbe\/\" \/>\n<meta property=\"og:locale\" content=\"en_US\" \/>\n<meta property=\"og:type\" content=\"article\" \/>\n<meta property=\"og:title\" content=\"Klangst\u00e4be Chakraset, Oktave 7 - Gong Center Schweiz I Dein Gong und Klanginstrumente Fachgesch\u00e4ft\" \/>\n<meta property=\"og:description\" content=\"7 Chakren-T\u00f6ne im Set, Oktave 7  Ton: jeweiliger, handgestimmte Chakrenfrequenz, C-B Farbe: entsprechend dem jeweiligen Chakra Wirkung bei Aktivierung: entsprechend dem jeweiligen Chakra L\u00e4nge: 17.5 cm Gewicht: 115 gr.  Lieferumfang: inkl.1 Holzschlegel, 1 Gummischlegel und Verpackungsschachteln Der Kristallstab klingt sehr hell und besteht zu 99,9 % aus Bergkristall-Siliziumdioxid.  &lt;p\" \/>\n<meta property=\"og:url\" content=\"https:\/\/gongcenter.ch\/produkt\/chakraset-oktave-7-klangstbe\/\" \/>\n<meta property=\"og:site_name\" content=\"Gong Center Schweiz I Dein Gong und Klanginstrumente Fachgesch\u00e4ft\" \/>\n<meta property=\"article:modified_time\" content=\"2024-01-09T21:42:04+00:00\" \/>\n<meta property=\"og:image\" content=\"https:\/\/gongcenter.ch\/app\/uploads\/2022\/09\/Chakren-Toene-Set-7-Klangstaebe-2.png\" \/>\n\t<meta property=\"og:image:width\" content=\"600\" \/>\n\t<meta property=\"og:image:height\" content=\"600\" \/>\n\t<meta property=\"og:image:type\" content=\"image\/png\" \/>\n<meta name=\"twitter:card\" content=\"summary_large_image\" \/>\n<meta name=\"twitter:label1\" content=\"Est. reading time\" \/>\n\t<meta name=\"twitter:data1\" content=\"1 minute\" \/>\n<!-- \/ Yoast SEO plugin. -->","yoast_head_json":{"title":"Klangst\u00e4be Chakraset, Oktave 7 - Gong Center Schweiz I Dein Gong und Klanginstrumente Fachgesch\u00e4ft","robots":{"index":"index","follow":"follow","max-snippet":"max-snippet:-1","max-image-preview":"max-image-preview:large","max-video-preview":"max-video-preview:-1"},"canonical":"https:\/\/gongcenter.ch\/produkt\/chakraset-oktave-7-klangstbe\/","og_locale":"en_US","og_type":"article","og_title":"Klangst\u00e4be Chakraset, Oktave 7 - Gong Center Schweiz I Dein Gong und Klanginstrumente Fachgesch\u00e4ft","og_description":"7 Chakren-T\u00f6ne im Set, Oktave 7  Ton: jeweiliger, handgestimmte Chakrenfrequenz, C-B Farbe: entsprechend dem jeweiligen Chakra Wirkung bei Aktivierung: entsprechend dem jeweiligen Chakra L\u00e4nge: 17.5 cm Gewicht: 115 gr.  Lieferumfang: inkl.1 Holzschlegel, 1 Gummischlegel und Verpackungsschachteln Der Kristallstab klingt sehr hell und besteht zu 99,9 % aus Bergkristall-Siliziumdioxid.  &lt;p","og_url":"https:\/\/gongcenter.ch\/produkt\/chakraset-oktave-7-klangstbe\/","og_site_name":"Gong Center Schweiz I Dein Gong und Klanginstrumente Fachgesch\u00e4ft","article_modified_time":"2024-01-09T21:42:04+00:00","og_image":[{"width":600,"height":600,"url":"https:\/\/gongcenter.ch\/app\/uploads\/2022\/09\/Chakren-Toene-Set-7-Klangstaebe-2.png","type":"image\/png"}],"twitter_card":"summary_large_image","twitter_misc":{"Est. reading time":"1 minute"},"schema":{"@context":"https:\/\/schema.org","@graph":[{"@type":"WebPage","@id":"https:\/\/gongcenter.ch\/produkt\/chakraset-oktave-7-klangstbe\/","url":"https:\/\/gongcenter.ch\/produkt\/chakraset-oktave-7-klangstbe\/","name":"Klangst\u00e4be Chakraset, Oktave 7 - Gong Center Schweiz I Dein Gong und Klanginstrumente Fachgesch\u00e4ft","isPartOf":{"@id":"https:\/\/gongcenter.ch\/#website"},"primaryImageOfPage":{"@id":"https:\/\/gongcenter.ch\/produkt\/chakraset-oktave-7-klangstbe\/#primaryimage"},"image":{"@id":"https:\/\/gongcenter.ch\/produkt\/chakraset-oktave-7-klangstbe\/#primaryimage"},"thumbnailUrl":"https:\/\/gongcenter.ch\/app\/uploads\/2022\/09\/Chakren-Toene-Set-7-Klangstaebe-2.png","datePublished":"2020-05-04T15:52:35+00:00","dateModified":"2024-01-09T21:42:04+00:00","breadcrumb":{"@id":"https:\/\/gongcenter.ch\/produkt\/chakraset-oktave-7-klangstbe\/#breadcrumb"},"inLanguage":"en-US","potentialAction":[{"@type":"ReadAction","target":["https:\/\/gongcenter.ch\/produkt\/chakraset-oktave-7-klangstbe\/"]}]},{"@type":"ImageObject","inLanguage":"en-US","@id":"https:\/\/gongcenter.ch\/produkt\/chakraset-oktave-7-klangstbe\/#primaryimage","url":"https:\/\/gongcenter.ch\/app\/uploads\/2022\/09\/Chakren-Toene-Set-7-Klangstaebe-2.png","contentUrl":"https:\/\/gongcenter.ch\/app\/uploads\/2022\/09\/Chakren-Toene-Set-7-Klangstaebe-2.png","width":600,"height":600},{"@type":"BreadcrumbList","@id":"https:\/\/gongcenter.ch\/produkt\/chakraset-oktave-7-klangstbe\/#breadcrumb","itemListElement":[{"@type":"ListItem","position":1,"name":"Startseite","item":"https:\/\/gongcenter.ch\/en\/"},{"@type":"ListItem","position":2,"name":"Shop","item":"https:\/\/gongcenter.ch\/en\/shop\/"},{"@type":"ListItem","position":3,"name":"Klangst\u00e4be Chakraset, Oktave 7"}]},{"@type":"WebSite","@id":"https:\/\/gongcenter.ch\/#website","url":"https:\/\/gongcenter.ch\/","name":"Gong Center Schweiz I Dein Gong und Klanginstrumente Fachgesch\u00e4ft","description":"Entdecke eine grosse Gong Auswahl sowie weitere Klanginstrumente - Wir sind Gong Klangtherapeut und bieten dir Top Qualit\u00e4t und Beratung.","publisher":{"@id":"https:\/\/gongcenter.ch\/#organization"},"potentialAction":[{"@type":"SearchAction","target":{"@type":"EntryPoint","urlTemplate":"https:\/\/gongcenter.ch\/?s={search_term_string}"},"query-input":{"@type":"PropertyValueSpecification","valueRequired":true,"valueName":"search_term_string"}}],"inLanguage":"en-US"},{"@type":"Organization","@id":"https:\/\/gongcenter.ch\/#organization","name":"Gongcenter Z\u00fcrich I Das Fachgesch\u00e4ft f\u00fcr Gong und Klang","url":"https:\/\/gongcenter.ch\/","logo":{"@type":"ImageObject","inLanguage":"en-US","@id":"https:\/\/gongcenter.ch\/#\/schema\/logo\/image\/","url":"https:\/\/gongcenter.ch\/app\/uploads\/2018\/05\/Gong-Center_Logo_2000_black.png","contentUrl":"https:\/\/gongcenter.ch\/app\/uploads\/2018\/05\/Gong-Center_Logo_2000_black.png","width":2000,"height":600,"caption":"Gongcenter Z\u00fcrich I Das Fachgesch\u00e4ft f\u00fcr Gong und Klang"},"image":{"@id":"https:\/\/gongcenter.ch\/#\/schema\/logo\/image\/"}}]}},"acf":[],"_links":{"self":[{"href":"https:\/\/gongcenter.ch\/en\/wp-json\/wp\/v2\/product\/24822","targetHints":{"allow":["GET"]}}],"collection":[{"href":"https:\/\/gongcenter.ch\/en\/wp-json\/wp\/v2\/product"}],"about":[{"href":"https:\/\/gongcenter.ch\/en\/wp-json\/wp\/v2\/types\/product"}],"wp:featuredmedia":[{"embeddable":true,"href":"https:\/\/gongcenter.ch\/en\/wp-json\/wp\/v2\/media\/29860"}],"wp:attachment":[{"href":"https:\/\/gongcenter.ch\/en\/wp-json\/wp\/v2\/media?parent=24822"}],"wp:term":[{"taxonomy":"product_brand","embeddable":true,"href":"https:\/\/gongcenter.ch\/en\/wp-json\/wp\/v2\/product_brand?post=24822"},{"taxonomy":"product_cat","embeddable":true,"href":"https:\/\/gongcenter.ch\/en\/wp-json\/wp\/v2\/product_cat?post=24822"},{"taxonomy":"product_tag","embeddable":true,"href":"https:\/\/gongcenter.ch\/en\/wp-json\/wp\/v2\/product_tag?post=24822"}],"curies":[{"name":"wp","href":"https:\/\/api.w.org\/{rel}","templated":true}]}}