{"id":24825,"date":"2020-05-04T16:59:56","date_gmt":"2020-05-04T15:59:56","guid":{"rendered":"https:\/\/gongcenter.ch\/product\/kristallstab-7-oktave-platonische-jahr\/"},"modified":"2023-05-02T19:55:11","modified_gmt":"2023-05-02T18:55:11","slug":"kristall-klangstab-7-oktave-platonische-jahr","status":"publish","type":"product","link":"https:\/\/gongcenter.ch\/en\/product\/kristall-klangstab-7-oktave-platonische-jahr\/","title":{"rendered":"Kristallstab 7 Oktave Platonische Jahr"},"content":{"rendered":"<p>Dieser Kristallklangstab von Dieter Schrade ist auf das platonische Jahr der<\/p>\n<p>Planetenfrequenz der Erde unseres Sonnensystems gestimmt.<\/p>\n<p>Durch die Oktavierung der einzelnen Frequenzen nutzen diese<\/p>\n<p>Kristallklangst\u00e4be die verschiedenen spirituellen und urzeitlichen<\/p>\n<p>Energien der einzelnen Planeten.<\/p>\n<p>Die entsprechende Planetentonfrequenzen sind vom Schweizer<\/p>\n<p>Mathematiker und Klangwissenschaftler Hans Cousto berechnet.<\/p>\n<p>Auf Stimmgenauigkeit wird bei der Herstellung allergr\u00f6ssten Wert Gelegt.<\/p>\n<p>Wie Mozart bereits die F\u00e4higkeiten hatte, Musik in einer h\u00f6heren Dimension zu produzieren, rufen diese Kristall-St\u00e4be das Neue Zeitalter mit den h\u00f6heren Schwingungen herbei.<\/p>\n<p>Ein Gef\u00fchl der Freiheit, Vollkommenheit und Ganzheit breitet sich aus.<\/p>\n<p>F\u00fcge diese Kristallklangst\u00e4be deinen spirituellen<\/p>\n<p>Klanginstrumenten hinzu und verwende sie in Klang-Meditationen,<\/p>\n<p>Sound Healings und f\u00fcr deine pers\u00f6nliche Erholung sowie<\/p>\n<p>Entspannung.<\/p>\n<p>Die Grundfrequenz jeden Kristallstabs betr\u00e4gt 432Hz und ist somit<\/p>\n<p>perfekt geeigent f\u00fcr andere 432Hz gestimmte Sets und Instrumente.<\/p>\n<p>Erlebe und erfahre mehr \u00fcber die Einsatzm\u00f6glichkeiten und<\/p>\n<p>Spieltechniken der Kristallkl\u00e4nge in unseren Kursen und Workshops.<\/p>\n<p>Der Kristallstab klingt sehr hell und besteht zu 99,9 % aus<\/p>\n<p>Bergkristall-Siliziumdioxid.<\/p>\n","protected":false},"excerpt":{"rendered":"PLATONISCHES JAHR\r\n\r\nTon: F\r\n\r\nHandgestimmt auf: 433,6 Hz\r\n\r\nFarbe: Rot-Violett\r\n\r\nWirkung bei Aktivierung: Klarheit, Spritualit\u00e4t\r\n\r\nL\u00e4nge: 17.5 cm\r\n\r\nGewicht: 115 gr.\r\n\r\nLieferumfang: inkl.1 Holzschlegel und Verpackungsschachtel","protected":false},"featured_media":29862,"template":"","meta":[],"product_brand":[],"product_cat":[1218],"product_tag":[],"class_list":{"0":"post-24825","1":"product","2":"type-product","3":"status-publish","4":"has-post-thumbnail","6":"brands-dieter-schrade","7":"product_cat-kristall-klang","8":"product_shipping_class-bis-199-chf-9-90-chf","10":"first","11":"instock","12":"taxable","13":"shipping-taxable","14":"purchasable","15":"product-type-simple"},"yoast_head":"<!-- This site is optimized with the Yoast SEO plugin v27.0 - https:\/\/yoast.com\/product\/yoast-seo-wordpress\/ -->\n<title>Kristall-Klangst\u00e4be Tripl 7 | Oktave Platonisches Jahr<\/title>\n<meta name=\"description\" content=\"Diese Kristall-Klangst\u00e4be nutzen die verschiedenen spirituellen und urzeitlichen Energien der einzelnen Planeten.\" \/>\n<meta name=\"robots\" content=\"index, follow, max-snippet:-1, max-image-preview:large, max-video-preview:-1\" \/>\n<link rel=\"canonical\" href=\"https:\/\/gongcenter.ch\/produkt\/kristall-klangstab-7-oktave-platonische-jahr\/\" \/>\n<meta property=\"og:locale\" content=\"en_US\" \/>\n<meta property=\"og:type\" content=\"article\" \/>\n<meta property=\"og:title\" content=\"Kristall-Klangst\u00e4be Tripl 7 | Oktave Platonisches Jahr\" \/>\n<meta property=\"og:description\" content=\"Diese Kristall-Klangst\u00e4be nutzen die verschiedenen spirituellen und urzeitlichen Energien der einzelnen Planeten.\" \/>\n<meta property=\"og:url\" content=\"https:\/\/gongcenter.ch\/produkt\/kristall-klangstab-7-oktave-platonische-jahr\/\" \/>\n<meta property=\"og:site_name\" content=\"Gong Center Schweiz I Dein Gong und Klanginstrumente Fachgesch\u00e4ft\" \/>\n<meta property=\"article:modified_time\" content=\"2023-05-02T18:55:11+00:00\" \/>\n<meta property=\"og:image\" content=\"https:\/\/gongcenter.ch\/app\/uploads\/2022\/09\/DS-Kristallstab-Platonisches-Jahr-2.png\" \/>\n\t<meta property=\"og:image:width\" content=\"600\" \/>\n\t<meta property=\"og:image:height\" content=\"600\" \/>\n\t<meta property=\"og:image:type\" content=\"image\/png\" \/>\n<meta name=\"twitter:card\" content=\"summary_large_image\" \/>\n<meta name=\"twitter:label1\" content=\"Est. reading time\" \/>\n\t<meta name=\"twitter:data1\" content=\"1 minute\" \/>\n<!-- \/ Yoast SEO plugin. -->","yoast_head_json":{"title":"Kristall-Klangst\u00e4be Tripl 7 | Oktave Platonisches Jahr","description":"Diese Kristall-Klangst\u00e4be nutzen die verschiedenen spirituellen und urzeitlichen Energien der einzelnen Planeten.","robots":{"index":"index","follow":"follow","max-snippet":"max-snippet:-1","max-image-preview":"max-image-preview:large","max-video-preview":"max-video-preview:-1"},"canonical":"https:\/\/gongcenter.ch\/produkt\/kristall-klangstab-7-oktave-platonische-jahr\/","og_locale":"en_US","og_type":"article","og_title":"Kristall-Klangst\u00e4be Tripl 7 | Oktave Platonisches Jahr","og_description":"Diese Kristall-Klangst\u00e4be nutzen die verschiedenen spirituellen und urzeitlichen Energien der einzelnen Planeten.","og_url":"https:\/\/gongcenter.ch\/produkt\/kristall-klangstab-7-oktave-platonische-jahr\/","og_site_name":"Gong Center Schweiz I Dein Gong und Klanginstrumente Fachgesch\u00e4ft","article_modified_time":"2023-05-02T18:55:11+00:00","og_image":[{"width":600,"height":600,"url":"https:\/\/gongcenter.ch\/app\/uploads\/2022\/09\/DS-Kristallstab-Platonisches-Jahr-2.png","type":"image\/png"}],"twitter_card":"summary_large_image","twitter_misc":{"Est. reading time":"1 minute"},"schema":{"@context":"https:\/\/schema.org","@graph":[{"@type":"WebPage","@id":"https:\/\/gongcenter.ch\/produkt\/kristall-klangstab-7-oktave-platonische-jahr\/","url":"https:\/\/gongcenter.ch\/produkt\/kristall-klangstab-7-oktave-platonische-jahr\/","name":"Kristall-Klangst\u00e4be Tripl 7 | Oktave Platonisches Jahr","isPartOf":{"@id":"https:\/\/gongcenter.ch\/#website"},"primaryImageOfPage":{"@id":"https:\/\/gongcenter.ch\/produkt\/kristall-klangstab-7-oktave-platonische-jahr\/#primaryimage"},"image":{"@id":"https:\/\/gongcenter.ch\/produkt\/kristall-klangstab-7-oktave-platonische-jahr\/#primaryimage"},"thumbnailUrl":"https:\/\/gongcenter.ch\/app\/uploads\/2022\/09\/DS-Kristallstab-Platonisches-Jahr-2.png","datePublished":"2020-05-04T15:59:56+00:00","dateModified":"2023-05-02T18:55:11+00:00","description":"Diese Kristall-Klangst\u00e4be nutzen die verschiedenen spirituellen und urzeitlichen Energien der einzelnen Planeten.","breadcrumb":{"@id":"https:\/\/gongcenter.ch\/produkt\/kristall-klangstab-7-oktave-platonische-jahr\/#breadcrumb"},"inLanguage":"en-US","potentialAction":[{"@type":"ReadAction","target":["https:\/\/gongcenter.ch\/produkt\/kristall-klangstab-7-oktave-platonische-jahr\/"]}]},{"@type":"ImageObject","inLanguage":"en-US","@id":"https:\/\/gongcenter.ch\/produkt\/kristall-klangstab-7-oktave-platonische-jahr\/#primaryimage","url":"https:\/\/gongcenter.ch\/app\/uploads\/2022\/09\/DS-Kristallstab-Platonisches-Jahr-2.png","contentUrl":"https:\/\/gongcenter.ch\/app\/uploads\/2022\/09\/DS-Kristallstab-Platonisches-Jahr-2.png","width":600,"height":600},{"@type":"BreadcrumbList","@id":"https:\/\/gongcenter.ch\/produkt\/kristall-klangstab-7-oktave-platonische-jahr\/#breadcrumb","itemListElement":[{"@type":"ListItem","position":1,"name":"Startseite","item":"https:\/\/gongcenter.ch\/en\/"},{"@type":"ListItem","position":2,"name":"Shop","item":"https:\/\/gongcenter.ch\/en\/shop\/"},{"@type":"ListItem","position":3,"name":"Kristallstab 7 Oktave Platonische Jahr"}]},{"@type":"WebSite","@id":"https:\/\/gongcenter.ch\/#website","url":"https:\/\/gongcenter.ch\/","name":"Gong Center Schweiz I Dein Gong und Klanginstrumente Fachgesch\u00e4ft","description":"Entdecke eine grosse Gong Auswahl sowie weitere Klanginstrumente - Wir sind Gong Klangtherapeut und bieten dir Top Qualit\u00e4t und Beratung.","publisher":{"@id":"https:\/\/gongcenter.ch\/#organization"},"potentialAction":[{"@type":"SearchAction","target":{"@type":"EntryPoint","urlTemplate":"https:\/\/gongcenter.ch\/?s={search_term_string}"},"query-input":{"@type":"PropertyValueSpecification","valueRequired":true,"valueName":"search_term_string"}}],"inLanguage":"en-US"},{"@type":"Organization","@id":"https:\/\/gongcenter.ch\/#organization","name":"Gongcenter Z\u00fcrich I Das Fachgesch\u00e4ft f\u00fcr Gong und Klang","url":"https:\/\/gongcenter.ch\/","logo":{"@type":"ImageObject","inLanguage":"en-US","@id":"https:\/\/gongcenter.ch\/#\/schema\/logo\/image\/","url":"https:\/\/gongcenter.ch\/app\/uploads\/2018\/05\/Gong-Center_Logo_2000_black.png","contentUrl":"https:\/\/gongcenter.ch\/app\/uploads\/2018\/05\/Gong-Center_Logo_2000_black.png","width":2000,"height":600,"caption":"Gongcenter Z\u00fcrich I Das Fachgesch\u00e4ft f\u00fcr Gong und Klang"},"image":{"@id":"https:\/\/gongcenter.ch\/#\/schema\/logo\/image\/"}}]}},"acf":[],"_links":{"self":[{"href":"https:\/\/gongcenter.ch\/en\/wp-json\/wp\/v2\/product\/24825","targetHints":{"allow":["GET"]}}],"collection":[{"href":"https:\/\/gongcenter.ch\/en\/wp-json\/wp\/v2\/product"}],"about":[{"href":"https:\/\/gongcenter.ch\/en\/wp-json\/wp\/v2\/types\/product"}],"wp:featuredmedia":[{"embeddable":true,"href":"https:\/\/gongcenter.ch\/en\/wp-json\/wp\/v2\/media\/29862"}],"wp:attachment":[{"href":"https:\/\/gongcenter.ch\/en\/wp-json\/wp\/v2\/media?parent=24825"}],"wp:term":[{"taxonomy":"product_brand","embeddable":true,"href":"https:\/\/gongcenter.ch\/en\/wp-json\/wp\/v2\/product_brand?post=24825"},{"taxonomy":"product_cat","embeddable":true,"href":"https:\/\/gongcenter.ch\/en\/wp-json\/wp\/v2\/product_cat?post=24825"},{"taxonomy":"product_tag","embeddable":true,"href":"https:\/\/gongcenter.ch\/en\/wp-json\/wp\/v2\/product_tag?post=24825"}],"curies":[{"name":"wp","href":"https:\/\/api.w.org\/{rel}","templated":true}]}}