{"id":24827,"date":"2020-05-04T16:59:56","date_gmt":"2020-05-04T15:59:56","guid":{"rendered":"https:\/\/gongcenter.ch\/product\/planeten-kristallstbe-7-oktave-komplettes-set-13-klangstbe\/"},"modified":"2023-05-02T19:55:13","modified_gmt":"2023-05-02T18:55:13","slug":"kristallstaebe-planeten-7-oktave-set-mit-13-klangstaeben","status":"publish","type":"product","link":"https:\/\/gongcenter.ch\/en\/product\/kristallstaebe-planeten-7-oktave-set-mit-13-klangstaeben\/","title":{"rendered":"Planeten-Kristallst&auml;be, 7 Oktave, Komplettes Set, 13 Klangst&auml;be"},"content":{"rendered":"<p>&nbsp;<\/p>\n<p>Diese Kristallklangst\u00e4b von Dieter Schrade sind in der Oktave 7 auf die Planetenfrequenz des jeweiligen Planeten unseres Sonnensystems gestimmt.<\/p>\n<p>Durch die Oktavierung der einzelnen Frequenzen nutzen diese<br \/>\nKristallklangst\u00e4be die verschiedenen spirituellen und urzeitlichen<br \/>\nEnergien der einzelnen Planeten.<\/p>\n<p>Die entsprechende Planetentonfrequenzen sind vom Schweizer<br \/>\nMathematiker und Klangwissenschaftler Hans Cousto berechnet.<br \/>\nAuf Stimmgenauigkeit wird bei der Herstellung allergr\u00f6ssten Wert<br \/>\ngelegt.<\/p>\n<p>Wie Mozart bereits die F\u00e4higkeiten hatte, Musik in einer h\u00f6heren<br \/>\nDimension zu produzieren, rufen diese Kristall-St\u00e4be das Neue<br \/>\nZeitalter mit den h\u00f6heren Schwingungen herbei.<\/p>\n<p>Ein Gef\u00fchl der Freiheit, Vollkommenheit und Ganzheit breitet sich<br \/>\naus.<\/p>\n<p>F\u00fcge diese Kristallklangst\u00e4be deinen spirituellen Klanginstrumenten hinzu und verwende sie in Klang-Meditationen, Sound Healings und f\u00fcr deine pers\u00f6nliche Erholung sowie Entspannung.<\/p>\n<p>Die Grundfrequenz jeden Kristallstabs betr\u00e4gt 432Hz und ist somit<br \/>\nperfekt geeigent f\u00fcr andere 432Hz gestimmte Sets und Instrumente.<\/p>\n<p>Erlebe und erfahre mehr \u00fcber die Einsatzm\u00f6glichkeiten und<br \/>\nSpieltechniken der Kristallkl\u00e4nge in unseren Kursen und Workshops.<\/p>\n<p>Der Kristallstab klingt sehr hell und besteht zu 99,9 % aus<br \/>\nBergkristall-Siliziumdioxid.<\/p>\n","protected":false},"excerpt":{"rendered":"13 Planeten-T\u00f6ne im Set, Oktave 7\r\n\r\n13 Planeten-T\u00f6ne im Set, Oktave 7\r\n\r\nTon: jeweiliger, handgestimmter Planetenton?\r\n\r\nFarbe: entsprechend des jeweiligen Planeten\r\n\r\nWirkung bei Aktivierung: entsprechend des jeweiligen Planeten\r\n\r\nL\u00e4nge: 17.5 cm Gewicht: 115 gr.\r\n\r\nLieferumfang: inkl.1 Holzschlegel, 1 Gummischlegel und\r\n\r\nVerpackungsschachteln\r\n\r\nDer Kristallstab klingt sehr hell und besteht zu 99,9 % aus\r\n\r\nBergkristall-Siliziumdioxid.","protected":false},"featured_media":29864,"template":"","meta":[],"product_brand":[],"product_cat":[1218],"product_tag":[],"class_list":{"0":"post-24827","1":"product","2":"type-product","3":"status-publish","4":"has-post-thumbnail","6":"brands-dieter-schrade","7":"product_cat-kristall-klang","8":"product_shipping_class-kostenloser-versand-innerhalb-der-schweiz","10":"first","11":"instock","12":"sale","13":"taxable","14":"shipping-taxable","15":"purchasable","16":"product-type-simple"},"yoast_head":"<!-- This site is optimized with the Yoast SEO plugin v27.0 - https:\/\/yoast.com\/product\/yoast-seo-wordpress\/ -->\n<title>Planeten Kristallst\u00e4be 7 Oktave | Set mit 13 Klangst\u00e4ben<\/title>\n<meta name=\"description\" content=\"Diese Kristallst\u00e4be sind in der Oktave 7 auf die Frequenz der verschiedenen Planeten unseres Sonnensystems gestimmt.\" \/>\n<meta name=\"robots\" content=\"index, follow, max-snippet:-1, max-image-preview:large, max-video-preview:-1\" \/>\n<link rel=\"canonical\" href=\"https:\/\/gongcenter.ch\/produkt\/kristallstaebe-planeten-7-oktave-set-mit-13-klangstaeben\/\" \/>\n<meta property=\"og:locale\" content=\"en_US\" \/>\n<meta property=\"og:type\" content=\"article\" \/>\n<meta property=\"og:title\" content=\"Planeten Kristallst\u00e4be 7 Oktave | Set mit 13 Klangst\u00e4ben\" \/>\n<meta property=\"og:description\" content=\"Diese Kristallst\u00e4be sind in der Oktave 7 auf die Frequenz der verschiedenen Planeten unseres Sonnensystems gestimmt.\" \/>\n<meta property=\"og:url\" content=\"https:\/\/gongcenter.ch\/produkt\/kristallstaebe-planeten-7-oktave-set-mit-13-klangstaeben\/\" \/>\n<meta property=\"og:site_name\" content=\"Gong Center Schweiz I Dein Gong und Klanginstrumente Fachgesch\u00e4ft\" \/>\n<meta property=\"article:modified_time\" content=\"2023-05-02T18:55:13+00:00\" \/>\n<meta property=\"og:image\" content=\"https:\/\/gongcenter.ch\/app\/uploads\/2022\/09\/Planetentoene-Set-13-Klangstaebe-2.png\" \/>\n\t<meta property=\"og:image:width\" content=\"600\" \/>\n\t<meta property=\"og:image:height\" content=\"600\" \/>\n\t<meta property=\"og:image:type\" content=\"image\/png\" \/>\n<meta name=\"twitter:card\" content=\"summary_large_image\" \/>\n<meta name=\"twitter:label1\" content=\"Est. reading time\" \/>\n\t<meta name=\"twitter:data1\" content=\"1 minute\" \/>\n<!-- \/ Yoast SEO plugin. -->","yoast_head_json":{"title":"Planeten Kristallst\u00e4be 7 Oktave | Set mit 13 Klangst\u00e4ben","description":"Diese Kristallst\u00e4be sind in der Oktave 7 auf die Frequenz der verschiedenen Planeten unseres Sonnensystems gestimmt.","robots":{"index":"index","follow":"follow","max-snippet":"max-snippet:-1","max-image-preview":"max-image-preview:large","max-video-preview":"max-video-preview:-1"},"canonical":"https:\/\/gongcenter.ch\/produkt\/kristallstaebe-planeten-7-oktave-set-mit-13-klangstaeben\/","og_locale":"en_US","og_type":"article","og_title":"Planeten Kristallst\u00e4be 7 Oktave | Set mit 13 Klangst\u00e4ben","og_description":"Diese Kristallst\u00e4be sind in der Oktave 7 auf die Frequenz der verschiedenen Planeten unseres Sonnensystems gestimmt.","og_url":"https:\/\/gongcenter.ch\/produkt\/kristallstaebe-planeten-7-oktave-set-mit-13-klangstaeben\/","og_site_name":"Gong Center Schweiz I Dein Gong und Klanginstrumente Fachgesch\u00e4ft","article_modified_time":"2023-05-02T18:55:13+00:00","og_image":[{"width":600,"height":600,"url":"https:\/\/gongcenter.ch\/app\/uploads\/2022\/09\/Planetentoene-Set-13-Klangstaebe-2.png","type":"image\/png"}],"twitter_card":"summary_large_image","twitter_misc":{"Est. reading time":"1 minute"},"schema":{"@context":"https:\/\/schema.org","@graph":[{"@type":"WebPage","@id":"https:\/\/gongcenter.ch\/produkt\/kristallstaebe-planeten-7-oktave-set-mit-13-klangstaeben\/","url":"https:\/\/gongcenter.ch\/produkt\/kristallstaebe-planeten-7-oktave-set-mit-13-klangstaeben\/","name":"Planeten Kristallst\u00e4be 7 Oktave | Set mit 13 Klangst\u00e4ben","isPartOf":{"@id":"https:\/\/gongcenter.ch\/#website"},"primaryImageOfPage":{"@id":"https:\/\/gongcenter.ch\/produkt\/kristallstaebe-planeten-7-oktave-set-mit-13-klangstaeben\/#primaryimage"},"image":{"@id":"https:\/\/gongcenter.ch\/produkt\/kristallstaebe-planeten-7-oktave-set-mit-13-klangstaeben\/#primaryimage"},"thumbnailUrl":"https:\/\/gongcenter.ch\/app\/uploads\/2022\/09\/Planetentoene-Set-13-Klangstaebe-2.png","datePublished":"2020-05-04T15:59:56+00:00","dateModified":"2023-05-02T18:55:13+00:00","description":"Diese Kristallst\u00e4be sind in der Oktave 7 auf die Frequenz der verschiedenen Planeten unseres Sonnensystems gestimmt.","breadcrumb":{"@id":"https:\/\/gongcenter.ch\/produkt\/kristallstaebe-planeten-7-oktave-set-mit-13-klangstaeben\/#breadcrumb"},"inLanguage":"en-US","potentialAction":[{"@type":"ReadAction","target":["https:\/\/gongcenter.ch\/produkt\/kristallstaebe-planeten-7-oktave-set-mit-13-klangstaeben\/"]}]},{"@type":"ImageObject","inLanguage":"en-US","@id":"https:\/\/gongcenter.ch\/produkt\/kristallstaebe-planeten-7-oktave-set-mit-13-klangstaeben\/#primaryimage","url":"https:\/\/gongcenter.ch\/app\/uploads\/2022\/09\/Planetentoene-Set-13-Klangstaebe-2.png","contentUrl":"https:\/\/gongcenter.ch\/app\/uploads\/2022\/09\/Planetentoene-Set-13-Klangstaebe-2.png","width":600,"height":600},{"@type":"BreadcrumbList","@id":"https:\/\/gongcenter.ch\/produkt\/kristallstaebe-planeten-7-oktave-set-mit-13-klangstaeben\/#breadcrumb","itemListElement":[{"@type":"ListItem","position":1,"name":"Startseite","item":"https:\/\/gongcenter.ch\/en\/"},{"@type":"ListItem","position":2,"name":"Shop","item":"https:\/\/gongcenter.ch\/en\/shop\/"},{"@type":"ListItem","position":3,"name":"Planeten-Kristallst&auml;be, 7 Oktave, Komplettes Set, 13 Klangst&auml;be"}]},{"@type":"WebSite","@id":"https:\/\/gongcenter.ch\/#website","url":"https:\/\/gongcenter.ch\/","name":"Gong Center Schweiz I Dein Gong und Klanginstrumente Fachgesch\u00e4ft","description":"Entdecke eine grosse Gong Auswahl sowie weitere Klanginstrumente - Wir sind Gong Klangtherapeut und bieten dir Top Qualit\u00e4t und Beratung.","publisher":{"@id":"https:\/\/gongcenter.ch\/#organization"},"potentialAction":[{"@type":"SearchAction","target":{"@type":"EntryPoint","urlTemplate":"https:\/\/gongcenter.ch\/?s={search_term_string}"},"query-input":{"@type":"PropertyValueSpecification","valueRequired":true,"valueName":"search_term_string"}}],"inLanguage":"en-US"},{"@type":"Organization","@id":"https:\/\/gongcenter.ch\/#organization","name":"Gongcenter Z\u00fcrich I Das Fachgesch\u00e4ft f\u00fcr Gong und Klang","url":"https:\/\/gongcenter.ch\/","logo":{"@type":"ImageObject","inLanguage":"en-US","@id":"https:\/\/gongcenter.ch\/#\/schema\/logo\/image\/","url":"https:\/\/gongcenter.ch\/app\/uploads\/2018\/05\/Gong-Center_Logo_2000_black.png","contentUrl":"https:\/\/gongcenter.ch\/app\/uploads\/2018\/05\/Gong-Center_Logo_2000_black.png","width":2000,"height":600,"caption":"Gongcenter Z\u00fcrich I Das Fachgesch\u00e4ft f\u00fcr Gong und Klang"},"image":{"@id":"https:\/\/gongcenter.ch\/#\/schema\/logo\/image\/"}}]}},"acf":[],"_links":{"self":[{"href":"https:\/\/gongcenter.ch\/en\/wp-json\/wp\/v2\/product\/24827","targetHints":{"allow":["GET"]}}],"collection":[{"href":"https:\/\/gongcenter.ch\/en\/wp-json\/wp\/v2\/product"}],"about":[{"href":"https:\/\/gongcenter.ch\/en\/wp-json\/wp\/v2\/types\/product"}],"wp:featuredmedia":[{"embeddable":true,"href":"https:\/\/gongcenter.ch\/en\/wp-json\/wp\/v2\/media\/29864"}],"wp:attachment":[{"href":"https:\/\/gongcenter.ch\/en\/wp-json\/wp\/v2\/media?parent=24827"}],"wp:term":[{"taxonomy":"product_brand","embeddable":true,"href":"https:\/\/gongcenter.ch\/en\/wp-json\/wp\/v2\/product_brand?post=24827"},{"taxonomy":"product_cat","embeddable":true,"href":"https:\/\/gongcenter.ch\/en\/wp-json\/wp\/v2\/product_cat?post=24827"},{"taxonomy":"product_tag","embeddable":true,"href":"https:\/\/gongcenter.ch\/en\/wp-json\/wp\/v2\/product_tag?post=24827"}],"curies":[{"name":"wp","href":"https:\/\/api.w.org\/{rel}","templated":true}]}}