{"id":24843,"date":"2020-05-04T17:03:34","date_gmt":"2020-05-04T16:03:34","guid":{"rendered":"https:\/\/gongcenter.ch\/product\/paiste-symphonic-gong-tai-loi-51-cm-20\/"},"modified":"2025-03-25T11:48:56","modified_gmt":"2025-03-25T10:48:56","slug":"paiste-symphonic-gong-tai-loi","status":"publish","type":"product","link":"https:\/\/gongcenter.ch\/en\/product\/paiste-symphonic-gong-tai-loi\/","title":{"rendered":"PAISTE Symphonic Gong Tai Loi"},"content":{"rendered":"<p>Die symphonischen Gongs der Manufaktur PAISTE sind flache Gongs mit einer harmonischen, universellen Klangstruktur mit einem harmonischen Schwingungsverlauf. Das Klangvolumen dieser Gongs kann durch die Art des Anschlages sowie durch die Gr\u00f6sse, Gewicht und Beschaffenheit der Mallets vielf\u00e4ltig beeinflusst und variiert werden.<\/p>\n<p>Die moderne Wissenschaft lehrt, dass ein harmonischer Naturton-Klang in der Lage ist, auch die Qualit\u00e4t der gedachten Absicht in den Raum zu \u00fcbertragen. Somit kannst du deine Fantasie, deine Inspiration, deine Ideen, deine Kreativit\u00e4t und deine Absichten in das Spiel eines symphonischen Gongs bewusst mit einflie\u00dfen lassen.<\/p>\n<p>PAISTE steht f\u00fcr eine \u00fcber Generationen gewachsene und erfahrene Handwerkskunst aus Deutschland mit h\u00f6chsten Qualit\u00e4tsanspr\u00fcchen.<\/p>\n<p>81&#8243; bis 101&#8243; sind die f\u00fcnf g\u00e4ngigsten Gr\u00f6ssen. Den 125cm\/ 50&#8243; Gong liefern wir in der ganzen Schweiz pers\u00f6nlich aus, um ihn dann auch vor Ort mit dir zu testen.<\/p>\n","protected":false},"excerpt":{"rendered":"Die symphonischen Gongs der Manufaktur PAISTE sind flache Gongs mit einer harmonischen, universellen Klangstruktur mit einem harmonischen Schwingungsverlauf. Das Klangvolumen dieser Gongs kann durch die Art des Anschlages sowie durch die Gr\u00f6sse, Gewicht und Beschaffenheit der Mallets vielf\u00e4ltig beeinflusst und variiert werden. Die moderne Wissenschaft lehrt, dass ein harmonischer Naturton-Klang in der Lage ist, auch<a href=\"https:\/\/gongcenter.ch\/en\/product\/paiste-symphonic-gong-tai-loi\/\" class=\"readmore\">Mehr  <i class=\"fa fa-angle-double-right\"><\/i><\/a>","protected":false},"featured_media":29866,"template":"","meta":[],"product_brand":[],"product_cat":[678],"product_tag":[],"class_list":{"0":"post-24843","1":"product","2":"type-product","3":"status-publish","4":"has-post-thumbnail","6":"brands-paiste","7":"product_cat-symphonic-gong-paiste-gongs","8":"product_shipping_class-kostenloser-versand-innerhalb-der-schweiz","9":"pa_groesse-20-50-8-cm-o","10":"pa_groesse-22-55-9-cm-o","11":"pa_groesse-24-62-cm","12":"pa_groesse-26-66-cm","13":"pa_groesse-28-71-cm","14":"pa_groesse-30-75-cm","15":"pa_groesse-32-81-cm-o","16":"pa_groesse-34-86cm","17":"pa_groesse-36-90-cm-o","18":"pa_groesse-38-95-cm-o","19":"pa_groesse-40-100-cm-o","20":"pa_groesse-50-127-cm-o","22":"first","23":"instock","24":"sale","25":"sold-individually","26":"taxable","27":"shipping-taxable","28":"purchasable","29":"product-type-variable"},"yoast_head":"<!-- This site is optimized with the Yoast SEO plugin v27.0 - https:\/\/yoast.com\/product\/yoast-seo-wordpress\/ -->\n<title>PAISTE Tai Loi Gong \u2013 universeller Klang von 20&quot; bis 50&quot;<\/title>\n<meta name=\"description\" content=\"Harmonischer Gong mit harmonischen Klangspektrum. Handgefertigt von PAISTE in Deutschland Tai-Loi &quot;Das Gute erscheine; das B\u00f6se weiche!\" \/>\n<meta name=\"robots\" content=\"index, follow, max-snippet:-1, max-image-preview:large, max-video-preview:-1\" \/>\n<link rel=\"canonical\" href=\"https:\/\/gongcenter.ch\/produkt\/paiste-symphonic-gong-tai-loi\/\" \/>\n<meta property=\"og:locale\" content=\"en_US\" \/>\n<meta property=\"og:type\" content=\"article\" \/>\n<meta property=\"og:title\" content=\"PAISTE Tai Loi Gong \u2013 universeller Klang von 20&quot; bis 50&quot;\" \/>\n<meta property=\"og:description\" content=\"Harmonischer Gong mit harmonischen Klangspektrum. Handgefertigt von PAISTE in Deutschland Tai-Loi &quot;Das Gute erscheine; das B\u00f6se weiche!\" \/>\n<meta property=\"og:url\" content=\"https:\/\/gongcenter.ch\/produkt\/paiste-symphonic-gong-tai-loi\/\" \/>\n<meta property=\"og:site_name\" content=\"Gong Center Schweiz I Dein Gong und Klanginstrumente Fachgesch\u00e4ft\" \/>\n<meta property=\"article:modified_time\" content=\"2025-03-25T10:48:56+00:00\" \/>\n<meta property=\"og:image\" content=\"https:\/\/gongcenter.ch\/app\/uploads\/2022\/09\/PAISTE-Tai-Loi-Gong-2.png\" \/>\n\t<meta property=\"og:image:width\" content=\"600\" \/>\n\t<meta property=\"og:image:height\" content=\"600\" \/>\n\t<meta property=\"og:image:type\" content=\"image\/png\" \/>\n<meta name=\"twitter:card\" content=\"summary_large_image\" \/>\n<meta name=\"twitter:label1\" content=\"Est. reading time\" \/>\n\t<meta name=\"twitter:data1\" content=\"1 minute\" \/>\n<!-- \/ Yoast SEO plugin. -->","yoast_head_json":{"title":"PAISTE Tai Loi Gong \u2013 universeller Klang von 20\" bis 50\"","description":"Harmonischer Gong mit harmonischen Klangspektrum. Handgefertigt von PAISTE in Deutschland Tai-Loi \"Das Gute erscheine; das B\u00f6se weiche!","robots":{"index":"index","follow":"follow","max-snippet":"max-snippet:-1","max-image-preview":"max-image-preview:large","max-video-preview":"max-video-preview:-1"},"canonical":"https:\/\/gongcenter.ch\/produkt\/paiste-symphonic-gong-tai-loi\/","og_locale":"en_US","og_type":"article","og_title":"PAISTE Tai Loi Gong \u2013 universeller Klang von 20\" bis 50\"","og_description":"Harmonischer Gong mit harmonischen Klangspektrum. Handgefertigt von PAISTE in Deutschland Tai-Loi \"Das Gute erscheine; das B\u00f6se weiche!","og_url":"https:\/\/gongcenter.ch\/produkt\/paiste-symphonic-gong-tai-loi\/","og_site_name":"Gong Center Schweiz I Dein Gong und Klanginstrumente Fachgesch\u00e4ft","article_modified_time":"2025-03-25T10:48:56+00:00","og_image":[{"width":600,"height":600,"url":"https:\/\/gongcenter.ch\/app\/uploads\/2022\/09\/PAISTE-Tai-Loi-Gong-2.png","type":"image\/png"}],"twitter_card":"summary_large_image","twitter_misc":{"Est. reading time":"1 minute"},"schema":{"@context":"https:\/\/schema.org","@graph":[{"@type":"WebPage","@id":"https:\/\/gongcenter.ch\/produkt\/paiste-symphonic-gong-tai-loi\/","url":"https:\/\/gongcenter.ch\/produkt\/paiste-symphonic-gong-tai-loi\/","name":"PAISTE Tai Loi Gong \u2013 universeller Klang von 20\" bis 50\"","isPartOf":{"@id":"https:\/\/gongcenter.ch\/#website"},"primaryImageOfPage":{"@id":"https:\/\/gongcenter.ch\/produkt\/paiste-symphonic-gong-tai-loi\/#primaryimage"},"image":{"@id":"https:\/\/gongcenter.ch\/produkt\/paiste-symphonic-gong-tai-loi\/#primaryimage"},"thumbnailUrl":"https:\/\/gongcenter.ch\/app\/uploads\/2022\/09\/PAISTE-Tai-Loi-Gong-2.png","datePublished":"2020-05-04T16:03:34+00:00","dateModified":"2025-03-25T10:48:56+00:00","description":"Harmonischer Gong mit harmonischen Klangspektrum. Handgefertigt von PAISTE in Deutschland Tai-Loi \"Das Gute erscheine; das B\u00f6se weiche!","breadcrumb":{"@id":"https:\/\/gongcenter.ch\/produkt\/paiste-symphonic-gong-tai-loi\/#breadcrumb"},"inLanguage":"en-US","potentialAction":[{"@type":"ReadAction","target":["https:\/\/gongcenter.ch\/produkt\/paiste-symphonic-gong-tai-loi\/"]}]},{"@type":"ImageObject","inLanguage":"en-US","@id":"https:\/\/gongcenter.ch\/produkt\/paiste-symphonic-gong-tai-loi\/#primaryimage","url":"https:\/\/gongcenter.ch\/app\/uploads\/2022\/09\/PAISTE-Tai-Loi-Gong-2.png","contentUrl":"https:\/\/gongcenter.ch\/app\/uploads\/2022\/09\/PAISTE-Tai-Loi-Gong-2.png","width":600,"height":600},{"@type":"BreadcrumbList","@id":"https:\/\/gongcenter.ch\/produkt\/paiste-symphonic-gong-tai-loi\/#breadcrumb","itemListElement":[{"@type":"ListItem","position":1,"name":"Startseite","item":"https:\/\/gongcenter.ch\/en\/"},{"@type":"ListItem","position":2,"name":"Shop","item":"https:\/\/gongcenter.ch\/en\/shop\/"},{"@type":"ListItem","position":3,"name":"PAISTE Symphonic Gong Tai Loi"}]},{"@type":"WebSite","@id":"https:\/\/gongcenter.ch\/#website","url":"https:\/\/gongcenter.ch\/","name":"Gong Center Schweiz I Dein Gong und Klanginstrumente Fachgesch\u00e4ft","description":"Entdecke eine grosse Gong Auswahl sowie weitere Klanginstrumente - Wir sind Gong Klangtherapeut und bieten dir Top Qualit\u00e4t und Beratung.","publisher":{"@id":"https:\/\/gongcenter.ch\/#organization"},"potentialAction":[{"@type":"SearchAction","target":{"@type":"EntryPoint","urlTemplate":"https:\/\/gongcenter.ch\/?s={search_term_string}"},"query-input":{"@type":"PropertyValueSpecification","valueRequired":true,"valueName":"search_term_string"}}],"inLanguage":"en-US"},{"@type":"Organization","@id":"https:\/\/gongcenter.ch\/#organization","name":"Gongcenter Z\u00fcrich I Das Fachgesch\u00e4ft f\u00fcr Gong und Klang","url":"https:\/\/gongcenter.ch\/","logo":{"@type":"ImageObject","inLanguage":"en-US","@id":"https:\/\/gongcenter.ch\/#\/schema\/logo\/image\/","url":"https:\/\/gongcenter.ch\/app\/uploads\/2018\/05\/Gong-Center_Logo_2000_black.png","contentUrl":"https:\/\/gongcenter.ch\/app\/uploads\/2018\/05\/Gong-Center_Logo_2000_black.png","width":2000,"height":600,"caption":"Gongcenter Z\u00fcrich I Das Fachgesch\u00e4ft f\u00fcr Gong und Klang"},"image":{"@id":"https:\/\/gongcenter.ch\/#\/schema\/logo\/image\/"}}]}},"acf":[],"_links":{"self":[{"href":"https:\/\/gongcenter.ch\/en\/wp-json\/wp\/v2\/product\/24843","targetHints":{"allow":["GET"]}}],"collection":[{"href":"https:\/\/gongcenter.ch\/en\/wp-json\/wp\/v2\/product"}],"about":[{"href":"https:\/\/gongcenter.ch\/en\/wp-json\/wp\/v2\/types\/product"}],"wp:featuredmedia":[{"embeddable":true,"href":"https:\/\/gongcenter.ch\/en\/wp-json\/wp\/v2\/media\/29866"}],"wp:attachment":[{"href":"https:\/\/gongcenter.ch\/en\/wp-json\/wp\/v2\/media?parent=24843"}],"wp:term":[{"taxonomy":"product_brand","embeddable":true,"href":"https:\/\/gongcenter.ch\/en\/wp-json\/wp\/v2\/product_brand?post=24843"},{"taxonomy":"product_cat","embeddable":true,"href":"https:\/\/gongcenter.ch\/en\/wp-json\/wp\/v2\/product_cat?post=24843"},{"taxonomy":"product_tag","embeddable":true,"href":"https:\/\/gongcenter.ch\/en\/wp-json\/wp\/v2\/product_tag?post=24843"}],"curies":[{"name":"wp","href":"https:\/\/api.w.org\/{rel}","templated":true}]}}