{"id":24877,"date":"2020-05-04T17:03:38","date_gmt":"2020-05-04T16:03:38","guid":{"rendered":"https:\/\/gongcenter.ch\/product\/klangschalenklppel-weier-filz-mittel-6x31cm-fr-klangsch-800-2500\/"},"modified":"2023-07-04T14:39:37","modified_gmt":"2023-07-04T13:39:37","slug":"klangschalenklppel-weier-filz-mittel-6x31cm-fr-klangsch-800-2500","status":"publish","type":"product","link":"https:\/\/gongcenter.ch\/en\/product\/klangschalenklppel-weier-filz-mittel-6x31cm-fr-klangsch-800-2500\/","title":{"rendered":"Klangschalen K\u00f6ppel 6 x 31 cm"},"content":{"rendered":"<p>Klangschalen-Filzkl\u00f6ppel mittelgross<\/p>\n<p>Filzschl\u00e4gel f\u00fcr Klangschalen von ca. 800g bis 2500g<\/p>\n","protected":false},"excerpt":{"rendered":"L\u00e4nge: ca. 31 cm\r\nweisser Filz, Durchmesser: ca. 6 cm\r\nHergestellt in Nepal","protected":false},"featured_media":29892,"template":"","meta":[],"product_brand":[],"product_cat":[1235],"product_tag":[],"class_list":{"0":"post-24877","1":"product","2":"type-product","3":"status-publish","4":"has-post-thumbnail","6":"brands-gong-center","7":"product_cat-zubehoer-klanginstrumente","8":"product_shipping_class-bis-199-chf-9-90-chf","10":"first","11":"instock","12":"taxable","13":"shipping-taxable","14":"purchasable","15":"product-type-simple"},"yoast_head":"<!-- This site is optimized with the Yoast SEO plugin v27.0 - https:\/\/yoast.com\/product\/yoast-seo-wordpress\/ -->\n<title>Klangschalen K\u00f6ppel 6 x 31 cm - Gong Center Schweiz I Dein Gong und Klanginstrumente Fachgesch\u00e4ft<\/title>\n<meta name=\"description\" content=\"Filzschl\u00e4gel f\u00fcr Klangschalen von ca. 800g bis 2500g\" \/>\n<meta name=\"robots\" content=\"index, follow, max-snippet:-1, max-image-preview:large, max-video-preview:-1\" \/>\n<link rel=\"canonical\" href=\"https:\/\/gongcenter.ch\/produkt\/klangschalenklppel-weier-filz-mittel-6x31cm-fr-klangsch-800-2500\/\" \/>\n<meta property=\"og:locale\" content=\"en_US\" \/>\n<meta property=\"og:type\" content=\"article\" \/>\n<meta property=\"og:title\" content=\"Klangschalen K\u00f6ppel 6 x 31 cm - Gong Center Schweiz I Dein Gong und Klanginstrumente Fachgesch\u00e4ft\" \/>\n<meta property=\"og:description\" content=\"Filzschl\u00e4gel f\u00fcr Klangschalen von ca. 800g bis 2500g\" \/>\n<meta property=\"og:url\" content=\"https:\/\/gongcenter.ch\/produkt\/klangschalenklppel-weier-filz-mittel-6x31cm-fr-klangsch-800-2500\/\" \/>\n<meta property=\"og:site_name\" content=\"Gong Center Schweiz I Dein Gong und Klanginstrumente Fachgesch\u00e4ft\" \/>\n<meta property=\"article:modified_time\" content=\"2023-07-04T13:39:37+00:00\" \/>\n<meta property=\"og:image\" content=\"https:\/\/gongcenter.ch\/app\/uploads\/2022\/09\/Klangschalen-Filzkloeppel-2.png\" \/>\n\t<meta property=\"og:image:width\" content=\"600\" \/>\n\t<meta property=\"og:image:height\" content=\"600\" \/>\n\t<meta property=\"og:image:type\" content=\"image\/png\" \/>\n<meta name=\"twitter:card\" content=\"summary_large_image\" \/>\n<meta name=\"twitter:label1\" content=\"Est. reading time\" \/>\n\t<meta name=\"twitter:data1\" content=\"1 minute\" \/>\n<!-- \/ Yoast SEO plugin. -->","yoast_head_json":{"title":"Klangschalen K\u00f6ppel 6 x 31 cm - Gong Center Schweiz I Dein Gong und Klanginstrumente Fachgesch\u00e4ft","description":"Filzschl\u00e4gel f\u00fcr Klangschalen von ca. 800g bis 2500g","robots":{"index":"index","follow":"follow","max-snippet":"max-snippet:-1","max-image-preview":"max-image-preview:large","max-video-preview":"max-video-preview:-1"},"canonical":"https:\/\/gongcenter.ch\/produkt\/klangschalenklppel-weier-filz-mittel-6x31cm-fr-klangsch-800-2500\/","og_locale":"en_US","og_type":"article","og_title":"Klangschalen K\u00f6ppel 6 x 31 cm - Gong Center Schweiz I Dein Gong und Klanginstrumente Fachgesch\u00e4ft","og_description":"Filzschl\u00e4gel f\u00fcr Klangschalen von ca. 800g bis 2500g","og_url":"https:\/\/gongcenter.ch\/produkt\/klangschalenklppel-weier-filz-mittel-6x31cm-fr-klangsch-800-2500\/","og_site_name":"Gong Center Schweiz I Dein Gong und Klanginstrumente Fachgesch\u00e4ft","article_modified_time":"2023-07-04T13:39:37+00:00","og_image":[{"width":600,"height":600,"url":"https:\/\/gongcenter.ch\/app\/uploads\/2022\/09\/Klangschalen-Filzkloeppel-2.png","type":"image\/png"}],"twitter_card":"summary_large_image","twitter_misc":{"Est. reading time":"1 minute"},"schema":{"@context":"https:\/\/schema.org","@graph":[{"@type":"WebPage","@id":"https:\/\/gongcenter.ch\/produkt\/klangschalenklppel-weier-filz-mittel-6x31cm-fr-klangsch-800-2500\/","url":"https:\/\/gongcenter.ch\/produkt\/klangschalenklppel-weier-filz-mittel-6x31cm-fr-klangsch-800-2500\/","name":"Klangschalen K\u00f6ppel 6 x 31 cm - Gong Center Schweiz I Dein Gong und Klanginstrumente Fachgesch\u00e4ft","isPartOf":{"@id":"https:\/\/gongcenter.ch\/#website"},"primaryImageOfPage":{"@id":"https:\/\/gongcenter.ch\/produkt\/klangschalenklppel-weier-filz-mittel-6x31cm-fr-klangsch-800-2500\/#primaryimage"},"image":{"@id":"https:\/\/gongcenter.ch\/produkt\/klangschalenklppel-weier-filz-mittel-6x31cm-fr-klangsch-800-2500\/#primaryimage"},"thumbnailUrl":"https:\/\/gongcenter.ch\/app\/uploads\/2022\/09\/Klangschalen-Filzkloeppel-2.png","datePublished":"2020-05-04T16:03:38+00:00","dateModified":"2023-07-04T13:39:37+00:00","description":"Filzschl\u00e4gel f\u00fcr Klangschalen von ca. 800g bis 2500g","breadcrumb":{"@id":"https:\/\/gongcenter.ch\/produkt\/klangschalenklppel-weier-filz-mittel-6x31cm-fr-klangsch-800-2500\/#breadcrumb"},"inLanguage":"en-US","potentialAction":[{"@type":"ReadAction","target":["https:\/\/gongcenter.ch\/produkt\/klangschalenklppel-weier-filz-mittel-6x31cm-fr-klangsch-800-2500\/"]}]},{"@type":"ImageObject","inLanguage":"en-US","@id":"https:\/\/gongcenter.ch\/produkt\/klangschalenklppel-weier-filz-mittel-6x31cm-fr-klangsch-800-2500\/#primaryimage","url":"https:\/\/gongcenter.ch\/app\/uploads\/2022\/09\/Klangschalen-Filzkloeppel-2.png","contentUrl":"https:\/\/gongcenter.ch\/app\/uploads\/2022\/09\/Klangschalen-Filzkloeppel-2.png","width":600,"height":600},{"@type":"BreadcrumbList","@id":"https:\/\/gongcenter.ch\/produkt\/klangschalenklppel-weier-filz-mittel-6x31cm-fr-klangsch-800-2500\/#breadcrumb","itemListElement":[{"@type":"ListItem","position":1,"name":"Startseite","item":"https:\/\/gongcenter.ch\/en\/"},{"@type":"ListItem","position":2,"name":"Shop","item":"https:\/\/gongcenter.ch\/en\/shop\/"},{"@type":"ListItem","position":3,"name":"Klangschalen K\u00f6ppel 6 x 31 cm"}]},{"@type":"WebSite","@id":"https:\/\/gongcenter.ch\/#website","url":"https:\/\/gongcenter.ch\/","name":"Gong Center Schweiz I Dein Gong und Klanginstrumente Fachgesch\u00e4ft","description":"Entdecke eine grosse Gong Auswahl sowie weitere Klanginstrumente - Wir sind Gong Klangtherapeut und bieten dir Top Qualit\u00e4t und Beratung.","publisher":{"@id":"https:\/\/gongcenter.ch\/#organization"},"potentialAction":[{"@type":"SearchAction","target":{"@type":"EntryPoint","urlTemplate":"https:\/\/gongcenter.ch\/?s={search_term_string}"},"query-input":{"@type":"PropertyValueSpecification","valueRequired":true,"valueName":"search_term_string"}}],"inLanguage":"en-US"},{"@type":"Organization","@id":"https:\/\/gongcenter.ch\/#organization","name":"Gongcenter Z\u00fcrich I Das Fachgesch\u00e4ft f\u00fcr Gong und Klang","url":"https:\/\/gongcenter.ch\/","logo":{"@type":"ImageObject","inLanguage":"en-US","@id":"https:\/\/gongcenter.ch\/#\/schema\/logo\/image\/","url":"https:\/\/gongcenter.ch\/app\/uploads\/2018\/05\/Gong-Center_Logo_2000_black.png","contentUrl":"https:\/\/gongcenter.ch\/app\/uploads\/2018\/05\/Gong-Center_Logo_2000_black.png","width":2000,"height":600,"caption":"Gongcenter Z\u00fcrich I Das Fachgesch\u00e4ft f\u00fcr Gong und Klang"},"image":{"@id":"https:\/\/gongcenter.ch\/#\/schema\/logo\/image\/"}}]}},"acf":[],"_links":{"self":[{"href":"https:\/\/gongcenter.ch\/en\/wp-json\/wp\/v2\/product\/24877","targetHints":{"allow":["GET"]}}],"collection":[{"href":"https:\/\/gongcenter.ch\/en\/wp-json\/wp\/v2\/product"}],"about":[{"href":"https:\/\/gongcenter.ch\/en\/wp-json\/wp\/v2\/types\/product"}],"wp:featuredmedia":[{"embeddable":true,"href":"https:\/\/gongcenter.ch\/en\/wp-json\/wp\/v2\/media\/29892"}],"wp:attachment":[{"href":"https:\/\/gongcenter.ch\/en\/wp-json\/wp\/v2\/media?parent=24877"}],"wp:term":[{"taxonomy":"product_brand","embeddable":true,"href":"https:\/\/gongcenter.ch\/en\/wp-json\/wp\/v2\/product_brand?post=24877"},{"taxonomy":"product_cat","embeddable":true,"href":"https:\/\/gongcenter.ch\/en\/wp-json\/wp\/v2\/product_cat?post=24877"},{"taxonomy":"product_tag","embeddable":true,"href":"https:\/\/gongcenter.ch\/en\/wp-json\/wp\/v2\/product_tag?post=24877"}],"curies":[{"name":"wp","href":"https:\/\/api.w.org\/{rel}","templated":true}]}}