{"id":24897,"date":"2020-05-04T19:11:24","date_gmt":"2020-05-04T18:11:24","guid":{"rendered":"https:\/\/gongcenter.ch\/product\/paiste-sound-creation-gong-erde-66cm-26\/"},"modified":"2024-08-22T11:44:06","modified_gmt":"2024-08-22T10:44:06","slug":"paiste-sound-creation-gong-erde","status":"publish","type":"product","link":"https:\/\/gongcenter.ch\/en\/product\/paiste-sound-creation-gong-erde\/","title":{"rendered":"Sound Creation Erde Gong"},"content":{"rendered":"<p>PAISTE Sound Creation Gong Erde<\/p>\n<p>Der Sound Creation Gong Erde ist ein Erdegong, allerdings nicht planetarisch gestimmt. Dies ist der letzte Gong aus der Sound Creation Serie, der heute noch herstellbar ist. Sein Klangvolumen entfaltet sich sehr schnell. Dieser Gong ist an allen Punkten anspielbar und besticht durch seine engelsgleichen facettenreichen Obert\u00f6ne.<\/p>\n<p>Er bewirkt eine sehr tiefe Erdung und k\u00f6rperliche Entspannung. Gongs werden auch gerne draussen gespielt: Nirgendwo entfaltet sich der Klang so sch\u00f6n wie in der freien Natur. Zumal die Resonanzerlebnisse der belebten Natur von einer verbl\u00fcffenden Direktheit sind, die das Mysterium des gegenw\u00e4rtigen Klangs deutlich werden lassen.<\/p>\n","protected":false},"excerpt":{"rendered":"Den PAISTE Sound Creation Gong Erde verkaufen wir standardm\u00e4ssig ohne Logo. Wenn du einen Sound Creation Gong Erde mit PAISTE Logo w\u00fcnschst, teile uns dies bitte explizit mit. Wenn die Gr\u00f6sse nicht vorr\u00e4tig ist, gibt es lange Wartezeiten.\r\n\r\nMomentan ist die Gr\u00f6sse 32&#8243; \/ 81 cm an Lager.","protected":false},"featured_media":29894,"template":"","meta":[],"product_brand":[],"product_cat":[652],"product_tag":[],"class_list":{"0":"post-24897","1":"product","2":"type-product","3":"status-publish","4":"has-post-thumbnail","6":"brands-paiste","7":"product_cat-sound-creation-gong","8":"product_shipping_class-kostenloser-versand-innerhalb-der-schweiz","9":"pa_groesse-26-66-cm","10":"pa_groesse-32-81-cm-o","11":"pa_groesse-38-95-cm-o","12":"pa_groesse-60-154-cm","14":"first","15":"instock","16":"sale","17":"sold-individually","18":"taxable","19":"shipping-taxable","20":"purchasable","21":"product-type-variable"},"yoast_head":"<!-- This site is optimized with the Yoast SEO plugin v27.0 - https:\/\/yoast.com\/product\/yoast-seo-wordpress\/ -->\n<title>PAISTE Sound Creation Gong Erde 66 cm | F\u00fcr tiefe Erdung<\/title>\n<meta name=\"description\" content=\"Der Sound Creation Element Erde Gong ohne planetarische Stimmung. F\u00fcr engelsgleiche, facettenreiche Obert\u00f6ne. Jetzt probe spielen.\" \/>\n<meta name=\"robots\" content=\"index, follow, max-snippet:-1, max-image-preview:large, max-video-preview:-1\" \/>\n<link rel=\"canonical\" href=\"https:\/\/gongcenter.ch\/produkt\/paiste-sound-creation-gong-erde\/\" \/>\n<meta property=\"og:locale\" content=\"en_US\" \/>\n<meta property=\"og:type\" content=\"article\" \/>\n<meta property=\"og:title\" content=\"PAISTE Sound Creation Gong Erde 66 cm | F\u00fcr tiefe Erdung\" \/>\n<meta property=\"og:description\" content=\"Der Sound Creation Element Erde Gong ohne planetarische Stimmung. F\u00fcr engelsgleiche, facettenreiche Obert\u00f6ne. Jetzt probe spielen.\" \/>\n<meta property=\"og:url\" content=\"https:\/\/gongcenter.ch\/produkt\/paiste-sound-creation-gong-erde\/\" \/>\n<meta property=\"og:site_name\" content=\"Gong Center Schweiz I Dein Gong und Klanginstrumente Fachgesch\u00e4ft\" \/>\n<meta property=\"article:modified_time\" content=\"2024-08-22T10:44:06+00:00\" \/>\n<meta property=\"og:image\" content=\"https:\/\/gongcenter.ch\/app\/uploads\/2022\/09\/Paiste-Soundcreation-Erde-gong-2.png\" \/>\n\t<meta property=\"og:image:width\" content=\"600\" \/>\n\t<meta property=\"og:image:height\" content=\"600\" \/>\n\t<meta property=\"og:image:type\" content=\"image\/png\" \/>\n<meta name=\"twitter:card\" content=\"summary_large_image\" \/>\n<meta name=\"twitter:label1\" content=\"Est. reading time\" \/>\n\t<meta name=\"twitter:data1\" content=\"1 minute\" \/>\n<!-- \/ Yoast SEO plugin. -->","yoast_head_json":{"title":"PAISTE Sound Creation Gong Erde 66 cm | F\u00fcr tiefe Erdung","description":"Der Sound Creation Element Erde Gong ohne planetarische Stimmung. F\u00fcr engelsgleiche, facettenreiche Obert\u00f6ne. Jetzt probe spielen.","robots":{"index":"index","follow":"follow","max-snippet":"max-snippet:-1","max-image-preview":"max-image-preview:large","max-video-preview":"max-video-preview:-1"},"canonical":"https:\/\/gongcenter.ch\/produkt\/paiste-sound-creation-gong-erde\/","og_locale":"en_US","og_type":"article","og_title":"PAISTE Sound Creation Gong Erde 66 cm | F\u00fcr tiefe Erdung","og_description":"Der Sound Creation Element Erde Gong ohne planetarische Stimmung. F\u00fcr engelsgleiche, facettenreiche Obert\u00f6ne. Jetzt probe spielen.","og_url":"https:\/\/gongcenter.ch\/produkt\/paiste-sound-creation-gong-erde\/","og_site_name":"Gong Center Schweiz I Dein Gong und Klanginstrumente Fachgesch\u00e4ft","article_modified_time":"2024-08-22T10:44:06+00:00","og_image":[{"width":600,"height":600,"url":"https:\/\/gongcenter.ch\/app\/uploads\/2022\/09\/Paiste-Soundcreation-Erde-gong-2.png","type":"image\/png"}],"twitter_card":"summary_large_image","twitter_misc":{"Est. reading time":"1 minute"},"schema":{"@context":"https:\/\/schema.org","@graph":[{"@type":"WebPage","@id":"https:\/\/gongcenter.ch\/produkt\/paiste-sound-creation-gong-erde\/","url":"https:\/\/gongcenter.ch\/produkt\/paiste-sound-creation-gong-erde\/","name":"PAISTE Sound Creation Gong Erde 66 cm | F\u00fcr tiefe Erdung","isPartOf":{"@id":"https:\/\/gongcenter.ch\/#website"},"primaryImageOfPage":{"@id":"https:\/\/gongcenter.ch\/produkt\/paiste-sound-creation-gong-erde\/#primaryimage"},"image":{"@id":"https:\/\/gongcenter.ch\/produkt\/paiste-sound-creation-gong-erde\/#primaryimage"},"thumbnailUrl":"https:\/\/gongcenter.ch\/app\/uploads\/2022\/09\/Paiste-Soundcreation-Erde-gong-2.png","datePublished":"2020-05-04T18:11:24+00:00","dateModified":"2024-08-22T10:44:06+00:00","description":"Der Sound Creation Element Erde Gong ohne planetarische Stimmung. F\u00fcr engelsgleiche, facettenreiche Obert\u00f6ne. Jetzt probe spielen.","breadcrumb":{"@id":"https:\/\/gongcenter.ch\/produkt\/paiste-sound-creation-gong-erde\/#breadcrumb"},"inLanguage":"en-US","potentialAction":[{"@type":"ReadAction","target":["https:\/\/gongcenter.ch\/produkt\/paiste-sound-creation-gong-erde\/"]}]},{"@type":"ImageObject","inLanguage":"en-US","@id":"https:\/\/gongcenter.ch\/produkt\/paiste-sound-creation-gong-erde\/#primaryimage","url":"https:\/\/gongcenter.ch\/app\/uploads\/2022\/09\/Paiste-Soundcreation-Erde-gong-2.png","contentUrl":"https:\/\/gongcenter.ch\/app\/uploads\/2022\/09\/Paiste-Soundcreation-Erde-gong-2.png","width":600,"height":600},{"@type":"BreadcrumbList","@id":"https:\/\/gongcenter.ch\/produkt\/paiste-sound-creation-gong-erde\/#breadcrumb","itemListElement":[{"@type":"ListItem","position":1,"name":"Startseite","item":"https:\/\/gongcenter.ch\/en\/"},{"@type":"ListItem","position":2,"name":"Shop","item":"https:\/\/gongcenter.ch\/en\/shop\/"},{"@type":"ListItem","position":3,"name":"Sound Creation Erde Gong"}]},{"@type":"WebSite","@id":"https:\/\/gongcenter.ch\/#website","url":"https:\/\/gongcenter.ch\/","name":"Gong Center Schweiz I Dein Gong und Klanginstrumente Fachgesch\u00e4ft","description":"Entdecke eine grosse Gong Auswahl sowie weitere Klanginstrumente - Wir sind Gong Klangtherapeut und bieten dir Top Qualit\u00e4t und Beratung.","publisher":{"@id":"https:\/\/gongcenter.ch\/#organization"},"potentialAction":[{"@type":"SearchAction","target":{"@type":"EntryPoint","urlTemplate":"https:\/\/gongcenter.ch\/?s={search_term_string}"},"query-input":{"@type":"PropertyValueSpecification","valueRequired":true,"valueName":"search_term_string"}}],"inLanguage":"en-US"},{"@type":"Organization","@id":"https:\/\/gongcenter.ch\/#organization","name":"Gongcenter Z\u00fcrich I Das Fachgesch\u00e4ft f\u00fcr Gong und Klang","url":"https:\/\/gongcenter.ch\/","logo":{"@type":"ImageObject","inLanguage":"en-US","@id":"https:\/\/gongcenter.ch\/#\/schema\/logo\/image\/","url":"https:\/\/gongcenter.ch\/app\/uploads\/2018\/05\/Gong-Center_Logo_2000_black.png","contentUrl":"https:\/\/gongcenter.ch\/app\/uploads\/2018\/05\/Gong-Center_Logo_2000_black.png","width":2000,"height":600,"caption":"Gongcenter Z\u00fcrich I Das Fachgesch\u00e4ft f\u00fcr Gong und Klang"},"image":{"@id":"https:\/\/gongcenter.ch\/#\/schema\/logo\/image\/"}}]}},"acf":[],"_links":{"self":[{"href":"https:\/\/gongcenter.ch\/en\/wp-json\/wp\/v2\/product\/24897","targetHints":{"allow":["GET"]}}],"collection":[{"href":"https:\/\/gongcenter.ch\/en\/wp-json\/wp\/v2\/product"}],"about":[{"href":"https:\/\/gongcenter.ch\/en\/wp-json\/wp\/v2\/types\/product"}],"wp:featuredmedia":[{"embeddable":true,"href":"https:\/\/gongcenter.ch\/en\/wp-json\/wp\/v2\/media\/29894"}],"wp:attachment":[{"href":"https:\/\/gongcenter.ch\/en\/wp-json\/wp\/v2\/media?parent=24897"}],"wp:term":[{"taxonomy":"product_brand","embeddable":true,"href":"https:\/\/gongcenter.ch\/en\/wp-json\/wp\/v2\/product_brand?post=24897"},{"taxonomy":"product_cat","embeddable":true,"href":"https:\/\/gongcenter.ch\/en\/wp-json\/wp\/v2\/product_cat?post=24897"},{"taxonomy":"product_tag","embeddable":true,"href":"https:\/\/gongcenter.ch\/en\/wp-json\/wp\/v2\/product_tag?post=24897"}],"curies":[{"name":"wp","href":"https:\/\/api.w.org\/{rel}","templated":true}]}}