{"id":25762,"date":"2020-05-19T14:02:26","date_gmt":"2020-05-19T13:02:26","guid":{"rendered":"https:\/\/gongcenter.ch\/product\/e-gong-gongreiber-diverse-farben\/"},"modified":"2025-07-30T12:47:40","modified_gmt":"2025-07-30T11:47:40","slug":"gongreiber-e-gong","status":"publish","type":"product","link":"https:\/\/gongcenter.ch\/en\/product\/gongreiber-e-gong\/","title":{"rendered":"E-Gong Gongreiber, diverse Farben"},"content":{"rendered":"<p>E-Gong Gongreiber<\/p>\n<p>Mit diesem Gongreiber ist es m\u00f6glich, einen bestimmten Bereich unglaublich tiefer Frequenzen hervorzuheben. Somit immitiert man eine Amosph\u00e4re von singenden Walen.<\/p>\n<p>Erh\u00e4ltlich in schwar, Rot, Blau, Grn, Violet und Pink.<\/p>\n","protected":false},"excerpt":{"rendered":"F\u00fcr Gongs mit \u00f8 60 cm bis 2 m\r\n\r\nGriffl\u00e4nge: ca. 21 cm\r\nKopf \u00f8: ca. 3 cm","protected":false},"featured_media":29896,"template":"","meta":[],"product_brand":[],"product_cat":[1341],"product_tag":[],"class_list":{"0":"post-25762","1":"product","2":"type-product","3":"status-publish","4":"has-post-thumbnail","6":"brands-gong-center","7":"product_cat-gongreiber","8":"product_shipping_class-bis-199-chf-9-90-chf","9":"pa_farben-blau","10":"pa_farben-grun","11":"pa_farben-pink","12":"pa_farben-rot","13":"pa_farben-schwarz","14":"pa_farben-violet","16":"first","17":"instock","18":"sold-individually","19":"taxable","20":"shipping-taxable","21":"purchasable","22":"product-type-variable"},"yoast_head":"<!-- This site is optimized with the Yoast SEO plugin v27.0 - https:\/\/yoast.com\/product\/yoast-seo-wordpress\/ -->\n<title>E-Gong Gongreiber I F\u00fcr tiefe Frequenzen wie Walges\u00e4nge<\/title>\n<meta name=\"description\" content=\"Mit den E-Gongreibern erzeugen Sie sehr spezielle und tiefe Frequenzen. Die T\u00f6ne h\u00f6ren sich an wie singende Wale. Diverse Farben.\" \/>\n<meta name=\"robots\" content=\"index, follow, max-snippet:-1, max-image-preview:large, max-video-preview:-1\" \/>\n<link rel=\"canonical\" href=\"https:\/\/gongcenter.ch\/produkt\/gongreiber-e-gong\/\" \/>\n<meta property=\"og:locale\" content=\"en_US\" \/>\n<meta property=\"og:type\" content=\"article\" \/>\n<meta property=\"og:title\" content=\"E-Gong Gongreiber I F\u00fcr tiefe Frequenzen wie Walges\u00e4nge\" \/>\n<meta property=\"og:description\" content=\"Mit den E-Gongreibern erzeugen Sie sehr spezielle und tiefe Frequenzen. Die T\u00f6ne h\u00f6ren sich an wie singende Wale. Diverse Farben.\" \/>\n<meta property=\"og:url\" content=\"https:\/\/gongcenter.ch\/produkt\/gongreiber-e-gong\/\" \/>\n<meta property=\"og:site_name\" content=\"Gong Center Schweiz I Dein Gong und Klanginstrumente Fachgesch\u00e4ft\" \/>\n<meta property=\"article:modified_time\" content=\"2025-07-30T11:47:40+00:00\" \/>\n<meta property=\"og:image\" content=\"https:\/\/gongcenter.ch\/app\/uploads\/2022\/09\/e-Gongreiber-Set-2.png\" \/>\n\t<meta property=\"og:image:width\" content=\"600\" \/>\n\t<meta property=\"og:image:height\" content=\"600\" \/>\n\t<meta property=\"og:image:type\" content=\"image\/png\" \/>\n<meta name=\"twitter:card\" content=\"summary_large_image\" \/>\n<meta name=\"twitter:label1\" content=\"Est. reading time\" \/>\n\t<meta name=\"twitter:data1\" content=\"1 minute\" \/>\n<!-- \/ Yoast SEO plugin. -->","yoast_head_json":{"title":"E-Gong Gongreiber I F\u00fcr tiefe Frequenzen wie Walges\u00e4nge","description":"Mit den E-Gongreibern erzeugen Sie sehr spezielle und tiefe Frequenzen. Die T\u00f6ne h\u00f6ren sich an wie singende Wale. Diverse Farben.","robots":{"index":"index","follow":"follow","max-snippet":"max-snippet:-1","max-image-preview":"max-image-preview:large","max-video-preview":"max-video-preview:-1"},"canonical":"https:\/\/gongcenter.ch\/produkt\/gongreiber-e-gong\/","og_locale":"en_US","og_type":"article","og_title":"E-Gong Gongreiber I F\u00fcr tiefe Frequenzen wie Walges\u00e4nge","og_description":"Mit den E-Gongreibern erzeugen Sie sehr spezielle und tiefe Frequenzen. Die T\u00f6ne h\u00f6ren sich an wie singende Wale. Diverse Farben.","og_url":"https:\/\/gongcenter.ch\/produkt\/gongreiber-e-gong\/","og_site_name":"Gong Center Schweiz I Dein Gong und Klanginstrumente Fachgesch\u00e4ft","article_modified_time":"2025-07-30T11:47:40+00:00","og_image":[{"width":600,"height":600,"url":"https:\/\/gongcenter.ch\/app\/uploads\/2022\/09\/e-Gongreiber-Set-2.png","type":"image\/png"}],"twitter_card":"summary_large_image","twitter_misc":{"Est. reading time":"1 minute"},"schema":{"@context":"https:\/\/schema.org","@graph":[{"@type":"WebPage","@id":"https:\/\/gongcenter.ch\/produkt\/gongreiber-e-gong\/","url":"https:\/\/gongcenter.ch\/produkt\/gongreiber-e-gong\/","name":"E-Gong Gongreiber I F\u00fcr tiefe Frequenzen wie Walges\u00e4nge","isPartOf":{"@id":"https:\/\/gongcenter.ch\/#website"},"primaryImageOfPage":{"@id":"https:\/\/gongcenter.ch\/produkt\/gongreiber-e-gong\/#primaryimage"},"image":{"@id":"https:\/\/gongcenter.ch\/produkt\/gongreiber-e-gong\/#primaryimage"},"thumbnailUrl":"https:\/\/gongcenter.ch\/app\/uploads\/2022\/09\/e-Gongreiber-Set-2.png","datePublished":"2020-05-19T13:02:26+00:00","dateModified":"2025-07-30T11:47:40+00:00","description":"Mit den E-Gongreibern erzeugen Sie sehr spezielle und tiefe Frequenzen. Die T\u00f6ne h\u00f6ren sich an wie singende Wale. Diverse Farben.","breadcrumb":{"@id":"https:\/\/gongcenter.ch\/produkt\/gongreiber-e-gong\/#breadcrumb"},"inLanguage":"en-US","potentialAction":[{"@type":"ReadAction","target":["https:\/\/gongcenter.ch\/produkt\/gongreiber-e-gong\/"]}]},{"@type":"ImageObject","inLanguage":"en-US","@id":"https:\/\/gongcenter.ch\/produkt\/gongreiber-e-gong\/#primaryimage","url":"https:\/\/gongcenter.ch\/app\/uploads\/2022\/09\/e-Gongreiber-Set-2.png","contentUrl":"https:\/\/gongcenter.ch\/app\/uploads\/2022\/09\/e-Gongreiber-Set-2.png","width":600,"height":600},{"@type":"BreadcrumbList","@id":"https:\/\/gongcenter.ch\/produkt\/gongreiber-e-gong\/#breadcrumb","itemListElement":[{"@type":"ListItem","position":1,"name":"Startseite","item":"https:\/\/gongcenter.ch\/en\/"},{"@type":"ListItem","position":2,"name":"Shop","item":"https:\/\/gongcenter.ch\/en\/shop\/"},{"@type":"ListItem","position":3,"name":"E-Gong Gongreiber, diverse Farben"}]},{"@type":"WebSite","@id":"https:\/\/gongcenter.ch\/#website","url":"https:\/\/gongcenter.ch\/","name":"Gong Center Schweiz I Dein Gong und Klanginstrumente Fachgesch\u00e4ft","description":"Entdecke eine grosse Gong Auswahl sowie weitere Klanginstrumente - Wir sind Gong Klangtherapeut und bieten dir Top Qualit\u00e4t und Beratung.","publisher":{"@id":"https:\/\/gongcenter.ch\/#organization"},"potentialAction":[{"@type":"SearchAction","target":{"@type":"EntryPoint","urlTemplate":"https:\/\/gongcenter.ch\/?s={search_term_string}"},"query-input":{"@type":"PropertyValueSpecification","valueRequired":true,"valueName":"search_term_string"}}],"inLanguage":"en-US"},{"@type":"Organization","@id":"https:\/\/gongcenter.ch\/#organization","name":"Gongcenter Z\u00fcrich I Das Fachgesch\u00e4ft f\u00fcr Gong und Klang","url":"https:\/\/gongcenter.ch\/","logo":{"@type":"ImageObject","inLanguage":"en-US","@id":"https:\/\/gongcenter.ch\/#\/schema\/logo\/image\/","url":"https:\/\/gongcenter.ch\/app\/uploads\/2018\/05\/Gong-Center_Logo_2000_black.png","contentUrl":"https:\/\/gongcenter.ch\/app\/uploads\/2018\/05\/Gong-Center_Logo_2000_black.png","width":2000,"height":600,"caption":"Gongcenter Z\u00fcrich I Das Fachgesch\u00e4ft f\u00fcr Gong und Klang"},"image":{"@id":"https:\/\/gongcenter.ch\/#\/schema\/logo\/image\/"}}]}},"acf":[],"_links":{"self":[{"href":"https:\/\/gongcenter.ch\/en\/wp-json\/wp\/v2\/product\/25762","targetHints":{"allow":["GET"]}}],"collection":[{"href":"https:\/\/gongcenter.ch\/en\/wp-json\/wp\/v2\/product"}],"about":[{"href":"https:\/\/gongcenter.ch\/en\/wp-json\/wp\/v2\/types\/product"}],"wp:featuredmedia":[{"embeddable":true,"href":"https:\/\/gongcenter.ch\/en\/wp-json\/wp\/v2\/media\/29896"}],"wp:attachment":[{"href":"https:\/\/gongcenter.ch\/en\/wp-json\/wp\/v2\/media?parent=25762"}],"wp:term":[{"taxonomy":"product_brand","embeddable":true,"href":"https:\/\/gongcenter.ch\/en\/wp-json\/wp\/v2\/product_brand?post=25762"},{"taxonomy":"product_cat","embeddable":true,"href":"https:\/\/gongcenter.ch\/en\/wp-json\/wp\/v2\/product_cat?post=25762"},{"taxonomy":"product_tag","embeddable":true,"href":"https:\/\/gongcenter.ch\/en\/wp-json\/wp\/v2\/product_tag?post=25762"}],"curies":[{"name":"wp","href":"https:\/\/api.w.org\/{rel}","templated":true}]}}