{"id":25769,"date":"2020-05-19T14:02:27","date_gmt":"2020-05-19T13:02:27","guid":{"rendered":"https:\/\/gongcenter.ch\/product\/gongland-neptun-62-cm-24-zoll\/"},"modified":"2024-02-06T16:35:01","modified_gmt":"2024-02-06T15:35:01","slug":"gongland-planeten-gong-neptun","status":"publish","type":"product","link":"https:\/\/gongcenter.ch\/en\/product\/gongland-planeten-gong-neptun\/","title":{"rendered":"Gongland Gong Neptun  62 cm"},"content":{"rendered":"<p>Der blaue Riese ist der \u00e4usserste Planet im Sonnensystem.<\/p>\n<p>Neptun, der auch als blauer Tr\u00e4umer bezeichnet wird, steht f\u00fcr Identifikationsf\u00e4higkeit, universelle Menschenliebe, Inspiration und Spiritualit\u00e4t, aber auch f\u00fcr T\u00e4uschung und Bet\u00e4ubung. Er l\u00e4sst die feinen Str\u00f6mungen hinter den Dingen erkennen.<\/p>\n<p>Neptun symbolisiert die Sehnsucht nach dem verlorenen Paradies, nach dem Einssein mit dem G\u00f6ttlichen.<\/p>\n<p>Der Neptun-Gong kann auch dir helfen dein Suchen zu beenden.<\/p>\n<p>INFO<br \/>\nAuch wenn Sie hier und bei anderen Gong-Beschreibungen Wirkungen und Entsprechungen finden werden, handelt es sich immer um Beschreibungen von Erfahrungen, die im Verlaufe vieler Jahre gemacht worden sind und sich mitunter auch nur im Kontext der jeweiligen Begrifflichkeiten erschliessen. Alle Texte hier sollen Anregungen und Inspirationen f\u00fcr Ihre Gongarbeit sein. In dem Moment, wo Sie sich mit einer Frequenz besch\u00e4ftigen, erst dann k\u00f6nnen Sie sagen, was diese Frequenz f\u00fcr Sie leisten kann. Fakt ist, jede dieser Frequenzen hat eine spezifische Wirkung \u2013 da alle Menschen verschieden sind, wirken sich diese eben auch unterschiedlich aus. Erst die eigene Erfahrung wird eigenes, wertvolles Wissen generieren k\u00f6nnen.<\/p>\n<p>PFLEGE<br \/>\nGongs laden dazu ein, angefasst zu werden. Das Material ist grunds\u00e4tzlich extrem trocken und hat die Eigenschaft, sofort die nat\u00fcrlichen Fette und \u00d6le aus der Haut aufzusaugen. Der Gong entwickelt dadurch eine leicht unansehnliche Optik. Umgehen Sie dies, indem sie das Pflegen der Oberfl\u00e4che zur Routine werden lassen. Geeignet zur Plege sind Silber- und Metallputzmittel. Seien Sie sorgsam mit dem Nachpolieren, damit die Mallets nicht dunkel werden durch Reste von Putzmittel. Der Klang wird durch die Optik eines Gongs in keinem Fall beeintr\u00e4chtigt.<\/p>\n","protected":false},"excerpt":{"rendered":"<ul>\r\n \t<li>Gr\u00f6sse: 62 cm &#8211; 24 Zoll<\/li>\r\n \t<li>Frequenz: 211,44 Hz \/ 105,72 Hz<\/li>\r\n<\/ul>","protected":false},"featured_media":0,"template":"","meta":[],"product_brand":[],"product_cat":[806,471,426],"product_tag":[],"class_list":{"0":"post-25769","1":"product","2":"type-product","3":"status-publish","5":"brands-gongland-gongs","6":"product_cat-gongland-new-planet-gongs","7":"product_cat-gongland-planet-gongs","8":"product_cat-gongland-gongs","9":"product_shipping_class-kostenloser-versand-innerhalb-der-schweiz","11":"first","12":"instock","13":"sold-individually","14":"taxable","15":"shipping-taxable","16":"purchasable","17":"product-type-simple"},"yoast_head":"<!-- This site is optimized with the Yoast SEO plugin v27.0 - https:\/\/yoast.com\/product\/yoast-seo-wordpress\/ -->\n<title>Gongland Planeten Gong Neptun | Einssein mit dem G\u00f6ttlichen<\/title>\n<meta name=\"description\" content=\"Die Frequenz des Neptun Planeten Gongs von Gongland schwingt f\u00fcr Inspiration und Spiritualit\u00e4t.\" \/>\n<meta name=\"robots\" content=\"index, follow, max-snippet:-1, max-image-preview:large, max-video-preview:-1\" \/>\n<link rel=\"canonical\" href=\"https:\/\/gongcenter.ch\/produkt\/gongland-planeten-gong-neptun\/\" \/>\n<meta property=\"og:locale\" content=\"en_US\" \/>\n<meta property=\"og:type\" content=\"article\" \/>\n<meta property=\"og:title\" content=\"Gongland Planeten Gong Neptun | Einssein mit dem G\u00f6ttlichen\" \/>\n<meta property=\"og:description\" content=\"Die Frequenz des Neptun Planeten Gongs von Gongland schwingt f\u00fcr Inspiration und Spiritualit\u00e4t.\" \/>\n<meta property=\"og:url\" content=\"https:\/\/gongcenter.ch\/produkt\/gongland-planeten-gong-neptun\/\" \/>\n<meta property=\"og:site_name\" content=\"Gong Center Schweiz I Dein Gong und Klanginstrumente Fachgesch\u00e4ft\" \/>\n<meta property=\"article:modified_time\" content=\"2024-02-06T15:35:01+00:00\" \/>\n<meta name=\"twitter:card\" content=\"summary_large_image\" \/>\n<meta name=\"twitter:label1\" content=\"Est. reading time\" \/>\n\t<meta name=\"twitter:data1\" content=\"2 minutes\" \/>\n<!-- \/ Yoast SEO plugin. -->","yoast_head_json":{"title":"Gongland Planeten Gong Neptun | Einssein mit dem G\u00f6ttlichen","description":"Die Frequenz des Neptun Planeten Gongs von Gongland schwingt f\u00fcr Inspiration und Spiritualit\u00e4t.","robots":{"index":"index","follow":"follow","max-snippet":"max-snippet:-1","max-image-preview":"max-image-preview:large","max-video-preview":"max-video-preview:-1"},"canonical":"https:\/\/gongcenter.ch\/produkt\/gongland-planeten-gong-neptun\/","og_locale":"en_US","og_type":"article","og_title":"Gongland Planeten Gong Neptun | Einssein mit dem G\u00f6ttlichen","og_description":"Die Frequenz des Neptun Planeten Gongs von Gongland schwingt f\u00fcr Inspiration und Spiritualit\u00e4t.","og_url":"https:\/\/gongcenter.ch\/produkt\/gongland-planeten-gong-neptun\/","og_site_name":"Gong Center Schweiz I Dein Gong und Klanginstrumente Fachgesch\u00e4ft","article_modified_time":"2024-02-06T15:35:01+00:00","twitter_card":"summary_large_image","twitter_misc":{"Est. reading time":"2 minutes"},"schema":{"@context":"https:\/\/schema.org","@graph":[{"@type":"WebPage","@id":"https:\/\/gongcenter.ch\/produkt\/gongland-planeten-gong-neptun\/","url":"https:\/\/gongcenter.ch\/produkt\/gongland-planeten-gong-neptun\/","name":"Gongland Planeten Gong Neptun | Einssein mit dem G\u00f6ttlichen","isPartOf":{"@id":"https:\/\/gongcenter.ch\/#website"},"datePublished":"2020-05-19T13:02:27+00:00","dateModified":"2024-02-06T15:35:01+00:00","description":"Die Frequenz des Neptun Planeten Gongs von Gongland schwingt f\u00fcr Inspiration und Spiritualit\u00e4t.","breadcrumb":{"@id":"https:\/\/gongcenter.ch\/produkt\/gongland-planeten-gong-neptun\/#breadcrumb"},"inLanguage":"en-US","potentialAction":[{"@type":"ReadAction","target":["https:\/\/gongcenter.ch\/produkt\/gongland-planeten-gong-neptun\/"]}]},{"@type":"BreadcrumbList","@id":"https:\/\/gongcenter.ch\/produkt\/gongland-planeten-gong-neptun\/#breadcrumb","itemListElement":[{"@type":"ListItem","position":1,"name":"Startseite","item":"https:\/\/gongcenter.ch\/en\/"},{"@type":"ListItem","position":2,"name":"Shop","item":"https:\/\/gongcenter.ch\/en\/shop\/"},{"@type":"ListItem","position":3,"name":"Gongland Gong Neptun 62 cm"}]},{"@type":"WebSite","@id":"https:\/\/gongcenter.ch\/#website","url":"https:\/\/gongcenter.ch\/","name":"Gong Center Schweiz I Dein Gong und Klanginstrumente Fachgesch\u00e4ft","description":"Entdecke eine grosse Gong Auswahl sowie weitere Klanginstrumente - Wir sind Gong Klangtherapeut und bieten dir Top Qualit\u00e4t und Beratung.","publisher":{"@id":"https:\/\/gongcenter.ch\/#organization"},"potentialAction":[{"@type":"SearchAction","target":{"@type":"EntryPoint","urlTemplate":"https:\/\/gongcenter.ch\/?s={search_term_string}"},"query-input":{"@type":"PropertyValueSpecification","valueRequired":true,"valueName":"search_term_string"}}],"inLanguage":"en-US"},{"@type":"Organization","@id":"https:\/\/gongcenter.ch\/#organization","name":"Gongcenter Z\u00fcrich I Das Fachgesch\u00e4ft f\u00fcr Gong und Klang","url":"https:\/\/gongcenter.ch\/","logo":{"@type":"ImageObject","inLanguage":"en-US","@id":"https:\/\/gongcenter.ch\/#\/schema\/logo\/image\/","url":"https:\/\/gongcenter.ch\/app\/uploads\/2018\/05\/Gong-Center_Logo_2000_black.png","contentUrl":"https:\/\/gongcenter.ch\/app\/uploads\/2018\/05\/Gong-Center_Logo_2000_black.png","width":2000,"height":600,"caption":"Gongcenter Z\u00fcrich I Das Fachgesch\u00e4ft f\u00fcr Gong und Klang"},"image":{"@id":"https:\/\/gongcenter.ch\/#\/schema\/logo\/image\/"}}]}},"acf":[],"_links":{"self":[{"href":"https:\/\/gongcenter.ch\/en\/wp-json\/wp\/v2\/product\/25769","targetHints":{"allow":["GET"]}}],"collection":[{"href":"https:\/\/gongcenter.ch\/en\/wp-json\/wp\/v2\/product"}],"about":[{"href":"https:\/\/gongcenter.ch\/en\/wp-json\/wp\/v2\/types\/product"}],"wp:attachment":[{"href":"https:\/\/gongcenter.ch\/en\/wp-json\/wp\/v2\/media?parent=25769"}],"wp:term":[{"taxonomy":"product_brand","embeddable":true,"href":"https:\/\/gongcenter.ch\/en\/wp-json\/wp\/v2\/product_brand?post=25769"},{"taxonomy":"product_cat","embeddable":true,"href":"https:\/\/gongcenter.ch\/en\/wp-json\/wp\/v2\/product_cat?post=25769"},{"taxonomy":"product_tag","embeddable":true,"href":"https:\/\/gongcenter.ch\/en\/wp-json\/wp\/v2\/product_tag?post=25769"}],"curies":[{"name":"wp","href":"https:\/\/api.w.org\/{rel}","templated":true}]}}