{"id":25825,"date":"2020-05-19T14:02:37","date_gmt":"2020-05-19T13:02:37","guid":{"rendered":"https:\/\/gongcenter.ch\/product\/allton-monochord-einseitig\/"},"modified":"2023-04-18T11:37:16","modified_gmt":"2023-04-18T10:37:16","slug":"allton-monochord-einseitig","status":"publish","type":"product","link":"https:\/\/gongcenter.ch\/en\/product\/allton-monochord-einseitig\/","title":{"rendered":"Allton Monochord, einseitig"},"content":{"rendered":"<p>Das Monochord ist ein robustes Saiteninstrument, bei dem alle Saiten auf einen Ton gestimmt sind. Dadurch erh\u00e4lt es \u00a0einen sehr vollen Klang mit reichem Obertonspektrum, der als angenehm und beruhigend empfunden wird. Es ist sehr leicht auch ohne musikalische Vorkenntnisse spielbar.<\/p>\n<p>Besonders geeignet zum Begleiten einer Phantasiereise oder einer musikalischen Entspannung.<\/p>\n","protected":false},"excerpt":{"rendered":"<ul>\r\n \t<li>Ton: C ,\u00a0 c-cis<\/li>\r\n \t<li>Material: Buche\/Birke, ge\u00f6lt<\/li>\r\n \t<li>Masse: 109x24x7 cm<\/li>\r\n \t<li>Ausf\u00fchrung: 21 Saiten, einseitig<\/li>\r\n \t<li>Lieferumfang: incl. Stimmschl\u00fcssel, Ersatzsaiten und Bedienungsanleitung, ohne F\u00fcsschen<\/li>\r\n<\/ul>","protected":false},"featured_media":29912,"template":"","meta":[],"product_brand":[],"product_cat":[668,506],"product_tag":[],"class_list":{"0":"post-25825","1":"product","2":"type-product","3":"status-publish","4":"has-post-thumbnail","6":"brands-allton","7":"product_cat-monochord","8":"product_cat-monochord-kotamo","9":"product_shipping_class-kostenloser-versand-innerhalb-der-schweiz","11":"first","12":"instock","13":"sold-individually","14":"taxable","15":"shipping-taxable","16":"purchasable","17":"product-type-simple"},"yoast_head":"<!-- This site is optimized with the Yoast SEO plugin v27.0 - https:\/\/yoast.com\/product\/yoast-seo-wordpress\/ -->\n<title>Allton Monochord, einseitig - Gong Center Schweiz I Dein Gong und Klanginstrumente Fachgesch\u00e4ft<\/title>\n<meta name=\"robots\" content=\"index, follow, max-snippet:-1, max-image-preview:large, max-video-preview:-1\" \/>\n<link rel=\"canonical\" href=\"https:\/\/gongcenter.ch\/produkt\/allton-monochord-einseitig\/\" \/>\n<meta property=\"og:locale\" content=\"en_US\" \/>\n<meta property=\"og:type\" content=\"article\" \/>\n<meta property=\"og:title\" content=\"Allton Monochord, einseitig - Gong Center Schweiz I Dein Gong und Klanginstrumente Fachgesch\u00e4ft\" \/>\n<meta property=\"og:description\" content=\"Ton: C ,\u00a0 c-cis  Material: Buche\/Birke, ge\u00f6lt  Masse: 109x24x7 cm  Ausf\u00fchrung: 21 Saiten, einseitig  Lieferumfang: incl. Stimmschl\u00fcssel, Ersatzsaiten und Bedienungsanleitung, ohne F\u00fcsschen\" \/>\n<meta property=\"og:url\" content=\"https:\/\/gongcenter.ch\/produkt\/allton-monochord-einseitig\/\" \/>\n<meta property=\"og:site_name\" content=\"Gong Center Schweiz I Dein Gong und Klanginstrumente Fachgesch\u00e4ft\" \/>\n<meta property=\"article:modified_time\" content=\"2023-04-18T10:37:16+00:00\" \/>\n<meta property=\"og:image\" content=\"https:\/\/gongcenter.ch\/app\/uploads\/2022\/09\/Allton-Monochord-Klinikbedarf-Behandlungsmonochord-2.png\" \/>\n\t<meta property=\"og:image:width\" content=\"600\" \/>\n\t<meta property=\"og:image:height\" content=\"600\" \/>\n\t<meta property=\"og:image:type\" content=\"image\/png\" \/>\n<meta name=\"twitter:card\" content=\"summary_large_image\" \/>\n<!-- \/ Yoast SEO plugin. -->","yoast_head_json":{"title":"Allton Monochord, einseitig - Gong Center Schweiz I Dein Gong und Klanginstrumente Fachgesch\u00e4ft","robots":{"index":"index","follow":"follow","max-snippet":"max-snippet:-1","max-image-preview":"max-image-preview:large","max-video-preview":"max-video-preview:-1"},"canonical":"https:\/\/gongcenter.ch\/produkt\/allton-monochord-einseitig\/","og_locale":"en_US","og_type":"article","og_title":"Allton Monochord, einseitig - Gong Center Schweiz I Dein Gong und Klanginstrumente Fachgesch\u00e4ft","og_description":"Ton: C ,\u00a0 c-cis  Material: Buche\/Birke, ge\u00f6lt  Masse: 109x24x7 cm  Ausf\u00fchrung: 21 Saiten, einseitig  Lieferumfang: incl. Stimmschl\u00fcssel, Ersatzsaiten und Bedienungsanleitung, ohne F\u00fcsschen","og_url":"https:\/\/gongcenter.ch\/produkt\/allton-monochord-einseitig\/","og_site_name":"Gong Center Schweiz I Dein Gong und Klanginstrumente Fachgesch\u00e4ft","article_modified_time":"2023-04-18T10:37:16+00:00","og_image":[{"width":600,"height":600,"url":"https:\/\/gongcenter.ch\/app\/uploads\/2022\/09\/Allton-Monochord-Klinikbedarf-Behandlungsmonochord-2.png","type":"image\/png"}],"twitter_card":"summary_large_image","schema":{"@context":"https:\/\/schema.org","@graph":[{"@type":"WebPage","@id":"https:\/\/gongcenter.ch\/produkt\/allton-monochord-einseitig\/","url":"https:\/\/gongcenter.ch\/produkt\/allton-monochord-einseitig\/","name":"Allton Monochord, einseitig - Gong Center Schweiz I Dein Gong und Klanginstrumente Fachgesch\u00e4ft","isPartOf":{"@id":"https:\/\/gongcenter.ch\/#website"},"primaryImageOfPage":{"@id":"https:\/\/gongcenter.ch\/produkt\/allton-monochord-einseitig\/#primaryimage"},"image":{"@id":"https:\/\/gongcenter.ch\/produkt\/allton-monochord-einseitig\/#primaryimage"},"thumbnailUrl":"https:\/\/gongcenter.ch\/app\/uploads\/2022\/09\/Allton-Monochord-Klinikbedarf-Behandlungsmonochord-2.png","datePublished":"2020-05-19T13:02:37+00:00","dateModified":"2023-04-18T10:37:16+00:00","breadcrumb":{"@id":"https:\/\/gongcenter.ch\/produkt\/allton-monochord-einseitig\/#breadcrumb"},"inLanguage":"en-US","potentialAction":[{"@type":"ReadAction","target":["https:\/\/gongcenter.ch\/produkt\/allton-monochord-einseitig\/"]}]},{"@type":"ImageObject","inLanguage":"en-US","@id":"https:\/\/gongcenter.ch\/produkt\/allton-monochord-einseitig\/#primaryimage","url":"https:\/\/gongcenter.ch\/app\/uploads\/2022\/09\/Allton-Monochord-Klinikbedarf-Behandlungsmonochord-2.png","contentUrl":"https:\/\/gongcenter.ch\/app\/uploads\/2022\/09\/Allton-Monochord-Klinikbedarf-Behandlungsmonochord-2.png","width":600,"height":600},{"@type":"BreadcrumbList","@id":"https:\/\/gongcenter.ch\/produkt\/allton-monochord-einseitig\/#breadcrumb","itemListElement":[{"@type":"ListItem","position":1,"name":"Startseite","item":"https:\/\/gongcenter.ch\/en\/"},{"@type":"ListItem","position":2,"name":"Shop","item":"https:\/\/gongcenter.ch\/en\/shop\/"},{"@type":"ListItem","position":3,"name":"Allton Monochord, einseitig"}]},{"@type":"WebSite","@id":"https:\/\/gongcenter.ch\/#website","url":"https:\/\/gongcenter.ch\/","name":"Gong Center Schweiz I Dein Gong und Klanginstrumente Fachgesch\u00e4ft","description":"Entdecke eine grosse Gong Auswahl sowie weitere Klanginstrumente - Wir sind Gong Klangtherapeut und bieten dir Top Qualit\u00e4t und Beratung.","publisher":{"@id":"https:\/\/gongcenter.ch\/#organization"},"potentialAction":[{"@type":"SearchAction","target":{"@type":"EntryPoint","urlTemplate":"https:\/\/gongcenter.ch\/?s={search_term_string}"},"query-input":{"@type":"PropertyValueSpecification","valueRequired":true,"valueName":"search_term_string"}}],"inLanguage":"en-US"},{"@type":"Organization","@id":"https:\/\/gongcenter.ch\/#organization","name":"Gongcenter Z\u00fcrich I Das Fachgesch\u00e4ft f\u00fcr Gong und Klang","url":"https:\/\/gongcenter.ch\/","logo":{"@type":"ImageObject","inLanguage":"en-US","@id":"https:\/\/gongcenter.ch\/#\/schema\/logo\/image\/","url":"https:\/\/gongcenter.ch\/app\/uploads\/2018\/05\/Gong-Center_Logo_2000_black.png","contentUrl":"https:\/\/gongcenter.ch\/app\/uploads\/2018\/05\/Gong-Center_Logo_2000_black.png","width":2000,"height":600,"caption":"Gongcenter Z\u00fcrich I Das Fachgesch\u00e4ft f\u00fcr Gong und Klang"},"image":{"@id":"https:\/\/gongcenter.ch\/#\/schema\/logo\/image\/"}}]}},"acf":[],"_links":{"self":[{"href":"https:\/\/gongcenter.ch\/en\/wp-json\/wp\/v2\/product\/25825","targetHints":{"allow":["GET"]}}],"collection":[{"href":"https:\/\/gongcenter.ch\/en\/wp-json\/wp\/v2\/product"}],"about":[{"href":"https:\/\/gongcenter.ch\/en\/wp-json\/wp\/v2\/types\/product"}],"wp:featuredmedia":[{"embeddable":true,"href":"https:\/\/gongcenter.ch\/en\/wp-json\/wp\/v2\/media\/29912"}],"wp:attachment":[{"href":"https:\/\/gongcenter.ch\/en\/wp-json\/wp\/v2\/media?parent=25825"}],"wp:term":[{"taxonomy":"product_brand","embeddable":true,"href":"https:\/\/gongcenter.ch\/en\/wp-json\/wp\/v2\/product_brand?post=25825"},{"taxonomy":"product_cat","embeddable":true,"href":"https:\/\/gongcenter.ch\/en\/wp-json\/wp\/v2\/product_cat?post=25825"},{"taxonomy":"product_tag","embeddable":true,"href":"https:\/\/gongcenter.ch\/en\/wp-json\/wp\/v2\/product_tag?post=25825"}],"curies":[{"name":"wp","href":"https:\/\/api.w.org\/{rel}","templated":true}]}}