{"id":25827,"date":"2020-05-19T14:02:37","date_gmt":"2020-05-19T13:02:37","guid":{"rendered":"https:\/\/gongcenter.ch\/product\/allton-monochord-modell-a-das-professionelle-mit-fichte-echtholzdecke\/"},"modified":"2023-04-18T11:37:15","modified_gmt":"2023-04-18T10:37:15","slug":"alton-monochord-a-das-leichte-monochord-fuer-ergotherapie-klangtherapie-pflege","status":"publish","type":"product","link":"https:\/\/gongcenter.ch\/en\/product\/alton-monochord-a-das-leichte-monochord-fuer-ergotherapie-klangtherapie-pflege\/","title":{"rendered":"Allton Monochord Modell A &#8211; das Professionelle mit Fichte Echtholzdecke"},"content":{"rendered":"<p>Ein kleines Monochord, das leicht transportabel ist und besonders f\u00fcr den mobilen Einsatz in der Klangtherapie, Ergotherapie und Pflege geeignet ist! Das Minimonochord kann auf den K\u00f6rper aufgelegt oder wie ein Teddy in den Arm genommen werden \u2013 durch seinen satten tiefen Klang k\u00f6nnen die T\u00f6ne sehr gut gesp\u00fcrt werden. Auch f\u00fcr Anwendungen im Rahmen der basalen Stimulation geeignet.<\/p>\n","protected":false},"excerpt":{"rendered":"ALLTON Monochord Modell A\r\n\r\n19 Saiten\r\n\r\nMaterial: massive Fichtendecke mit Rosette, (Blume des Lebens)\r\n\r\nKorpus: Buche\/Birke ge\u00f6lt und gewachst\r\n\r\nMasse: 65x21x8cm\r\n\r\nGrundton: cis","protected":false},"featured_media":29772,"template":"","meta":[],"product_brand":[],"product_cat":[506],"product_tag":[],"class_list":{"0":"post-25827","1":"product","2":"type-product","3":"status-publish","4":"has-post-thumbnail","6":"brands-allton","7":"product_cat-monochord-kotamo","8":"product_shipping_class-kostenloser-versand-innerhalb-der-schweiz","10":"first","11":"instock","12":"sold-individually","13":"taxable","14":"shipping-taxable","15":"purchasable","16":"product-type-simple"},"yoast_head":"<!-- This site is optimized with the Yoast SEO plugin v27.0 - https:\/\/yoast.com\/product\/yoast-seo-wordpress\/ -->\n<title>Allton Therapie-Monochord &quot;Profi&quot;, Fichtendecke Modell A<\/title>\n<meta name=\"description\" content=\"Das professionelle Monochord, das Sie \u00fcberall hin mitnehmen k\u00f6nnen. Ideal f\u00fcr Ergotherapie, Klangtherapie und Pflege.\" \/>\n<meta name=\"robots\" content=\"index, follow, max-snippet:-1, max-image-preview:large, max-video-preview:-1\" \/>\n<link rel=\"canonical\" href=\"https:\/\/gongcenter.ch\/produkt\/alton-monochord-a-das-leichte-monochord-fuer-ergotherapie-klangtherapie-pflege\/\" \/>\n<meta property=\"og:locale\" content=\"en_US\" \/>\n<meta property=\"og:type\" content=\"article\" \/>\n<meta property=\"og:title\" content=\"Allton Therapie-Monochord &quot;Profi&quot;, Fichtendecke Modell A\" \/>\n<meta property=\"og:description\" content=\"Das professionelle Monochord, das Sie \u00fcberall hin mitnehmen k\u00f6nnen. Ideal f\u00fcr Ergotherapie, Klangtherapie und Pflege.\" \/>\n<meta property=\"og:url\" content=\"https:\/\/gongcenter.ch\/produkt\/alton-monochord-a-das-leichte-monochord-fuer-ergotherapie-klangtherapie-pflege\/\" \/>\n<meta property=\"og:site_name\" content=\"Gong Center Schweiz I Dein Gong und Klanginstrumente Fachgesch\u00e4ft\" \/>\n<meta property=\"article:modified_time\" content=\"2023-04-18T10:37:15+00:00\" \/>\n<meta property=\"og:image\" content=\"https:\/\/gongcenter.ch\/app\/uploads\/2022\/09\/ALLTON-Behandlungsmonochord-diverse-Ausfuehrungen-2.png\" \/>\n\t<meta property=\"og:image:width\" content=\"600\" \/>\n\t<meta property=\"og:image:height\" content=\"600\" \/>\n\t<meta property=\"og:image:type\" content=\"image\/png\" \/>\n<meta name=\"twitter:card\" content=\"summary_large_image\" \/>\n<!-- \/ Yoast SEO plugin. -->","yoast_head_json":{"title":"Allton Therapie-Monochord \"Profi\", Fichtendecke Modell A","description":"Das professionelle Monochord, das Sie \u00fcberall hin mitnehmen k\u00f6nnen. Ideal f\u00fcr Ergotherapie, Klangtherapie und Pflege.","robots":{"index":"index","follow":"follow","max-snippet":"max-snippet:-1","max-image-preview":"max-image-preview:large","max-video-preview":"max-video-preview:-1"},"canonical":"https:\/\/gongcenter.ch\/produkt\/alton-monochord-a-das-leichte-monochord-fuer-ergotherapie-klangtherapie-pflege\/","og_locale":"en_US","og_type":"article","og_title":"Allton Therapie-Monochord \"Profi\", Fichtendecke Modell A","og_description":"Das professionelle Monochord, das Sie \u00fcberall hin mitnehmen k\u00f6nnen. Ideal f\u00fcr Ergotherapie, Klangtherapie und Pflege.","og_url":"https:\/\/gongcenter.ch\/produkt\/alton-monochord-a-das-leichte-monochord-fuer-ergotherapie-klangtherapie-pflege\/","og_site_name":"Gong Center Schweiz I Dein Gong und Klanginstrumente Fachgesch\u00e4ft","article_modified_time":"2023-04-18T10:37:15+00:00","og_image":[{"width":600,"height":600,"url":"https:\/\/gongcenter.ch\/app\/uploads\/2022\/09\/ALLTON-Behandlungsmonochord-diverse-Ausfuehrungen-2.png","type":"image\/png"}],"twitter_card":"summary_large_image","schema":{"@context":"https:\/\/schema.org","@graph":[{"@type":"WebPage","@id":"https:\/\/gongcenter.ch\/produkt\/alton-monochord-a-das-leichte-monochord-fuer-ergotherapie-klangtherapie-pflege\/","url":"https:\/\/gongcenter.ch\/produkt\/alton-monochord-a-das-leichte-monochord-fuer-ergotherapie-klangtherapie-pflege\/","name":"Allton Therapie-Monochord \"Profi\", Fichtendecke Modell A","isPartOf":{"@id":"https:\/\/gongcenter.ch\/#website"},"primaryImageOfPage":{"@id":"https:\/\/gongcenter.ch\/produkt\/alton-monochord-a-das-leichte-monochord-fuer-ergotherapie-klangtherapie-pflege\/#primaryimage"},"image":{"@id":"https:\/\/gongcenter.ch\/produkt\/alton-monochord-a-das-leichte-monochord-fuer-ergotherapie-klangtherapie-pflege\/#primaryimage"},"thumbnailUrl":"https:\/\/gongcenter.ch\/app\/uploads\/2022\/09\/ALLTON-Behandlungsmonochord-diverse-Ausfuehrungen-2.png","datePublished":"2020-05-19T13:02:37+00:00","dateModified":"2023-04-18T10:37:15+00:00","description":"Das professionelle Monochord, das Sie \u00fcberall hin mitnehmen k\u00f6nnen. Ideal f\u00fcr Ergotherapie, Klangtherapie und Pflege.","breadcrumb":{"@id":"https:\/\/gongcenter.ch\/produkt\/alton-monochord-a-das-leichte-monochord-fuer-ergotherapie-klangtherapie-pflege\/#breadcrumb"},"inLanguage":"en-US","potentialAction":[{"@type":"ReadAction","target":["https:\/\/gongcenter.ch\/produkt\/alton-monochord-a-das-leichte-monochord-fuer-ergotherapie-klangtherapie-pflege\/"]}]},{"@type":"ImageObject","inLanguage":"en-US","@id":"https:\/\/gongcenter.ch\/produkt\/alton-monochord-a-das-leichte-monochord-fuer-ergotherapie-klangtherapie-pflege\/#primaryimage","url":"https:\/\/gongcenter.ch\/app\/uploads\/2022\/09\/ALLTON-Behandlungsmonochord-diverse-Ausfuehrungen-2.png","contentUrl":"https:\/\/gongcenter.ch\/app\/uploads\/2022\/09\/ALLTON-Behandlungsmonochord-diverse-Ausfuehrungen-2.png","width":600,"height":600},{"@type":"BreadcrumbList","@id":"https:\/\/gongcenter.ch\/produkt\/alton-monochord-a-das-leichte-monochord-fuer-ergotherapie-klangtherapie-pflege\/#breadcrumb","itemListElement":[{"@type":"ListItem","position":1,"name":"Startseite","item":"https:\/\/gongcenter.ch\/en\/"},{"@type":"ListItem","position":2,"name":"Shop","item":"https:\/\/gongcenter.ch\/en\/shop\/"},{"@type":"ListItem","position":3,"name":"Allton Monochord Modell A &#8211; das Professionelle mit Fichte Echtholzdecke"}]},{"@type":"WebSite","@id":"https:\/\/gongcenter.ch\/#website","url":"https:\/\/gongcenter.ch\/","name":"Gong Center Schweiz I Dein Gong und Klanginstrumente Fachgesch\u00e4ft","description":"Entdecke eine grosse Gong Auswahl sowie weitere Klanginstrumente - Wir sind Gong Klangtherapeut und bieten dir Top Qualit\u00e4t und Beratung.","publisher":{"@id":"https:\/\/gongcenter.ch\/#organization"},"potentialAction":[{"@type":"SearchAction","target":{"@type":"EntryPoint","urlTemplate":"https:\/\/gongcenter.ch\/?s={search_term_string}"},"query-input":{"@type":"PropertyValueSpecification","valueRequired":true,"valueName":"search_term_string"}}],"inLanguage":"en-US"},{"@type":"Organization","@id":"https:\/\/gongcenter.ch\/#organization","name":"Gongcenter Z\u00fcrich I Das Fachgesch\u00e4ft f\u00fcr Gong und Klang","url":"https:\/\/gongcenter.ch\/","logo":{"@type":"ImageObject","inLanguage":"en-US","@id":"https:\/\/gongcenter.ch\/#\/schema\/logo\/image\/","url":"https:\/\/gongcenter.ch\/app\/uploads\/2018\/05\/Gong-Center_Logo_2000_black.png","contentUrl":"https:\/\/gongcenter.ch\/app\/uploads\/2018\/05\/Gong-Center_Logo_2000_black.png","width":2000,"height":600,"caption":"Gongcenter Z\u00fcrich I Das Fachgesch\u00e4ft f\u00fcr Gong und Klang"},"image":{"@id":"https:\/\/gongcenter.ch\/#\/schema\/logo\/image\/"}}]}},"acf":[],"_links":{"self":[{"href":"https:\/\/gongcenter.ch\/en\/wp-json\/wp\/v2\/product\/25827","targetHints":{"allow":["GET"]}}],"collection":[{"href":"https:\/\/gongcenter.ch\/en\/wp-json\/wp\/v2\/product"}],"about":[{"href":"https:\/\/gongcenter.ch\/en\/wp-json\/wp\/v2\/types\/product"}],"wp:featuredmedia":[{"embeddable":true,"href":"https:\/\/gongcenter.ch\/en\/wp-json\/wp\/v2\/media\/29772"}],"wp:attachment":[{"href":"https:\/\/gongcenter.ch\/en\/wp-json\/wp\/v2\/media?parent=25827"}],"wp:term":[{"taxonomy":"product_brand","embeddable":true,"href":"https:\/\/gongcenter.ch\/en\/wp-json\/wp\/v2\/product_brand?post=25827"},{"taxonomy":"product_cat","embeddable":true,"href":"https:\/\/gongcenter.ch\/en\/wp-json\/wp\/v2\/product_cat?post=25827"},{"taxonomy":"product_tag","embeddable":true,"href":"https:\/\/gongcenter.ch\/en\/wp-json\/wp\/v2\/product_tag?post=25827"}],"curies":[{"name":"wp","href":"https:\/\/api.w.org\/{rel}","templated":true}]}}