{"id":25828,"date":"2020-05-19T14:02:37","date_gmt":"2020-05-19T13:02:37","guid":{"rendered":"https:\/\/gongcenter.ch\/product\/allton-tamburachord-modell-a-das-professionelle-mit-massiver-zederndecke\/"},"modified":"2023-04-27T22:08:47","modified_gmt":"2023-04-27T21:08:47","slug":"allton-tamburachord-modell-a","status":"publish","type":"product","link":"https:\/\/gongcenter.ch\/en\/product\/allton-tamburachord-modell-a\/","title":{"rendered":"Allton Tamburachord Modell A"},"content":{"rendered":"<p>Die harmonisch zusammenklingenden Dreiklang-Intervalle dieses Tamburachord wirken f\u00fcr die meisten Menschen sehr angenehm, belebend und entspannend zugleich. Es kann vielf\u00e4ltige gespielt werden. Man streicht leicht \u00fcber die Saiten oder einzelne T\u00f6ne werden rhythmisch gezupft.<\/p>\n<p>Die umwickelten Gitarrensaiten erm\u00f6glichen trotz der kurzen Saitenl\u00e4nge einen satten, tiefen Klang, der beim Spielen auf dem K\u00f6rper die sensorische Wahrnehmung f\u00f6rdert.<\/p>\n<p>&nbsp;<\/p>\n","protected":false},"excerpt":{"rendered":"<ul>\r\n \t<li>Modell: Tamburachord, A<\/li>\r\n \t<li>Stimmung: Professionelle Tamburastimmung gis-gis-cis&#8217; -cis, 19 Saiten<\/li>\r\n \t<li>Material: Zeder Echtholzdecke mit Rosette (Blume des Leben), Korpus Bucherahmen mit Griffmulde ge\u00f6lt und gewachst<\/li>\r\n \t<li>Gr\u00f6sse: 65x21x8cm<\/li>\r\n \t<li>Lieferumfang: inkl. Stimmschl\u00fcssel<\/li>\r\n<\/ul>","protected":false},"featured_media":29916,"template":"","meta":[],"product_brand":[],"product_cat":[668],"product_tag":[],"class_list":{"0":"post-25828","1":"product","2":"type-product","3":"status-publish","4":"has-post-thumbnail","6":"brands-allton","7":"product_cat-monochord","8":"product_shipping_class-kostenloser-versand-innerhalb-der-schweiz","10":"first","11":"instock","12":"sold-individually","13":"taxable","14":"shipping-taxable","15":"purchasable","16":"product-type-simple"},"yoast_head":"<!-- This site is optimized with the Yoast SEO plugin v27.0 - https:\/\/yoast.com\/product\/yoast-seo-wordpress\/ -->\n<title>Allton Tamburachord Modell A - Gong Center Schweiz I Dein Gong und Klanginstrumente Fachgesch\u00e4ft<\/title>\n<meta name=\"robots\" content=\"index, follow, max-snippet:-1, max-image-preview:large, max-video-preview:-1\" \/>\n<link rel=\"canonical\" href=\"https:\/\/gongcenter.ch\/produkt\/allton-tamburachord-modell-a\/\" \/>\n<meta property=\"og:locale\" content=\"en_US\" \/>\n<meta property=\"og:type\" content=\"article\" \/>\n<meta property=\"og:title\" content=\"Allton Tamburachord Modell A - Gong Center Schweiz I Dein Gong und Klanginstrumente Fachgesch\u00e4ft\" \/>\n<meta property=\"og:description\" content=\"Modell: Tamburachord, A  Stimmung: Professionelle Tamburastimmung gis-gis-cis&#039; -cis, 19 Saiten  Material: Zeder Echtholzdecke mit Rosette (Blume des Leben), Korpus Bucherahmen mit Griffmulde ge\u00f6lt und gewachst  Gr\u00f6sse: 65x21x8cm  Lieferumfang: inkl. Stimmschl\u00fcssel\" \/>\n<meta property=\"og:url\" content=\"https:\/\/gongcenter.ch\/produkt\/allton-tamburachord-modell-a\/\" \/>\n<meta property=\"og:site_name\" content=\"Gong Center Schweiz I Dein Gong und Klanginstrumente Fachgesch\u00e4ft\" \/>\n<meta property=\"article:modified_time\" content=\"2023-04-27T21:08:47+00:00\" \/>\n<meta property=\"og:image\" content=\"https:\/\/gongcenter.ch\/app\/uploads\/2022\/09\/Tamburachord_Zederndecke.jpg\" \/>\n\t<meta property=\"og:image:width\" content=\"1244\" \/>\n\t<meta property=\"og:image:height\" content=\"829\" \/>\n\t<meta property=\"og:image:type\" content=\"image\/jpeg\" \/>\n<meta name=\"twitter:card\" content=\"summary_large_image\" \/>\n<meta name=\"twitter:label1\" content=\"Est. reading time\" \/>\n\t<meta name=\"twitter:data1\" content=\"1 minute\" \/>\n<!-- \/ Yoast SEO plugin. -->","yoast_head_json":{"title":"Allton Tamburachord Modell A - Gong Center Schweiz I Dein Gong und Klanginstrumente Fachgesch\u00e4ft","robots":{"index":"index","follow":"follow","max-snippet":"max-snippet:-1","max-image-preview":"max-image-preview:large","max-video-preview":"max-video-preview:-1"},"canonical":"https:\/\/gongcenter.ch\/produkt\/allton-tamburachord-modell-a\/","og_locale":"en_US","og_type":"article","og_title":"Allton Tamburachord Modell A - Gong Center Schweiz I Dein Gong und Klanginstrumente Fachgesch\u00e4ft","og_description":"Modell: Tamburachord, A  Stimmung: Professionelle Tamburastimmung gis-gis-cis' -cis, 19 Saiten  Material: Zeder Echtholzdecke mit Rosette (Blume des Leben), Korpus Bucherahmen mit Griffmulde ge\u00f6lt und gewachst  Gr\u00f6sse: 65x21x8cm  Lieferumfang: inkl. Stimmschl\u00fcssel","og_url":"https:\/\/gongcenter.ch\/produkt\/allton-tamburachord-modell-a\/","og_site_name":"Gong Center Schweiz I Dein Gong und Klanginstrumente Fachgesch\u00e4ft","article_modified_time":"2023-04-27T21:08:47+00:00","og_image":[{"width":1244,"height":829,"url":"https:\/\/gongcenter.ch\/app\/uploads\/2022\/09\/Tamburachord_Zederndecke.jpg","type":"image\/jpeg"}],"twitter_card":"summary_large_image","twitter_misc":{"Est. reading time":"1 minute"},"schema":{"@context":"https:\/\/schema.org","@graph":[{"@type":"WebPage","@id":"https:\/\/gongcenter.ch\/produkt\/allton-tamburachord-modell-a\/","url":"https:\/\/gongcenter.ch\/produkt\/allton-tamburachord-modell-a\/","name":"Allton Tamburachord Modell A - Gong Center Schweiz I Dein Gong und Klanginstrumente Fachgesch\u00e4ft","isPartOf":{"@id":"https:\/\/gongcenter.ch\/#website"},"primaryImageOfPage":{"@id":"https:\/\/gongcenter.ch\/produkt\/allton-tamburachord-modell-a\/#primaryimage"},"image":{"@id":"https:\/\/gongcenter.ch\/produkt\/allton-tamburachord-modell-a\/#primaryimage"},"thumbnailUrl":"https:\/\/gongcenter.ch\/app\/uploads\/2022\/09\/Tamburachord_Zederndecke.jpg","datePublished":"2020-05-19T13:02:37+00:00","dateModified":"2023-04-27T21:08:47+00:00","breadcrumb":{"@id":"https:\/\/gongcenter.ch\/produkt\/allton-tamburachord-modell-a\/#breadcrumb"},"inLanguage":"en-US","potentialAction":[{"@type":"ReadAction","target":["https:\/\/gongcenter.ch\/produkt\/allton-tamburachord-modell-a\/"]}]},{"@type":"ImageObject","inLanguage":"en-US","@id":"https:\/\/gongcenter.ch\/produkt\/allton-tamburachord-modell-a\/#primaryimage","url":"https:\/\/gongcenter.ch\/app\/uploads\/2022\/09\/Tamburachord_Zederndecke.jpg","contentUrl":"https:\/\/gongcenter.ch\/app\/uploads\/2022\/09\/Tamburachord_Zederndecke.jpg","width":1244,"height":829},{"@type":"BreadcrumbList","@id":"https:\/\/gongcenter.ch\/produkt\/allton-tamburachord-modell-a\/#breadcrumb","itemListElement":[{"@type":"ListItem","position":1,"name":"Startseite","item":"https:\/\/gongcenter.ch\/en\/"},{"@type":"ListItem","position":2,"name":"Shop","item":"https:\/\/gongcenter.ch\/en\/shop\/"},{"@type":"ListItem","position":3,"name":"Allton Tamburachord Modell A"}]},{"@type":"WebSite","@id":"https:\/\/gongcenter.ch\/#website","url":"https:\/\/gongcenter.ch\/","name":"Gong Center Schweiz I Dein Gong und Klanginstrumente Fachgesch\u00e4ft","description":"Entdecke eine grosse Gong Auswahl sowie weitere Klanginstrumente - Wir sind Gong Klangtherapeut und bieten dir Top Qualit\u00e4t und Beratung.","publisher":{"@id":"https:\/\/gongcenter.ch\/#organization"},"potentialAction":[{"@type":"SearchAction","target":{"@type":"EntryPoint","urlTemplate":"https:\/\/gongcenter.ch\/?s={search_term_string}"},"query-input":{"@type":"PropertyValueSpecification","valueRequired":true,"valueName":"search_term_string"}}],"inLanguage":"en-US"},{"@type":"Organization","@id":"https:\/\/gongcenter.ch\/#organization","name":"Gongcenter Z\u00fcrich I Das Fachgesch\u00e4ft f\u00fcr Gong und Klang","url":"https:\/\/gongcenter.ch\/","logo":{"@type":"ImageObject","inLanguage":"en-US","@id":"https:\/\/gongcenter.ch\/#\/schema\/logo\/image\/","url":"https:\/\/gongcenter.ch\/app\/uploads\/2018\/05\/Gong-Center_Logo_2000_black.png","contentUrl":"https:\/\/gongcenter.ch\/app\/uploads\/2018\/05\/Gong-Center_Logo_2000_black.png","width":2000,"height":600,"caption":"Gongcenter Z\u00fcrich I Das Fachgesch\u00e4ft f\u00fcr Gong und Klang"},"image":{"@id":"https:\/\/gongcenter.ch\/#\/schema\/logo\/image\/"}}]}},"acf":[],"_links":{"self":[{"href":"https:\/\/gongcenter.ch\/en\/wp-json\/wp\/v2\/product\/25828","targetHints":{"allow":["GET"]}}],"collection":[{"href":"https:\/\/gongcenter.ch\/en\/wp-json\/wp\/v2\/product"}],"about":[{"href":"https:\/\/gongcenter.ch\/en\/wp-json\/wp\/v2\/types\/product"}],"wp:featuredmedia":[{"embeddable":true,"href":"https:\/\/gongcenter.ch\/en\/wp-json\/wp\/v2\/media\/29916"}],"wp:attachment":[{"href":"https:\/\/gongcenter.ch\/en\/wp-json\/wp\/v2\/media?parent=25828"}],"wp:term":[{"taxonomy":"product_brand","embeddable":true,"href":"https:\/\/gongcenter.ch\/en\/wp-json\/wp\/v2\/product_brand?post=25828"},{"taxonomy":"product_cat","embeddable":true,"href":"https:\/\/gongcenter.ch\/en\/wp-json\/wp\/v2\/product_cat?post=25828"},{"taxonomy":"product_tag","embeddable":true,"href":"https:\/\/gongcenter.ch\/en\/wp-json\/wp\/v2\/product_tag?post=25828"}],"curies":[{"name":"wp","href":"https:\/\/api.w.org\/{rel}","templated":true}]}}