{"id":25829,"date":"2020-05-19T14:02:37","date_gmt":"2020-05-19T13:02:37","guid":{"rendered":"https:\/\/gongcenter.ch\/product\/allton-klinik-dreiklang-monochord\/"},"modified":"2023-04-18T11:37:15","modified_gmt":"2023-04-18T10:37:15","slug":"allton-klinik-dreiklang-monochord","status":"publish","type":"product","link":"https:\/\/gongcenter.ch\/en\/product\/allton-klinik-dreiklang-monochord\/","title":{"rendered":"Allton Klinik-Dreiklang-Monochord"},"content":{"rendered":"<p>Die harmonisch zusammenklingenden Dreiklang-Intervalle dieses Tamburachord wirken f\u00fcr die meisten Menschen sehr angenehm, belebend und entspannend zugleich. Es kann vielf\u00e4ltige gespielt werden. Man streicht leicht \u00fcber die Saiten oder einzelne T\u00f6ne werden rhythmisch gezupft.<\/p>\n<p>Die umwickelten Gitarrensaiten erm\u00f6glichen trotz der kurzen Saitenl\u00e4nge einen satten, tiefen Klang, der beim Spielen auf dem K\u00f6rper die sensorische Wahrnehmung f\u00f6rdert.<\/p>\n<p>Dieses Tamburachord ist mit desinfektionsbest\u00e4ndig lackiert.<\/p>\n","protected":false},"excerpt":{"rendered":"<ul>\r\n \t<li>Modell: Mini Dreiklang-Monochord f\u00fcr den Klinikbedarf<\/li>\r\n \t<li>Stimmung:\u00a0Stimmung\u00a0 7 x c. 7 x g, 7 x c&#8217; gis-gis-cis&#8217; -cis, 21 Saiten<\/li>\r\n \t<li>Material: Buchenholzkorpus massiv mit Birkenholzdecke (schichtverleimt ohne Rosette), lackiert mit desinfektionsbest\u00e4ndigem Lack<\/li>\r\n \t<li>Gr\u00f6sse: 60x23x7cm<\/li>\r\n \t<li>Lieferumfang: inkl. Stimmschl\u00fcssel<\/li>\r\n<\/ul>","protected":false},"featured_media":29918,"template":"","meta":[],"product_brand":[],"product_cat":[506],"product_tag":[],"class_list":{"0":"post-25829","1":"product","2":"type-product","3":"status-publish","4":"has-post-thumbnail","6":"brands-allton","7":"product_cat-monochord-kotamo","8":"product_shipping_class-kostenloser-versand-innerhalb-der-schweiz","10":"first","11":"instock","12":"taxable","13":"shipping-taxable","14":"purchasable","15":"product-type-simple"},"yoast_head":"<!-- This site is optimized with the Yoast SEO plugin v27.0 - https:\/\/yoast.com\/product\/yoast-seo-wordpress\/ -->\n<title>Allton Klinik-Dreiklang-Monochord - Gong Center Schweiz I Dein Gong und Klanginstrumente Fachgesch\u00e4ft<\/title>\n<meta name=\"robots\" content=\"index, follow, max-snippet:-1, max-image-preview:large, max-video-preview:-1\" \/>\n<link rel=\"canonical\" href=\"https:\/\/gongcenter.ch\/produkt\/allton-klinik-dreiklang-monochord\/\" \/>\n<meta property=\"og:locale\" content=\"en_US\" \/>\n<meta property=\"og:type\" content=\"article\" \/>\n<meta property=\"og:title\" content=\"Allton Klinik-Dreiklang-Monochord - Gong Center Schweiz I Dein Gong und Klanginstrumente Fachgesch\u00e4ft\" \/>\n<meta property=\"og:description\" content=\"Modell: Mini Dreiklang-Monochord f\u00fcr den Klinikbedarf  Stimmung:\u00a0Stimmung\u00a0 7 x c. 7 x g, 7 x c&#039; gis-gis-cis&#039; -cis, 21 Saiten  Material: Buchenholzkorpus massiv mit Birkenholzdecke (schichtverleimt ohne Rosette), lackiert mit desinfektionsbest\u00e4ndigem Lack  Gr\u00f6sse: 60x23x7cm  Lieferumfang: inkl. Stimmschl\u00fcssel\" \/>\n<meta property=\"og:url\" content=\"https:\/\/gongcenter.ch\/produkt\/allton-klinik-dreiklang-monochord\/\" \/>\n<meta property=\"og:site_name\" content=\"Gong Center Schweiz I Dein Gong und Klanginstrumente Fachgesch\u00e4ft\" \/>\n<meta property=\"article:modified_time\" content=\"2023-04-18T10:37:15+00:00\" \/>\n<meta property=\"og:image\" content=\"https:\/\/gongcenter.ch\/app\/uploads\/2022\/09\/Allton-Tamburachord-Klinikbedarf-Mini-Dreiklang-Monochord-3.png\" \/>\n\t<meta property=\"og:image:width\" content=\"600\" \/>\n\t<meta property=\"og:image:height\" content=\"600\" \/>\n\t<meta property=\"og:image:type\" content=\"image\/png\" \/>\n<meta name=\"twitter:card\" content=\"summary_large_image\" \/>\n<meta name=\"twitter:label1\" content=\"Est. reading time\" \/>\n\t<meta name=\"twitter:data1\" content=\"1 minute\" \/>\n<!-- \/ Yoast SEO plugin. -->","yoast_head_json":{"title":"Allton Klinik-Dreiklang-Monochord - Gong Center Schweiz I Dein Gong und Klanginstrumente Fachgesch\u00e4ft","robots":{"index":"index","follow":"follow","max-snippet":"max-snippet:-1","max-image-preview":"max-image-preview:large","max-video-preview":"max-video-preview:-1"},"canonical":"https:\/\/gongcenter.ch\/produkt\/allton-klinik-dreiklang-monochord\/","og_locale":"en_US","og_type":"article","og_title":"Allton Klinik-Dreiklang-Monochord - Gong Center Schweiz I Dein Gong und Klanginstrumente Fachgesch\u00e4ft","og_description":"Modell: Mini Dreiklang-Monochord f\u00fcr den Klinikbedarf  Stimmung:\u00a0Stimmung\u00a0 7 x c. 7 x g, 7 x c' gis-gis-cis' -cis, 21 Saiten  Material: Buchenholzkorpus massiv mit Birkenholzdecke (schichtverleimt ohne Rosette), lackiert mit desinfektionsbest\u00e4ndigem Lack  Gr\u00f6sse: 60x23x7cm  Lieferumfang: inkl. Stimmschl\u00fcssel","og_url":"https:\/\/gongcenter.ch\/produkt\/allton-klinik-dreiklang-monochord\/","og_site_name":"Gong Center Schweiz I Dein Gong und Klanginstrumente Fachgesch\u00e4ft","article_modified_time":"2023-04-18T10:37:15+00:00","og_image":[{"width":600,"height":600,"url":"https:\/\/gongcenter.ch\/app\/uploads\/2022\/09\/Allton-Tamburachord-Klinikbedarf-Mini-Dreiklang-Monochord-3.png","type":"image\/png"}],"twitter_card":"summary_large_image","twitter_misc":{"Est. reading time":"1 minute"},"schema":{"@context":"https:\/\/schema.org","@graph":[{"@type":"WebPage","@id":"https:\/\/gongcenter.ch\/produkt\/allton-klinik-dreiklang-monochord\/","url":"https:\/\/gongcenter.ch\/produkt\/allton-klinik-dreiklang-monochord\/","name":"Allton Klinik-Dreiklang-Monochord - Gong Center Schweiz I Dein Gong und Klanginstrumente Fachgesch\u00e4ft","isPartOf":{"@id":"https:\/\/gongcenter.ch\/#website"},"primaryImageOfPage":{"@id":"https:\/\/gongcenter.ch\/produkt\/allton-klinik-dreiklang-monochord\/#primaryimage"},"image":{"@id":"https:\/\/gongcenter.ch\/produkt\/allton-klinik-dreiklang-monochord\/#primaryimage"},"thumbnailUrl":"https:\/\/gongcenter.ch\/app\/uploads\/2022\/09\/Allton-Tamburachord-Klinikbedarf-Mini-Dreiklang-Monochord-3.png","datePublished":"2020-05-19T13:02:37+00:00","dateModified":"2023-04-18T10:37:15+00:00","breadcrumb":{"@id":"https:\/\/gongcenter.ch\/produkt\/allton-klinik-dreiklang-monochord\/#breadcrumb"},"inLanguage":"en-US","potentialAction":[{"@type":"ReadAction","target":["https:\/\/gongcenter.ch\/produkt\/allton-klinik-dreiklang-monochord\/"]}]},{"@type":"ImageObject","inLanguage":"en-US","@id":"https:\/\/gongcenter.ch\/produkt\/allton-klinik-dreiklang-monochord\/#primaryimage","url":"https:\/\/gongcenter.ch\/app\/uploads\/2022\/09\/Allton-Tamburachord-Klinikbedarf-Mini-Dreiklang-Monochord-3.png","contentUrl":"https:\/\/gongcenter.ch\/app\/uploads\/2022\/09\/Allton-Tamburachord-Klinikbedarf-Mini-Dreiklang-Monochord-3.png","width":600,"height":600},{"@type":"BreadcrumbList","@id":"https:\/\/gongcenter.ch\/produkt\/allton-klinik-dreiklang-monochord\/#breadcrumb","itemListElement":[{"@type":"ListItem","position":1,"name":"Startseite","item":"https:\/\/gongcenter.ch\/en\/"},{"@type":"ListItem","position":2,"name":"Shop","item":"https:\/\/gongcenter.ch\/en\/shop\/"},{"@type":"ListItem","position":3,"name":"Allton Klinik-Dreiklang-Monochord"}]},{"@type":"WebSite","@id":"https:\/\/gongcenter.ch\/#website","url":"https:\/\/gongcenter.ch\/","name":"Gong Center Schweiz I Dein Gong und Klanginstrumente Fachgesch\u00e4ft","description":"Entdecke eine grosse Gong Auswahl sowie weitere Klanginstrumente - Wir sind Gong Klangtherapeut und bieten dir Top Qualit\u00e4t und Beratung.","publisher":{"@id":"https:\/\/gongcenter.ch\/#organization"},"potentialAction":[{"@type":"SearchAction","target":{"@type":"EntryPoint","urlTemplate":"https:\/\/gongcenter.ch\/?s={search_term_string}"},"query-input":{"@type":"PropertyValueSpecification","valueRequired":true,"valueName":"search_term_string"}}],"inLanguage":"en-US"},{"@type":"Organization","@id":"https:\/\/gongcenter.ch\/#organization","name":"Gongcenter Z\u00fcrich I Das Fachgesch\u00e4ft f\u00fcr Gong und Klang","url":"https:\/\/gongcenter.ch\/","logo":{"@type":"ImageObject","inLanguage":"en-US","@id":"https:\/\/gongcenter.ch\/#\/schema\/logo\/image\/","url":"https:\/\/gongcenter.ch\/app\/uploads\/2018\/05\/Gong-Center_Logo_2000_black.png","contentUrl":"https:\/\/gongcenter.ch\/app\/uploads\/2018\/05\/Gong-Center_Logo_2000_black.png","width":2000,"height":600,"caption":"Gongcenter Z\u00fcrich I Das Fachgesch\u00e4ft f\u00fcr Gong und Klang"},"image":{"@id":"https:\/\/gongcenter.ch\/#\/schema\/logo\/image\/"}}]}},"acf":[],"_links":{"self":[{"href":"https:\/\/gongcenter.ch\/en\/wp-json\/wp\/v2\/product\/25829","targetHints":{"allow":["GET"]}}],"collection":[{"href":"https:\/\/gongcenter.ch\/en\/wp-json\/wp\/v2\/product"}],"about":[{"href":"https:\/\/gongcenter.ch\/en\/wp-json\/wp\/v2\/types\/product"}],"wp:featuredmedia":[{"embeddable":true,"href":"https:\/\/gongcenter.ch\/en\/wp-json\/wp\/v2\/media\/29918"}],"wp:attachment":[{"href":"https:\/\/gongcenter.ch\/en\/wp-json\/wp\/v2\/media?parent=25829"}],"wp:term":[{"taxonomy":"product_brand","embeddable":true,"href":"https:\/\/gongcenter.ch\/en\/wp-json\/wp\/v2\/product_brand?post=25829"},{"taxonomy":"product_cat","embeddable":true,"href":"https:\/\/gongcenter.ch\/en\/wp-json\/wp\/v2\/product_cat?post=25829"},{"taxonomy":"product_tag","embeddable":true,"href":"https:\/\/gongcenter.ch\/en\/wp-json\/wp\/v2\/product_tag?post=25829"}],"curies":[{"name":"wp","href":"https:\/\/api.w.org\/{rel}","templated":true}]}}