{"id":25851,"date":"2020-05-19T14:02:41","date_gmt":"2020-05-19T13:02:41","guid":{"rendered":"https:\/\/gongcenter.ch\/product\/kristallklangstab-tripl7-oktave-cfa\/"},"modified":"2023-05-02T19:55:11","modified_gmt":"2023-05-02T18:55:11","slug":"kristall-klangstab-tripl7-oktave-cfa","status":"publish","type":"product","link":"https:\/\/gongcenter.ch\/en\/product\/kristall-klangstab-tripl7-oktave-cfa\/","title":{"rendered":"Kristallklangstab Tripl7 Oktave CFA"},"content":{"rendered":"<p>Dieser Kristallklangstab von Dieter Schrade ist auf\u00a0 &#8216;F-Dur&#8217; gestimmt. Auf Stimmgenauigkeit wird bei der Herstellung allergr\u00f6ssten Wert gelegt.<\/p>\n<p>Wie Mozart bereits die F\u00e4higkeiten hatte, Musik in einer h\u00f6heren Dimension zu produzieren, rufen diese Kristall-St\u00e4be das Neue Zeitalter mit den h\u00f6heren Schwingungen herbei. Ein Gef\u00fchl der Freiheit, Vollkommenheit und Ganzheit breitet sich aus.<\/p>\n<p>F\u00fcge Kristallklangst\u00e4be deinen spirituellen Klanginstrumenten hinzu und verwende sie in Klang-Meditationen, Sound Healings und f\u00fcr deine pers\u00f6nliche Erholung sowie Entspannung. Sie eignen sich perfekt f\u00fcr andere gestimmte 432Hz-Sets und -Instrumente.<\/p>\n<p>Erlebe und erfahre mehr \u00fcber die Einsatzm\u00f6glichkeiten und Spieltechniken der Kristallkl\u00e4nge in unseren Kursen und Workshops.<\/p>\n","protected":false},"excerpt":{"rendered":"F-Dur\r\n<ul>\r\n \t<li>T\u00f6ne: C&#8217;- F&#8217;- A&#8217;<\/li>\r\n \t<li>Gewicht: 240g<\/li>\r\n \t<li>L\u00e4nge: 17.5cm<\/li>\r\n \t<li>Frequenz: 432Hz<\/li>\r\n \t<li>Lieferumfang: inkl. 1 Holzschlegel und Verpackungsschachtel<\/li>\r\n<\/ul>","protected":false},"featured_media":29924,"template":"","meta":[],"product_brand":[],"product_cat":[1218],"product_tag":[],"class_list":{"0":"post-25851","1":"product","2":"type-product","3":"status-publish","4":"has-post-thumbnail","6":"brands-dieter-schrade","7":"product_cat-kristall-klang","8":"product_shipping_class-kostenloser-versand-innerhalb-der-schweiz","10":"first","11":"instock","12":"taxable","13":"shipping-taxable","14":"purchasable","15":"product-type-simple"},"yoast_head":"<!-- This site is optimized with the Yoast SEO plugin v27.0 - https:\/\/yoast.com\/product\/yoast-seo-wordpress\/ -->\n<title>Kristall-Klangst\u00e4be Tripl7 | Oktave CFA | F-Dur<\/title>\n<meta name=\"description\" content=\"Dieser Kristall-Klangstab ist auf F-Dur gestimmt. H\u00f6here Schwingungen f\u00fcr ein neues Zeitalter.\" \/>\n<meta name=\"robots\" content=\"index, follow, max-snippet:-1, max-image-preview:large, max-video-preview:-1\" \/>\n<link rel=\"canonical\" href=\"https:\/\/gongcenter.ch\/produkt\/kristall-klangstab-tripl7-oktave-cfa\/\" \/>\n<meta property=\"og:locale\" content=\"en_US\" \/>\n<meta property=\"og:type\" content=\"article\" \/>\n<meta property=\"og:title\" content=\"Kristall-Klangst\u00e4be Tripl7 | Oktave CFA | F-Dur\" \/>\n<meta property=\"og:description\" content=\"Dieser Kristall-Klangstab ist auf F-Dur gestimmt. H\u00f6here Schwingungen f\u00fcr ein neues Zeitalter.\" \/>\n<meta property=\"og:url\" content=\"https:\/\/gongcenter.ch\/produkt\/kristall-klangstab-tripl7-oktave-cfa\/\" \/>\n<meta property=\"og:site_name\" content=\"Gong Center Schweiz I Dein Gong und Klanginstrumente Fachgesch\u00e4ft\" \/>\n<meta property=\"article:modified_time\" content=\"2023-05-02T18:55:11+00:00\" \/>\n<meta property=\"og:image\" content=\"https:\/\/gongcenter.ch\/app\/uploads\/2022\/09\/DS_Kristallklangstaebe_C-Dur_A-Moll_F-Dur_Triples-432.jpg\" \/>\n\t<meta property=\"og:image:width\" content=\"1200\" \/>\n\t<meta property=\"og:image:height\" content=\"400\" \/>\n\t<meta property=\"og:image:type\" content=\"image\/jpeg\" \/>\n<meta name=\"twitter:card\" content=\"summary_large_image\" \/>\n<meta name=\"twitter:label1\" content=\"Est. reading time\" \/>\n\t<meta name=\"twitter:data1\" content=\"1 minute\" \/>\n<!-- \/ Yoast SEO plugin. -->","yoast_head_json":{"title":"Kristall-Klangst\u00e4be Tripl7 | Oktave CFA | F-Dur","description":"Dieser Kristall-Klangstab ist auf F-Dur gestimmt. H\u00f6here Schwingungen f\u00fcr ein neues Zeitalter.","robots":{"index":"index","follow":"follow","max-snippet":"max-snippet:-1","max-image-preview":"max-image-preview:large","max-video-preview":"max-video-preview:-1"},"canonical":"https:\/\/gongcenter.ch\/produkt\/kristall-klangstab-tripl7-oktave-cfa\/","og_locale":"en_US","og_type":"article","og_title":"Kristall-Klangst\u00e4be Tripl7 | Oktave CFA | F-Dur","og_description":"Dieser Kristall-Klangstab ist auf F-Dur gestimmt. H\u00f6here Schwingungen f\u00fcr ein neues Zeitalter.","og_url":"https:\/\/gongcenter.ch\/produkt\/kristall-klangstab-tripl7-oktave-cfa\/","og_site_name":"Gong Center Schweiz I Dein Gong und Klanginstrumente Fachgesch\u00e4ft","article_modified_time":"2023-05-02T18:55:11+00:00","og_image":[{"width":1200,"height":400,"url":"https:\/\/gongcenter.ch\/app\/uploads\/2022\/09\/DS_Kristallklangstaebe_C-Dur_A-Moll_F-Dur_Triples-432.jpg","type":"image\/jpeg"}],"twitter_card":"summary_large_image","twitter_misc":{"Est. reading time":"1 minute"},"schema":{"@context":"https:\/\/schema.org","@graph":[{"@type":"WebPage","@id":"https:\/\/gongcenter.ch\/produkt\/kristall-klangstab-tripl7-oktave-cfa\/","url":"https:\/\/gongcenter.ch\/produkt\/kristall-klangstab-tripl7-oktave-cfa\/","name":"Kristall-Klangst\u00e4be Tripl7 | Oktave CFA | F-Dur","isPartOf":{"@id":"https:\/\/gongcenter.ch\/#website"},"primaryImageOfPage":{"@id":"https:\/\/gongcenter.ch\/produkt\/kristall-klangstab-tripl7-oktave-cfa\/#primaryimage"},"image":{"@id":"https:\/\/gongcenter.ch\/produkt\/kristall-klangstab-tripl7-oktave-cfa\/#primaryimage"},"thumbnailUrl":"https:\/\/gongcenter.ch\/app\/uploads\/2022\/09\/DS_Kristallklangstaebe_C-Dur_A-Moll_F-Dur_Triples-432.jpg","datePublished":"2020-05-19T13:02:41+00:00","dateModified":"2023-05-02T18:55:11+00:00","description":"Dieser Kristall-Klangstab ist auf F-Dur gestimmt. H\u00f6here Schwingungen f\u00fcr ein neues Zeitalter.","breadcrumb":{"@id":"https:\/\/gongcenter.ch\/produkt\/kristall-klangstab-tripl7-oktave-cfa\/#breadcrumb"},"inLanguage":"en-US","potentialAction":[{"@type":"ReadAction","target":["https:\/\/gongcenter.ch\/produkt\/kristall-klangstab-tripl7-oktave-cfa\/"]}]},{"@type":"ImageObject","inLanguage":"en-US","@id":"https:\/\/gongcenter.ch\/produkt\/kristall-klangstab-tripl7-oktave-cfa\/#primaryimage","url":"https:\/\/gongcenter.ch\/app\/uploads\/2022\/09\/DS_Kristallklangstaebe_C-Dur_A-Moll_F-Dur_Triples-432.jpg","contentUrl":"https:\/\/gongcenter.ch\/app\/uploads\/2022\/09\/DS_Kristallklangstaebe_C-Dur_A-Moll_F-Dur_Triples-432.jpg","width":1200,"height":400},{"@type":"BreadcrumbList","@id":"https:\/\/gongcenter.ch\/produkt\/kristall-klangstab-tripl7-oktave-cfa\/#breadcrumb","itemListElement":[{"@type":"ListItem","position":1,"name":"Startseite","item":"https:\/\/gongcenter.ch\/en\/"},{"@type":"ListItem","position":2,"name":"Shop","item":"https:\/\/gongcenter.ch\/en\/shop\/"},{"@type":"ListItem","position":3,"name":"Kristallklangstab Tripl7 Oktave CFA"}]},{"@type":"WebSite","@id":"https:\/\/gongcenter.ch\/#website","url":"https:\/\/gongcenter.ch\/","name":"Gong Center Schweiz I Dein Gong und Klanginstrumente Fachgesch\u00e4ft","description":"Entdecke eine grosse Gong Auswahl sowie weitere Klanginstrumente - Wir sind Gong Klangtherapeut und bieten dir Top Qualit\u00e4t und Beratung.","publisher":{"@id":"https:\/\/gongcenter.ch\/#organization"},"potentialAction":[{"@type":"SearchAction","target":{"@type":"EntryPoint","urlTemplate":"https:\/\/gongcenter.ch\/?s={search_term_string}"},"query-input":{"@type":"PropertyValueSpecification","valueRequired":true,"valueName":"search_term_string"}}],"inLanguage":"en-US"},{"@type":"Organization","@id":"https:\/\/gongcenter.ch\/#organization","name":"Gongcenter Z\u00fcrich I Das Fachgesch\u00e4ft f\u00fcr Gong und Klang","url":"https:\/\/gongcenter.ch\/","logo":{"@type":"ImageObject","inLanguage":"en-US","@id":"https:\/\/gongcenter.ch\/#\/schema\/logo\/image\/","url":"https:\/\/gongcenter.ch\/app\/uploads\/2018\/05\/Gong-Center_Logo_2000_black.png","contentUrl":"https:\/\/gongcenter.ch\/app\/uploads\/2018\/05\/Gong-Center_Logo_2000_black.png","width":2000,"height":600,"caption":"Gongcenter Z\u00fcrich I Das Fachgesch\u00e4ft f\u00fcr Gong und Klang"},"image":{"@id":"https:\/\/gongcenter.ch\/#\/schema\/logo\/image\/"}}]}},"acf":[],"_links":{"self":[{"href":"https:\/\/gongcenter.ch\/en\/wp-json\/wp\/v2\/product\/25851","targetHints":{"allow":["GET"]}}],"collection":[{"href":"https:\/\/gongcenter.ch\/en\/wp-json\/wp\/v2\/product"}],"about":[{"href":"https:\/\/gongcenter.ch\/en\/wp-json\/wp\/v2\/types\/product"}],"wp:featuredmedia":[{"embeddable":true,"href":"https:\/\/gongcenter.ch\/en\/wp-json\/wp\/v2\/media\/29924"}],"wp:attachment":[{"href":"https:\/\/gongcenter.ch\/en\/wp-json\/wp\/v2\/media?parent=25851"}],"wp:term":[{"taxonomy":"product_brand","embeddable":true,"href":"https:\/\/gongcenter.ch\/en\/wp-json\/wp\/v2\/product_brand?post=25851"},{"taxonomy":"product_cat","embeddable":true,"href":"https:\/\/gongcenter.ch\/en\/wp-json\/wp\/v2\/product_cat?post=25851"},{"taxonomy":"product_tag","embeddable":true,"href":"https:\/\/gongcenter.ch\/en\/wp-json\/wp\/v2\/product_tag?post=25851"}],"curies":[{"name":"wp","href":"https:\/\/api.w.org\/{rel}","templated":true}]}}