{"id":25858,"date":"2020-05-19T14:02:42","date_gmt":"2020-05-19T13:02:42","guid":{"rendered":"https:\/\/gongcenter.ch\/product\/paiste-deco-gong-wall-hanger-set-18-cm-7-zoll\/"},"modified":"2024-08-22T11:43:55","modified_gmt":"2024-08-22T10:43:55","slug":"paiste-deko-gong-wall-hanger-set","status":"publish","type":"product","link":"https:\/\/gongcenter.ch\/en\/product\/paiste-deko-gong-wall-hanger-set\/","title":{"rendered":"Deco Gong Wall Hanger Set"},"content":{"rendered":"<p>Deco-Gongs werden nach der Tradition von PAISTE von Hand geh\u00e4mmert und faszinieren durch ihren wunderbaren exotischen Klang.<\/p>\n<p>Echte Gongs mit komplexen Obert\u00f6nen sind eine einzigartige und dekorative Erg\u00e4nzung f\u00fcr Ihre pers\u00f6nliche oder musikalische Umgebung.<\/p>\n<p>INFO<br \/>\nAuch wenn Sie hier und bei anderen Gong-Beschreibungen Wirkungen und Entsprechungen finden werden, handelt es sich immer um Beschreibungen von Erfahrungen, die im Verlaufe vieler Jahre gemacht worden sind und sich mitunter auch nur im Kontext der jeweiligen Begrifflichkeiten erschliessen. Alle Texte hier sollen Anregungen und Inspirationen f\u00fcr Ihre Gongarbeit sein. In dem Moment, wo Sie sich mit einer Frequenz besch\u00e4ftigen, erst dann k\u00f6nnen Sie sagen, was diese Frequenz f\u00fcr Sie leisten kann. Fakt ist, jede dieser Frequenzen hat eine spezifische Wirkung \u2013 da alle Menschen verschieden sind, wirken sich diese eben auch unterschiedlich aus. Erst die eigene Erfahrung wird eigenes, wertvolles Wissen generieren k\u00f6nnen.<\/p>\n<p>PFLEGE<br \/>\nGongs laden dazu ein, angefasst zu werden. Das Material ist grunds\u00e4tzlich extrem trocken und hat die Eigenschaft, sofort die nat\u00fcrlichen Fette und \u00d6le aus der Haut aufzusaugen. Der Gong entwickelt dadurch eine leicht unansehnliche Optik. Umgehen Sie dies, indem sie das Pflegen der Oberfl\u00e4che zur Routine werden lassen. Geeignet zur Plege sind Silber- und Metallputzmittel. Seien Sie sorgsam mit dem Nachpolieren, damit die Mallets nicht dunkel werden durch Reste von Putzmittel. Der Klang wird durch die Optik eines Gongs in keinem Fall beeintr\u00e4chtigt.<\/p>\n","protected":false},"excerpt":{"rendered":"Gr\u00f6sse : 18 cm \/ 7 Zoll\r\n\r\nLieferumfang: Gong, Mallet\/ Schlegel, Aufh\u00e4nger\r\n\r\n&nbsp;","protected":false},"featured_media":29930,"template":"","meta":[],"product_brand":[],"product_cat":[694],"product_tag":[],"class_list":{"0":"post-25858","1":"product","2":"type-product","3":"status-publish","4":"has-post-thumbnail","6":"brands-paiste","7":"product_cat-paiste-deco-gongs","8":"product_shipping_class-bis-199-chf-9-90-chf","9":"pa_groesse-7-18-cm","10":"pa_groesse-10-25-cm","11":"pa_groesse-13-33-cm","13":"first","14":"instock","15":"taxable","16":"shipping-taxable","17":"purchasable","18":"product-type-variable"},"yoast_head":"<!-- This site is optimized with the Yoast SEO plugin v27.0 - https:\/\/yoast.com\/product\/yoast-seo-wordpress\/ -->\n<title>PAISTE Deko Gang 18 cm | Das Schmuckst\u00fcck f\u00fcr deine Wand<\/title>\n<meta name=\"description\" content=\"Paiste Deko Gongs werden auf traditionelle Art und Weise von Hand geh\u00e4mmert und faszinieren mit ihrem exotischen Klang. Sehr dekorativ.\" \/>\n<meta name=\"robots\" content=\"index, follow, max-snippet:-1, max-image-preview:large, max-video-preview:-1\" \/>\n<link rel=\"canonical\" href=\"https:\/\/gongcenter.ch\/produkt\/paiste-deko-gong-wall-hanger-set\/\" \/>\n<meta property=\"og:locale\" content=\"en_US\" \/>\n<meta property=\"og:type\" content=\"article\" \/>\n<meta property=\"og:title\" content=\"PAISTE Deko Gang 18 cm | Das Schmuckst\u00fcck f\u00fcr deine Wand\" \/>\n<meta property=\"og:description\" content=\"Paiste Deko Gongs werden auf traditionelle Art und Weise von Hand geh\u00e4mmert und faszinieren mit ihrem exotischen Klang. Sehr dekorativ.\" \/>\n<meta property=\"og:url\" content=\"https:\/\/gongcenter.ch\/produkt\/paiste-deko-gong-wall-hanger-set\/\" \/>\n<meta property=\"og:site_name\" content=\"Gong Center Schweiz I Dein Gong und Klanginstrumente Fachgesch\u00e4ft\" \/>\n<meta property=\"article:modified_time\" content=\"2024-08-22T10:43:55+00:00\" \/>\n<meta property=\"og:image\" content=\"https:\/\/gongcenter.ch\/app\/uploads\/2022\/09\/PAISTE-deco-gong-set-wall-hanger-2.png\" \/>\n\t<meta property=\"og:image:width\" content=\"600\" \/>\n\t<meta property=\"og:image:height\" content=\"600\" \/>\n\t<meta property=\"og:image:type\" content=\"image\/png\" \/>\n<meta name=\"twitter:card\" content=\"summary_large_image\" \/>\n<meta name=\"twitter:label1\" content=\"Est. reading time\" \/>\n\t<meta name=\"twitter:data1\" content=\"2 minutes\" \/>\n<!-- \/ Yoast SEO plugin. -->","yoast_head_json":{"title":"PAISTE Deko Gang 18 cm | Das Schmuckst\u00fcck f\u00fcr deine Wand","description":"Paiste Deko Gongs werden auf traditionelle Art und Weise von Hand geh\u00e4mmert und faszinieren mit ihrem exotischen Klang. Sehr dekorativ.","robots":{"index":"index","follow":"follow","max-snippet":"max-snippet:-1","max-image-preview":"max-image-preview:large","max-video-preview":"max-video-preview:-1"},"canonical":"https:\/\/gongcenter.ch\/produkt\/paiste-deko-gong-wall-hanger-set\/","og_locale":"en_US","og_type":"article","og_title":"PAISTE Deko Gang 18 cm | Das Schmuckst\u00fcck f\u00fcr deine Wand","og_description":"Paiste Deko Gongs werden auf traditionelle Art und Weise von Hand geh\u00e4mmert und faszinieren mit ihrem exotischen Klang. Sehr dekorativ.","og_url":"https:\/\/gongcenter.ch\/produkt\/paiste-deko-gong-wall-hanger-set\/","og_site_name":"Gong Center Schweiz I Dein Gong und Klanginstrumente Fachgesch\u00e4ft","article_modified_time":"2024-08-22T10:43:55+00:00","og_image":[{"width":600,"height":600,"url":"https:\/\/gongcenter.ch\/app\/uploads\/2022\/09\/PAISTE-deco-gong-set-wall-hanger-2.png","type":"image\/png"}],"twitter_card":"summary_large_image","twitter_misc":{"Est. reading time":"2 minutes"},"schema":{"@context":"https:\/\/schema.org","@graph":[{"@type":"WebPage","@id":"https:\/\/gongcenter.ch\/produkt\/paiste-deko-gong-wall-hanger-set\/","url":"https:\/\/gongcenter.ch\/produkt\/paiste-deko-gong-wall-hanger-set\/","name":"PAISTE Deko Gang 18 cm | Das Schmuckst\u00fcck f\u00fcr deine Wand","isPartOf":{"@id":"https:\/\/gongcenter.ch\/#website"},"primaryImageOfPage":{"@id":"https:\/\/gongcenter.ch\/produkt\/paiste-deko-gong-wall-hanger-set\/#primaryimage"},"image":{"@id":"https:\/\/gongcenter.ch\/produkt\/paiste-deko-gong-wall-hanger-set\/#primaryimage"},"thumbnailUrl":"https:\/\/gongcenter.ch\/app\/uploads\/2022\/09\/PAISTE-deco-gong-set-wall-hanger-2.png","datePublished":"2020-05-19T13:02:42+00:00","dateModified":"2024-08-22T10:43:55+00:00","description":"Paiste Deko Gongs werden auf traditionelle Art und Weise von Hand geh\u00e4mmert und faszinieren mit ihrem exotischen Klang. Sehr dekorativ.","breadcrumb":{"@id":"https:\/\/gongcenter.ch\/produkt\/paiste-deko-gong-wall-hanger-set\/#breadcrumb"},"inLanguage":"en-US","potentialAction":[{"@type":"ReadAction","target":["https:\/\/gongcenter.ch\/produkt\/paiste-deko-gong-wall-hanger-set\/"]}]},{"@type":"ImageObject","inLanguage":"en-US","@id":"https:\/\/gongcenter.ch\/produkt\/paiste-deko-gong-wall-hanger-set\/#primaryimage","url":"https:\/\/gongcenter.ch\/app\/uploads\/2022\/09\/PAISTE-deco-gong-set-wall-hanger-2.png","contentUrl":"https:\/\/gongcenter.ch\/app\/uploads\/2022\/09\/PAISTE-deco-gong-set-wall-hanger-2.png","width":600,"height":600},{"@type":"BreadcrumbList","@id":"https:\/\/gongcenter.ch\/produkt\/paiste-deko-gong-wall-hanger-set\/#breadcrumb","itemListElement":[{"@type":"ListItem","position":1,"name":"Startseite","item":"https:\/\/gongcenter.ch\/en\/"},{"@type":"ListItem","position":2,"name":"Shop","item":"https:\/\/gongcenter.ch\/en\/shop\/"},{"@type":"ListItem","position":3,"name":"Deco Gong Wall Hanger Set"}]},{"@type":"WebSite","@id":"https:\/\/gongcenter.ch\/#website","url":"https:\/\/gongcenter.ch\/","name":"Gong Center Schweiz I Dein Gong und Klanginstrumente Fachgesch\u00e4ft","description":"Entdecke eine grosse Gong Auswahl sowie weitere Klanginstrumente - Wir sind Gong Klangtherapeut und bieten dir Top Qualit\u00e4t und Beratung.","publisher":{"@id":"https:\/\/gongcenter.ch\/#organization"},"potentialAction":[{"@type":"SearchAction","target":{"@type":"EntryPoint","urlTemplate":"https:\/\/gongcenter.ch\/?s={search_term_string}"},"query-input":{"@type":"PropertyValueSpecification","valueRequired":true,"valueName":"search_term_string"}}],"inLanguage":"en-US"},{"@type":"Organization","@id":"https:\/\/gongcenter.ch\/#organization","name":"Gongcenter Z\u00fcrich I Das Fachgesch\u00e4ft f\u00fcr Gong und Klang","url":"https:\/\/gongcenter.ch\/","logo":{"@type":"ImageObject","inLanguage":"en-US","@id":"https:\/\/gongcenter.ch\/#\/schema\/logo\/image\/","url":"https:\/\/gongcenter.ch\/app\/uploads\/2018\/05\/Gong-Center_Logo_2000_black.png","contentUrl":"https:\/\/gongcenter.ch\/app\/uploads\/2018\/05\/Gong-Center_Logo_2000_black.png","width":2000,"height":600,"caption":"Gongcenter Z\u00fcrich I Das Fachgesch\u00e4ft f\u00fcr Gong und Klang"},"image":{"@id":"https:\/\/gongcenter.ch\/#\/schema\/logo\/image\/"}}]}},"acf":[],"_links":{"self":[{"href":"https:\/\/gongcenter.ch\/en\/wp-json\/wp\/v2\/product\/25858","targetHints":{"allow":["GET"]}}],"collection":[{"href":"https:\/\/gongcenter.ch\/en\/wp-json\/wp\/v2\/product"}],"about":[{"href":"https:\/\/gongcenter.ch\/en\/wp-json\/wp\/v2\/types\/product"}],"wp:featuredmedia":[{"embeddable":true,"href":"https:\/\/gongcenter.ch\/en\/wp-json\/wp\/v2\/media\/29930"}],"wp:attachment":[{"href":"https:\/\/gongcenter.ch\/en\/wp-json\/wp\/v2\/media?parent=25858"}],"wp:term":[{"taxonomy":"product_brand","embeddable":true,"href":"https:\/\/gongcenter.ch\/en\/wp-json\/wp\/v2\/product_brand?post=25858"},{"taxonomy":"product_cat","embeddable":true,"href":"https:\/\/gongcenter.ch\/en\/wp-json\/wp\/v2\/product_cat?post=25858"},{"taxonomy":"product_tag","embeddable":true,"href":"https:\/\/gongcenter.ch\/en\/wp-json\/wp\/v2\/product_tag?post=25858"}],"curies":[{"name":"wp","href":"https:\/\/api.w.org\/{rel}","templated":true}]}}