{"id":25874,"date":"2020-05-19T14:02:45","date_gmt":"2020-05-19T13:02:45","guid":{"rendered":"https:\/\/gongcenter.ch\/product\/chalklin-flannel-soft-mallet\/"},"modified":"2023-04-18T11:37:23","modified_gmt":"2023-04-18T10:37:23","slug":"chalklin-flannel-soft-mallet","status":"publish","type":"product","link":"https:\/\/gongcenter.ch\/en\/product\/chalklin-flannel-soft-mallet\/","title":{"rendered":"Chalklin Flannel Soft Mallet"},"content":{"rendered":"<p>MSF FLANNEL: Hergestellt aus komprimierten Flanellschichten, um einen deutlich schwammigen Klang zu erzeugen.<\/p>\n","protected":false},"excerpt":{"rendered":"MSF FLANNEL: Hergestellt aus komprimierten Flanellschichten, um einen deutlich schwammigen Klang zu erzeugen.","protected":false},"featured_media":29940,"template":"","meta":[],"product_brand":[],"product_cat":[65],"product_tag":[],"class_list":{"0":"post-25874","1":"product","2":"type-product","3":"status-publish","4":"has-post-thumbnail","6":"brands-chalklin","7":"product_cat-gong-zubehoer-mallets-schlaegel","8":"product_shipping_class-bis-199-chf-9-90-chf","10":"first","11":"instock","12":"taxable","13":"shipping-taxable","14":"purchasable","15":"product-type-simple"},"yoast_head":"<!-- This site is optimized with the Yoast SEO plugin v27.0 - https:\/\/yoast.com\/product\/yoast-seo-wordpress\/ -->\n<title>Gong Zubeh\u00f6r | Mallets und Schl\u00e4gel | Grosse Auswahl<\/title>\n<meta name=\"description\" content=\"Ein geeigneter Mallet ist die Grundvoraussetzung f\u00fcr ein wohlklingendes, perfektes Gongspielen.\" \/>\n<meta name=\"robots\" content=\"index, follow, max-snippet:-1, max-image-preview:large, max-video-preview:-1\" \/>\n<link rel=\"canonical\" href=\"https:\/\/gongcenter.ch\/en\/produkt\/chalklin-flannel-soft-mallet\/\" \/>\n<meta property=\"og:locale\" content=\"en_US\" \/>\n<meta property=\"og:type\" content=\"article\" \/>\n<meta property=\"og:title\" content=\"Gong Zubeh\u00f6r | Mallets und Schl\u00e4gel | Grosse Auswahl\" \/>\n<meta property=\"og:description\" content=\"Ein geeigneter Mallet ist die Grundvoraussetzung f\u00fcr ein wohlklingendes, perfektes Gongspielen.\" \/>\n<meta property=\"og:url\" content=\"https:\/\/gongcenter.ch\/en\/produkt\/chalklin-flannel-soft-mallet\/\" \/>\n<meta property=\"og:site_name\" content=\"Gong Center Schweiz I Dein Gong und Klanginstrumente Fachgesch\u00e4ft\" \/>\n<meta property=\"article:modified_time\" content=\"2023-04-18T10:37:23+00:00\" \/>\n<meta property=\"og:image\" content=\"https:\/\/gongcenter.ch\/app\/uploads\/2022\/09\/Chalklin-Flannel-Soft-CMSF-2.png\" \/>\n\t<meta property=\"og:image:width\" content=\"600\" \/>\n\t<meta property=\"og:image:height\" content=\"600\" \/>\n\t<meta property=\"og:image:type\" content=\"image\/png\" \/>\n<meta name=\"twitter:card\" content=\"summary_large_image\" \/>\n<!-- \/ Yoast SEO plugin. -->","yoast_head_json":{"title":"Gong Zubeh\u00f6r | Mallets und Schl\u00e4gel | Grosse Auswahl","description":"Ein geeigneter Mallet ist die Grundvoraussetzung f\u00fcr ein wohlklingendes, perfektes Gongspielen.","robots":{"index":"index","follow":"follow","max-snippet":"max-snippet:-1","max-image-preview":"max-image-preview:large","max-video-preview":"max-video-preview:-1"},"canonical":"https:\/\/gongcenter.ch\/en\/produkt\/chalklin-flannel-soft-mallet\/","og_locale":"en_US","og_type":"article","og_title":"Gong Zubeh\u00f6r | Mallets und Schl\u00e4gel | Grosse Auswahl","og_description":"Ein geeigneter Mallet ist die Grundvoraussetzung f\u00fcr ein wohlklingendes, perfektes Gongspielen.","og_url":"https:\/\/gongcenter.ch\/en\/produkt\/chalklin-flannel-soft-mallet\/","og_site_name":"Gong Center Schweiz I Dein Gong und Klanginstrumente Fachgesch\u00e4ft","article_modified_time":"2023-04-18T10:37:23+00:00","og_image":[{"width":600,"height":600,"url":"https:\/\/gongcenter.ch\/app\/uploads\/2022\/09\/Chalklin-Flannel-Soft-CMSF-2.png","type":"image\/png"}],"twitter_card":"summary_large_image","schema":{"@context":"https:\/\/schema.org","@graph":[{"@type":"WebPage","@id":"https:\/\/gongcenter.ch\/en\/produkt\/chalklin-flannel-soft-mallet\/","url":"https:\/\/gongcenter.ch\/en\/produkt\/chalklin-flannel-soft-mallet\/","name":"Gong Zubeh\u00f6r | Mallets und Schl\u00e4gel | Grosse Auswahl","isPartOf":{"@id":"https:\/\/gongcenter.ch\/#website"},"primaryImageOfPage":{"@id":"https:\/\/gongcenter.ch\/en\/produkt\/chalklin-flannel-soft-mallet\/#primaryimage"},"image":{"@id":"https:\/\/gongcenter.ch\/en\/produkt\/chalklin-flannel-soft-mallet\/#primaryimage"},"thumbnailUrl":"https:\/\/gongcenter.ch\/app\/uploads\/2022\/09\/Chalklin-Flannel-Soft-CMSF-2.png","datePublished":"2020-05-19T13:02:45+00:00","dateModified":"2023-04-18T10:37:23+00:00","description":"Ein geeigneter Mallet ist die Grundvoraussetzung f\u00fcr ein wohlklingendes, perfektes Gongspielen.","breadcrumb":{"@id":"https:\/\/gongcenter.ch\/en\/produkt\/chalklin-flannel-soft-mallet\/#breadcrumb"},"inLanguage":"en-US","potentialAction":[{"@type":"ReadAction","target":["https:\/\/gongcenter.ch\/en\/produkt\/chalklin-flannel-soft-mallet\/"]}]},{"@type":"ImageObject","inLanguage":"en-US","@id":"https:\/\/gongcenter.ch\/en\/produkt\/chalklin-flannel-soft-mallet\/#primaryimage","url":"https:\/\/gongcenter.ch\/app\/uploads\/2022\/09\/Chalklin-Flannel-Soft-CMSF-2.png","contentUrl":"https:\/\/gongcenter.ch\/app\/uploads\/2022\/09\/Chalklin-Flannel-Soft-CMSF-2.png","width":600,"height":600},{"@type":"BreadcrumbList","@id":"https:\/\/gongcenter.ch\/en\/produkt\/chalklin-flannel-soft-mallet\/#breadcrumb","itemListElement":[{"@type":"ListItem","position":1,"name":"Startseite","item":"https:\/\/gongcenter.ch\/en\/"},{"@type":"ListItem","position":2,"name":"Shop","item":"https:\/\/gongcenter.ch\/en\/shop\/"},{"@type":"ListItem","position":3,"name":"Chalklin Flannel Soft Mallet"}]},{"@type":"WebSite","@id":"https:\/\/gongcenter.ch\/#website","url":"https:\/\/gongcenter.ch\/","name":"Gong Center Schweiz I Dein Gong und Klanginstrumente Fachgesch\u00e4ft","description":"Entdecke eine grosse Gong Auswahl sowie weitere Klanginstrumente - Wir sind Gong Klangtherapeut und bieten dir Top Qualit\u00e4t und Beratung.","publisher":{"@id":"https:\/\/gongcenter.ch\/#organization"},"potentialAction":[{"@type":"SearchAction","target":{"@type":"EntryPoint","urlTemplate":"https:\/\/gongcenter.ch\/?s={search_term_string}"},"query-input":{"@type":"PropertyValueSpecification","valueRequired":true,"valueName":"search_term_string"}}],"inLanguage":"en-US"},{"@type":"Organization","@id":"https:\/\/gongcenter.ch\/#organization","name":"Gongcenter Z\u00fcrich I Das Fachgesch\u00e4ft f\u00fcr Gong und Klang","url":"https:\/\/gongcenter.ch\/","logo":{"@type":"ImageObject","inLanguage":"en-US","@id":"https:\/\/gongcenter.ch\/#\/schema\/logo\/image\/","url":"https:\/\/gongcenter.ch\/app\/uploads\/2018\/05\/Gong-Center_Logo_2000_black.png","contentUrl":"https:\/\/gongcenter.ch\/app\/uploads\/2018\/05\/Gong-Center_Logo_2000_black.png","width":2000,"height":600,"caption":"Gongcenter Z\u00fcrich I Das Fachgesch\u00e4ft f\u00fcr Gong und Klang"},"image":{"@id":"https:\/\/gongcenter.ch\/#\/schema\/logo\/image\/"}}]}},"acf":[],"_links":{"self":[{"href":"https:\/\/gongcenter.ch\/en\/wp-json\/wp\/v2\/product\/25874","targetHints":{"allow":["GET"]}}],"collection":[{"href":"https:\/\/gongcenter.ch\/en\/wp-json\/wp\/v2\/product"}],"about":[{"href":"https:\/\/gongcenter.ch\/en\/wp-json\/wp\/v2\/types\/product"}],"wp:featuredmedia":[{"embeddable":true,"href":"https:\/\/gongcenter.ch\/en\/wp-json\/wp\/v2\/media\/29940"}],"wp:attachment":[{"href":"https:\/\/gongcenter.ch\/en\/wp-json\/wp\/v2\/media?parent=25874"}],"wp:term":[{"taxonomy":"product_brand","embeddable":true,"href":"https:\/\/gongcenter.ch\/en\/wp-json\/wp\/v2\/product_brand?post=25874"},{"taxonomy":"product_cat","embeddable":true,"href":"https:\/\/gongcenter.ch\/en\/wp-json\/wp\/v2\/product_cat?post=25874"},{"taxonomy":"product_tag","embeddable":true,"href":"https:\/\/gongcenter.ch\/en\/wp-json\/wp\/v2\/product_tag?post=25874"}],"curies":[{"name":"wp","href":"https:\/\/api.w.org\/{rel}","templated":true}]}}