{"id":25999,"date":"2020-06-30T16:59:00","date_gmt":"2020-06-30T15:59:00","guid":{"rendered":"https:\/\/gongcenter.ch\/?post_type=product&#038;p=25999"},"modified":"2023-04-18T11:40:44","modified_gmt":"2023-04-18T10:40:44","slug":"sansula-melody-tasche","status":"publish","type":"product","link":"https:\/\/gongcenter.ch\/en\/product\/sansula-melody-tasche\/","title":{"rendered":"Sansula Melody Tasche"},"content":{"rendered":"<p>Die Sansula Melody Tasche zum Umh\u00e4ngen ist der perfekte Begleiter f\u00fcr Ihr sch\u00f6nes Instrument, wenn Sie es auch unterwegs spielen oder mit auf Reisen nehmen m\u00f6chten. Bei Druck k\u00f6nnte die Membran kaputt gehen. Mit einer Tasche sind Sie immer auf der sicheren Seite.<\/p>\n<p>&nbsp;<\/p>\n","protected":false},"excerpt":{"rendered":"Sansula Tasche strapazierf\u00e4hig und wasserabstossenden Inwendig Fiberglas verst\u00e4rkt und gepolstert.\r\n\r\nMit verstellbarem Schultergurt.\r\n\r\nGrundfarben: schwarz\r\n\r\nMasse: 27 x 18.5 x 8.5","protected":false},"featured_media":29944,"template":"","meta":[],"product_brand":[],"product_cat":[1178],"product_tag":[],"class_list":{"0":"post-25999","1":"product","2":"type-product","3":"status-publish","4":"has-post-thumbnail","6":"brands-hokema","7":"product_cat-kalimba-sansula-klang-instrumente","8":"product_shipping_class-bis-199-chf-9-90-chf","10":"first","11":"instock","12":"taxable","13":"shipping-taxable","14":"purchasable","15":"product-type-simple"},"yoast_head":"<!-- This site is optimized with the Yoast SEO plugin v27.0 - https:\/\/yoast.com\/product\/yoast-seo-wordpress\/ -->\n<title>Sansula Melody Tasche | Sch\u00fctzt Ihre Sansula | sehr strapazierf\u00e4hig<\/title>\n<meta name=\"description\" content=\"Sch\u00fctzt Ihre sch\u00f6ne Sansula unterwegs und auf Reisen.\" \/>\n<meta name=\"robots\" content=\"index, follow, max-snippet:-1, max-image-preview:large, max-video-preview:-1\" \/>\n<link rel=\"canonical\" href=\"https:\/\/gongcenter.ch\/produkt\/sansula-melody-tasche\/\" \/>\n<meta property=\"og:locale\" content=\"en_US\" \/>\n<meta property=\"og:type\" content=\"article\" \/>\n<meta property=\"og:title\" content=\"Sansula Melody Tasche | Sch\u00fctzt Ihre Sansula | sehr strapazierf\u00e4hig\" \/>\n<meta property=\"og:description\" content=\"Sch\u00fctzt Ihre sch\u00f6ne Sansula unterwegs und auf Reisen.\" \/>\n<meta property=\"og:url\" content=\"https:\/\/gongcenter.ch\/produkt\/sansula-melody-tasche\/\" \/>\n<meta property=\"og:site_name\" content=\"Gong Center Schweiz I Dein Gong und Klanginstrumente Fachgesch\u00e4ft\" \/>\n<meta property=\"article:modified_time\" content=\"2023-04-18T10:40:44+00:00\" \/>\n<meta property=\"og:image\" content=\"https:\/\/gongcenter.ch\/app\/uploads\/2022\/09\/klanghaus_bassoblong_erdenjahr_box-18.jpg\" \/>\n\t<meta property=\"og:image:width\" content=\"600\" \/>\n\t<meta property=\"og:image:height\" content=\"585\" \/>\n\t<meta property=\"og:image:type\" content=\"image\/jpeg\" \/>\n<meta name=\"twitter:card\" content=\"summary_large_image\" \/>\n<!-- \/ Yoast SEO plugin. -->","yoast_head_json":{"title":"Sansula Melody Tasche | Sch\u00fctzt Ihre Sansula | sehr strapazierf\u00e4hig","description":"Sch\u00fctzt Ihre sch\u00f6ne Sansula unterwegs und auf Reisen.","robots":{"index":"index","follow":"follow","max-snippet":"max-snippet:-1","max-image-preview":"max-image-preview:large","max-video-preview":"max-video-preview:-1"},"canonical":"https:\/\/gongcenter.ch\/produkt\/sansula-melody-tasche\/","og_locale":"en_US","og_type":"article","og_title":"Sansula Melody Tasche | Sch\u00fctzt Ihre Sansula | sehr strapazierf\u00e4hig","og_description":"Sch\u00fctzt Ihre sch\u00f6ne Sansula unterwegs und auf Reisen.","og_url":"https:\/\/gongcenter.ch\/produkt\/sansula-melody-tasche\/","og_site_name":"Gong Center Schweiz I Dein Gong und Klanginstrumente Fachgesch\u00e4ft","article_modified_time":"2023-04-18T10:40:44+00:00","og_image":[{"width":600,"height":585,"url":"https:\/\/gongcenter.ch\/app\/uploads\/2022\/09\/klanghaus_bassoblong_erdenjahr_box-18.jpg","type":"image\/jpeg"}],"twitter_card":"summary_large_image","schema":{"@context":"https:\/\/schema.org","@graph":[{"@type":"WebPage","@id":"https:\/\/gongcenter.ch\/produkt\/sansula-melody-tasche\/","url":"https:\/\/gongcenter.ch\/produkt\/sansula-melody-tasche\/","name":"Sansula Melody Tasche | Sch\u00fctzt Ihre Sansula | sehr strapazierf\u00e4hig","isPartOf":{"@id":"https:\/\/gongcenter.ch\/#website"},"primaryImageOfPage":{"@id":"https:\/\/gongcenter.ch\/produkt\/sansula-melody-tasche\/#primaryimage"},"image":{"@id":"https:\/\/gongcenter.ch\/produkt\/sansula-melody-tasche\/#primaryimage"},"thumbnailUrl":"https:\/\/gongcenter.ch\/app\/uploads\/2022\/09\/klanghaus_bassoblong_erdenjahr_box-18.jpg","datePublished":"2020-06-30T15:59:00+00:00","dateModified":"2023-04-18T10:40:44+00:00","description":"Sch\u00fctzt Ihre sch\u00f6ne Sansula unterwegs und auf Reisen.","breadcrumb":{"@id":"https:\/\/gongcenter.ch\/produkt\/sansula-melody-tasche\/#breadcrumb"},"inLanguage":"en-US","potentialAction":[{"@type":"ReadAction","target":["https:\/\/gongcenter.ch\/produkt\/sansula-melody-tasche\/"]}]},{"@type":"ImageObject","inLanguage":"en-US","@id":"https:\/\/gongcenter.ch\/produkt\/sansula-melody-tasche\/#primaryimage","url":"https:\/\/gongcenter.ch\/app\/uploads\/2022\/09\/klanghaus_bassoblong_erdenjahr_box-18.jpg","contentUrl":"https:\/\/gongcenter.ch\/app\/uploads\/2022\/09\/klanghaus_bassoblong_erdenjahr_box-18.jpg","width":600,"height":585},{"@type":"BreadcrumbList","@id":"https:\/\/gongcenter.ch\/produkt\/sansula-melody-tasche\/#breadcrumb","itemListElement":[{"@type":"ListItem","position":1,"name":"Startseite","item":"https:\/\/gongcenter.ch\/en\/"},{"@type":"ListItem","position":2,"name":"Shop","item":"https:\/\/gongcenter.ch\/en\/shop\/"},{"@type":"ListItem","position":3,"name":"Sansula Melody Tasche"}]},{"@type":"WebSite","@id":"https:\/\/gongcenter.ch\/#website","url":"https:\/\/gongcenter.ch\/","name":"Gong Center Schweiz I Dein Gong und Klanginstrumente Fachgesch\u00e4ft","description":"Entdecke eine grosse Gong Auswahl sowie weitere Klanginstrumente - Wir sind Gong Klangtherapeut und bieten dir Top Qualit\u00e4t und Beratung.","publisher":{"@id":"https:\/\/gongcenter.ch\/#organization"},"potentialAction":[{"@type":"SearchAction","target":{"@type":"EntryPoint","urlTemplate":"https:\/\/gongcenter.ch\/?s={search_term_string}"},"query-input":{"@type":"PropertyValueSpecification","valueRequired":true,"valueName":"search_term_string"}}],"inLanguage":"en-US"},{"@type":"Organization","@id":"https:\/\/gongcenter.ch\/#organization","name":"Gongcenter Z\u00fcrich I Das Fachgesch\u00e4ft f\u00fcr Gong und Klang","url":"https:\/\/gongcenter.ch\/","logo":{"@type":"ImageObject","inLanguage":"en-US","@id":"https:\/\/gongcenter.ch\/#\/schema\/logo\/image\/","url":"https:\/\/gongcenter.ch\/app\/uploads\/2018\/05\/Gong-Center_Logo_2000_black.png","contentUrl":"https:\/\/gongcenter.ch\/app\/uploads\/2018\/05\/Gong-Center_Logo_2000_black.png","width":2000,"height":600,"caption":"Gongcenter Z\u00fcrich I Das Fachgesch\u00e4ft f\u00fcr Gong und Klang"},"image":{"@id":"https:\/\/gongcenter.ch\/#\/schema\/logo\/image\/"}}]}},"acf":[],"_links":{"self":[{"href":"https:\/\/gongcenter.ch\/en\/wp-json\/wp\/v2\/product\/25999","targetHints":{"allow":["GET"]}}],"collection":[{"href":"https:\/\/gongcenter.ch\/en\/wp-json\/wp\/v2\/product"}],"about":[{"href":"https:\/\/gongcenter.ch\/en\/wp-json\/wp\/v2\/types\/product"}],"wp:featuredmedia":[{"embeddable":true,"href":"https:\/\/gongcenter.ch\/en\/wp-json\/wp\/v2\/media\/29944"}],"wp:attachment":[{"href":"https:\/\/gongcenter.ch\/en\/wp-json\/wp\/v2\/media?parent=25999"}],"wp:term":[{"taxonomy":"product_brand","embeddable":true,"href":"https:\/\/gongcenter.ch\/en\/wp-json\/wp\/v2\/product_brand?post=25999"},{"taxonomy":"product_cat","embeddable":true,"href":"https:\/\/gongcenter.ch\/en\/wp-json\/wp\/v2\/product_cat?post=25999"},{"taxonomy":"product_tag","embeddable":true,"href":"https:\/\/gongcenter.ch\/en\/wp-json\/wp\/v2\/product_tag?post=25999"}],"curies":[{"name":"wp","href":"https:\/\/api.w.org\/{rel}","templated":true}]}}