{"id":2691,"date":"2018-12-10T18:28:41","date_gmt":"2018-12-10T17:28:41","guid":{"rendered":"http:\/\/shop.gongcenter.ch\/?post_type=product&#038;p=2691"},"modified":"2023-04-18T11:40:51","modified_gmt":"2023-04-18T10:40:51","slug":"didgeridoo-kunststoff-spielen-statt-schnarchen","status":"publish","type":"product","link":"https:\/\/gongcenter.ch\/en\/product\/didgeridoo-kunststoff-spielen-statt-schnarchen\/","title":{"rendered":"Slide Didgeridoo"},"content":{"rendered":"<p>Didgeridoo statt Atemmaske: Krankhaftes Schnarchen wurde bisher mit einer n\u00e4chtlichen Nasenmaske therapiert. Nun er\u00f6ffnet sich f\u00fcr Schnarcher eine neue attraktive M\u00f6glichkeit: Forscher der Universit\u00e4t Z\u00fcrich und der Z\u00fcrcher H\u00f6henklinik Wald, haben n\u00e4mlich herausgefunden, dass Didgeridoo spielen gegen Schnarchen hilft.<\/p>\n<p>\u00abBei Patienten mit einem Schlafapnoe-Syndrom sind die Muskeln, welche die oberen Atemwege offen halten, schw\u00e4cher ausgebildet. Beim Didgeridoo spielen wird genau diese Muskulatur dank der speziellen Atemtechnik stark beansprucht und trainiert\u00bb, erl\u00e4utert Otto Br\u00e4ndli die Wirkungsweise der Therapie.\u00a0Die Muskulatur und das Bindegewebe werden gest\u00e4rkt und Fett wird dabei abgebaut.<\/p>\n","protected":false},"excerpt":{"rendered":"Posaunen Didgeridoo aus Kunststoff\r\n\r\nGrundfarbe: Aboriginal Muster\r\n\r\nTon: G-C\r\n\r\nL\u00e4nge ca. 1.4 m","protected":false},"featured_media":29674,"template":"","meta":[],"product_brand":[],"product_cat":[1184],"product_tag":[],"class_list":{"0":"post-2691","1":"product","2":"type-product","3":"status-publish","4":"has-post-thumbnail","6":"brands-monkey5","7":"product_cat-ausverkauf","8":"product_shipping_class-bis-199-chf-9-90-chf","10":"first","11":"instock","12":"sold-individually","13":"taxable","14":"shipping-taxable","15":"purchasable","16":"product-type-simple"},"yoast_head":"<!-- This site is optimized with the Yoast SEO plugin v27.0 - https:\/\/yoast.com\/product\/yoast-seo-wordpress\/ -->\n<title>Slide Digeridoo aus Kunststoff \/ Ton: G-C \/ L\u00e4nge ca. 1.4 m<\/title>\n<meta name=\"description\" content=\"Beim Didgeridoo spielen wird die Muskulatur welche die oberen Atemwege \u00f6ffnen stark beansprucht und trainiert.\" \/>\n<meta name=\"robots\" content=\"index, follow, max-snippet:-1, max-image-preview:large, max-video-preview:-1\" \/>\n<link rel=\"canonical\" href=\"https:\/\/gongcenter.ch\/produkt\/didgeridoo-kunststoff-spielen-statt-schnarchen\/\" \/>\n<meta property=\"og:locale\" content=\"en_US\" \/>\n<meta property=\"og:type\" content=\"article\" \/>\n<meta property=\"og:title\" content=\"Slide Digeridoo aus Kunststoff \/ Ton: G-C \/ L\u00e4nge ca. 1.4 m\" \/>\n<meta property=\"og:description\" content=\"Beim Didgeridoo spielen wird die Muskulatur welche die oberen Atemwege \u00f6ffnen stark beansprucht und trainiert.\" \/>\n<meta property=\"og:url\" content=\"https:\/\/gongcenter.ch\/produkt\/didgeridoo-kunststoff-spielen-statt-schnarchen\/\" \/>\n<meta property=\"og:site_name\" content=\"Gong Center Schweiz I Dein Gong und Klanginstrumente Fachgesch\u00e4ft\" \/>\n<meta property=\"article:modified_time\" content=\"2023-04-18T10:40:51+00:00\" \/>\n<meta property=\"og:image\" content=\"https:\/\/gongcenter.ch\/app\/uploads\/2022\/09\/slide-didgeridoo-2.png\" \/>\n\t<meta property=\"og:image:width\" content=\"600\" \/>\n\t<meta property=\"og:image:height\" content=\"600\" \/>\n\t<meta property=\"og:image:type\" content=\"image\/png\" \/>\n<meta name=\"twitter:card\" content=\"summary_large_image\" \/>\n<meta name=\"twitter:label1\" content=\"Est. reading time\" \/>\n\t<meta name=\"twitter:data1\" content=\"1 minute\" \/>\n<!-- \/ Yoast SEO plugin. -->","yoast_head_json":{"title":"Slide Digeridoo aus Kunststoff \/ Ton: G-C \/ L\u00e4nge ca. 1.4 m","description":"Beim Didgeridoo spielen wird die Muskulatur welche die oberen Atemwege \u00f6ffnen stark beansprucht und trainiert.","robots":{"index":"index","follow":"follow","max-snippet":"max-snippet:-1","max-image-preview":"max-image-preview:large","max-video-preview":"max-video-preview:-1"},"canonical":"https:\/\/gongcenter.ch\/produkt\/didgeridoo-kunststoff-spielen-statt-schnarchen\/","og_locale":"en_US","og_type":"article","og_title":"Slide Digeridoo aus Kunststoff \/ Ton: G-C \/ L\u00e4nge ca. 1.4 m","og_description":"Beim Didgeridoo spielen wird die Muskulatur welche die oberen Atemwege \u00f6ffnen stark beansprucht und trainiert.","og_url":"https:\/\/gongcenter.ch\/produkt\/didgeridoo-kunststoff-spielen-statt-schnarchen\/","og_site_name":"Gong Center Schweiz I Dein Gong und Klanginstrumente Fachgesch\u00e4ft","article_modified_time":"2023-04-18T10:40:51+00:00","og_image":[{"width":600,"height":600,"url":"https:\/\/gongcenter.ch\/app\/uploads\/2022\/09\/slide-didgeridoo-2.png","type":"image\/png"}],"twitter_card":"summary_large_image","twitter_misc":{"Est. reading time":"1 minute"},"schema":{"@context":"https:\/\/schema.org","@graph":[{"@type":"WebPage","@id":"https:\/\/gongcenter.ch\/produkt\/didgeridoo-kunststoff-spielen-statt-schnarchen\/","url":"https:\/\/gongcenter.ch\/produkt\/didgeridoo-kunststoff-spielen-statt-schnarchen\/","name":"Slide Digeridoo aus Kunststoff \/ Ton: G-C \/ L\u00e4nge ca. 1.4 m","isPartOf":{"@id":"https:\/\/gongcenter.ch\/#website"},"primaryImageOfPage":{"@id":"https:\/\/gongcenter.ch\/produkt\/didgeridoo-kunststoff-spielen-statt-schnarchen\/#primaryimage"},"image":{"@id":"https:\/\/gongcenter.ch\/produkt\/didgeridoo-kunststoff-spielen-statt-schnarchen\/#primaryimage"},"thumbnailUrl":"https:\/\/gongcenter.ch\/app\/uploads\/2022\/09\/slide-didgeridoo-2.png","datePublished":"2018-12-10T17:28:41+00:00","dateModified":"2023-04-18T10:40:51+00:00","description":"Beim Didgeridoo spielen wird die Muskulatur welche die oberen Atemwege \u00f6ffnen stark beansprucht und trainiert.","breadcrumb":{"@id":"https:\/\/gongcenter.ch\/produkt\/didgeridoo-kunststoff-spielen-statt-schnarchen\/#breadcrumb"},"inLanguage":"en-US","potentialAction":[{"@type":"ReadAction","target":["https:\/\/gongcenter.ch\/produkt\/didgeridoo-kunststoff-spielen-statt-schnarchen\/"]}]},{"@type":"ImageObject","inLanguage":"en-US","@id":"https:\/\/gongcenter.ch\/produkt\/didgeridoo-kunststoff-spielen-statt-schnarchen\/#primaryimage","url":"https:\/\/gongcenter.ch\/app\/uploads\/2022\/09\/slide-didgeridoo-2.png","contentUrl":"https:\/\/gongcenter.ch\/app\/uploads\/2022\/09\/slide-didgeridoo-2.png","width":600,"height":600},{"@type":"BreadcrumbList","@id":"https:\/\/gongcenter.ch\/produkt\/didgeridoo-kunststoff-spielen-statt-schnarchen\/#breadcrumb","itemListElement":[{"@type":"ListItem","position":1,"name":"Startseite","item":"https:\/\/gongcenter.ch\/en\/"},{"@type":"ListItem","position":2,"name":"Shop","item":"https:\/\/gongcenter.ch\/en\/shop\/"},{"@type":"ListItem","position":3,"name":"Slide Didgeridoo"}]},{"@type":"WebSite","@id":"https:\/\/gongcenter.ch\/#website","url":"https:\/\/gongcenter.ch\/","name":"Gong Center Schweiz I Dein Gong und Klanginstrumente Fachgesch\u00e4ft","description":"Entdecke eine grosse Gong Auswahl sowie weitere Klanginstrumente - Wir sind Gong Klangtherapeut und bieten dir Top Qualit\u00e4t und Beratung.","publisher":{"@id":"https:\/\/gongcenter.ch\/#organization"},"potentialAction":[{"@type":"SearchAction","target":{"@type":"EntryPoint","urlTemplate":"https:\/\/gongcenter.ch\/?s={search_term_string}"},"query-input":{"@type":"PropertyValueSpecification","valueRequired":true,"valueName":"search_term_string"}}],"inLanguage":"en-US"},{"@type":"Organization","@id":"https:\/\/gongcenter.ch\/#organization","name":"Gongcenter Z\u00fcrich I Das Fachgesch\u00e4ft f\u00fcr Gong und Klang","url":"https:\/\/gongcenter.ch\/","logo":{"@type":"ImageObject","inLanguage":"en-US","@id":"https:\/\/gongcenter.ch\/#\/schema\/logo\/image\/","url":"https:\/\/gongcenter.ch\/app\/uploads\/2018\/05\/Gong-Center_Logo_2000_black.png","contentUrl":"https:\/\/gongcenter.ch\/app\/uploads\/2018\/05\/Gong-Center_Logo_2000_black.png","width":2000,"height":600,"caption":"Gongcenter Z\u00fcrich I Das Fachgesch\u00e4ft f\u00fcr Gong und Klang"},"image":{"@id":"https:\/\/gongcenter.ch\/#\/schema\/logo\/image\/"}}]}},"acf":[],"_links":{"self":[{"href":"https:\/\/gongcenter.ch\/en\/wp-json\/wp\/v2\/product\/2691","targetHints":{"allow":["GET"]}}],"collection":[{"href":"https:\/\/gongcenter.ch\/en\/wp-json\/wp\/v2\/product"}],"about":[{"href":"https:\/\/gongcenter.ch\/en\/wp-json\/wp\/v2\/types\/product"}],"wp:featuredmedia":[{"embeddable":true,"href":"https:\/\/gongcenter.ch\/en\/wp-json\/wp\/v2\/media\/29674"}],"wp:attachment":[{"href":"https:\/\/gongcenter.ch\/en\/wp-json\/wp\/v2\/media?parent=2691"}],"wp:term":[{"taxonomy":"product_brand","embeddable":true,"href":"https:\/\/gongcenter.ch\/en\/wp-json\/wp\/v2\/product_brand?post=2691"},{"taxonomy":"product_cat","embeddable":true,"href":"https:\/\/gongcenter.ch\/en\/wp-json\/wp\/v2\/product_cat?post=2691"},{"taxonomy":"product_tag","embeddable":true,"href":"https:\/\/gongcenter.ch\/en\/wp-json\/wp\/v2\/product_tag?post=2691"}],"curies":[{"name":"wp","href":"https:\/\/api.w.org\/{rel}","templated":true}]}}