{"id":2718,"date":"2018-12-29T17:16:40","date_gmt":"2018-12-29T16:16:40","guid":{"rendered":"http:\/\/shop.gongcenter.ch\/?post_type=product&#038;p=2718"},"modified":"2023-04-18T11:40:35","modified_gmt":"2023-04-18T10:40:35","slug":"rammerdrum-12-toene","status":"publish","type":"product","link":"https:\/\/gongcenter.ch\/en\/product\/rammerdrum-12-toene\/","title":{"rendered":"Rammerdrum 12 T&ouml;ne, 15 Zoll, Banschiki-Cho"},"content":{"rendered":"<p>Rammerdrums begeistern durch ihre Einfachheit. Akustisch, wie auch optisch.<\/p>\n<p>Ihre speziell gew\u00f6lbte Metallkonstruktion und die intelligent angeordneten Klangzungen verleihen ihnen ein wohlklingendes Gesamtbild.<\/p>\n<p>Rammerdrums behalten ihre lebenslange Stimmung durch die Fertigung von Hand nach einer harmonischen pentatonischen Skala. Somit l\u00e4dt ihr sch\u00f6ner harmonisierend Klang zur intuitive Spielweise geradezu ein.<\/p>\n","protected":false},"excerpt":{"rendered":"<ul>\r\n \t<li>Stimmung: Banschiki-Cho<\/li>\r\n \t<li>Tonumfang: C3 G A# C D# F G A# C D# F G<\/li>\r\n \t<li>Anzahl Klangzungen: 12<\/li>\r\n \t<li>Material: Inox Stahl<\/li>\r\n \t<li>Gr\u00f6sse: 15 Zoll<\/li>\r\n \t<li>Lieferumfang: incl. Tasche<\/li>\r\n<\/ul>","protected":false},"featured_media":29680,"template":"","meta":[],"product_brand":[],"product_cat":[504,40],"product_tag":[],"class_list":{"0":"post-2718","1":"product","2":"type-product","3":"status-publish","4":"has-post-thumbnail","6":"brands-rammerdrum","7":"product_cat-blechzungen-trommeln","8":"product_cat-klanginstrumente","9":"product_shipping_class-kostenloser-versand-innerhalb-der-schweiz","11":"first","12":"instock","13":"sale","14":"taxable","15":"shipping-taxable","16":"purchasable","17":"product-type-simple"},"yoast_head":"<!-- This site is optimized with the Yoast SEO plugin v27.0 - https:\/\/yoast.com\/product\/yoast-seo-wordpress\/ -->\n<title>Rammerdrums |verschiedene Stimmungen | 12 T\u00f6ne<\/title>\n<meta name=\"description\" content=\"Rammerdrums sind gew\u00f6lbte Metallkonstruktionen mit intelligent angeordneten Klangzungen. Einfache und intuitive Spielweise.\" \/>\n<meta name=\"robots\" content=\"index, follow, max-snippet:-1, max-image-preview:large, max-video-preview:-1\" \/>\n<link rel=\"canonical\" href=\"https:\/\/gongcenter.ch\/produkt\/rammerdrum-12-toene\/\" \/>\n<meta property=\"og:locale\" content=\"en_US\" \/>\n<meta property=\"og:type\" content=\"article\" \/>\n<meta property=\"og:title\" content=\"Rammerdrums |verschiedene Stimmungen | 12 T\u00f6ne\" \/>\n<meta property=\"og:description\" content=\"Rammerdrums sind gew\u00f6lbte Metallkonstruktionen mit intelligent angeordneten Klangzungen. Einfache und intuitive Spielweise.\" \/>\n<meta property=\"og:url\" content=\"https:\/\/gongcenter.ch\/produkt\/rammerdrum-12-toene\/\" \/>\n<meta property=\"og:site_name\" content=\"Gong Center Schweiz I Dein Gong und Klanginstrumente Fachgesch\u00e4ft\" \/>\n<meta property=\"article:modified_time\" content=\"2023-04-18T10:40:35+00:00\" \/>\n<meta property=\"og:image\" content=\"https:\/\/gongcenter.ch\/app\/uploads\/2022\/09\/rammerdrum-12-notes-15-zoll-2.png\" \/>\n\t<meta property=\"og:image:width\" content=\"600\" \/>\n\t<meta property=\"og:image:height\" content=\"600\" \/>\n\t<meta property=\"og:image:type\" content=\"image\/png\" \/>\n<meta name=\"twitter:card\" content=\"summary_large_image\" \/>\n<meta name=\"twitter:label1\" content=\"Est. reading time\" \/>\n\t<meta name=\"twitter:data1\" content=\"1 minute\" \/>\n<!-- \/ Yoast SEO plugin. -->","yoast_head_json":{"title":"Rammerdrums |verschiedene Stimmungen | 12 T\u00f6ne","description":"Rammerdrums sind gew\u00f6lbte Metallkonstruktionen mit intelligent angeordneten Klangzungen. Einfache und intuitive Spielweise.","robots":{"index":"index","follow":"follow","max-snippet":"max-snippet:-1","max-image-preview":"max-image-preview:large","max-video-preview":"max-video-preview:-1"},"canonical":"https:\/\/gongcenter.ch\/produkt\/rammerdrum-12-toene\/","og_locale":"en_US","og_type":"article","og_title":"Rammerdrums |verschiedene Stimmungen | 12 T\u00f6ne","og_description":"Rammerdrums sind gew\u00f6lbte Metallkonstruktionen mit intelligent angeordneten Klangzungen. Einfache und intuitive Spielweise.","og_url":"https:\/\/gongcenter.ch\/produkt\/rammerdrum-12-toene\/","og_site_name":"Gong Center Schweiz I Dein Gong und Klanginstrumente Fachgesch\u00e4ft","article_modified_time":"2023-04-18T10:40:35+00:00","og_image":[{"width":600,"height":600,"url":"https:\/\/gongcenter.ch\/app\/uploads\/2022\/09\/rammerdrum-12-notes-15-zoll-2.png","type":"image\/png"}],"twitter_card":"summary_large_image","twitter_misc":{"Est. reading time":"1 minute"},"schema":{"@context":"https:\/\/schema.org","@graph":[{"@type":"WebPage","@id":"https:\/\/gongcenter.ch\/produkt\/rammerdrum-12-toene\/","url":"https:\/\/gongcenter.ch\/produkt\/rammerdrum-12-toene\/","name":"Rammerdrums |verschiedene Stimmungen | 12 T\u00f6ne","isPartOf":{"@id":"https:\/\/gongcenter.ch\/#website"},"primaryImageOfPage":{"@id":"https:\/\/gongcenter.ch\/produkt\/rammerdrum-12-toene\/#primaryimage"},"image":{"@id":"https:\/\/gongcenter.ch\/produkt\/rammerdrum-12-toene\/#primaryimage"},"thumbnailUrl":"https:\/\/gongcenter.ch\/app\/uploads\/2022\/09\/rammerdrum-12-notes-15-zoll-2.png","datePublished":"2018-12-29T16:16:40+00:00","dateModified":"2023-04-18T10:40:35+00:00","description":"Rammerdrums sind gew\u00f6lbte Metallkonstruktionen mit intelligent angeordneten Klangzungen. Einfache und intuitive Spielweise.","breadcrumb":{"@id":"https:\/\/gongcenter.ch\/produkt\/rammerdrum-12-toene\/#breadcrumb"},"inLanguage":"en-US","potentialAction":[{"@type":"ReadAction","target":["https:\/\/gongcenter.ch\/produkt\/rammerdrum-12-toene\/"]}]},{"@type":"ImageObject","inLanguage":"en-US","@id":"https:\/\/gongcenter.ch\/produkt\/rammerdrum-12-toene\/#primaryimage","url":"https:\/\/gongcenter.ch\/app\/uploads\/2022\/09\/rammerdrum-12-notes-15-zoll-2.png","contentUrl":"https:\/\/gongcenter.ch\/app\/uploads\/2022\/09\/rammerdrum-12-notes-15-zoll-2.png","width":600,"height":600},{"@type":"BreadcrumbList","@id":"https:\/\/gongcenter.ch\/produkt\/rammerdrum-12-toene\/#breadcrumb","itemListElement":[{"@type":"ListItem","position":1,"name":"Startseite","item":"https:\/\/gongcenter.ch\/en\/"},{"@type":"ListItem","position":2,"name":"Shop","item":"https:\/\/gongcenter.ch\/en\/shop\/"},{"@type":"ListItem","position":3,"name":"Rammerdrum 12 T&ouml;ne, 15 Zoll, Banschiki-Cho"}]},{"@type":"WebSite","@id":"https:\/\/gongcenter.ch\/#website","url":"https:\/\/gongcenter.ch\/","name":"Gong Center Schweiz I Dein Gong und Klanginstrumente Fachgesch\u00e4ft","description":"Entdecke eine grosse Gong Auswahl sowie weitere Klanginstrumente - Wir sind Gong Klangtherapeut und bieten dir Top Qualit\u00e4t und Beratung.","publisher":{"@id":"https:\/\/gongcenter.ch\/#organization"},"potentialAction":[{"@type":"SearchAction","target":{"@type":"EntryPoint","urlTemplate":"https:\/\/gongcenter.ch\/?s={search_term_string}"},"query-input":{"@type":"PropertyValueSpecification","valueRequired":true,"valueName":"search_term_string"}}],"inLanguage":"en-US"},{"@type":"Organization","@id":"https:\/\/gongcenter.ch\/#organization","name":"Gongcenter Z\u00fcrich I Das Fachgesch\u00e4ft f\u00fcr Gong und Klang","url":"https:\/\/gongcenter.ch\/","logo":{"@type":"ImageObject","inLanguage":"en-US","@id":"https:\/\/gongcenter.ch\/#\/schema\/logo\/image\/","url":"https:\/\/gongcenter.ch\/app\/uploads\/2018\/05\/Gong-Center_Logo_2000_black.png","contentUrl":"https:\/\/gongcenter.ch\/app\/uploads\/2018\/05\/Gong-Center_Logo_2000_black.png","width":2000,"height":600,"caption":"Gongcenter Z\u00fcrich I Das Fachgesch\u00e4ft f\u00fcr Gong und Klang"},"image":{"@id":"https:\/\/gongcenter.ch\/#\/schema\/logo\/image\/"}}]}},"acf":[],"_links":{"self":[{"href":"https:\/\/gongcenter.ch\/en\/wp-json\/wp\/v2\/product\/2718","targetHints":{"allow":["GET"]}}],"collection":[{"href":"https:\/\/gongcenter.ch\/en\/wp-json\/wp\/v2\/product"}],"about":[{"href":"https:\/\/gongcenter.ch\/en\/wp-json\/wp\/v2\/types\/product"}],"wp:featuredmedia":[{"embeddable":true,"href":"https:\/\/gongcenter.ch\/en\/wp-json\/wp\/v2\/media\/29680"}],"wp:attachment":[{"href":"https:\/\/gongcenter.ch\/en\/wp-json\/wp\/v2\/media?parent=2718"}],"wp:term":[{"taxonomy":"product_brand","embeddable":true,"href":"https:\/\/gongcenter.ch\/en\/wp-json\/wp\/v2\/product_brand?post=2718"},{"taxonomy":"product_cat","embeddable":true,"href":"https:\/\/gongcenter.ch\/en\/wp-json\/wp\/v2\/product_cat?post=2718"},{"taxonomy":"product_tag","embeddable":true,"href":"https:\/\/gongcenter.ch\/en\/wp-json\/wp\/v2\/product_tag?post=2718"}],"curies":[{"name":"wp","href":"https:\/\/api.w.org\/{rel}","templated":true}]}}