{"id":27187,"date":"2021-02-05T19:25:39","date_gmt":"2021-02-05T18:25:39","guid":{"rendered":"https:\/\/gongcenter.ch\/?post_type=product&#038;p=27187"},"modified":"2023-12-01T19:01:30","modified_gmt":"2023-12-01T18:01:30","slug":"ersatzsaite-dick-umsponnen-fuer-allton-behandlungsmonochorde","status":"publish","type":"product","link":"https:\/\/gongcenter.ch\/en\/product\/ersatzsaite-dick-umsponnen-fuer-allton-behandlungsmonochorde\/","title":{"rendered":"Ersatzsaite dick umsponnen"},"content":{"rendered":"<p>Ersatzsaite dick umsponnen, f\u00fcr Ton c &#8211; c# &#8211; d<\/p>\n","protected":false},"excerpt":{"rendered":"Ersatzsaite dick umsponnen, f\u00fcr Ton c &#8211; c# &#8211; d","protected":false},"featured_media":29958,"template":"","meta":[],"product_brand":[],"product_cat":[506],"product_tag":[],"class_list":{"0":"post-27187","1":"product","2":"type-product","3":"status-publish","4":"has-post-thumbnail","6":"product_cat-monochord-kotamo","7":"product_shipping_class-bis-199-chf-9-90-chf","9":"first","10":"instock","11":"sold-individually","12":"taxable","13":"shipping-taxable","14":"purchasable","15":"product-type-simple"},"yoast_head":"<!-- This site is optimized with the Yoast SEO plugin v27.0 - https:\/\/yoast.com\/product\/yoast-seo-wordpress\/ -->\n<title>Monochord Ersatzsaite dick umsponnen f\u00fcr Allton Behandlungsmonochord<\/title>\n<meta name=\"description\" content=\"Monochord Ersatzsaite dick umsponnen f\u00fcr Allton Behandlungsmonochorde, Modelle A, B und C f\u00fcr Ton g, g#, a L\u00e4nge: 80 cm\" \/>\n<meta name=\"robots\" content=\"index, follow, max-snippet:-1, max-image-preview:large, max-video-preview:-1\" \/>\n<link rel=\"canonical\" href=\"https:\/\/gongcenter.ch\/produkt\/ersatzsaite-dick-umsponnen-fuer-allton-behandlungsmonochorde\/\" \/>\n<meta property=\"og:locale\" content=\"en_US\" \/>\n<meta property=\"og:type\" content=\"article\" \/>\n<meta property=\"og:title\" content=\"Monochord Ersatzsaite dick umsponnen f\u00fcr Allton Behandlungsmonochord\" \/>\n<meta property=\"og:description\" content=\"Monochord Ersatzsaite dick umsponnen f\u00fcr Allton Behandlungsmonochorde, Modelle A, B und C f\u00fcr Ton g, g#, a L\u00e4nge: 80 cm\" \/>\n<meta property=\"og:url\" content=\"https:\/\/gongcenter.ch\/produkt\/ersatzsaite-dick-umsponnen-fuer-allton-behandlungsmonochorde\/\" \/>\n<meta property=\"og:site_name\" content=\"Gong Center Schweiz I Dein Gong und Klanginstrumente Fachgesch\u00e4ft\" \/>\n<meta property=\"article:modified_time\" content=\"2023-12-01T18:01:30+00:00\" \/>\n<meta property=\"og:image\" content=\"https:\/\/gongcenter.ch\/app\/uploads\/2022\/09\/zmz-es_200x200.jpg\" \/>\n\t<meta property=\"og:image:width\" content=\"200\" \/>\n\t<meta property=\"og:image:height\" content=\"192\" \/>\n\t<meta property=\"og:image:type\" content=\"image\/jpeg\" \/>\n<meta name=\"twitter:card\" content=\"summary_large_image\" \/>\n<meta name=\"twitter:label1\" content=\"Est. reading time\" \/>\n\t<meta name=\"twitter:data1\" content=\"1 minute\" \/>\n<!-- \/ Yoast SEO plugin. -->","yoast_head_json":{"title":"Monochord Ersatzsaite dick umsponnen f\u00fcr Allton Behandlungsmonochord","description":"Monochord Ersatzsaite dick umsponnen f\u00fcr Allton Behandlungsmonochorde, Modelle A, B und C f\u00fcr Ton g, g#, a L\u00e4nge: 80 cm","robots":{"index":"index","follow":"follow","max-snippet":"max-snippet:-1","max-image-preview":"max-image-preview:large","max-video-preview":"max-video-preview:-1"},"canonical":"https:\/\/gongcenter.ch\/produkt\/ersatzsaite-dick-umsponnen-fuer-allton-behandlungsmonochorde\/","og_locale":"en_US","og_type":"article","og_title":"Monochord Ersatzsaite dick umsponnen f\u00fcr Allton Behandlungsmonochord","og_description":"Monochord Ersatzsaite dick umsponnen f\u00fcr Allton Behandlungsmonochorde, Modelle A, B und C f\u00fcr Ton g, g#, a L\u00e4nge: 80 cm","og_url":"https:\/\/gongcenter.ch\/produkt\/ersatzsaite-dick-umsponnen-fuer-allton-behandlungsmonochorde\/","og_site_name":"Gong Center Schweiz I Dein Gong und Klanginstrumente Fachgesch\u00e4ft","article_modified_time":"2023-12-01T18:01:30+00:00","og_image":[{"width":200,"height":192,"url":"https:\/\/gongcenter.ch\/app\/uploads\/2022\/09\/zmz-es_200x200.jpg","type":"image\/jpeg"}],"twitter_card":"summary_large_image","twitter_misc":{"Est. reading time":"1 minute"},"schema":{"@context":"https:\/\/schema.org","@graph":[{"@type":"WebPage","@id":"https:\/\/gongcenter.ch\/produkt\/ersatzsaite-dick-umsponnen-fuer-allton-behandlungsmonochorde\/","url":"https:\/\/gongcenter.ch\/produkt\/ersatzsaite-dick-umsponnen-fuer-allton-behandlungsmonochorde\/","name":"Monochord Ersatzsaite dick umsponnen f\u00fcr Allton Behandlungsmonochord","isPartOf":{"@id":"https:\/\/gongcenter.ch\/#website"},"primaryImageOfPage":{"@id":"https:\/\/gongcenter.ch\/produkt\/ersatzsaite-dick-umsponnen-fuer-allton-behandlungsmonochorde\/#primaryimage"},"image":{"@id":"https:\/\/gongcenter.ch\/produkt\/ersatzsaite-dick-umsponnen-fuer-allton-behandlungsmonochorde\/#primaryimage"},"thumbnailUrl":"https:\/\/gongcenter.ch\/app\/uploads\/2022\/09\/zmz-es_200x200.jpg","datePublished":"2021-02-05T18:25:39+00:00","dateModified":"2023-12-01T18:01:30+00:00","description":"Monochord Ersatzsaite dick umsponnen f\u00fcr Allton Behandlungsmonochorde, Modelle A, B und C f\u00fcr Ton g, g#, a L\u00e4nge: 80 cm","breadcrumb":{"@id":"https:\/\/gongcenter.ch\/produkt\/ersatzsaite-dick-umsponnen-fuer-allton-behandlungsmonochorde\/#breadcrumb"},"inLanguage":"en-US","potentialAction":[{"@type":"ReadAction","target":["https:\/\/gongcenter.ch\/produkt\/ersatzsaite-dick-umsponnen-fuer-allton-behandlungsmonochorde\/"]}]},{"@type":"ImageObject","inLanguage":"en-US","@id":"https:\/\/gongcenter.ch\/produkt\/ersatzsaite-dick-umsponnen-fuer-allton-behandlungsmonochorde\/#primaryimage","url":"https:\/\/gongcenter.ch\/app\/uploads\/2022\/09\/zmz-es_200x200.jpg","contentUrl":"https:\/\/gongcenter.ch\/app\/uploads\/2022\/09\/zmz-es_200x200.jpg","width":200,"height":192},{"@type":"BreadcrumbList","@id":"https:\/\/gongcenter.ch\/produkt\/ersatzsaite-dick-umsponnen-fuer-allton-behandlungsmonochorde\/#breadcrumb","itemListElement":[{"@type":"ListItem","position":1,"name":"Startseite","item":"https:\/\/gongcenter.ch\/en\/"},{"@type":"ListItem","position":2,"name":"Shop","item":"https:\/\/gongcenter.ch\/en\/shop\/"},{"@type":"ListItem","position":3,"name":"Ersatzsaite dick umsponnen"}]},{"@type":"WebSite","@id":"https:\/\/gongcenter.ch\/#website","url":"https:\/\/gongcenter.ch\/","name":"Gong Center Schweiz I Dein Gong und Klanginstrumente Fachgesch\u00e4ft","description":"Entdecke eine grosse Gong Auswahl sowie weitere Klanginstrumente - Wir sind Gong Klangtherapeut und bieten dir Top Qualit\u00e4t und Beratung.","publisher":{"@id":"https:\/\/gongcenter.ch\/#organization"},"potentialAction":[{"@type":"SearchAction","target":{"@type":"EntryPoint","urlTemplate":"https:\/\/gongcenter.ch\/?s={search_term_string}"},"query-input":{"@type":"PropertyValueSpecification","valueRequired":true,"valueName":"search_term_string"}}],"inLanguage":"en-US"},{"@type":"Organization","@id":"https:\/\/gongcenter.ch\/#organization","name":"Gongcenter Z\u00fcrich I Das Fachgesch\u00e4ft f\u00fcr Gong und Klang","url":"https:\/\/gongcenter.ch\/","logo":{"@type":"ImageObject","inLanguage":"en-US","@id":"https:\/\/gongcenter.ch\/#\/schema\/logo\/image\/","url":"https:\/\/gongcenter.ch\/app\/uploads\/2018\/05\/Gong-Center_Logo_2000_black.png","contentUrl":"https:\/\/gongcenter.ch\/app\/uploads\/2018\/05\/Gong-Center_Logo_2000_black.png","width":2000,"height":600,"caption":"Gongcenter Z\u00fcrich I Das Fachgesch\u00e4ft f\u00fcr Gong und Klang"},"image":{"@id":"https:\/\/gongcenter.ch\/#\/schema\/logo\/image\/"}}]}},"acf":[],"_links":{"self":[{"href":"https:\/\/gongcenter.ch\/en\/wp-json\/wp\/v2\/product\/27187","targetHints":{"allow":["GET"]}}],"collection":[{"href":"https:\/\/gongcenter.ch\/en\/wp-json\/wp\/v2\/product"}],"about":[{"href":"https:\/\/gongcenter.ch\/en\/wp-json\/wp\/v2\/types\/product"}],"wp:featuredmedia":[{"embeddable":true,"href":"https:\/\/gongcenter.ch\/en\/wp-json\/wp\/v2\/media\/29958"}],"wp:attachment":[{"href":"https:\/\/gongcenter.ch\/en\/wp-json\/wp\/v2\/media?parent=27187"}],"wp:term":[{"taxonomy":"product_brand","embeddable":true,"href":"https:\/\/gongcenter.ch\/en\/wp-json\/wp\/v2\/product_brand?post=27187"},{"taxonomy":"product_cat","embeddable":true,"href":"https:\/\/gongcenter.ch\/en\/wp-json\/wp\/v2\/product_cat?post=27187"},{"taxonomy":"product_tag","embeddable":true,"href":"https:\/\/gongcenter.ch\/en\/wp-json\/wp\/v2\/product_tag?post=27187"}],"curies":[{"name":"wp","href":"https:\/\/api.w.org\/{rel}","templated":true}]}}