{"id":2726,"date":"2018-12-29T18:01:30","date_gmt":"2018-12-29T17:01:30","guid":{"rendered":"http:\/\/shop.gongcenter.ch\/?post_type=product&#038;p=2726"},"modified":"2023-04-18T11:37:17","modified_gmt":"2023-04-18T10:37:17","slug":"amdrum-nature","status":"publish","type":"product","link":"https:\/\/gongcenter.ch\/en\/product\/amdrum-nature\/","title":{"rendered":"AM drums 8"},"content":{"rendered":"<div><span style=\"font-family: verdana, geneva, sans-serif;\">AM drums begeistern durch ihre einfache und intuitive Spielweise gew\u00f6lbte Metallkonstruktion und die intelligent angeordneten Klangzungen, die harmonisierend zum Entspannen einladen.<\/span><\/div>\n<div><\/div>\n<div><\/div>\n<div>Von Hand gefertigt. Einzigartig, pers\u00f6nlich, sch\u00f6n, erschwinglich.<\/div>\n<div>Pr\u00e4zise Stimmung &#8211; 440hz und 432hz.<\/div>\n<p>&nbsp;<\/p>\n","protected":false},"excerpt":{"rendered":"<strong>Lieferumfang<\/strong>\r\n\r\n<em>Drum<\/em>\r\n\r\nSack\r\n\r\nBeiblatt\r\n\r\n<strong>Spezifikationen<\/strong>\r\n\r\nAnzahl Klangzungen: 8\r\n\r\nMaterial: Stahl\r\n\r\nGr\u00f6sse: 30cm Durchmesser\r\n\r\nHz: 440\r\n\r\nLieferbar in folgenden Stimmungen\r\n\r\nA D E F G A A#\r\n\r\nC D A C D E F G A","protected":false},"featured_media":29684,"template":"","meta":[],"product_brand":[],"product_cat":[1184,504],"product_tag":[],"class_list":{"0":"post-2726","1":"product","2":"type-product","3":"status-publish","4":"has-post-thumbnail","6":"brands-gong-center","7":"product_cat-ausverkauf","8":"product_cat-blechzungen-trommeln","9":"product_shipping_class-kostenloser-versand-innerhalb-der-schweiz","11":"first","12":"instock","13":"sale","14":"taxable","15":"shipping-taxable","16":"purchasable","17":"product-type-simple"},"yoast_head":"<!-- This site is optimized with the Yoast SEO plugin v27.0 - https:\/\/yoast.com\/product\/yoast-seo-wordpress\/ -->\n<title>AM drums 8 - Gong Center Schweiz I Dein Gong und Klanginstrumente Fachgesch\u00e4ft<\/title>\n<meta name=\"robots\" content=\"index, follow, max-snippet:-1, max-image-preview:large, max-video-preview:-1\" \/>\n<link rel=\"canonical\" href=\"https:\/\/gongcenter.ch\/produkt\/amdrum-nature\/\" \/>\n<meta property=\"og:locale\" content=\"en_US\" \/>\n<meta property=\"og:type\" content=\"article\" \/>\n<meta property=\"og:title\" content=\"AM drums 8 - Gong Center Schweiz I Dein Gong und Klanginstrumente Fachgesch\u00e4ft\" \/>\n<meta property=\"og:description\" content=\"Lieferumfang  Drum  Sack  Beiblatt  Spezifikationen  Anzahl Klangzungen: 8  Material: Stahl  Gr\u00f6sse: 30cm Durchmesser  Hz: 440  Lieferbar in folgenden Stimmungen  A D E F G A A#  C D A C D E F G A\" \/>\n<meta property=\"og:url\" content=\"https:\/\/gongcenter.ch\/produkt\/amdrum-nature\/\" \/>\n<meta property=\"og:site_name\" content=\"Gong Center Schweiz I Dein Gong und Klanginstrumente Fachgesch\u00e4ft\" \/>\n<meta property=\"article:modified_time\" content=\"2023-04-18T10:37:17+00:00\" \/>\n<meta property=\"og:image\" content=\"https:\/\/gongcenter.ch\/app\/uploads\/2022\/09\/stealdrum-nature-side-2.png\" \/>\n\t<meta property=\"og:image:width\" content=\"600\" \/>\n\t<meta property=\"og:image:height\" content=\"600\" \/>\n\t<meta property=\"og:image:type\" content=\"image\/png\" \/>\n<meta name=\"twitter:card\" content=\"summary_large_image\" \/>\n<!-- \/ Yoast SEO plugin. -->","yoast_head_json":{"title":"AM drums 8 - Gong Center Schweiz I Dein Gong und Klanginstrumente Fachgesch\u00e4ft","robots":{"index":"index","follow":"follow","max-snippet":"max-snippet:-1","max-image-preview":"max-image-preview:large","max-video-preview":"max-video-preview:-1"},"canonical":"https:\/\/gongcenter.ch\/produkt\/amdrum-nature\/","og_locale":"en_US","og_type":"article","og_title":"AM drums 8 - Gong Center Schweiz I Dein Gong und Klanginstrumente Fachgesch\u00e4ft","og_description":"Lieferumfang  Drum  Sack  Beiblatt  Spezifikationen  Anzahl Klangzungen: 8  Material: Stahl  Gr\u00f6sse: 30cm Durchmesser  Hz: 440  Lieferbar in folgenden Stimmungen  A D E F G A A#  C D A C D E F G A","og_url":"https:\/\/gongcenter.ch\/produkt\/amdrum-nature\/","og_site_name":"Gong Center Schweiz I Dein Gong und Klanginstrumente Fachgesch\u00e4ft","article_modified_time":"2023-04-18T10:37:17+00:00","og_image":[{"width":600,"height":600,"url":"https:\/\/gongcenter.ch\/app\/uploads\/2022\/09\/stealdrum-nature-side-2.png","type":"image\/png"}],"twitter_card":"summary_large_image","schema":{"@context":"https:\/\/schema.org","@graph":[{"@type":"WebPage","@id":"https:\/\/gongcenter.ch\/produkt\/amdrum-nature\/","url":"https:\/\/gongcenter.ch\/produkt\/amdrum-nature\/","name":"AM drums 8 - Gong Center Schweiz I Dein Gong und Klanginstrumente Fachgesch\u00e4ft","isPartOf":{"@id":"https:\/\/gongcenter.ch\/#website"},"primaryImageOfPage":{"@id":"https:\/\/gongcenter.ch\/produkt\/amdrum-nature\/#primaryimage"},"image":{"@id":"https:\/\/gongcenter.ch\/produkt\/amdrum-nature\/#primaryimage"},"thumbnailUrl":"https:\/\/gongcenter.ch\/app\/uploads\/2022\/09\/stealdrum-nature-side-2.png","datePublished":"2018-12-29T17:01:30+00:00","dateModified":"2023-04-18T10:37:17+00:00","breadcrumb":{"@id":"https:\/\/gongcenter.ch\/produkt\/amdrum-nature\/#breadcrumb"},"inLanguage":"en-US","potentialAction":[{"@type":"ReadAction","target":["https:\/\/gongcenter.ch\/produkt\/amdrum-nature\/"]}]},{"@type":"ImageObject","inLanguage":"en-US","@id":"https:\/\/gongcenter.ch\/produkt\/amdrum-nature\/#primaryimage","url":"https:\/\/gongcenter.ch\/app\/uploads\/2022\/09\/stealdrum-nature-side-2.png","contentUrl":"https:\/\/gongcenter.ch\/app\/uploads\/2022\/09\/stealdrum-nature-side-2.png","width":600,"height":600},{"@type":"BreadcrumbList","@id":"https:\/\/gongcenter.ch\/produkt\/amdrum-nature\/#breadcrumb","itemListElement":[{"@type":"ListItem","position":1,"name":"Startseite","item":"https:\/\/gongcenter.ch\/en\/"},{"@type":"ListItem","position":2,"name":"Shop","item":"https:\/\/gongcenter.ch\/en\/shop\/"},{"@type":"ListItem","position":3,"name":"AM drums 8"}]},{"@type":"WebSite","@id":"https:\/\/gongcenter.ch\/#website","url":"https:\/\/gongcenter.ch\/","name":"Gong Center Schweiz I Dein Gong und Klanginstrumente Fachgesch\u00e4ft","description":"Entdecke eine grosse Gong Auswahl sowie weitere Klanginstrumente - Wir sind Gong Klangtherapeut und bieten dir Top Qualit\u00e4t und Beratung.","publisher":{"@id":"https:\/\/gongcenter.ch\/#organization"},"potentialAction":[{"@type":"SearchAction","target":{"@type":"EntryPoint","urlTemplate":"https:\/\/gongcenter.ch\/?s={search_term_string}"},"query-input":{"@type":"PropertyValueSpecification","valueRequired":true,"valueName":"search_term_string"}}],"inLanguage":"en-US"},{"@type":"Organization","@id":"https:\/\/gongcenter.ch\/#organization","name":"Gongcenter Z\u00fcrich I Das Fachgesch\u00e4ft f\u00fcr Gong und Klang","url":"https:\/\/gongcenter.ch\/","logo":{"@type":"ImageObject","inLanguage":"en-US","@id":"https:\/\/gongcenter.ch\/#\/schema\/logo\/image\/","url":"https:\/\/gongcenter.ch\/app\/uploads\/2018\/05\/Gong-Center_Logo_2000_black.png","contentUrl":"https:\/\/gongcenter.ch\/app\/uploads\/2018\/05\/Gong-Center_Logo_2000_black.png","width":2000,"height":600,"caption":"Gongcenter Z\u00fcrich I Das Fachgesch\u00e4ft f\u00fcr Gong und Klang"},"image":{"@id":"https:\/\/gongcenter.ch\/#\/schema\/logo\/image\/"}}]}},"acf":[],"_links":{"self":[{"href":"https:\/\/gongcenter.ch\/en\/wp-json\/wp\/v2\/product\/2726","targetHints":{"allow":["GET"]}}],"collection":[{"href":"https:\/\/gongcenter.ch\/en\/wp-json\/wp\/v2\/product"}],"about":[{"href":"https:\/\/gongcenter.ch\/en\/wp-json\/wp\/v2\/types\/product"}],"wp:featuredmedia":[{"embeddable":true,"href":"https:\/\/gongcenter.ch\/en\/wp-json\/wp\/v2\/media\/29684"}],"wp:attachment":[{"href":"https:\/\/gongcenter.ch\/en\/wp-json\/wp\/v2\/media?parent=2726"}],"wp:term":[{"taxonomy":"product_brand","embeddable":true,"href":"https:\/\/gongcenter.ch\/en\/wp-json\/wp\/v2\/product_brand?post=2726"},{"taxonomy":"product_cat","embeddable":true,"href":"https:\/\/gongcenter.ch\/en\/wp-json\/wp\/v2\/product_cat?post=2726"},{"taxonomy":"product_tag","embeddable":true,"href":"https:\/\/gongcenter.ch\/en\/wp-json\/wp\/v2\/product_tag?post=2726"}],"curies":[{"name":"wp","href":"https:\/\/api.w.org\/{rel}","templated":true}]}}