{"id":27421,"date":"2021-03-17T11:45:34","date_gmt":"2021-03-17T10:45:34","guid":{"rendered":"https:\/\/gongcenter.ch\/?post_type=product&#038;p=27421"},"modified":"2026-03-11T13:19:59","modified_gmt":"2026-03-11T12:19:59","slug":"stimmgabeletui-large","status":"publish","type":"product","link":"https:\/\/gongcenter.ch\/en\/product\/stimmgabeletui-large\/","title":{"rendered":"Stimmgabeletui &#8211; Large"},"content":{"rendered":"<p>Die MEINL Stimmgabeletuis wurden speziell entwickelt, um die Stimmgabeln sicher aufzubewahren und den Schutz w\u00e4hrend eines Transports zu gew\u00e4hrleisten.<\/p>\n","protected":false},"excerpt":{"rendered":"<ul>\r\n \t<li>F\u00fcr max. 210 mm lange Stimmgabeln<\/li>\r\n \t<li>Perfekt f\u00fcr den sicheren und einfachen Transport<\/li>\r\n \t<li>Innenmaterial Polyester<\/li>\r\n \t<li>Aussenmaterial Kunstleder<\/li>\r\n<\/ul>","protected":false},"featured_media":29960,"template":"","meta":[],"product_brand":[],"product_cat":[503],"product_tag":[],"class_list":{"0":"post-27421","1":"product","2":"type-product","3":"status-publish","4":"has-post-thumbnail","6":"brands-meinl-sonic-energy","7":"product_cat-stimmgabeln","8":"product_shipping_class-bis-199-chf-9-90-chf","10":"first","11":"onbackorder","12":"taxable","13":"shipping-taxable","14":"purchasable","15":"product-type-simple"},"yoast_head":"<!-- This site is optimized with the Yoast SEO plugin v27.0 - https:\/\/yoast.com\/product\/yoast-seo-wordpress\/ -->\n<title>Meinl Stimmgabeletui gross f\u00fcr bis 210cm Stimmgabeln<\/title>\n<meta name=\"description\" content=\"Dieses Stimmgabeletuis wurden speziell entwickelt, um Stimmgabeln aufzubewahren und den Schutz zu gew\u00e4hrleisten.\" \/>\n<meta name=\"robots\" content=\"index, follow, max-snippet:-1, max-image-preview:large, max-video-preview:-1\" \/>\n<link rel=\"canonical\" href=\"https:\/\/gongcenter.ch\/produkt\/stimmgabeletui-large\/\" \/>\n<meta property=\"og:locale\" content=\"en_US\" \/>\n<meta property=\"og:type\" content=\"article\" \/>\n<meta property=\"og:title\" content=\"Meinl Stimmgabeletui gross f\u00fcr bis 210cm Stimmgabeln\" \/>\n<meta property=\"og:description\" content=\"Dieses Stimmgabeletuis wurden speziell entwickelt, um Stimmgabeln aufzubewahren und den Schutz zu gew\u00e4hrleisten.\" \/>\n<meta property=\"og:url\" content=\"https:\/\/gongcenter.ch\/produkt\/stimmgabeletui-large\/\" \/>\n<meta property=\"og:site_name\" content=\"Gong Center Schweiz I Dein Gong und Klanginstrumente Fachgesch\u00e4ft\" \/>\n<meta property=\"article:modified_time\" content=\"2026-03-11T12:19:59+00:00\" \/>\n<meta property=\"og:image\" content=\"https:\/\/gongcenter.ch\/app\/uploads\/2022\/09\/stimmgabel-etui.jpg\" \/>\n\t<meta property=\"og:image:width\" content=\"590\" \/>\n\t<meta property=\"og:image:height\" content=\"600\" \/>\n\t<meta property=\"og:image:type\" content=\"image\/jpeg\" \/>\n<meta name=\"twitter:card\" content=\"summary_large_image\" \/>\n<meta name=\"twitter:label1\" content=\"Est. reading time\" \/>\n\t<meta name=\"twitter:data1\" content=\"1 minute\" \/>\n<!-- \/ Yoast SEO plugin. -->","yoast_head_json":{"title":"Meinl Stimmgabeletui gross f\u00fcr bis 210cm Stimmgabeln","description":"Dieses Stimmgabeletuis wurden speziell entwickelt, um Stimmgabeln aufzubewahren und den Schutz zu gew\u00e4hrleisten.","robots":{"index":"index","follow":"follow","max-snippet":"max-snippet:-1","max-image-preview":"max-image-preview:large","max-video-preview":"max-video-preview:-1"},"canonical":"https:\/\/gongcenter.ch\/produkt\/stimmgabeletui-large\/","og_locale":"en_US","og_type":"article","og_title":"Meinl Stimmgabeletui gross f\u00fcr bis 210cm Stimmgabeln","og_description":"Dieses Stimmgabeletuis wurden speziell entwickelt, um Stimmgabeln aufzubewahren und den Schutz zu gew\u00e4hrleisten.","og_url":"https:\/\/gongcenter.ch\/produkt\/stimmgabeletui-large\/","og_site_name":"Gong Center Schweiz I Dein Gong und Klanginstrumente Fachgesch\u00e4ft","article_modified_time":"2026-03-11T12:19:59+00:00","og_image":[{"width":590,"height":600,"url":"https:\/\/gongcenter.ch\/app\/uploads\/2022\/09\/stimmgabel-etui.jpg","type":"image\/jpeg"}],"twitter_card":"summary_large_image","twitter_misc":{"Est. reading time":"1 minute"},"schema":{"@context":"https:\/\/schema.org","@graph":[{"@type":"WebPage","@id":"https:\/\/gongcenter.ch\/produkt\/stimmgabeletui-large\/","url":"https:\/\/gongcenter.ch\/produkt\/stimmgabeletui-large\/","name":"Meinl Stimmgabeletui gross f\u00fcr bis 210cm Stimmgabeln","isPartOf":{"@id":"https:\/\/gongcenter.ch\/#website"},"primaryImageOfPage":{"@id":"https:\/\/gongcenter.ch\/produkt\/stimmgabeletui-large\/#primaryimage"},"image":{"@id":"https:\/\/gongcenter.ch\/produkt\/stimmgabeletui-large\/#primaryimage"},"thumbnailUrl":"https:\/\/gongcenter.ch\/app\/uploads\/2022\/09\/stimmgabel-etui.jpg","datePublished":"2021-03-17T10:45:34+00:00","dateModified":"2026-03-11T12:19:59+00:00","description":"Dieses Stimmgabeletuis wurden speziell entwickelt, um Stimmgabeln aufzubewahren und den Schutz zu gew\u00e4hrleisten.","breadcrumb":{"@id":"https:\/\/gongcenter.ch\/produkt\/stimmgabeletui-large\/#breadcrumb"},"inLanguage":"en-US","potentialAction":[{"@type":"ReadAction","target":["https:\/\/gongcenter.ch\/produkt\/stimmgabeletui-large\/"]}]},{"@type":"ImageObject","inLanguage":"en-US","@id":"https:\/\/gongcenter.ch\/produkt\/stimmgabeletui-large\/#primaryimage","url":"https:\/\/gongcenter.ch\/app\/uploads\/2022\/09\/stimmgabel-etui.jpg","contentUrl":"https:\/\/gongcenter.ch\/app\/uploads\/2022\/09\/stimmgabel-etui.jpg","width":590,"height":600},{"@type":"BreadcrumbList","@id":"https:\/\/gongcenter.ch\/produkt\/stimmgabeletui-large\/#breadcrumb","itemListElement":[{"@type":"ListItem","position":1,"name":"Startseite","item":"https:\/\/gongcenter.ch\/en\/"},{"@type":"ListItem","position":2,"name":"Shop","item":"https:\/\/gongcenter.ch\/en\/shop\/"},{"@type":"ListItem","position":3,"name":"Stimmgabeletui &#8211; Large"}]},{"@type":"WebSite","@id":"https:\/\/gongcenter.ch\/#website","url":"https:\/\/gongcenter.ch\/","name":"Gong Center Schweiz I Dein Gong und Klanginstrumente Fachgesch\u00e4ft","description":"Entdecke eine grosse Gong Auswahl sowie weitere Klanginstrumente - Wir sind Gong Klangtherapeut und bieten dir Top Qualit\u00e4t und Beratung.","publisher":{"@id":"https:\/\/gongcenter.ch\/#organization"},"potentialAction":[{"@type":"SearchAction","target":{"@type":"EntryPoint","urlTemplate":"https:\/\/gongcenter.ch\/?s={search_term_string}"},"query-input":{"@type":"PropertyValueSpecification","valueRequired":true,"valueName":"search_term_string"}}],"inLanguage":"en-US"},{"@type":"Organization","@id":"https:\/\/gongcenter.ch\/#organization","name":"Gongcenter Z\u00fcrich I Das Fachgesch\u00e4ft f\u00fcr Gong und Klang","url":"https:\/\/gongcenter.ch\/","logo":{"@type":"ImageObject","inLanguage":"en-US","@id":"https:\/\/gongcenter.ch\/#\/schema\/logo\/image\/","url":"https:\/\/gongcenter.ch\/app\/uploads\/2018\/05\/Gong-Center_Logo_2000_black.png","contentUrl":"https:\/\/gongcenter.ch\/app\/uploads\/2018\/05\/Gong-Center_Logo_2000_black.png","width":2000,"height":600,"caption":"Gongcenter Z\u00fcrich I Das Fachgesch\u00e4ft f\u00fcr Gong und Klang"},"image":{"@id":"https:\/\/gongcenter.ch\/#\/schema\/logo\/image\/"}}]}},"acf":[],"_links":{"self":[{"href":"https:\/\/gongcenter.ch\/en\/wp-json\/wp\/v2\/product\/27421","targetHints":{"allow":["GET"]}}],"collection":[{"href":"https:\/\/gongcenter.ch\/en\/wp-json\/wp\/v2\/product"}],"about":[{"href":"https:\/\/gongcenter.ch\/en\/wp-json\/wp\/v2\/types\/product"}],"wp:featuredmedia":[{"embeddable":true,"href":"https:\/\/gongcenter.ch\/en\/wp-json\/wp\/v2\/media\/29960"}],"wp:attachment":[{"href":"https:\/\/gongcenter.ch\/en\/wp-json\/wp\/v2\/media?parent=27421"}],"wp:term":[{"taxonomy":"product_brand","embeddable":true,"href":"https:\/\/gongcenter.ch\/en\/wp-json\/wp\/v2\/product_brand?post=27421"},{"taxonomy":"product_cat","embeddable":true,"href":"https:\/\/gongcenter.ch\/en\/wp-json\/wp\/v2\/product_cat?post=27421"},{"taxonomy":"product_tag","embeddable":true,"href":"https:\/\/gongcenter.ch\/en\/wp-json\/wp\/v2\/product_tag?post=27421"}],"curies":[{"name":"wp","href":"https:\/\/api.w.org\/{rel}","templated":true}]}}