{"id":27427,"date":"2021-03-17T14:44:36","date_gmt":"2021-03-17T13:44:36","guid":{"rendered":"https:\/\/gongcenter.ch\/?post_type=product&#038;p=27427"},"modified":"2026-03-11T17:32:54","modified_gmt":"2026-03-11T16:32:54","slug":"stimmgabel-kammerton-432-hz","status":"publish","type":"product","link":"https:\/\/gongcenter.ch\/en\/product\/stimmgabel-kammerton-432-hz\/","title":{"rendered":"Stimmgabel Kammerton 432 Hz"},"content":{"rendered":"<p>Die MEINL Stimmgabel wird in Deutschland gefertigt und es pr\u00e4zise genau auf den <strong>Kammerton 432 Hz<\/strong> gestimmt. Die Stimmgabel ist mit einem ergonomisch geformten Korkgriff ausgestattet.<\/p>\n<p><span class=\"ILfuVd NA6bn\"><span class=\"hgKElc\">Die Therapeutische Wirkung des nat\u00fcrlichen Kammertons <b>432<\/b> Hz ist die Tonfrequenz, die mit dem Menschen, der Natur und dem Kosmos im EIN-KLANG schwingt.<\/span><\/span><\/p>\n<p><span class=\"ILfuVd\"><span class=\"hgKElc\">T\u00f6ne, die auf dem <b>Kammerton 432 Hz<\/b> basieren, wirken sehr harmonisch auf den K\u00f6rper, unterst\u00fctzen die Synchronisation der Gehirnh\u00e4lften und f\u00f6rdern den gesunden Zellstoffwechsel.<\/span><\/span><\/p>\n<p>Diese Stimmgabel verf\u00fcgt \u00fcber ein gleichm\u00e4\u00dfiges Schwingungsverhalten und h\u00f6chste Stimmgenauigkeit. Sie sind aus qualitativ hochwertigem Stahl gefertigt, um diese Stimm- und Frequenzgenauigkeit zu gew\u00e4hrleisten, da kleinste Abweichungen die Wirkungen deutlich ver\u00e4ndern k\u00f6nnten. Jede einzelne Stimmgabel wird manuell so oft geschliffen, bis die geforderte Pr\u00e4zision erreicht ist, denn je genauer Frequenzen aufeinander abgestimmt sind, umso st\u00e4rker ist die Schwingungs\u00fcbertragung. Das l\u00e4ngere und ergonomisch geformte Griffpolster aus mit Kork gef\u00fclltem thermoplastischen Elastomer (TPE) ist das Ergebnis einer mehrj\u00e4hrigen Entwicklung und erleichtert die Handhabung deutlich. So l\u00e4sst sich die Stimmgabel z.B. bei der Tonakupunktur (Phonophorese) wesentlich leichter und entspannter halten. Seitlich am Gabelarm ist die Schwingungsfrequenz eingraviert.<\/p>\n<p><strong>Gebrauch der Stimmgabeln:<\/strong><br \/>\nZur Einstimmung von Musikinstrumenten oder Gesangsstimmen auf eine bestimmte Frequenz wird der Stimmgabel kurz angeschlagen, der Ton einige Sekunden geh\u00f6rt und dann die Stimme oder das Instrument auf diesen Ton gebracht. Hierbei wird die Stimmgabel nur relativ kurz gehalten.<\/p>\n<p>Bei der Tonakupunktur \/ Phonophorese massiert die Vibrationen der Stimmgabel die K\u00f6perzellen und harmonisiert deren nat\u00fcrliche Spannkraft. Nach dem Anschlagen wird sie minutenlang auf den K\u00f6rper aufgesetzt und wenn ihr Vibrieren nachgelassen hat, erneut angeschlagen und wieder minutenlang aufgesetzt. Dieser Vorgang wird dann mehrfach wiederholt, was ein langes Halten der Stimmgabel erfordert. Das ergonomische Griffpolster erm\u00f6glicht eine entspanntere dauerhafte Anwendung.<\/p>\n<p><strong>Handhabung der Stimmgabeln:<\/strong><br \/>\nDie Stimmgabel wird am Griffpolster mit Daumen und Zeige- und Mittelfinger gehalten, sodass die beiden Gabelarme frei Schwingen k\u00f6nnen. Nun wird das breite Ende eines Gabelarms am Knie, Handgelenk oder an einem (nicht harten) Gegenstand mit lockerem, leichten Schwung aus dem Handgelenk angeschlagen. Durch Aufsetzen des Stielendes (unter dem Griffpolster) auf den K\u00f6rper wird durch die Vibration der schwingenden Stimmgabel die entsprechende Frequenz und die Wirkung dorthin \u00fcbertragen und breitet sich im K\u00f6rper aus.<\/p>\n<p>Die genauen Berechnungsgrundlagen und naturwissenschaftlichen Darstellungen sind in dem Buch von Hans Cousto &#8220;Die kosmische Oktave&#8221; zu finden.<\/p>\n<p><strong>Edelstahl- vs. Aluminium-Stimmgabeln:<\/strong><br \/>\nStimmgabeln aus Stahl haben im Vergleich zu Aluminiumstimmgabeln eine wesentlich stabilere Frequenzgenauigkeit bei Temperaturschwankungen, was besonders bei einer Tonakupunktur-Anwendung zu beachten ist. Bei der Tonakupunktur werden die Stimmgabeln lange\u00a0 gehalten und dadurch erw\u00e4rmt. Stahlstimmgabeln ver\u00e4ndern ihre Frequenz durch die K\u00f6rperw\u00e4rme nur geringf\u00fcgig, w\u00e4hrend sich Aluminium bei Erw\u00e4rmung st\u00e4rker ausdehnt und dadurch der Stimmton st\u00e4rker ver\u00e4ndert wird.<\/p>\n","protected":false},"excerpt":{"rendered":"<h2 class=\"product-addition-headline\">Zus\u00e4tzliche Produktinformationen<\/h2>\r\n<ul>\r\n \t<li>Ton: 432 Hz<\/li>\r\n \t<li>L\u00e4nge: 137 mm<\/li>\r\n<\/ul>\r\n<h3><strong>Wirkung<\/strong><\/h3>\r\n<ul>\r\n \t<li>Einklang mit Mensch, Natur und Kosmos<\/li>\r\n<\/ul>\r\n&nbsp;","protected":false},"featured_media":29964,"template":"","meta":[],"product_brand":[],"product_cat":[503],"product_tag":[],"class_list":{"0":"post-27427","1":"product","2":"type-product","3":"status-publish","4":"has-post-thumbnail","6":"product_cat-stimmgabeln","7":"product_shipping_class-bis-199-chf-9-90-chf","9":"first","10":"onbackorder","11":"taxable","12":"shipping-taxable","13":"purchasable","14":"product-type-simple"},"yoast_head":"<!-- This site is optimized with the Yoast SEO plugin v27.0 - https:\/\/yoast.com\/product\/yoast-seo-wordpress\/ -->\n<title>Meinl Stimmgabel Kammerton 432 Hz \/ L\u00e4nge 137cm<\/title>\n<meta name=\"description\" content=\"Die MEINL Stimmgabel wird in Deutschland gefertigt und es pr\u00e4zise genau auf den Kammerton 432 Hz gestimmt. L\u00e4nge 137cm\" \/>\n<meta name=\"robots\" content=\"index, follow, max-snippet:-1, max-image-preview:large, max-video-preview:-1\" \/>\n<link rel=\"canonical\" href=\"https:\/\/gongcenter.ch\/produkt\/stimmgabel-kammerton-432-hz\/\" \/>\n<meta property=\"og:locale\" content=\"en_US\" \/>\n<meta property=\"og:type\" content=\"article\" \/>\n<meta property=\"og:title\" content=\"Meinl Stimmgabel Kammerton 432 Hz \/ L\u00e4nge 137cm\" \/>\n<meta property=\"og:description\" content=\"Die MEINL Stimmgabel wird in Deutschland gefertigt und es pr\u00e4zise genau auf den Kammerton 432 Hz gestimmt. L\u00e4nge 137cm\" \/>\n<meta property=\"og:url\" content=\"https:\/\/gongcenter.ch\/produkt\/stimmgabel-kammerton-432-hz\/\" \/>\n<meta property=\"og:site_name\" content=\"Gong Center Schweiz I Dein Gong und Klanginstrumente Fachgesch\u00e4ft\" \/>\n<meta property=\"article:modified_time\" content=\"2026-03-11T16:32:54+00:00\" \/>\n<meta property=\"og:image\" content=\"https:\/\/gongcenter.ch\/app\/uploads\/2022\/09\/stimmgabel-kammerton-432.png\" \/>\n\t<meta property=\"og:image:width\" content=\"720\" \/>\n\t<meta property=\"og:image:height\" content=\"540\" \/>\n\t<meta property=\"og:image:type\" content=\"image\/png\" \/>\n<meta name=\"twitter:card\" content=\"summary_large_image\" \/>\n<meta name=\"twitter:label1\" content=\"Est. reading time\" \/>\n\t<meta name=\"twitter:data1\" content=\"3 minutes\" \/>\n<!-- \/ Yoast SEO plugin. -->","yoast_head_json":{"title":"Meinl Stimmgabel Kammerton 432 Hz \/ L\u00e4nge 137cm","description":"Die MEINL Stimmgabel wird in Deutschland gefertigt und es pr\u00e4zise genau auf den Kammerton 432 Hz gestimmt. L\u00e4nge 137cm","robots":{"index":"index","follow":"follow","max-snippet":"max-snippet:-1","max-image-preview":"max-image-preview:large","max-video-preview":"max-video-preview:-1"},"canonical":"https:\/\/gongcenter.ch\/produkt\/stimmgabel-kammerton-432-hz\/","og_locale":"en_US","og_type":"article","og_title":"Meinl Stimmgabel Kammerton 432 Hz \/ L\u00e4nge 137cm","og_description":"Die MEINL Stimmgabel wird in Deutschland gefertigt und es pr\u00e4zise genau auf den Kammerton 432 Hz gestimmt. L\u00e4nge 137cm","og_url":"https:\/\/gongcenter.ch\/produkt\/stimmgabel-kammerton-432-hz\/","og_site_name":"Gong Center Schweiz I Dein Gong und Klanginstrumente Fachgesch\u00e4ft","article_modified_time":"2026-03-11T16:32:54+00:00","og_image":[{"width":720,"height":540,"url":"https:\/\/gongcenter.ch\/app\/uploads\/2022\/09\/stimmgabel-kammerton-432.png","type":"image\/png"}],"twitter_card":"summary_large_image","twitter_misc":{"Est. reading time":"3 minutes"},"schema":{"@context":"https:\/\/schema.org","@graph":[{"@type":"WebPage","@id":"https:\/\/gongcenter.ch\/produkt\/stimmgabel-kammerton-432-hz\/","url":"https:\/\/gongcenter.ch\/produkt\/stimmgabel-kammerton-432-hz\/","name":"Meinl Stimmgabel Kammerton 432 Hz \/ L\u00e4nge 137cm","isPartOf":{"@id":"https:\/\/gongcenter.ch\/#website"},"primaryImageOfPage":{"@id":"https:\/\/gongcenter.ch\/produkt\/stimmgabel-kammerton-432-hz\/#primaryimage"},"image":{"@id":"https:\/\/gongcenter.ch\/produkt\/stimmgabel-kammerton-432-hz\/#primaryimage"},"thumbnailUrl":"https:\/\/gongcenter.ch\/app\/uploads\/2022\/09\/stimmgabel-kammerton-432.png","datePublished":"2021-03-17T13:44:36+00:00","dateModified":"2026-03-11T16:32:54+00:00","description":"Die MEINL Stimmgabel wird in Deutschland gefertigt und es pr\u00e4zise genau auf den Kammerton 432 Hz gestimmt. L\u00e4nge 137cm","breadcrumb":{"@id":"https:\/\/gongcenter.ch\/produkt\/stimmgabel-kammerton-432-hz\/#breadcrumb"},"inLanguage":"en-US","potentialAction":[{"@type":"ReadAction","target":["https:\/\/gongcenter.ch\/produkt\/stimmgabel-kammerton-432-hz\/"]}]},{"@type":"ImageObject","inLanguage":"en-US","@id":"https:\/\/gongcenter.ch\/produkt\/stimmgabel-kammerton-432-hz\/#primaryimage","url":"https:\/\/gongcenter.ch\/app\/uploads\/2022\/09\/stimmgabel-kammerton-432.png","contentUrl":"https:\/\/gongcenter.ch\/app\/uploads\/2022\/09\/stimmgabel-kammerton-432.png","width":720,"height":540},{"@type":"BreadcrumbList","@id":"https:\/\/gongcenter.ch\/produkt\/stimmgabel-kammerton-432-hz\/#breadcrumb","itemListElement":[{"@type":"ListItem","position":1,"name":"Startseite","item":"https:\/\/gongcenter.ch\/en\/"},{"@type":"ListItem","position":2,"name":"Shop","item":"https:\/\/gongcenter.ch\/en\/shop\/"},{"@type":"ListItem","position":3,"name":"Stimmgabel Kammerton 432 Hz"}]},{"@type":"WebSite","@id":"https:\/\/gongcenter.ch\/#website","url":"https:\/\/gongcenter.ch\/","name":"Gong Center Schweiz I Dein Gong und Klanginstrumente Fachgesch\u00e4ft","description":"Entdecke eine grosse Gong Auswahl sowie weitere Klanginstrumente - Wir sind Gong Klangtherapeut und bieten dir Top Qualit\u00e4t und Beratung.","publisher":{"@id":"https:\/\/gongcenter.ch\/#organization"},"potentialAction":[{"@type":"SearchAction","target":{"@type":"EntryPoint","urlTemplate":"https:\/\/gongcenter.ch\/?s={search_term_string}"},"query-input":{"@type":"PropertyValueSpecification","valueRequired":true,"valueName":"search_term_string"}}],"inLanguage":"en-US"},{"@type":"Organization","@id":"https:\/\/gongcenter.ch\/#organization","name":"Gongcenter Z\u00fcrich I Das Fachgesch\u00e4ft f\u00fcr Gong und Klang","url":"https:\/\/gongcenter.ch\/","logo":{"@type":"ImageObject","inLanguage":"en-US","@id":"https:\/\/gongcenter.ch\/#\/schema\/logo\/image\/","url":"https:\/\/gongcenter.ch\/app\/uploads\/2018\/05\/Gong-Center_Logo_2000_black.png","contentUrl":"https:\/\/gongcenter.ch\/app\/uploads\/2018\/05\/Gong-Center_Logo_2000_black.png","width":2000,"height":600,"caption":"Gongcenter Z\u00fcrich I Das Fachgesch\u00e4ft f\u00fcr Gong und Klang"},"image":{"@id":"https:\/\/gongcenter.ch\/#\/schema\/logo\/image\/"}}]}},"acf":[],"_links":{"self":[{"href":"https:\/\/gongcenter.ch\/en\/wp-json\/wp\/v2\/product\/27427","targetHints":{"allow":["GET"]}}],"collection":[{"href":"https:\/\/gongcenter.ch\/en\/wp-json\/wp\/v2\/product"}],"about":[{"href":"https:\/\/gongcenter.ch\/en\/wp-json\/wp\/v2\/types\/product"}],"wp:featuredmedia":[{"embeddable":true,"href":"https:\/\/gongcenter.ch\/en\/wp-json\/wp\/v2\/media\/29964"}],"wp:attachment":[{"href":"https:\/\/gongcenter.ch\/en\/wp-json\/wp\/v2\/media?parent=27427"}],"wp:term":[{"taxonomy":"product_brand","embeddable":true,"href":"https:\/\/gongcenter.ch\/en\/wp-json\/wp\/v2\/product_brand?post=27427"},{"taxonomy":"product_cat","embeddable":true,"href":"https:\/\/gongcenter.ch\/en\/wp-json\/wp\/v2\/product_cat?post=27427"},{"taxonomy":"product_tag","embeddable":true,"href":"https:\/\/gongcenter.ch\/en\/wp-json\/wp\/v2\/product_tag?post=27427"}],"curies":[{"name":"wp","href":"https:\/\/api.w.org\/{rel}","templated":true}]}}