{"id":27936,"date":"2021-06-04T13:23:40","date_gmt":"2021-06-04T12:23:40","guid":{"rendered":"https:\/\/gongcenter.ch\/product\/profi-gong-mallet-s186\/"},"modified":"2024-02-05T18:54:48","modified_gmt":"2024-02-05T17:54:48","slug":"ollihess-profi-gong-mallet-s186","status":"publish","type":"product","link":"https:\/\/gongcenter.ch\/en\/product\/ollihess-profi-gong-mallet-s186\/","title":{"rendered":"Ollihess Profi Gong Mallet S186"},"content":{"rendered":"<p class=\"p1\">Ollihess hat einen Gong-Mallet fu\u0308r dich, den du in praktisch jeder Situation gebrauchen kannst: den Profi Gong Mallet S168.<\/p>\n<p class=\"p1\">Welche Eigenschaften besitzt ein guter Gongschl\u00e4gel? Jeder wird hier eine andere Antwort geben, weil die Bedu\u0308rfnisse so unterschiedlich sind. Einige Kriterien treffen aber immer zu. Zum Beispiel sollte sich ein Gong-Mallet gut spielen lassen. Das hei\u00dft, er muss gut in der Hand liegen und darf weder zu schwer noch zu leicht sein. Und er soll natu\u0308rlich einen guten Klang erzeugen.<\/p>\n<p class=\"p1\">Mit dem Profi Gong Mallet S186 ist es gelungen, alle guten Eigenschaften eines Gong Mallets zu verbinden. Der Profi Gong Mallet S186 ist mit 186 g Gewicht relativ leicht. Das liegt unter anderem an seinem kleinen Kopf, der einen Durchmesser von nur 7,2 cm hat, aber auch an den verarbeiteten Materialien. Im Innern des Kopfes befindet sich ein Kautschuk-Kern. Dieser ist viel leichter und weicher als ein Kern aus Metall und erzeugt einen differenzierten Klang, ohne dass er beim Spielen durchdru\u0308ckt und st\u00f6rende Nebenger\u00e4usche erzeugt. Die Ummantelung besteht aus Wellness-Fleece und ist sehr langlebig, das hei\u00dft, der Schl\u00e4gel nutzt sich nur langsam ab.<\/p>\n<p class=\"p1\">Passend zum Kopf ist der Griff aus gewachstem Buchenholz 30 cm lang, mit einem Durchmesser von 17,5 mm. Damit stellt er ein optimale Gleichgewicht des Schl\u00e4gels in der Hand her. Der Griff l\u00e4uft in einer Verdickung aus, die dafu\u0308r sorgt, dass der Mallet gut in der Hand liegt und nicht rutscht. Welche Vorteile hast du also mit diesem Mallet?<\/p>\n<p class=\"p1\">Ganz einfach: viele. Mit ihm kannst du Gongs von 50 cm bis 2 m Durchmesser und Klangschalen ab 4 kg spielen. Er u\u0308berfordert die kleineren Instrumente nicht, holt aber aus den gr\u00f6\u00dferen einen feinen und pr\u00e4zisen Klang heraus. Wie alle Schl\u00e4gel von ollihess wird auch dieser Gong-Mallet in liebevoller Handarbeit in Deutschland und aus weitgehend regionalen Materialien gefertigt. Er ist in den unterschiedlichsten Farben erh\u00e4ltlich, von dezent bis auff\u00e4llig, da ist fu\u0308r jeden Geschmack eine Farbe dabei. Der Profi Gong Mallet S186 ist mit seinen Eigenschaften der richtige Mallet fu\u0308r alle Gelegenheiten.<\/p>\n<p class=\"p1\">Der Gong Mallet l\u00e4sst sich aber auch gut als Zweit-Mallet in Kombination mit dem Profi Gong Mallet L355 einsetzen, dem gr\u00f6\u00dften Gong-Mallet von ollihess, der vor allem fu\u0308r gro\u00dfe Gongs gedacht ist. Damit h\u00e4ttest du einen Schl\u00e4gel fu\u0308r die feinen, klaren T\u00f6ne und einen, der das gewaltige Volumen eines gro\u00dfen Gongs voll aussch\u00f6pft. \u00dcberzeugt dich das Konzept des Profi Gong Mallet S186 oder wu\u0308nscht du dir noch mehr Informationen? Dann setz dich mit Olli Hess in Kontakt und lass dich beraten.<\/p>\n<p class=\"p1\">Mit dem Profi Gong Mallet S186 hat Olli Hess einen Mallet konzipiert, der klanglich und spieltechnisch keine Wu\u0308nsche offen l\u00e4sst. Nicht nur liegt er mit seinem geringen Gewicht gut in der Hand und verursacht auch bei l\u00e4ngerem Spielen keine Ermu\u0308dungserscheinungen im Handgelenk, er ist als Allround-Mallet fu\u0308r viele Arten von Gongs und Klangschalen geeignet. Die qualitativ hochwertige Verarbeitung macht den Gong-Mallet zu einem ausdauernden Schl\u00e4gel, an dem du viele Jahre Freude haben wirst..<\/p>\n","protected":false},"excerpt":{"rendered":"<ul>\r\n \t<li>Gewicht :ca. 186 g<\/li>\r\n \t<li>Griff \u00f8: ca. 17,55 mm<\/li>\r\n \t<li>Griff L\u00e4nge: ca. 30 cm<\/li>\r\n \t<li>Kopf \u00f8:ca. 7,2 cm<\/li>\r\n \t<li>Material:Buche biologisch gewachst \/ Fleece<\/li>\r\n<\/ul>","protected":false},"featured_media":29966,"template":"","meta":[],"product_brand":[],"product_cat":[65],"product_tag":[],"class_list":{"0":"post-27936","1":"product","2":"type-product","3":"status-publish","4":"has-post-thumbnail","6":"brands-ollihess","7":"product_cat-gong-zubehoer-mallets-schlaegel","8":"product_shipping_class-bis-199-chf-9-90-chf","10":"first","11":"instock","12":"taxable","13":"shipping-taxable","14":"purchasable","15":"product-type-variable"},"yoast_head":"<!-- This site is optimized with the Yoast SEO plugin v27.0 - https:\/\/yoast.com\/product\/yoast-seo-wordpress\/ -->\n<title>Ollihess Profi Gong Mallet S186<\/title>\n<meta name=\"description\" content=\"Ollihess hat einen Gong-Mallet fu\u0308r dich, den du in praktisch jeder Situation gebrauchen kannst: den Profi Gong Mallet S168.\" \/>\n<meta name=\"robots\" content=\"index, follow, max-snippet:-1, max-image-preview:large, max-video-preview:-1\" \/>\n<link rel=\"canonical\" href=\"https:\/\/gongcenter.ch\/produkt\/ollihess-profi-gong-mallet-s186\/\" \/>\n<meta property=\"og:locale\" content=\"en_US\" \/>\n<meta property=\"og:type\" content=\"article\" \/>\n<meta property=\"og:title\" content=\"Ollihess Profi Gong Mallet S186\" \/>\n<meta property=\"og:description\" content=\"Ollihess hat einen Gong-Mallet fu\u0308r dich, den du in praktisch jeder Situation gebrauchen kannst: den Profi Gong Mallet S168.\" \/>\n<meta property=\"og:url\" content=\"https:\/\/gongcenter.ch\/produkt\/ollihess-profi-gong-mallet-s186\/\" \/>\n<meta property=\"og:site_name\" content=\"Gong Center Schweiz I Dein Gong und Klanginstrumente Fachgesch\u00e4ft\" \/>\n<meta property=\"article:modified_time\" content=\"2024-02-05T17:54:48+00:00\" \/>\n<meta property=\"og:image\" content=\"https:\/\/gongcenter.ch\/app\/uploads\/2022\/09\/profi-gong-mallet-s186-berry.png\" \/>\n\t<meta property=\"og:image:width\" content=\"1000\" \/>\n\t<meta property=\"og:image:height\" content=\"1000\" \/>\n\t<meta property=\"og:image:type\" content=\"image\/png\" \/>\n<meta name=\"twitter:card\" content=\"summary_large_image\" \/>\n<meta name=\"twitter:label1\" content=\"Est. reading time\" \/>\n\t<meta name=\"twitter:data1\" content=\"3 minutes\" \/>\n<!-- \/ Yoast SEO plugin. -->","yoast_head_json":{"title":"Ollihess Profi Gong Mallet S186","description":"Ollihess hat einen Gong-Mallet fu\u0308r dich, den du in praktisch jeder Situation gebrauchen kannst: den Profi Gong Mallet S168.","robots":{"index":"index","follow":"follow","max-snippet":"max-snippet:-1","max-image-preview":"max-image-preview:large","max-video-preview":"max-video-preview:-1"},"canonical":"https:\/\/gongcenter.ch\/produkt\/ollihess-profi-gong-mallet-s186\/","og_locale":"en_US","og_type":"article","og_title":"Ollihess Profi Gong Mallet S186","og_description":"Ollihess hat einen Gong-Mallet fu\u0308r dich, den du in praktisch jeder Situation gebrauchen kannst: den Profi Gong Mallet S168.","og_url":"https:\/\/gongcenter.ch\/produkt\/ollihess-profi-gong-mallet-s186\/","og_site_name":"Gong Center Schweiz I Dein Gong und Klanginstrumente Fachgesch\u00e4ft","article_modified_time":"2024-02-05T17:54:48+00:00","og_image":[{"width":1000,"height":1000,"url":"https:\/\/gongcenter.ch\/app\/uploads\/2022\/09\/profi-gong-mallet-s186-berry.png","type":"image\/png"}],"twitter_card":"summary_large_image","twitter_misc":{"Est. reading time":"3 minutes"},"schema":{"@context":"https:\/\/schema.org","@graph":[{"@type":"WebPage","@id":"https:\/\/gongcenter.ch\/produkt\/ollihess-profi-gong-mallet-s186\/","url":"https:\/\/gongcenter.ch\/produkt\/ollihess-profi-gong-mallet-s186\/","name":"Ollihess Profi Gong Mallet S186","isPartOf":{"@id":"https:\/\/gongcenter.ch\/#website"},"primaryImageOfPage":{"@id":"https:\/\/gongcenter.ch\/produkt\/ollihess-profi-gong-mallet-s186\/#primaryimage"},"image":{"@id":"https:\/\/gongcenter.ch\/produkt\/ollihess-profi-gong-mallet-s186\/#primaryimage"},"thumbnailUrl":"https:\/\/gongcenter.ch\/app\/uploads\/2022\/09\/profi-gong-mallet-s186-berry.png","datePublished":"2021-06-04T12:23:40+00:00","dateModified":"2024-02-05T17:54:48+00:00","description":"Ollihess hat einen Gong-Mallet fu\u0308r dich, den du in praktisch jeder Situation gebrauchen kannst: den Profi Gong Mallet S168.","breadcrumb":{"@id":"https:\/\/gongcenter.ch\/produkt\/ollihess-profi-gong-mallet-s186\/#breadcrumb"},"inLanguage":"en-US","potentialAction":[{"@type":"ReadAction","target":["https:\/\/gongcenter.ch\/produkt\/ollihess-profi-gong-mallet-s186\/"]}]},{"@type":"ImageObject","inLanguage":"en-US","@id":"https:\/\/gongcenter.ch\/produkt\/ollihess-profi-gong-mallet-s186\/#primaryimage","url":"https:\/\/gongcenter.ch\/app\/uploads\/2022\/09\/profi-gong-mallet-s186-berry.png","contentUrl":"https:\/\/gongcenter.ch\/app\/uploads\/2022\/09\/profi-gong-mallet-s186-berry.png","width":1000,"height":1000},{"@type":"BreadcrumbList","@id":"https:\/\/gongcenter.ch\/produkt\/ollihess-profi-gong-mallet-s186\/#breadcrumb","itemListElement":[{"@type":"ListItem","position":1,"name":"Startseite","item":"https:\/\/gongcenter.ch\/en\/"},{"@type":"ListItem","position":2,"name":"Shop","item":"https:\/\/gongcenter.ch\/en\/shop\/"},{"@type":"ListItem","position":3,"name":"Ollihess Profi Gong Mallet S186"}]},{"@type":"WebSite","@id":"https:\/\/gongcenter.ch\/#website","url":"https:\/\/gongcenter.ch\/","name":"Gong Center Schweiz I Dein Gong und Klanginstrumente Fachgesch\u00e4ft","description":"Entdecke eine grosse Gong Auswahl sowie weitere Klanginstrumente - Wir sind Gong Klangtherapeut und bieten dir Top Qualit\u00e4t und Beratung.","publisher":{"@id":"https:\/\/gongcenter.ch\/#organization"},"potentialAction":[{"@type":"SearchAction","target":{"@type":"EntryPoint","urlTemplate":"https:\/\/gongcenter.ch\/?s={search_term_string}"},"query-input":{"@type":"PropertyValueSpecification","valueRequired":true,"valueName":"search_term_string"}}],"inLanguage":"en-US"},{"@type":"Organization","@id":"https:\/\/gongcenter.ch\/#organization","name":"Gongcenter Z\u00fcrich I Das Fachgesch\u00e4ft f\u00fcr Gong und Klang","url":"https:\/\/gongcenter.ch\/","logo":{"@type":"ImageObject","inLanguage":"en-US","@id":"https:\/\/gongcenter.ch\/#\/schema\/logo\/image\/","url":"https:\/\/gongcenter.ch\/app\/uploads\/2018\/05\/Gong-Center_Logo_2000_black.png","contentUrl":"https:\/\/gongcenter.ch\/app\/uploads\/2018\/05\/Gong-Center_Logo_2000_black.png","width":2000,"height":600,"caption":"Gongcenter Z\u00fcrich I Das Fachgesch\u00e4ft f\u00fcr Gong und Klang"},"image":{"@id":"https:\/\/gongcenter.ch\/#\/schema\/logo\/image\/"}}]}},"acf":[],"_links":{"self":[{"href":"https:\/\/gongcenter.ch\/en\/wp-json\/wp\/v2\/product\/27936","targetHints":{"allow":["GET"]}}],"collection":[{"href":"https:\/\/gongcenter.ch\/en\/wp-json\/wp\/v2\/product"}],"about":[{"href":"https:\/\/gongcenter.ch\/en\/wp-json\/wp\/v2\/types\/product"}],"wp:featuredmedia":[{"embeddable":true,"href":"https:\/\/gongcenter.ch\/en\/wp-json\/wp\/v2\/media\/29966"}],"wp:attachment":[{"href":"https:\/\/gongcenter.ch\/en\/wp-json\/wp\/v2\/media?parent=27936"}],"wp:term":[{"taxonomy":"product_brand","embeddable":true,"href":"https:\/\/gongcenter.ch\/en\/wp-json\/wp\/v2\/product_brand?post=27936"},{"taxonomy":"product_cat","embeddable":true,"href":"https:\/\/gongcenter.ch\/en\/wp-json\/wp\/v2\/product_cat?post=27936"},{"taxonomy":"product_tag","embeddable":true,"href":"https:\/\/gongcenter.ch\/en\/wp-json\/wp\/v2\/product_tag?post=27936"}],"curies":[{"name":"wp","href":"https:\/\/api.w.org\/{rel}","templated":true}]}}