{"id":27941,"date":"2021-06-04T13:23:42","date_gmt":"2021-06-04T12:23:42","guid":{"rendered":"https:\/\/gongcenter.ch\/product\/profi-gong-mallet-m70\/"},"modified":"2024-02-05T18:56:26","modified_gmt":"2024-02-05T17:56:26","slug":"ollihess-profi-gong-mallet-m70","status":"publish","type":"product","link":"https:\/\/gongcenter.ch\/en\/product\/ollihess-profi-gong-mallet-m70\/","title":{"rendered":"Ollihess Profi Gong Mallet m70"},"content":{"rendered":"<p>Der Profi Gong Mallet m70 erzeugt mit seinem relativ kleinen und leichten Schl\u00e4gelkopf eine gro\u00dfe Wirkung. Durch das geringe Gewicht dieses Mallets \u00fcberreizt der Gong oder die Klangschale nicht und es lassen sich wunderbare Klangfarben erspielen.<\/p>\n<p>Alle ollihess\u2122 Mallets werden in Deutschland in liebevoller Handarbeit hergestellt. Wir haben daran gearbeitet mit geringen Gewichten und kleineren Schl\u00e4gelk\u00f6pfen gro\u00dfe Wirkung zu erzielen, da oft bei zu gro\u00dfen Gewichten und K\u00f6pfen der Gong oder auch die Klangschale schnell \u00fcberreizt ist.<\/p>\n<p>Durch sein geringes Gewicht lassen sich tolle Klangfarben erspielen. Die neue Griffform l\u00e4sst diesen kleinen Mallet sehr gut in der Hand liegen. Auch toll mit einem Zweiten als \u201cP\u00e4rchen\u201c zu spielen. Durch das weiche Innenleben lockt man auch bei Klangschalen tolle T\u00f6ne und Schwingungen hervor. Beim Spielen von Klangschalen ist der lange Griff sehr von Vorteil.<\/p>\n<p>Geeignet f\u00fcr Gongs \u00f8 von 40 cm bis 2m und Klangschalen ab 700g<\/p>\n","protected":false},"excerpt":{"rendered":"<ul>\r\n \t<li>Gewicht: ca. 70 g<\/li>\r\n \t<li>Griff \u00f8:ca. 12 mm<\/li>\r\n \t<li>Griff L\u00e4nge:ca. 32 cm<\/li>\r\n \t<li>Kopf \u00f8:ca. 5,5 cm<\/li>\r\n \t<li>Material:Buche biologisch gewachst \/ Fleec<\/li>\r\n<\/ul>","protected":false},"featured_media":29970,"template":"","meta":[],"product_brand":[],"product_cat":[65],"product_tag":[],"class_list":{"0":"post-27941","1":"product","2":"type-product","3":"status-publish","4":"has-post-thumbnail","6":"brands-ollihess","7":"product_cat-gong-zubehoer-mallets-schlaegel","8":"product_shipping_class-bis-199-chf-9-90-chf","10":"first","11":"instock","12":"taxable","13":"shipping-taxable","14":"purchasable","15":"product-type-variable"},"yoast_head":"<!-- This site is optimized with the Yoast SEO plugin v27.0 - https:\/\/yoast.com\/product\/yoast-seo-wordpress\/ -->\n<title>Ollihess Profi Gong Mallet m70<\/title>\n<meta name=\"description\" content=\"Der PGM m70 erzeugt mit seinem kleinen und leichten Schl\u00e4gelkopf eine Wirkung. Mit ihm lassen sich wunderbare Klangfarben erspielen.\" \/>\n<meta name=\"robots\" content=\"index, follow, max-snippet:-1, max-image-preview:large, max-video-preview:-1\" \/>\n<link rel=\"canonical\" href=\"https:\/\/gongcenter.ch\/produkt\/ollihess-profi-gong-mallet-m70\/\" \/>\n<meta property=\"og:locale\" content=\"en_US\" \/>\n<meta property=\"og:type\" content=\"article\" \/>\n<meta property=\"og:title\" content=\"Ollihess Profi Gong Mallet m70\" \/>\n<meta property=\"og:description\" content=\"Der PGM m70 erzeugt mit seinem kleinen und leichten Schl\u00e4gelkopf eine Wirkung. Mit ihm lassen sich wunderbare Klangfarben erspielen.\" \/>\n<meta property=\"og:url\" content=\"https:\/\/gongcenter.ch\/produkt\/ollihess-profi-gong-mallet-m70\/\" \/>\n<meta property=\"og:site_name\" content=\"Gong Center Schweiz I Dein Gong und Klanginstrumente Fachgesch\u00e4ft\" \/>\n<meta property=\"article:modified_time\" content=\"2024-02-05T17:56:26+00:00\" \/>\n<meta property=\"og:image\" content=\"https:\/\/gongcenter.ch\/app\/uploads\/2022\/09\/profi-gong-mallet-m70-petrol-768x768-1.png\" \/>\n\t<meta property=\"og:image:width\" content=\"1000\" \/>\n\t<meta property=\"og:image:height\" content=\"1000\" \/>\n\t<meta property=\"og:image:type\" content=\"image\/png\" \/>\n<meta name=\"twitter:card\" content=\"summary_large_image\" \/>\n<meta name=\"twitter:label1\" content=\"Est. reading time\" \/>\n\t<meta name=\"twitter:data1\" content=\"2 minutes\" \/>\n<!-- \/ Yoast SEO plugin. -->","yoast_head_json":{"title":"Ollihess Profi Gong Mallet m70","description":"Der PGM m70 erzeugt mit seinem kleinen und leichten Schl\u00e4gelkopf eine Wirkung. Mit ihm lassen sich wunderbare Klangfarben erspielen.","robots":{"index":"index","follow":"follow","max-snippet":"max-snippet:-1","max-image-preview":"max-image-preview:large","max-video-preview":"max-video-preview:-1"},"canonical":"https:\/\/gongcenter.ch\/produkt\/ollihess-profi-gong-mallet-m70\/","og_locale":"en_US","og_type":"article","og_title":"Ollihess Profi Gong Mallet m70","og_description":"Der PGM m70 erzeugt mit seinem kleinen und leichten Schl\u00e4gelkopf eine Wirkung. Mit ihm lassen sich wunderbare Klangfarben erspielen.","og_url":"https:\/\/gongcenter.ch\/produkt\/ollihess-profi-gong-mallet-m70\/","og_site_name":"Gong Center Schweiz I Dein Gong und Klanginstrumente Fachgesch\u00e4ft","article_modified_time":"2024-02-05T17:56:26+00:00","og_image":[{"width":1000,"height":1000,"url":"https:\/\/gongcenter.ch\/app\/uploads\/2022\/09\/profi-gong-mallet-m70-petrol-768x768-1.png","type":"image\/png"}],"twitter_card":"summary_large_image","twitter_misc":{"Est. reading time":"2 minutes"},"schema":{"@context":"https:\/\/schema.org","@graph":[{"@type":"WebPage","@id":"https:\/\/gongcenter.ch\/produkt\/ollihess-profi-gong-mallet-m70\/","url":"https:\/\/gongcenter.ch\/produkt\/ollihess-profi-gong-mallet-m70\/","name":"Ollihess Profi Gong Mallet m70","isPartOf":{"@id":"https:\/\/gongcenter.ch\/#website"},"primaryImageOfPage":{"@id":"https:\/\/gongcenter.ch\/produkt\/ollihess-profi-gong-mallet-m70\/#primaryimage"},"image":{"@id":"https:\/\/gongcenter.ch\/produkt\/ollihess-profi-gong-mallet-m70\/#primaryimage"},"thumbnailUrl":"https:\/\/gongcenter.ch\/app\/uploads\/2022\/09\/profi-gong-mallet-m70-petrol-768x768-1.png","datePublished":"2021-06-04T12:23:42+00:00","dateModified":"2024-02-05T17:56:26+00:00","description":"Der PGM m70 erzeugt mit seinem kleinen und leichten Schl\u00e4gelkopf eine Wirkung. Mit ihm lassen sich wunderbare Klangfarben erspielen.","breadcrumb":{"@id":"https:\/\/gongcenter.ch\/produkt\/ollihess-profi-gong-mallet-m70\/#breadcrumb"},"inLanguage":"en-US","potentialAction":[{"@type":"ReadAction","target":["https:\/\/gongcenter.ch\/produkt\/ollihess-profi-gong-mallet-m70\/"]}]},{"@type":"ImageObject","inLanguage":"en-US","@id":"https:\/\/gongcenter.ch\/produkt\/ollihess-profi-gong-mallet-m70\/#primaryimage","url":"https:\/\/gongcenter.ch\/app\/uploads\/2022\/09\/profi-gong-mallet-m70-petrol-768x768-1.png","contentUrl":"https:\/\/gongcenter.ch\/app\/uploads\/2022\/09\/profi-gong-mallet-m70-petrol-768x768-1.png","width":1000,"height":1000},{"@type":"BreadcrumbList","@id":"https:\/\/gongcenter.ch\/produkt\/ollihess-profi-gong-mallet-m70\/#breadcrumb","itemListElement":[{"@type":"ListItem","position":1,"name":"Startseite","item":"https:\/\/gongcenter.ch\/en\/"},{"@type":"ListItem","position":2,"name":"Shop","item":"https:\/\/gongcenter.ch\/en\/shop\/"},{"@type":"ListItem","position":3,"name":"Ollihess Profi Gong Mallet m70"}]},{"@type":"WebSite","@id":"https:\/\/gongcenter.ch\/#website","url":"https:\/\/gongcenter.ch\/","name":"Gong Center Schweiz I Dein Gong und Klanginstrumente Fachgesch\u00e4ft","description":"Entdecke eine grosse Gong Auswahl sowie weitere Klanginstrumente - Wir sind Gong Klangtherapeut und bieten dir Top Qualit\u00e4t und Beratung.","publisher":{"@id":"https:\/\/gongcenter.ch\/#organization"},"potentialAction":[{"@type":"SearchAction","target":{"@type":"EntryPoint","urlTemplate":"https:\/\/gongcenter.ch\/?s={search_term_string}"},"query-input":{"@type":"PropertyValueSpecification","valueRequired":true,"valueName":"search_term_string"}}],"inLanguage":"en-US"},{"@type":"Organization","@id":"https:\/\/gongcenter.ch\/#organization","name":"Gongcenter Z\u00fcrich I Das Fachgesch\u00e4ft f\u00fcr Gong und Klang","url":"https:\/\/gongcenter.ch\/","logo":{"@type":"ImageObject","inLanguage":"en-US","@id":"https:\/\/gongcenter.ch\/#\/schema\/logo\/image\/","url":"https:\/\/gongcenter.ch\/app\/uploads\/2018\/05\/Gong-Center_Logo_2000_black.png","contentUrl":"https:\/\/gongcenter.ch\/app\/uploads\/2018\/05\/Gong-Center_Logo_2000_black.png","width":2000,"height":600,"caption":"Gongcenter Z\u00fcrich I Das Fachgesch\u00e4ft f\u00fcr Gong und Klang"},"image":{"@id":"https:\/\/gongcenter.ch\/#\/schema\/logo\/image\/"}}]}},"acf":[],"_links":{"self":[{"href":"https:\/\/gongcenter.ch\/en\/wp-json\/wp\/v2\/product\/27941","targetHints":{"allow":["GET"]}}],"collection":[{"href":"https:\/\/gongcenter.ch\/en\/wp-json\/wp\/v2\/product"}],"about":[{"href":"https:\/\/gongcenter.ch\/en\/wp-json\/wp\/v2\/types\/product"}],"wp:featuredmedia":[{"embeddable":true,"href":"https:\/\/gongcenter.ch\/en\/wp-json\/wp\/v2\/media\/29970"}],"wp:attachment":[{"href":"https:\/\/gongcenter.ch\/en\/wp-json\/wp\/v2\/media?parent=27941"}],"wp:term":[{"taxonomy":"product_brand","embeddable":true,"href":"https:\/\/gongcenter.ch\/en\/wp-json\/wp\/v2\/product_brand?post=27941"},{"taxonomy":"product_cat","embeddable":true,"href":"https:\/\/gongcenter.ch\/en\/wp-json\/wp\/v2\/product_cat?post=27941"},{"taxonomy":"product_tag","embeddable":true,"href":"https:\/\/gongcenter.ch\/en\/wp-json\/wp\/v2\/product_tag?post=27941"}],"curies":[{"name":"wp","href":"https:\/\/api.w.org\/{rel}","templated":true}]}}