{"id":27942,"date":"2021-06-04T13:23:42","date_gmt":"2021-06-04T12:23:42","guid":{"rendered":"https:\/\/gongcenter.ch\/product\/profi-gong-mallet-m305\/"},"modified":"2024-02-05T18:52:28","modified_gmt":"2024-02-05T17:52:28","slug":"olihess-profi-gong-mallet-m305","status":"publish","type":"product","link":"https:\/\/gongcenter.ch\/en\/product\/olihess-profi-gong-mallet-m305\/","title":{"rendered":"Olihess Profi Gong Mallet M305"},"content":{"rendered":"<p>Olli Hess hat einen neuen Gong Mallet entwickelt!<\/p>\n<p>Ganz neu im Sortiment ist der Profi Gong Mallet M305.<\/p>\n<p>Er zeichnet sich durch einen sehr kurzen Griff und damit verbesserte Spielbarkeit aus.<\/p>\n<p>Die Gong-Mallets von ollihess sind in Serien mit verschiedenen Eigenschaften eingeteilt. Mit dem neuen Mallet PGM M305 k\u00f6nnen wir jetzt auch sagen, eine M-Serie begonnen zu haben. Es existiert bereits der Mallet PGM M174, der M 305 ist neu dazugekommen.<\/p>\n<p>Mit diesem Mallet habt ihr ein ganz neues Spielgefu\u0308hl, das von dem kurzen Griff herru\u0308hrt.<\/p>\n<p>Die Serie M der Gong-Mallets zeichnet sich dadurch aus, dass der Griff ku\u0308rzer ist als bei anderen Gongschl\u00e4geln. Das bedeutet: der aus gewachstem Buchenholz bestehende Griff des PGM M305 ist nur 20 cm lang.<\/p>\n<p>Damit ist er sehr kompakt. Durch den verku\u0308rzten Griff ist das Spielgefu\u0308hl noch unmittelbarer, rhythmisch l\u00e4sst es sich besonders gut spielen, weil die Hebelwirkung in der Hand sehr gering ist und ihr eine bessere Kontrolle beim Spielen habt.<\/p>\n<p>Damit l\u00e4sst sich der Mallet auch gut im Paar zum Wirbeln benutzen, es treten keine Ermu\u0308dungserscheinungen im Handgelenk auf.<\/p>\n<p>Das verdickte Griffende liegt sehr gut in der Hand, der Schl\u00e4gel rutscht nicht. Der M305 unterscheidet<\/p>\n<p>sich vom M174 durch seinen Kopf. Er ist etwas gr\u00f6\u00dfer, der Durchmesser betr\u00e4gt 8,5 cm. Damit<\/p>\n<p>erreicht ihr einen vollen, tiefen Ton beim Anschlagen des Gongs. Trotzdem wiegt der Mallet nur 305 g.<\/p>\n<p>Erh\u00e4ltlich ist er in allen g\u00e4ngigen Farben der Farbkollektion, das hei\u00dft, fu\u0308r jeden Geschmack<\/p>\n<p>ist eine Farbe dabei. Wie alle anderen Schl\u00e4gel von ollihess wird auch der PGM M305 komplett in<\/p>\n<p>Deutschland in Handarbeit hergestellt, aus weitgehend regionalen Materialien.<\/p>\n<p>Wenn du auf der Suche nach einem Gong Mallet bist, mit dem es sich gut rhythmisch spielen l\u00e4sst,<\/p>\n<p>ist der PGM M305 genau richtig fu\u0308r dich. Mit dem kurzen Griff ist er sehr gut fu\u0308r lange,<\/p>\n<p>vollt\u00f6nende Wirbel geeignet, ohne dass du hinterher Verkrampfungen im Handgelenk hast.<\/p>\n<p>Mit dem PGM M305 ist ollihess ein Gong-Mallet fu\u0308r ein neues Spiel- und Klangerlebnis gelungen. Der<\/p>\n<p>kurze Griff bewirkt ein sehr effektives Spielen bei vollem Klangvolumen. Auf gro\u00dfen Gongs zaubert<\/p>\n<p>ihr beispielsweise mit einem Paar PGM M305 einen lange anhaltenden tiefen Ton.<\/p>\n","protected":false},"excerpt":{"rendered":"<ul>\r\n \t<li>Gewicht: 0.305 kg<\/li>\r\n \t<li>Gr\u00f6sse: 200 \u00d7 8.5 \u00d7 8.5 cm<\/li>\r\n \t<li>Farben: raun, rot, berry, pink, orange, gelb, apfelgr\u00fcn, blau, flieder, t\u00fcrkis, schwarz, creme, taupe, dunkelblau, petrol, plum<\/li>\r\n<\/ul>","protected":false},"featured_media":29972,"template":"","meta":[],"product_brand":[],"product_cat":[65],"product_tag":[],"class_list":{"0":"post-27942","1":"product","2":"type-product","3":"status-publish","4":"has-post-thumbnail","6":"brands-ollihess","7":"product_cat-gong-zubehoer-mallets-schlaegel","8":"product_shipping_class-bis-199-chf-9-90-chf","10":"first","11":"instock","12":"taxable","13":"shipping-taxable","14":"purchasable","15":"product-type-variable"},"yoast_head":"<!-- This site is optimized with the Yoast SEO plugin v27.0 - https:\/\/yoast.com\/product\/yoast-seo-wordpress\/ -->\n<title>Ollihess Profi Gong Mallet 305<\/title>\n<meta name=\"description\" content=\"Durch den verku\u0308rzten Griff ist das Spielgefu\u0308hl unmittelbar, rhythmisch l\u00e4sst es sich besonders gut spielen.\" \/>\n<meta name=\"robots\" content=\"index, follow, max-snippet:-1, max-image-preview:large, max-video-preview:-1\" \/>\n<link rel=\"canonical\" href=\"https:\/\/gongcenter.ch\/produkt\/olihess-profi-gong-mallet-m305\/\" \/>\n<meta property=\"og:locale\" content=\"en_US\" \/>\n<meta property=\"og:type\" content=\"article\" \/>\n<meta property=\"og:title\" content=\"Ollihess Profi Gong Mallet 305\" \/>\n<meta property=\"og:description\" content=\"Durch den verku\u0308rzten Griff ist das Spielgefu\u0308hl unmittelbar, rhythmisch l\u00e4sst es sich besonders gut spielen.\" \/>\n<meta property=\"og:url\" content=\"https:\/\/gongcenter.ch\/produkt\/olihess-profi-gong-mallet-m305\/\" \/>\n<meta property=\"og:site_name\" content=\"Gong Center Schweiz I Dein Gong und Klanginstrumente Fachgesch\u00e4ft\" \/>\n<meta property=\"article:modified_time\" content=\"2024-02-05T17:52:28+00:00\" \/>\n<meta property=\"og:image\" content=\"https:\/\/gongcenter.ch\/app\/uploads\/2022\/09\/profi-gong-mallet-m305-pink-768x768-1.jpg\" \/>\n\t<meta property=\"og:image:width\" content=\"768\" \/>\n\t<meta property=\"og:image:height\" content=\"768\" \/>\n\t<meta property=\"og:image:type\" content=\"image\/jpeg\" \/>\n<meta name=\"twitter:card\" content=\"summary_large_image\" \/>\n<meta name=\"twitter:label1\" content=\"Est. reading time\" \/>\n\t<meta name=\"twitter:data1\" content=\"3 minutes\" \/>\n<!-- \/ Yoast SEO plugin. -->","yoast_head_json":{"title":"Ollihess Profi Gong Mallet 305","description":"Durch den verku\u0308rzten Griff ist das Spielgefu\u0308hl unmittelbar, rhythmisch l\u00e4sst es sich besonders gut spielen.","robots":{"index":"index","follow":"follow","max-snippet":"max-snippet:-1","max-image-preview":"max-image-preview:large","max-video-preview":"max-video-preview:-1"},"canonical":"https:\/\/gongcenter.ch\/produkt\/olihess-profi-gong-mallet-m305\/","og_locale":"en_US","og_type":"article","og_title":"Ollihess Profi Gong Mallet 305","og_description":"Durch den verku\u0308rzten Griff ist das Spielgefu\u0308hl unmittelbar, rhythmisch l\u00e4sst es sich besonders gut spielen.","og_url":"https:\/\/gongcenter.ch\/produkt\/olihess-profi-gong-mallet-m305\/","og_site_name":"Gong Center Schweiz I Dein Gong und Klanginstrumente Fachgesch\u00e4ft","article_modified_time":"2024-02-05T17:52:28+00:00","og_image":[{"width":768,"height":768,"url":"https:\/\/gongcenter.ch\/app\/uploads\/2022\/09\/profi-gong-mallet-m305-pink-768x768-1.jpg","type":"image\/jpeg"}],"twitter_card":"summary_large_image","twitter_misc":{"Est. reading time":"3 minutes"},"schema":{"@context":"https:\/\/schema.org","@graph":[{"@type":"WebPage","@id":"https:\/\/gongcenter.ch\/produkt\/olihess-profi-gong-mallet-m305\/","url":"https:\/\/gongcenter.ch\/produkt\/olihess-profi-gong-mallet-m305\/","name":"Ollihess Profi Gong Mallet 305","isPartOf":{"@id":"https:\/\/gongcenter.ch\/#website"},"primaryImageOfPage":{"@id":"https:\/\/gongcenter.ch\/produkt\/olihess-profi-gong-mallet-m305\/#primaryimage"},"image":{"@id":"https:\/\/gongcenter.ch\/produkt\/olihess-profi-gong-mallet-m305\/#primaryimage"},"thumbnailUrl":"https:\/\/gongcenter.ch\/app\/uploads\/2022\/09\/profi-gong-mallet-m305-pink-768x768-1.jpg","datePublished":"2021-06-04T12:23:42+00:00","dateModified":"2024-02-05T17:52:28+00:00","description":"Durch den verku\u0308rzten Griff ist das Spielgefu\u0308hl unmittelbar, rhythmisch l\u00e4sst es sich besonders gut spielen.","breadcrumb":{"@id":"https:\/\/gongcenter.ch\/produkt\/olihess-profi-gong-mallet-m305\/#breadcrumb"},"inLanguage":"en-US","potentialAction":[{"@type":"ReadAction","target":["https:\/\/gongcenter.ch\/produkt\/olihess-profi-gong-mallet-m305\/"]}]},{"@type":"ImageObject","inLanguage":"en-US","@id":"https:\/\/gongcenter.ch\/produkt\/olihess-profi-gong-mallet-m305\/#primaryimage","url":"https:\/\/gongcenter.ch\/app\/uploads\/2022\/09\/profi-gong-mallet-m305-pink-768x768-1.jpg","contentUrl":"https:\/\/gongcenter.ch\/app\/uploads\/2022\/09\/profi-gong-mallet-m305-pink-768x768-1.jpg","width":768,"height":768},{"@type":"BreadcrumbList","@id":"https:\/\/gongcenter.ch\/produkt\/olihess-profi-gong-mallet-m305\/#breadcrumb","itemListElement":[{"@type":"ListItem","position":1,"name":"Startseite","item":"https:\/\/gongcenter.ch\/en\/"},{"@type":"ListItem","position":2,"name":"Shop","item":"https:\/\/gongcenter.ch\/en\/shop\/"},{"@type":"ListItem","position":3,"name":"Olihess Profi Gong Mallet M305"}]},{"@type":"WebSite","@id":"https:\/\/gongcenter.ch\/#website","url":"https:\/\/gongcenter.ch\/","name":"Gong Center Schweiz I Dein Gong und Klanginstrumente Fachgesch\u00e4ft","description":"Entdecke eine grosse Gong Auswahl sowie weitere Klanginstrumente - Wir sind Gong Klangtherapeut und bieten dir Top Qualit\u00e4t und Beratung.","publisher":{"@id":"https:\/\/gongcenter.ch\/#organization"},"potentialAction":[{"@type":"SearchAction","target":{"@type":"EntryPoint","urlTemplate":"https:\/\/gongcenter.ch\/?s={search_term_string}"},"query-input":{"@type":"PropertyValueSpecification","valueRequired":true,"valueName":"search_term_string"}}],"inLanguage":"en-US"},{"@type":"Organization","@id":"https:\/\/gongcenter.ch\/#organization","name":"Gongcenter Z\u00fcrich I Das Fachgesch\u00e4ft f\u00fcr Gong und Klang","url":"https:\/\/gongcenter.ch\/","logo":{"@type":"ImageObject","inLanguage":"en-US","@id":"https:\/\/gongcenter.ch\/#\/schema\/logo\/image\/","url":"https:\/\/gongcenter.ch\/app\/uploads\/2018\/05\/Gong-Center_Logo_2000_black.png","contentUrl":"https:\/\/gongcenter.ch\/app\/uploads\/2018\/05\/Gong-Center_Logo_2000_black.png","width":2000,"height":600,"caption":"Gongcenter Z\u00fcrich I Das Fachgesch\u00e4ft f\u00fcr Gong und Klang"},"image":{"@id":"https:\/\/gongcenter.ch\/#\/schema\/logo\/image\/"}}]}},"acf":[],"_links":{"self":[{"href":"https:\/\/gongcenter.ch\/en\/wp-json\/wp\/v2\/product\/27942","targetHints":{"allow":["GET"]}}],"collection":[{"href":"https:\/\/gongcenter.ch\/en\/wp-json\/wp\/v2\/product"}],"about":[{"href":"https:\/\/gongcenter.ch\/en\/wp-json\/wp\/v2\/types\/product"}],"wp:featuredmedia":[{"embeddable":true,"href":"https:\/\/gongcenter.ch\/en\/wp-json\/wp\/v2\/media\/29972"}],"wp:attachment":[{"href":"https:\/\/gongcenter.ch\/en\/wp-json\/wp\/v2\/media?parent=27942"}],"wp:term":[{"taxonomy":"product_brand","embeddable":true,"href":"https:\/\/gongcenter.ch\/en\/wp-json\/wp\/v2\/product_brand?post=27942"},{"taxonomy":"product_cat","embeddable":true,"href":"https:\/\/gongcenter.ch\/en\/wp-json\/wp\/v2\/product_cat?post=27942"},{"taxonomy":"product_tag","embeddable":true,"href":"https:\/\/gongcenter.ch\/en\/wp-json\/wp\/v2\/product_tag?post=27942"}],"curies":[{"name":"wp","href":"https:\/\/api.w.org\/{rel}","templated":true}]}}