{"id":27943,"date":"2021-06-04T13:23:42","date_gmt":"2021-06-04T12:23:42","guid":{"rendered":"https:\/\/gongcenter.ch\/product\/profi-gong-mallet-m-174\/"},"modified":"2024-02-05T18:53:11","modified_gmt":"2024-02-05T17:53:11","slug":"olihess-profi-gong-mallet-m-174","status":"publish","type":"product","link":"https:\/\/gongcenter.ch\/en\/product\/olihess-profi-gong-mallet-m-174\/","title":{"rendered":"Olihess Profi Gong Mallet M 174"},"content":{"rendered":"<p class=\"p1\">Hier ist er, der perfekte Gong-Mallet fu\u0308r alle Gelegenheiten:<\/p>\n<p class=\"p1\">der Profi Gong Mallet M174.Mit\u00a0seiner handlichen Gr\u00f6\u00dfe und dem geringen Gewicht eignet er sich fu\u0308r alle kleinen und gro\u00dfen\u00a0Gongs, die viel Feingefu\u0308hl beim Spielen ben\u00f6tigen, damit sie ihren Klang entfalten k\u00f6nnen.<\/p>\n<p class=\"p1\">Olli Hess hat einen sch\u00f6nen kleinen Gong-Mallet entwickelt, den M174. Wie immer steckt hinter diesem Mallet ein Produkt, dass mit viel Gespu\u0308r fu\u0308r Klang entwickelt wurde.<\/p>\n<p class=\"p1\">Er unterscheidet sich von den anderen Gong-Mallets von ollihess vor allem in seiner Gr\u00f6\u00dfe und dem Gewicht und im Verwendungszweck.<\/p>\n<p class=\"p1\">Der Profi Gong Mallet M174 ist der richtige Mallet, wenn du gerne mit Schl\u00e4gelpaaren spielst. Mit dem nur 20 cm langen Griff aus gewachster Buche lassen sich n\u00e4mlich aufgrund der kleinen Hebelwirkung gut schneller Rhythmen spielen.<\/p>\n<p class=\"p1\">Der Griffdurchmesser betr\u00e4gt 17,55 mm, das Ende ist etwas dicker als der Stiel und liegt deshalb sehr gut in der Hand.<\/p>\n<p class=\"p1\">Weil der Griff so kurz ist, kann es auch nicht passieren, dass er beim Spielen aus Versehen den Gong beru\u0308hrt. Dadurch gibt es keine st\u00f6renden klirrenden T\u00f6ne beim Spielen, beispielsweise bei einer Meditation.<\/p>\n<p class=\"p1\">Der Mallet ist aber auch das richtige Zubeh\u00f6r fu\u0308r Gongspieler, die einen Schl\u00e4gel mit wenig Gewicht haben wollen, denn er wiegt nur 174 g.<\/p>\n<p class=\"p1\">Das geringe Gewicht h\u00e4ngt einerseits mit dem kurzen Griff zusammen, andererseits mit dem Durchmesser des Kopfes, der beim M 174 nur 7,2 cm betr\u00e4gt.<\/p>\n<p class=\"p1\">Mit dem kleinen Schl\u00e4gelkopf wird eine gro\u00dfe Wirkung erzielt, indem der Kopf speziell aufgebaut ist. Der Kern besteht aus Naturkautschuk, einem leichten Material, das aber trotzdem klare T\u00f6ne erzeugt, die Ummantelung besteht aus Wellnmessfleece.<\/p>\n<p class=\"p1\">Mit dem kleinen Kopf ist der Mallet fu\u0308r kleine Gongs sehr gut geeignet, zum Beispiel fu\u0308r Fen Gongs. Diese flachen Messinggongs lassen sich sehr schnell in Schwingung versetzen und brauchen deshalb leichte Schl\u00e4gel, die sie nicht zu sehr strapazieren. Aber auch fu\u0308r alle anderen Gongs ab 40 cm Durchmesser aufw\u00e4rts ist der Profi Gong Mallet M174 geeignet.<\/p>\n<p class=\"p1\">Die Wellnessfleece-Ummantelung ist in verschiedenen Farben erh\u00e4ltlich, von ged\u00e4mpften bis hin zu auff\u00e4lligen, du kannst dir die Farbe aussuchen, die dir am besten gef\u00e4llt.<\/p>\n<p class=\"p1\">Wenn du einen Mallet zum Gongspielen suchst, der sowohl klein und handlich ist, als auch brillante T\u00f6ne erzeugt, bist du mit dem Profi Gong Mallet M174 sehr gut bedient.<\/p>\n<p class=\"p1\">Denn mit diesem Mallet lassen sich Gongs jeder Art spielen und der Klang, den der Mallet erzeugt, u\u0308berzeugt garantiert jeden Profi. Ein Vorteil des M174 ist auch, dass du ihn, weil er so leicht ist, sehr lange ohne Probleme halten kannst, ohne dass dir nach einer Weile die Handgelenke wehtun. Das ist doch ein Grund, sich fu\u0308r diesen Gong-Mallet zu entscheiden!<\/p>\n<p class=\"p1\">Der Profi Gong Mallet M174 ist ein weiteres Qualit\u00e4tsprodukt aus der Werkstatt von Olli Hess. Er zeichnet sich nicht nur durch seine ausgezeichnete handwerkliche Verarbeitung aus. Die verarbeiteten Materialien wurden sehr sorgf\u00e4ltig ausgesucht, stammen zum gro\u00dfen Teil aus der Region und werden in liebevoller Handarbeit zu diesem Gong-Mallet zusammengefu\u0308gt.<\/p>\n","protected":false},"excerpt":{"rendered":"<table width=\"100%\">\r\n<tbody>\r\n<tr>\r\n<td width=\"180\"><span style=\"font-size: 14px;\">Gewicht:<\/span><\/td>\r\n<td><span style=\"font-size: 14px;\">ca. 174 g<\/span><\/td>\r\n<\/tr>\r\n<tr>\r\n<td width=\"180\"><span style=\"font-size: 14px;\">Griff \u00f8:<\/span><\/td>\r\n<td><span style=\"font-size: 14px;\">ca. 17,55 mm<\/span><\/td>\r\n<\/tr>\r\n<tr>\r\n<td width=\"180\"><span style=\"font-size: 14px;\">Griff L\u00e4nge:<\/span><\/td>\r\n<td><span style=\"font-size: 14px;\">ca. 20 cm<\/span><\/td>\r\n<\/tr>\r\n<tr>\r\n<td width=\"180\"><span style=\"font-size: 14px;\">Kopf \u00f8:<\/span><\/td>\r\n<td><span style=\"font-size: 14px;\">ca. 7,2 cm.<\/span><\/td>\r\n<\/tr>\r\n<tr>\r\n<td width=\"180\"><span style=\"font-size: 14px;\">Material:<\/span><\/td>\r\n<td><span style=\"font-size: 14px;\">Buche biologisch gewachst \/ Fleece<\/span><\/td>\r\n<\/tr>\r\n<\/tbody>\r\n<\/table>","protected":false},"featured_media":29974,"template":"","meta":[],"product_brand":[],"product_cat":[65],"product_tag":[],"class_list":{"0":"post-27943","1":"product","2":"type-product","3":"status-publish","4":"has-post-thumbnail","6":"brands-ollihess","7":"product_cat-gong-zubehoer-mallets-schlaegel","8":"product_shipping_class-bis-199-chf-9-90-chf","10":"first","11":"instock","12":"taxable","13":"shipping-taxable","14":"purchasable","15":"product-type-variable"},"yoast_head":"<!-- This site is optimized with the Yoast SEO plugin v27.0 - https:\/\/yoast.com\/product\/yoast-seo-wordpress\/ -->\n<title>Ollihess Profi Gong Mallet 174<\/title>\n<meta name=\"description\" content=\"Mit\u00a0seiner handlichen Gr\u00f6\u00dfe und dem geringen Gewicht eignet er sich fu\u0308r alle\u00a0Gongs, die viel Feingefu\u0308hl beim Spielen ben\u00f6tigen.\" \/>\n<meta name=\"robots\" content=\"index, follow, max-snippet:-1, max-image-preview:large, max-video-preview:-1\" \/>\n<link rel=\"canonical\" href=\"https:\/\/gongcenter.ch\/produkt\/olihess-profi-gong-mallet-m-174\/\" \/>\n<meta property=\"og:locale\" content=\"en_US\" \/>\n<meta property=\"og:type\" content=\"article\" \/>\n<meta property=\"og:title\" content=\"Ollihess Profi Gong Mallet 174\" \/>\n<meta property=\"og:description\" content=\"Mit\u00a0seiner handlichen Gr\u00f6\u00dfe und dem geringen Gewicht eignet er sich fu\u0308r alle\u00a0Gongs, die viel Feingefu\u0308hl beim Spielen ben\u00f6tigen.\" \/>\n<meta property=\"og:url\" content=\"https:\/\/gongcenter.ch\/produkt\/olihess-profi-gong-mallet-m-174\/\" \/>\n<meta property=\"og:site_name\" content=\"Gong Center Schweiz I Dein Gong und Klanginstrumente Fachgesch\u00e4ft\" \/>\n<meta property=\"article:modified_time\" content=\"2024-02-05T17:53:11+00:00\" \/>\n<meta property=\"og:image\" content=\"https:\/\/gongcenter.ch\/app\/uploads\/2022\/09\/profi-gong-mallet-m174-dunkelblau-768x768-1.png\" \/>\n\t<meta property=\"og:image:width\" content=\"1000\" \/>\n\t<meta property=\"og:image:height\" content=\"1000\" \/>\n\t<meta property=\"og:image:type\" content=\"image\/png\" \/>\n<meta name=\"twitter:card\" content=\"summary_large_image\" \/>\n<meta name=\"twitter:label1\" content=\"Est. reading time\" \/>\n\t<meta name=\"twitter:data1\" content=\"3 minutes\" \/>\n<!-- \/ Yoast SEO plugin. -->","yoast_head_json":{"title":"Ollihess Profi Gong Mallet 174","description":"Mit\u00a0seiner handlichen Gr\u00f6\u00dfe und dem geringen Gewicht eignet er sich fu\u0308r alle\u00a0Gongs, die viel Feingefu\u0308hl beim Spielen ben\u00f6tigen.","robots":{"index":"index","follow":"follow","max-snippet":"max-snippet:-1","max-image-preview":"max-image-preview:large","max-video-preview":"max-video-preview:-1"},"canonical":"https:\/\/gongcenter.ch\/produkt\/olihess-profi-gong-mallet-m-174\/","og_locale":"en_US","og_type":"article","og_title":"Ollihess Profi Gong Mallet 174","og_description":"Mit\u00a0seiner handlichen Gr\u00f6\u00dfe und dem geringen Gewicht eignet er sich fu\u0308r alle\u00a0Gongs, die viel Feingefu\u0308hl beim Spielen ben\u00f6tigen.","og_url":"https:\/\/gongcenter.ch\/produkt\/olihess-profi-gong-mallet-m-174\/","og_site_name":"Gong Center Schweiz I Dein Gong und Klanginstrumente Fachgesch\u00e4ft","article_modified_time":"2024-02-05T17:53:11+00:00","og_image":[{"width":1000,"height":1000,"url":"https:\/\/gongcenter.ch\/app\/uploads\/2022\/09\/profi-gong-mallet-m174-dunkelblau-768x768-1.png","type":"image\/png"}],"twitter_card":"summary_large_image","twitter_misc":{"Est. reading time":"3 minutes"},"schema":{"@context":"https:\/\/schema.org","@graph":[{"@type":"WebPage","@id":"https:\/\/gongcenter.ch\/produkt\/olihess-profi-gong-mallet-m-174\/","url":"https:\/\/gongcenter.ch\/produkt\/olihess-profi-gong-mallet-m-174\/","name":"Ollihess Profi Gong Mallet 174","isPartOf":{"@id":"https:\/\/gongcenter.ch\/#website"},"primaryImageOfPage":{"@id":"https:\/\/gongcenter.ch\/produkt\/olihess-profi-gong-mallet-m-174\/#primaryimage"},"image":{"@id":"https:\/\/gongcenter.ch\/produkt\/olihess-profi-gong-mallet-m-174\/#primaryimage"},"thumbnailUrl":"https:\/\/gongcenter.ch\/app\/uploads\/2022\/09\/profi-gong-mallet-m174-dunkelblau-768x768-1.png","datePublished":"2021-06-04T12:23:42+00:00","dateModified":"2024-02-05T17:53:11+00:00","description":"Mit\u00a0seiner handlichen Gr\u00f6\u00dfe und dem geringen Gewicht eignet er sich fu\u0308r alle\u00a0Gongs, die viel Feingefu\u0308hl beim Spielen ben\u00f6tigen.","breadcrumb":{"@id":"https:\/\/gongcenter.ch\/produkt\/olihess-profi-gong-mallet-m-174\/#breadcrumb"},"inLanguage":"en-US","potentialAction":[{"@type":"ReadAction","target":["https:\/\/gongcenter.ch\/produkt\/olihess-profi-gong-mallet-m-174\/"]}]},{"@type":"ImageObject","inLanguage":"en-US","@id":"https:\/\/gongcenter.ch\/produkt\/olihess-profi-gong-mallet-m-174\/#primaryimage","url":"https:\/\/gongcenter.ch\/app\/uploads\/2022\/09\/profi-gong-mallet-m174-dunkelblau-768x768-1.png","contentUrl":"https:\/\/gongcenter.ch\/app\/uploads\/2022\/09\/profi-gong-mallet-m174-dunkelblau-768x768-1.png","width":1000,"height":1000},{"@type":"BreadcrumbList","@id":"https:\/\/gongcenter.ch\/produkt\/olihess-profi-gong-mallet-m-174\/#breadcrumb","itemListElement":[{"@type":"ListItem","position":1,"name":"Startseite","item":"https:\/\/gongcenter.ch\/en\/"},{"@type":"ListItem","position":2,"name":"Shop","item":"https:\/\/gongcenter.ch\/en\/shop\/"},{"@type":"ListItem","position":3,"name":"Olihess Profi Gong Mallet M 174"}]},{"@type":"WebSite","@id":"https:\/\/gongcenter.ch\/#website","url":"https:\/\/gongcenter.ch\/","name":"Gong Center Schweiz I Dein Gong und Klanginstrumente Fachgesch\u00e4ft","description":"Entdecke eine grosse Gong Auswahl sowie weitere Klanginstrumente - Wir sind Gong Klangtherapeut und bieten dir Top Qualit\u00e4t und Beratung.","publisher":{"@id":"https:\/\/gongcenter.ch\/#organization"},"potentialAction":[{"@type":"SearchAction","target":{"@type":"EntryPoint","urlTemplate":"https:\/\/gongcenter.ch\/?s={search_term_string}"},"query-input":{"@type":"PropertyValueSpecification","valueRequired":true,"valueName":"search_term_string"}}],"inLanguage":"en-US"},{"@type":"Organization","@id":"https:\/\/gongcenter.ch\/#organization","name":"Gongcenter Z\u00fcrich I Das Fachgesch\u00e4ft f\u00fcr Gong und Klang","url":"https:\/\/gongcenter.ch\/","logo":{"@type":"ImageObject","inLanguage":"en-US","@id":"https:\/\/gongcenter.ch\/#\/schema\/logo\/image\/","url":"https:\/\/gongcenter.ch\/app\/uploads\/2018\/05\/Gong-Center_Logo_2000_black.png","contentUrl":"https:\/\/gongcenter.ch\/app\/uploads\/2018\/05\/Gong-Center_Logo_2000_black.png","width":2000,"height":600,"caption":"Gongcenter Z\u00fcrich I Das Fachgesch\u00e4ft f\u00fcr Gong und Klang"},"image":{"@id":"https:\/\/gongcenter.ch\/#\/schema\/logo\/image\/"}}]}},"acf":[],"_links":{"self":[{"href":"https:\/\/gongcenter.ch\/en\/wp-json\/wp\/v2\/product\/27943","targetHints":{"allow":["GET"]}}],"collection":[{"href":"https:\/\/gongcenter.ch\/en\/wp-json\/wp\/v2\/product"}],"about":[{"href":"https:\/\/gongcenter.ch\/en\/wp-json\/wp\/v2\/types\/product"}],"wp:featuredmedia":[{"embeddable":true,"href":"https:\/\/gongcenter.ch\/en\/wp-json\/wp\/v2\/media\/29974"}],"wp:attachment":[{"href":"https:\/\/gongcenter.ch\/en\/wp-json\/wp\/v2\/media?parent=27943"}],"wp:term":[{"taxonomy":"product_brand","embeddable":true,"href":"https:\/\/gongcenter.ch\/en\/wp-json\/wp\/v2\/product_brand?post=27943"},{"taxonomy":"product_cat","embeddable":true,"href":"https:\/\/gongcenter.ch\/en\/wp-json\/wp\/v2\/product_cat?post=27943"},{"taxonomy":"product_tag","embeddable":true,"href":"https:\/\/gongcenter.ch\/en\/wp-json\/wp\/v2\/product_tag?post=27943"}],"curies":[{"name":"wp","href":"https:\/\/api.w.org\/{rel}","templated":true}]}}