{"id":27944,"date":"2021-06-04T13:23:42","date_gmt":"2021-06-04T12:23:42","guid":{"rendered":"https:\/\/gongcenter.ch\/product\/profi-gong-mallet-lite\/"},"modified":"2023-04-18T11:39:39","modified_gmt":"2023-04-18T10:39:39","slug":"olihess-profi-gong-mallet-lite","status":"publish","type":"product","link":"https:\/\/gongcenter.ch\/en\/product\/olihess-profi-gong-mallet-lite\/","title":{"rendered":"Olihess Profi Gong Mallet lite"},"content":{"rendered":"<p class=\"p1\"><strong>Der richtige Gong-Mallet fu\u0308r jede Gelegenheit<\/strong><\/p>\n<p class=\"p1\">Der Gong ist ein Instrument, das h\u00e4ufige zum Einsatz kommt, sei es als Effektinstrument in Orchesterwerken, in Solostu\u0308cken oder im Therapiebereich. Genauso vielf\u00e4ltig wie die Bandbreite der Gongs sind die dazugeh\u00f6rigen Schl\u00e4gel, die Gong Mallets. Ein v\u00f6llig neuer Gong Mallet ist der PGM-lite 200.<\/p>\n<p class=\"p1\">Den richtigen Gong Mallet fu\u0308r das eigene Instrument auszusuchen scheint erst einmal eine einfache Aufgabe zu sein. Aber es gibt doch einiges zu bedenken, den die Vielfalt der Gongschl\u00e4gel ist gro\u00df. Sie unterscheiden sich in Gr\u00f6\u00dfe, Gewicht und Material. Zudem ist wichtig, dass das Gewicht von Stiel und Kopf in einem guten Verh\u00e4ltnis stehen und der Mallet damit gut ausbalanciert ist, vor allem, wenn er h\u00e4ufig benutzt wird. Man kennt das Gefu\u0308hl, wenn der Schl\u00e4gel schlecht in der Hand liegt und zum Kippen neigt und deshalb besonders fest gehalten werden muss. Das fu\u0308hrt zu Verkrampfungen des Handgelenks. Mit dem PGM-lite 200 ist das ganz anders. Denn mit diesem Schl\u00e4gel kommt ein ganz neues Spielgefu\u0308hl zustande.<\/p>\n<p class=\"p1\">Was unterscheidet den PGM-lite 200 von anderen Schl\u00e4geln von ollihess.de? Ganz einfach, es wurden neue Proportionen und Materialien entwickelt. Stiell\u00e4nge und Kopfgr\u00f6\u00dfe des Schl\u00e4gels sind perfekt aufeinander abgestimmt. Der Mallet wiegt nur 200 g und ist damit federleicht, ein Genuss fu\u0308r jeden Spieler. Der Stiel aus Buchenholz ist schlank, liegt gut in der Hand und l\u00e4sst sich an jeder beliebigen Stelle greifen.<\/p>\n<p class=\"p1\">Der Kern des Gong Mallet PGM-lite 200 besteht aus speziell entwickeltem Filz, der Kopf hat einen Durchmesser von 10 cm, was man bei einem solch leichten Schl\u00e4gel nicht erwartet. Durch den gro\u00dfen Kopf entfaltet sich beim Spielen trotz des insgesamt geringen Gewicht des Schl\u00e4gels das volle Klangvolumen des Gongs. Die Ummantelung besteht aus hochwertigem Wellness-Fleece. Dieses Material ist besonders widerstandsf\u00e4hig gegen Abrieb, wodurch der Mallet lange h\u00e4lt. Der weiche Kopf des Gong Mallet garantiert auch, dass beim Spielen am Gong keine Kratzer entstehen. Der Gong Mallet PGM-lite 200 ist in der Farbe Sand erh\u00e4ltlich.<\/p>\n<p class=\"p1\">Du suchst einen passenden Gong Mallet? Mit dem PGM-lite 200 hast du den richtigen gefunden, denn das leichte Gewicht fu\u0308hrt dazu, dass du den Schl\u00e4gel lange halten kannst, ohne dass deine Handgelenke ermu\u0308den. Zudem h\u00e4lt der Schl\u00e4gel durch die Fleece-Ummantelung sehr lange. Er ist seinen Preis garantiert wert.<\/p>\n","protected":false},"excerpt":{"rendered":"Kopf: \u00f8 10 cm\r\n\r\nGewicht: ca: 200 g\r\n\r\nGriff \u00f8 : 22,5 mm\r\n\r\nGesamtl\u00e4nge: 38 cm\r\n\r\nWellness-Fleece","protected":false},"featured_media":29976,"template":"","meta":[],"product_brand":[],"product_cat":[65],"product_tag":[],"class_list":{"0":"post-27944","1":"product","2":"type-product","3":"status-publish","4":"has-post-thumbnail","6":"brands-ollihess","7":"product_cat-gong-zubehoer-mallets-schlaegel","8":"product_shipping_class-bis-199-chf-9-90-chf","10":"first","11":"instock","12":"taxable","13":"shipping-taxable","14":"purchasable","15":"product-type-variable"},"yoast_head":"<!-- This site is optimized with the Yoast SEO plugin v27.0 - https:\/\/yoast.com\/product\/yoast-seo-wordpress\/ -->\n<title>Olihess Profi Gong Mallet lite<\/title>\n<meta name=\"description\" content=\"Mit dem PGM-lite 100\/200 hast du den richtigen Schl\u00e4gel gefunden, denn das leichte Gewicht fu\u0308hrt dazu, dass du den Schl\u00e4gel lange halten kannst.\" \/>\n<meta name=\"robots\" content=\"index, follow, max-snippet:-1, max-image-preview:large, max-video-preview:-1\" \/>\n<link rel=\"canonical\" href=\"https:\/\/gongcenter.ch\/en\/produkt\/olihess-profi-gong-mallet-lite\/\" \/>\n<meta property=\"og:locale\" content=\"en_US\" \/>\n<meta property=\"og:type\" content=\"article\" \/>\n<meta property=\"og:title\" content=\"Olihess Profi Gong Mallet lite\" \/>\n<meta property=\"og:description\" content=\"Mit dem PGM-lite 100\/200 hast du den richtigen Schl\u00e4gel gefunden, denn das leichte Gewicht fu\u0308hrt dazu, dass du den Schl\u00e4gel lange halten kannst.\" \/>\n<meta property=\"og:url\" content=\"https:\/\/gongcenter.ch\/en\/produkt\/olihess-profi-gong-mallet-lite\/\" \/>\n<meta property=\"og:site_name\" content=\"Gong Center Schweiz I Dein Gong und Klanginstrumente Fachgesch\u00e4ft\" \/>\n<meta property=\"article:modified_time\" content=\"2023-04-18T10:39:39+00:00\" \/>\n<meta property=\"og:image\" content=\"https:\/\/gongcenter.ch\/app\/uploads\/2022\/09\/lite-gong-mallet-100-768x614-1.png\" \/>\n\t<meta property=\"og:image:width\" content=\"1000\" \/>\n\t<meta property=\"og:image:height\" content=\"1000\" \/>\n\t<meta property=\"og:image:type\" content=\"image\/png\" \/>\n<meta name=\"twitter:card\" content=\"summary_large_image\" \/>\n<meta name=\"twitter:label1\" content=\"Est. reading time\" \/>\n\t<meta name=\"twitter:data1\" content=\"2 minutes\" \/>\n<!-- \/ Yoast SEO plugin. -->","yoast_head_json":{"title":"Olihess Profi Gong Mallet lite","description":"Mit dem PGM-lite 100\/200 hast du den richtigen Schl\u00e4gel gefunden, denn das leichte Gewicht fu\u0308hrt dazu, dass du den Schl\u00e4gel lange halten kannst.","robots":{"index":"index","follow":"follow","max-snippet":"max-snippet:-1","max-image-preview":"max-image-preview:large","max-video-preview":"max-video-preview:-1"},"canonical":"https:\/\/gongcenter.ch\/en\/produkt\/olihess-profi-gong-mallet-lite\/","og_locale":"en_US","og_type":"article","og_title":"Olihess Profi Gong Mallet lite","og_description":"Mit dem PGM-lite 100\/200 hast du den richtigen Schl\u00e4gel gefunden, denn das leichte Gewicht fu\u0308hrt dazu, dass du den Schl\u00e4gel lange halten kannst.","og_url":"https:\/\/gongcenter.ch\/en\/produkt\/olihess-profi-gong-mallet-lite\/","og_site_name":"Gong Center Schweiz I Dein Gong und Klanginstrumente Fachgesch\u00e4ft","article_modified_time":"2023-04-18T10:39:39+00:00","og_image":[{"width":1000,"height":1000,"url":"https:\/\/gongcenter.ch\/app\/uploads\/2022\/09\/lite-gong-mallet-100-768x614-1.png","type":"image\/png"}],"twitter_card":"summary_large_image","twitter_misc":{"Est. reading time":"2 minutes"},"schema":{"@context":"https:\/\/schema.org","@graph":[{"@type":"WebPage","@id":"https:\/\/gongcenter.ch\/en\/produkt\/olihess-profi-gong-mallet-lite\/","url":"https:\/\/gongcenter.ch\/en\/produkt\/olihess-profi-gong-mallet-lite\/","name":"Olihess Profi Gong Mallet lite","isPartOf":{"@id":"https:\/\/gongcenter.ch\/#website"},"primaryImageOfPage":{"@id":"https:\/\/gongcenter.ch\/en\/produkt\/olihess-profi-gong-mallet-lite\/#primaryimage"},"image":{"@id":"https:\/\/gongcenter.ch\/en\/produkt\/olihess-profi-gong-mallet-lite\/#primaryimage"},"thumbnailUrl":"https:\/\/gongcenter.ch\/app\/uploads\/2022\/09\/lite-gong-mallet-100-768x614-1.png","datePublished":"2021-06-04T12:23:42+00:00","dateModified":"2023-04-18T10:39:39+00:00","description":"Mit dem PGM-lite 100\/200 hast du den richtigen Schl\u00e4gel gefunden, denn das leichte Gewicht fu\u0308hrt dazu, dass du den Schl\u00e4gel lange halten kannst.","breadcrumb":{"@id":"https:\/\/gongcenter.ch\/en\/produkt\/olihess-profi-gong-mallet-lite\/#breadcrumb"},"inLanguage":"en-US","potentialAction":[{"@type":"ReadAction","target":["https:\/\/gongcenter.ch\/en\/produkt\/olihess-profi-gong-mallet-lite\/"]}]},{"@type":"ImageObject","inLanguage":"en-US","@id":"https:\/\/gongcenter.ch\/en\/produkt\/olihess-profi-gong-mallet-lite\/#primaryimage","url":"https:\/\/gongcenter.ch\/app\/uploads\/2022\/09\/lite-gong-mallet-100-768x614-1.png","contentUrl":"https:\/\/gongcenter.ch\/app\/uploads\/2022\/09\/lite-gong-mallet-100-768x614-1.png","width":1000,"height":1000},{"@type":"BreadcrumbList","@id":"https:\/\/gongcenter.ch\/en\/produkt\/olihess-profi-gong-mallet-lite\/#breadcrumb","itemListElement":[{"@type":"ListItem","position":1,"name":"Startseite","item":"https:\/\/gongcenter.ch\/en\/"},{"@type":"ListItem","position":2,"name":"Shop","item":"https:\/\/gongcenter.ch\/en\/shop\/"},{"@type":"ListItem","position":3,"name":"Olihess Profi Gong Mallet lite"}]},{"@type":"WebSite","@id":"https:\/\/gongcenter.ch\/#website","url":"https:\/\/gongcenter.ch\/","name":"Gong Center Schweiz I Dein Gong und Klanginstrumente Fachgesch\u00e4ft","description":"Entdecke eine grosse Gong Auswahl sowie weitere Klanginstrumente - Wir sind Gong Klangtherapeut und bieten dir Top Qualit\u00e4t und Beratung.","publisher":{"@id":"https:\/\/gongcenter.ch\/#organization"},"potentialAction":[{"@type":"SearchAction","target":{"@type":"EntryPoint","urlTemplate":"https:\/\/gongcenter.ch\/?s={search_term_string}"},"query-input":{"@type":"PropertyValueSpecification","valueRequired":true,"valueName":"search_term_string"}}],"inLanguage":"en-US"},{"@type":"Organization","@id":"https:\/\/gongcenter.ch\/#organization","name":"Gongcenter Z\u00fcrich I Das Fachgesch\u00e4ft f\u00fcr Gong und Klang","url":"https:\/\/gongcenter.ch\/","logo":{"@type":"ImageObject","inLanguage":"en-US","@id":"https:\/\/gongcenter.ch\/#\/schema\/logo\/image\/","url":"https:\/\/gongcenter.ch\/app\/uploads\/2018\/05\/Gong-Center_Logo_2000_black.png","contentUrl":"https:\/\/gongcenter.ch\/app\/uploads\/2018\/05\/Gong-Center_Logo_2000_black.png","width":2000,"height":600,"caption":"Gongcenter Z\u00fcrich I Das Fachgesch\u00e4ft f\u00fcr Gong und Klang"},"image":{"@id":"https:\/\/gongcenter.ch\/#\/schema\/logo\/image\/"}}]}},"acf":[],"_links":{"self":[{"href":"https:\/\/gongcenter.ch\/en\/wp-json\/wp\/v2\/product\/27944","targetHints":{"allow":["GET"]}}],"collection":[{"href":"https:\/\/gongcenter.ch\/en\/wp-json\/wp\/v2\/product"}],"about":[{"href":"https:\/\/gongcenter.ch\/en\/wp-json\/wp\/v2\/types\/product"}],"wp:featuredmedia":[{"embeddable":true,"href":"https:\/\/gongcenter.ch\/en\/wp-json\/wp\/v2\/media\/29976"}],"wp:attachment":[{"href":"https:\/\/gongcenter.ch\/en\/wp-json\/wp\/v2\/media?parent=27944"}],"wp:term":[{"taxonomy":"product_brand","embeddable":true,"href":"https:\/\/gongcenter.ch\/en\/wp-json\/wp\/v2\/product_brand?post=27944"},{"taxonomy":"product_cat","embeddable":true,"href":"https:\/\/gongcenter.ch\/en\/wp-json\/wp\/v2\/product_cat?post=27944"},{"taxonomy":"product_tag","embeddable":true,"href":"https:\/\/gongcenter.ch\/en\/wp-json\/wp\/v2\/product_tag?post=27944"}],"curies":[{"name":"wp","href":"https:\/\/api.w.org\/{rel}","templated":true}]}}