{"id":27945,"date":"2021-06-04T13:23:43","date_gmt":"2021-06-04T12:23:43","guid":{"rendered":"https:\/\/gongcenter.ch\/product\/profi-gong-mallet-l815\/"},"modified":"2024-02-05T18:58:56","modified_gmt":"2024-02-05T17:58:56","slug":"ollihess-profi-gong-mallet-l815","status":"publish","type":"product","link":"https:\/\/gongcenter.ch\/en\/product\/ollihess-profi-gong-mallet-l815\/","title":{"rendered":"Ollihess Profi Gong Mallet L815"},"content":{"rendered":"<p><span style=\"font-size: 16px;\"><strong>Grosser\u00a0 Mallet f\u00fcr vollen Klang bei gro\u00dfen Gongs<\/strong><\/span><\/p>\n<p>Power und voller Klang: Mit dem Profi Gong Mallet L815 kannst du das gewaltige Volumen eines gro\u00dfen Gongs voll aussch\u00f6pfen. Im Vergleich zu vielen anderen Schl\u00e4geln f\u00fcr gro\u00dfe Gongs ist er leicht und handlich und l\u00e4sst sich auch mit geringem Kraftaufwand optimal einsetzen. Der super weiche Kautschuk-Kopf erzeugt tiefe und warme T\u00f6ne ohne ein st\u00f6rendes Anschlagger\u00e4usch<\/p>\n<p><strong>Leicht und immer angenehm in deiner Hand<\/strong><\/p>\n<p>Wir haben zugeh\u00f6rt und den Schl\u00e4gel perfekt an deine Bed\u00fcrfnisse angepasst: Mit seiner ergonomischen Form und dem verdickten Griff liegt auch unser gr\u00f6\u00dfter Gong Mallet angenehm weich in deiner Hand. Der Griff wurde aus biologisch gewachster Buche gefertigt und am Ende leicht verdickt. So f\u00fchlt er sich in jeder Position gut an und nutzt sich nicht einseitig ab.<\/p>\n<p>Mit einem Gewicht von 815 Gramm und einer L\u00e4nge von 42,5 Zentimetern ist der Profi Gong Mallet L815 zwar unser gr\u00f6\u00dfter Schl\u00e4gel \u2013\u00a0im Vergleich zu anderen Modellen auf dem Markt jedoch noch immer relativ klein. Dennoch machst du keinerlei Abstriche beim Klang.<\/p>\n<p><strong>Super weicher Kautschukkopf f\u00fcr warme und tiefe T\u00f6ne<\/strong><\/p>\n<p>Den Naturkautuschukkopf haben wir speziell f\u00fcr diesen Mallet entwickelt. Seine Softness ist perfekt f\u00fcr das Spielen auf gro\u00dfen Gongs abgestimmt. So reduzieren wir Anschlagger\u00e4usche auf ein Minimum und sorgen f\u00fcr dein optimales Klangerlebnis.<\/p>\n<p><strong>Lange Haltbarkeit<\/strong><\/p>\n<p>Wir m\u00f6chten, dass du lange Freude an deinem Mallet hast. Die Ummantelung des Kopfes unseres Profi Gong Mallet L815 besteht aus einem hochwertigen und besonders widerstandsf\u00e4higen Wellness-Fleece. Das sch\u00fctzt den Schl\u00e4gel vor Abrieb und verursacht keine Kratzer auf deinem Gong.<\/p>\n<p><strong>Profi Gong Mallet L815: Dein veganer Gong Mallet<\/strong><\/p>\n<p>Mit unserem Profi Gong Mallet L815 sind wir den n\u00e4chsten wichtigen Schritt zu einer noch nachhaltigeren Produktion gegangen. Vom Griff bis zum Kopf \u2013 alle eingesetzten Materialien sind vegan.<\/p>\n<p><strong>Faire Produktion und hochwertige Handarbeit<\/strong><\/p>\n<p>Wir machen keine Kompromisse. Unsere Produktion ist zu 100% nachhaltig und die Arbeitsbedingungen fair. Wie all unsere Produkt wird auch der Profi Gong Mallet L815 in Handarbeit in Deutschland hergestellt. Die Materialen beziehen wir immer aus der nahen Region. Wir lieben es, Ideen Form und Farbe zu geben und dich mit unseren Produkten zu inspirieren. Im Bereich\u00a0<a href=\"https:\/\/www.ollihess.de\/olli-hess\/\">\u201e<u>\u00dcber Olli Hess<\/u>\u201c<\/a>\u00a0erf\u00e4hrst du mehr \u00fcber unsere Vision, die Materialen und unsere Herstellungsprozesse.<\/p>\n","protected":false},"excerpt":{"rendered":"Einsatzgebiete: alle gr\u00f6\u00dferen Gongs, TamTam Gongs, Fen Gongs\r\n\r\nT\u00f6ne: tiefe und warme T\u00f6ne mit gro\u00dfem Volumen\r\n\r\nGewicht: 815 g\r\n\r\nGesamtl\u00e4nge: 42,5 cm\r\n\r\nGriffl\u00e4nge: 35,5 cm\r\n\r\nGriff \u00f8: ca. 3 cm\r\n\r\nKopf \u00f8: Kautschuk \u00f8 10 cm\r\n\r\nMaterial: biologisch gewachste Buche \/ Naturkautschuk Kern, ummantelt mit Wellness-Fleece (komplett vegan)\r\n\r\nFarben: in 17 verschiedenen Farben erh\u00e4ltlich","protected":false},"featured_media":29978,"template":"","meta":[],"product_brand":[],"product_cat":[65],"product_tag":[],"class_list":{"0":"post-27945","1":"product","2":"type-product","3":"status-publish","4":"has-post-thumbnail","6":"brands-ollihess","7":"product_cat-gong-zubehoer-mallets-schlaegel","8":"product_shipping_class-bis-199-chf-9-90-chf","10":"first","11":"instock","12":"taxable","13":"shipping-taxable","14":"purchasable","15":"product-type-variable"},"yoast_head":"<!-- This site is optimized with the Yoast SEO plugin v27.0 - https:\/\/yoast.com\/product\/yoast-seo-wordpress\/ -->\n<title>Ollihess Profi Gong Mallet L815<\/title>\n<meta name=\"description\" content=\"Power und voller Klang: Mit dem Profi Gong Mallet L815 kannst du das gewaltige Volumen eines grossen Gongs voll aussch\u00f6pfen.\" \/>\n<meta name=\"robots\" content=\"index, follow, max-snippet:-1, max-image-preview:large, max-video-preview:-1\" \/>\n<link rel=\"canonical\" href=\"https:\/\/gongcenter.ch\/produkt\/ollihess-profi-gong-mallet-l815\/\" \/>\n<meta property=\"og:locale\" content=\"en_US\" \/>\n<meta property=\"og:type\" content=\"article\" \/>\n<meta property=\"og:title\" content=\"Ollihess Profi Gong Mallet L815\" \/>\n<meta property=\"og:description\" content=\"Power und voller Klang: Mit dem Profi Gong Mallet L815 kannst du das gewaltige Volumen eines grossen Gongs voll aussch\u00f6pfen.\" \/>\n<meta property=\"og:url\" content=\"https:\/\/gongcenter.ch\/produkt\/ollihess-profi-gong-mallet-l815\/\" \/>\n<meta property=\"og:site_name\" content=\"Gong Center Schweiz I Dein Gong und Klanginstrumente Fachgesch\u00e4ft\" \/>\n<meta property=\"article:modified_time\" content=\"2024-02-05T17:58:56+00:00\" \/>\n<meta property=\"og:image\" content=\"https:\/\/gongcenter.ch\/app\/uploads\/2022\/09\/profi-gong-mallet-l815-braun-768x768-1.png\" \/>\n\t<meta property=\"og:image:width\" content=\"1000\" \/>\n\t<meta property=\"og:image:height\" content=\"1000\" \/>\n\t<meta property=\"og:image:type\" content=\"image\/png\" \/>\n<meta name=\"twitter:card\" content=\"summary_large_image\" \/>\n<meta name=\"twitter:label1\" content=\"Est. reading time\" \/>\n\t<meta name=\"twitter:data1\" content=\"3 minutes\" \/>\n<!-- \/ Yoast SEO plugin. -->","yoast_head_json":{"title":"Ollihess Profi Gong Mallet L815","description":"Power und voller Klang: Mit dem Profi Gong Mallet L815 kannst du das gewaltige Volumen eines grossen Gongs voll aussch\u00f6pfen.","robots":{"index":"index","follow":"follow","max-snippet":"max-snippet:-1","max-image-preview":"max-image-preview:large","max-video-preview":"max-video-preview:-1"},"canonical":"https:\/\/gongcenter.ch\/produkt\/ollihess-profi-gong-mallet-l815\/","og_locale":"en_US","og_type":"article","og_title":"Ollihess Profi Gong Mallet L815","og_description":"Power und voller Klang: Mit dem Profi Gong Mallet L815 kannst du das gewaltige Volumen eines grossen Gongs voll aussch\u00f6pfen.","og_url":"https:\/\/gongcenter.ch\/produkt\/ollihess-profi-gong-mallet-l815\/","og_site_name":"Gong Center Schweiz I Dein Gong und Klanginstrumente Fachgesch\u00e4ft","article_modified_time":"2024-02-05T17:58:56+00:00","og_image":[{"width":1000,"height":1000,"url":"https:\/\/gongcenter.ch\/app\/uploads\/2022\/09\/profi-gong-mallet-l815-braun-768x768-1.png","type":"image\/png"}],"twitter_card":"summary_large_image","twitter_misc":{"Est. reading time":"3 minutes"},"schema":{"@context":"https:\/\/schema.org","@graph":[{"@type":"WebPage","@id":"https:\/\/gongcenter.ch\/produkt\/ollihess-profi-gong-mallet-l815\/","url":"https:\/\/gongcenter.ch\/produkt\/ollihess-profi-gong-mallet-l815\/","name":"Ollihess Profi Gong Mallet L815","isPartOf":{"@id":"https:\/\/gongcenter.ch\/#website"},"primaryImageOfPage":{"@id":"https:\/\/gongcenter.ch\/produkt\/ollihess-profi-gong-mallet-l815\/#primaryimage"},"image":{"@id":"https:\/\/gongcenter.ch\/produkt\/ollihess-profi-gong-mallet-l815\/#primaryimage"},"thumbnailUrl":"https:\/\/gongcenter.ch\/app\/uploads\/2022\/09\/profi-gong-mallet-l815-braun-768x768-1.png","datePublished":"2021-06-04T12:23:43+00:00","dateModified":"2024-02-05T17:58:56+00:00","description":"Power und voller Klang: Mit dem Profi Gong Mallet L815 kannst du das gewaltige Volumen eines grossen Gongs voll aussch\u00f6pfen.","breadcrumb":{"@id":"https:\/\/gongcenter.ch\/produkt\/ollihess-profi-gong-mallet-l815\/#breadcrumb"},"inLanguage":"en-US","potentialAction":[{"@type":"ReadAction","target":["https:\/\/gongcenter.ch\/produkt\/ollihess-profi-gong-mallet-l815\/"]}]},{"@type":"ImageObject","inLanguage":"en-US","@id":"https:\/\/gongcenter.ch\/produkt\/ollihess-profi-gong-mallet-l815\/#primaryimage","url":"https:\/\/gongcenter.ch\/app\/uploads\/2022\/09\/profi-gong-mallet-l815-braun-768x768-1.png","contentUrl":"https:\/\/gongcenter.ch\/app\/uploads\/2022\/09\/profi-gong-mallet-l815-braun-768x768-1.png","width":1000,"height":1000},{"@type":"BreadcrumbList","@id":"https:\/\/gongcenter.ch\/produkt\/ollihess-profi-gong-mallet-l815\/#breadcrumb","itemListElement":[{"@type":"ListItem","position":1,"name":"Startseite","item":"https:\/\/gongcenter.ch\/en\/"},{"@type":"ListItem","position":2,"name":"Shop","item":"https:\/\/gongcenter.ch\/en\/shop\/"},{"@type":"ListItem","position":3,"name":"Ollihess Profi Gong Mallet L815"}]},{"@type":"WebSite","@id":"https:\/\/gongcenter.ch\/#website","url":"https:\/\/gongcenter.ch\/","name":"Gong Center Schweiz I Dein Gong und Klanginstrumente Fachgesch\u00e4ft","description":"Entdecke eine grosse Gong Auswahl sowie weitere Klanginstrumente - Wir sind Gong Klangtherapeut und bieten dir Top Qualit\u00e4t und Beratung.","publisher":{"@id":"https:\/\/gongcenter.ch\/#organization"},"potentialAction":[{"@type":"SearchAction","target":{"@type":"EntryPoint","urlTemplate":"https:\/\/gongcenter.ch\/?s={search_term_string}"},"query-input":{"@type":"PropertyValueSpecification","valueRequired":true,"valueName":"search_term_string"}}],"inLanguage":"en-US"},{"@type":"Organization","@id":"https:\/\/gongcenter.ch\/#organization","name":"Gongcenter Z\u00fcrich I Das Fachgesch\u00e4ft f\u00fcr Gong und Klang","url":"https:\/\/gongcenter.ch\/","logo":{"@type":"ImageObject","inLanguage":"en-US","@id":"https:\/\/gongcenter.ch\/#\/schema\/logo\/image\/","url":"https:\/\/gongcenter.ch\/app\/uploads\/2018\/05\/Gong-Center_Logo_2000_black.png","contentUrl":"https:\/\/gongcenter.ch\/app\/uploads\/2018\/05\/Gong-Center_Logo_2000_black.png","width":2000,"height":600,"caption":"Gongcenter Z\u00fcrich I Das Fachgesch\u00e4ft f\u00fcr Gong und Klang"},"image":{"@id":"https:\/\/gongcenter.ch\/#\/schema\/logo\/image\/"}}]}},"acf":[],"_links":{"self":[{"href":"https:\/\/gongcenter.ch\/en\/wp-json\/wp\/v2\/product\/27945","targetHints":{"allow":["GET"]}}],"collection":[{"href":"https:\/\/gongcenter.ch\/en\/wp-json\/wp\/v2\/product"}],"about":[{"href":"https:\/\/gongcenter.ch\/en\/wp-json\/wp\/v2\/types\/product"}],"wp:featuredmedia":[{"embeddable":true,"href":"https:\/\/gongcenter.ch\/en\/wp-json\/wp\/v2\/media\/29978"}],"wp:attachment":[{"href":"https:\/\/gongcenter.ch\/en\/wp-json\/wp\/v2\/media?parent=27945"}],"wp:term":[{"taxonomy":"product_brand","embeddable":true,"href":"https:\/\/gongcenter.ch\/en\/wp-json\/wp\/v2\/product_brand?post=27945"},{"taxonomy":"product_cat","embeddable":true,"href":"https:\/\/gongcenter.ch\/en\/wp-json\/wp\/v2\/product_cat?post=27945"},{"taxonomy":"product_tag","embeddable":true,"href":"https:\/\/gongcenter.ch\/en\/wp-json\/wp\/v2\/product_tag?post=27945"}],"curies":[{"name":"wp","href":"https:\/\/api.w.org\/{rel}","templated":true}]}}