{"id":27946,"date":"2021-06-04T13:23:43","date_gmt":"2021-06-04T12:23:43","guid":{"rendered":"https:\/\/gongcenter.ch\/product\/profi-gong-mallet-l460\/"},"modified":"2024-02-05T18:58:29","modified_gmt":"2024-02-05T17:58:29","slug":"ollihess-profi-gong-mallet-l460","status":"publish","type":"product","link":"https:\/\/gongcenter.ch\/en\/product\/ollihess-profi-gong-mallet-l460\/","title":{"rendered":"Ollihess Profi Gong Mallet L460"},"content":{"rendered":"<p>Die Serie der Olli Hess Schlegel hat inzwischen weltweit einen so guten AN-KLANG gefunden, dass die Motivation der innovativen Weiterentwicklung extrem hoch ist. Aus all den vielen tollen R\u00fcckmeldungen unserer Kunden hat Olli Hess seiner Kreativit\u00e4t freien Lauf gelassen und einen weiteren Schlegel entwickelt.<\/p>\n<p>Damit ist unsere Mallet Familie ab sofort um ein Produkt gr\u00f6\u00dfer geworden, und zwar den PGM-L460. Lassen Sie sich \u00fcberraschen.<\/p>\n<p><strong>Was ist neu am PGM-L460 Mallet?<\/strong><strong>\u00a0<\/strong><\/p>\n<p><strong>Der Kern<\/strong><\/p>\n<p>Was st\u00f6rt Sie am meisten, wenn Sie Ihren Gong spielen? Wahrscheinlich das Gleiche wie uns. Ein lautes bzw. irritierendes Anschlagger\u00e4usch, denn es verf\u00e4lscht den so beruhigenden und meditativen Klang des Gongs. Insbesondere bei Klangmeditationen und Klangreisen irritieren uns Nebenger\u00e4usche sehr stark und zerst\u00f6ren die harmonischen Schwingungen. Deshalb sind wir besonders stolz darauf, dass bei unserer kompletten Olli Hess Mallet-Serie das Anschlagger\u00e4usch auf ein Minimum reduziert ist.<\/p>\n<p>Es ist uns beim PGM-L460 gelungen, dieses Minimum noch ein St\u00fcck mehr zu reduzieren, denn wir haben f\u00fcr diesen Schlegel ein neues Material f\u00fcr den Kern verwendet, welches noch geschmeidiger ist als bisher. Auf diese Weise konnten wir das ohnehin fast nicht mehr vorhandene Anschlagger\u00e4usch um weitere Nuancen zu verringern. Es ist nahezu eliminiert.<\/p>\n<p>&nbsp;<\/p>\n<p><strong>Die D\u00e4mmung<\/strong><\/p>\n<p>Nicht nur das Material f\u00fcr den Kern haben wir ausgetauscht, sondern auch das Material f\u00fcr die D\u00e4mmung. Lange gesucht, aber schlie\u00dflich gefunden haben wir einen anschmiegsamen und hochwertigen Filzstoff. Umh\u00fcllt von unserem speziellen Chakra-Fleece ergibt es ein insgesamt sehr harmonisches und intensives Klanggef\u00fchl. Der Schlegel erzeugt sanfte und warme T\u00f6ne an Ihrem Gong, die nicht durch st\u00f6rende Nebenger\u00e4usche abgelenkt werden. Einfach tragen lassen und in EIN-KLANG kommen.<\/p>\n<p><strong>Der Stiel<\/strong><\/p>\n<p>Durch das Austauschen der verwendeten Materialien hat sich das Gewicht des Mallets nat\u00fcrlich auch etwas ver\u00e4ndert. Wenn Sie bereits einen Olli Hess Mallet besitzen wissen Sie, dass dieser durch seinen besonders ergonomisch geformten Griff zum einen perfekt ausbalanciert ist und zum anderen einzigartig in der Hand liegt. Ein leicht verdicktes Ende des Stiels sorgt zudem daf\u00fcr, dass der Stiel Ihnen beim Spielen nicht aus Versehen aus der Hand gleitet. Die L\u00e4nge des Stiels spielt bei unseren Olli Hess Mallets eine entscheidende Rolle, denn sie ist auf den jeweiligen Kopf und das jeweilige Mallet Gewicht perfekt abgestimmt. Damit auch der PGM-L460 diesem besonderen Qualit\u00e4tsmerkmal entspricht, haben wir seinen Stiel passend zum Kerngewicht verl\u00e4ngert.<\/p>\n<p>&nbsp;<\/p>\n<p><strong>Die neue Olli Hess Gravur<\/strong><\/p>\n<p>Au\u00dferdem neu am Stiel ist die Produktbezeichnung als harmonische Gravur. Auch hier sind wir dankbar den R\u00fcckmeldungen unserer Kunden nachgekommen. Da wir viele unserer Kunden vom besonderen Klangerlebnis der Olli Hess Mallets begeistern konnten, besitzen sie zu unserer Freude gleich mehrere Gong Schlegel \u2013 uns benutzen diese auch h\u00e4ufig. Daher gibt es die neuen Olli Hess Mallets ab sofort alle mit einer schlichten, sch\u00f6nen und vor allem haltbaren Gravur der Schlegelbezeichnung.<\/p>\n<p>&nbsp;<\/p>\n<p><strong>Diese bekannten und beliebten Merkmale finden Sie auch im PGM-460<\/strong><\/p>\n<p><strong>Liebevolle Handarbeit \u2013 nachhaltig produziert<\/strong><\/p>\n<p>Ein wesentliches Merkmal der kompletten Olli Hess Unternehmensphilosophie ist ein bewusster Umgang mit den Ressourcen unserer Umwelt und eine liebevolle Produktion in bew\u00e4hrter Handarbeit.<\/p>\n<p>Unsere Produkte stehen im EIN-KLANG mit der Natur und werden sehr h\u00e4ufig f\u00fcr Meditationen und Energiearbeit genutzt.<\/p>\n<p>Deshalb sind wir der Meinung, dass diese Energie bereits vom ersten Moment der \u201eGeburt\u201c in unseren Produkten vorhanden sein sollte. Aus diesem Grund lehnen wir es ab, sie industriell am Flie\u00dfband herzustellen. Mit jedem erworbenen Olli Hess Schlegel halten Sie ein Unikat in der Hand, dass Sie f\u00fcr viele Jahre auf Ihren Klangreisen begleiten wird.<\/p>\n<p><strong>\u00a0<\/strong><\/p>\n<p><strong>Perfekte Balance zwischen Kopf und Stiel \u2013 f\u00fcr eine gesunde Haltung und ein sch\u00f6nes Spiel<\/strong><\/p>\n<p>Wie bereits angesprochen, haben all unsere Olli Hess Mallets einen einzigartigen Stiel mit einer leichten Verdickung am Ende. Durch jahrelange Erfahrung im Gong spielen kennen wir das Problem, wenn der Gong Schlegel pl\u00f6tzlich w\u00e4hrend des Spielens aus der Hand gleitet. Das ist schade, denn es unterbricht abrupt die Gongmeditation und zerst\u00f6rt den harmonischen Moment der Klangreise. Deshalb sind wir besonders stolz auf unser leicht verdicktes Stielende, denn es verhindert das pl\u00f6tzliche Entgleiten. Eine einfache Innovation mit gro\u00dfer Wirkung.<\/p>\n<p>Au\u00dferdem justieren wir in Feinstarbeit das Gewicht zwischen Mallet-Kopf und Stiell\u00e4nge, bis eine perfekte Balance zwischen beiden entsteht. Das Ergebnis ist, dass Sie beim Spielen eine bessere Haltung einnehmen, das Spielen selbst nahezu \u201eschwebend\u201c ist und Sie sich voll und ganz auf Ihren Gong einlassen k\u00f6nnen. Sie bekommen keine m\u00fcden Arme oder R\u00fcckenschmerzen und werden nicht durch einen pl\u00f6tzlich aus der Hand gerutschten Schlegel aus Ihrem Spiel heraus gerissen.<\/p>\n","protected":false},"excerpt":{"rendered":"Gewicht. 460g\r\n\r\nGriffl\u00e4nge: \u00a0\u00a0\u00a0\u00a0\u00a0 33 cm\r\n\r\nT\u00f6ne:\u00a0\u00a0\u00a0\u00a0\u00a0\u00a0\u00a0\u00a0\u00a0\u00a0\u00a0\u00a0\u00a0 wundersch\u00f6ne warme und erdige T\u00f6ne mit Tiefgang\r\n\r\nFarben:\u00a0\u00a0\u00a0\u00a0\u00a0\u00a0\u00a0\u00a0\u00a0\u00a0 in vielen sch\u00f6nen und harmonischen Farbt\u00f6nen\r\n\r\n&nbsp;\r\n\r\nWussten Sie, dass wir auch handgeschmiedete Olli Hess Gongs und Gongst\u00e4nder in unserem Shop haben? Wenn Sie Fragen zu einem unserer Produkte haben, beantworten wir Ihnen diese gerne. Schreiben Sie uns einfach eine E-Mail mit Ihren Fragen oder rufen Sie uns an.\r\n<table width=\"100%\">\r\n<tbody>\r\n<tr>\r\n<td width=\"180\">Gewicht:<\/td>\r\n<td>ca. 460 g<\/td>\r\n<\/tr>\r\n<tr>\r\n<td width=\"180\">Griff \u00f8:<\/td>\r\n<td>ca. 22,55 mm<\/td>\r\n<\/tr>\r\n<tr>\r\n<td width=\"180\">Griff L\u00e4nge:<\/td>\r\n<td>ca. 33 cm<\/td>\r\n<\/tr>\r\n<tr>\r\n<td width=\"180\">Kopf \u00f8:<\/td>\r\n<td>ca. 10 cm.<\/td>\r\n<\/tr>\r\n<tr>\r\n<td width=\"180\">Material:<\/td>\r\n<td>Buche biologisch gewachst \/ Fleece<\/td>\r\n<\/tr>\r\n<\/tbody>\r\n<\/table>","protected":false},"featured_media":29980,"template":"","meta":[],"product_brand":[],"product_cat":[65],"product_tag":[],"class_list":{"0":"post-27946","1":"product","2":"type-product","3":"status-publish","4":"has-post-thumbnail","6":"brands-ollihess","7":"product_cat-gong-zubehoer-mallets-schlaegel","8":"product_shipping_class-bis-199-chf-9-90-chf","10":"first","11":"instock","12":"taxable","13":"shipping-taxable","14":"purchasable","15":"product-type-variable"},"yoast_head":"<!-- This site is optimized with the Yoast SEO plugin v27.0 - https:\/\/yoast.com\/product\/yoast-seo-wordpress\/ -->\n<title>Ollihess Profi Gong Mallet L460<\/title>\n<meta name=\"description\" content=\"Diese bekannten und beliebten Merkmale finden Sie auch im PGM-460Liebevolle Handarbeit \u2013 nachhaltig produziert\" \/>\n<meta name=\"robots\" content=\"index, follow, max-snippet:-1, max-image-preview:large, max-video-preview:-1\" \/>\n<link rel=\"canonical\" href=\"https:\/\/gongcenter.ch\/produkt\/ollihess-profi-gong-mallet-l460\/\" \/>\n<meta property=\"og:locale\" content=\"en_US\" \/>\n<meta property=\"og:type\" content=\"article\" \/>\n<meta property=\"og:title\" content=\"Ollihess Profi Gong Mallet L460\" \/>\n<meta property=\"og:description\" content=\"Diese bekannten und beliebten Merkmale finden Sie auch im PGM-460Liebevolle Handarbeit \u2013 nachhaltig produziert\" \/>\n<meta property=\"og:url\" content=\"https:\/\/gongcenter.ch\/produkt\/ollihess-profi-gong-mallet-l460\/\" \/>\n<meta property=\"og:site_name\" content=\"Gong Center Schweiz I Dein Gong und Klanginstrumente Fachgesch\u00e4ft\" \/>\n<meta property=\"article:modified_time\" content=\"2024-02-05T17:58:29+00:00\" \/>\n<meta property=\"og:image\" content=\"https:\/\/gongcenter.ch\/app\/uploads\/2022\/09\/pgm-l460-plum-768x768-1.png\" \/>\n\t<meta property=\"og:image:width\" content=\"1000\" \/>\n\t<meta property=\"og:image:height\" content=\"1000\" \/>\n\t<meta property=\"og:image:type\" content=\"image\/png\" \/>\n<meta name=\"twitter:card\" content=\"summary_large_image\" \/>\n<meta name=\"twitter:label1\" content=\"Est. reading time\" \/>\n\t<meta name=\"twitter:data1\" content=\"5 minutes\" \/>\n<!-- \/ Yoast SEO plugin. -->","yoast_head_json":{"title":"Ollihess Profi Gong Mallet L460","description":"Diese bekannten und beliebten Merkmale finden Sie auch im PGM-460Liebevolle Handarbeit \u2013 nachhaltig produziert","robots":{"index":"index","follow":"follow","max-snippet":"max-snippet:-1","max-image-preview":"max-image-preview:large","max-video-preview":"max-video-preview:-1"},"canonical":"https:\/\/gongcenter.ch\/produkt\/ollihess-profi-gong-mallet-l460\/","og_locale":"en_US","og_type":"article","og_title":"Ollihess Profi Gong Mallet L460","og_description":"Diese bekannten und beliebten Merkmale finden Sie auch im PGM-460Liebevolle Handarbeit \u2013 nachhaltig produziert","og_url":"https:\/\/gongcenter.ch\/produkt\/ollihess-profi-gong-mallet-l460\/","og_site_name":"Gong Center Schweiz I Dein Gong und Klanginstrumente Fachgesch\u00e4ft","article_modified_time":"2024-02-05T17:58:29+00:00","og_image":[{"width":1000,"height":1000,"url":"https:\/\/gongcenter.ch\/app\/uploads\/2022\/09\/pgm-l460-plum-768x768-1.png","type":"image\/png"}],"twitter_card":"summary_large_image","twitter_misc":{"Est. reading time":"5 minutes"},"schema":{"@context":"https:\/\/schema.org","@graph":[{"@type":"WebPage","@id":"https:\/\/gongcenter.ch\/produkt\/ollihess-profi-gong-mallet-l460\/","url":"https:\/\/gongcenter.ch\/produkt\/ollihess-profi-gong-mallet-l460\/","name":"Ollihess Profi Gong Mallet L460","isPartOf":{"@id":"https:\/\/gongcenter.ch\/#website"},"primaryImageOfPage":{"@id":"https:\/\/gongcenter.ch\/produkt\/ollihess-profi-gong-mallet-l460\/#primaryimage"},"image":{"@id":"https:\/\/gongcenter.ch\/produkt\/ollihess-profi-gong-mallet-l460\/#primaryimage"},"thumbnailUrl":"https:\/\/gongcenter.ch\/app\/uploads\/2022\/09\/pgm-l460-plum-768x768-1.png","datePublished":"2021-06-04T12:23:43+00:00","dateModified":"2024-02-05T17:58:29+00:00","description":"Diese bekannten und beliebten Merkmale finden Sie auch im PGM-460Liebevolle Handarbeit \u2013 nachhaltig produziert","breadcrumb":{"@id":"https:\/\/gongcenter.ch\/produkt\/ollihess-profi-gong-mallet-l460\/#breadcrumb"},"inLanguage":"en-US","potentialAction":[{"@type":"ReadAction","target":["https:\/\/gongcenter.ch\/produkt\/ollihess-profi-gong-mallet-l460\/"]}]},{"@type":"ImageObject","inLanguage":"en-US","@id":"https:\/\/gongcenter.ch\/produkt\/ollihess-profi-gong-mallet-l460\/#primaryimage","url":"https:\/\/gongcenter.ch\/app\/uploads\/2022\/09\/pgm-l460-plum-768x768-1.png","contentUrl":"https:\/\/gongcenter.ch\/app\/uploads\/2022\/09\/pgm-l460-plum-768x768-1.png","width":1000,"height":1000},{"@type":"BreadcrumbList","@id":"https:\/\/gongcenter.ch\/produkt\/ollihess-profi-gong-mallet-l460\/#breadcrumb","itemListElement":[{"@type":"ListItem","position":1,"name":"Startseite","item":"https:\/\/gongcenter.ch\/en\/"},{"@type":"ListItem","position":2,"name":"Shop","item":"https:\/\/gongcenter.ch\/en\/shop\/"},{"@type":"ListItem","position":3,"name":"Ollihess Profi Gong Mallet L460"}]},{"@type":"WebSite","@id":"https:\/\/gongcenter.ch\/#website","url":"https:\/\/gongcenter.ch\/","name":"Gong Center Schweiz I Dein Gong und Klanginstrumente Fachgesch\u00e4ft","description":"Entdecke eine grosse Gong Auswahl sowie weitere Klanginstrumente - Wir sind Gong Klangtherapeut und bieten dir Top Qualit\u00e4t und Beratung.","publisher":{"@id":"https:\/\/gongcenter.ch\/#organization"},"potentialAction":[{"@type":"SearchAction","target":{"@type":"EntryPoint","urlTemplate":"https:\/\/gongcenter.ch\/?s={search_term_string}"},"query-input":{"@type":"PropertyValueSpecification","valueRequired":true,"valueName":"search_term_string"}}],"inLanguage":"en-US"},{"@type":"Organization","@id":"https:\/\/gongcenter.ch\/#organization","name":"Gongcenter Z\u00fcrich I Das Fachgesch\u00e4ft f\u00fcr Gong und Klang","url":"https:\/\/gongcenter.ch\/","logo":{"@type":"ImageObject","inLanguage":"en-US","@id":"https:\/\/gongcenter.ch\/#\/schema\/logo\/image\/","url":"https:\/\/gongcenter.ch\/app\/uploads\/2018\/05\/Gong-Center_Logo_2000_black.png","contentUrl":"https:\/\/gongcenter.ch\/app\/uploads\/2018\/05\/Gong-Center_Logo_2000_black.png","width":2000,"height":600,"caption":"Gongcenter Z\u00fcrich I Das Fachgesch\u00e4ft f\u00fcr Gong und Klang"},"image":{"@id":"https:\/\/gongcenter.ch\/#\/schema\/logo\/image\/"}}]}},"acf":[],"_links":{"self":[{"href":"https:\/\/gongcenter.ch\/en\/wp-json\/wp\/v2\/product\/27946","targetHints":{"allow":["GET"]}}],"collection":[{"href":"https:\/\/gongcenter.ch\/en\/wp-json\/wp\/v2\/product"}],"about":[{"href":"https:\/\/gongcenter.ch\/en\/wp-json\/wp\/v2\/types\/product"}],"wp:featuredmedia":[{"embeddable":true,"href":"https:\/\/gongcenter.ch\/en\/wp-json\/wp\/v2\/media\/29980"}],"wp:attachment":[{"href":"https:\/\/gongcenter.ch\/en\/wp-json\/wp\/v2\/media?parent=27946"}],"wp:term":[{"taxonomy":"product_brand","embeddable":true,"href":"https:\/\/gongcenter.ch\/en\/wp-json\/wp\/v2\/product_brand?post=27946"},{"taxonomy":"product_cat","embeddable":true,"href":"https:\/\/gongcenter.ch\/en\/wp-json\/wp\/v2\/product_cat?post=27946"},{"taxonomy":"product_tag","embeddable":true,"href":"https:\/\/gongcenter.ch\/en\/wp-json\/wp\/v2\/product_tag?post=27946"}],"curies":[{"name":"wp","href":"https:\/\/api.w.org\/{rel}","templated":true}]}}