{"id":27947,"date":"2021-06-04T13:23:43","date_gmt":"2021-06-04T12:23:43","guid":{"rendered":"https:\/\/gongcenter.ch\/product\/profi-gong-mallet-l355\/"},"modified":"2024-02-05T19:43:04","modified_gmt":"2024-02-05T18:43:04","slug":"ollihess-profi-gong-mallet-l355","status":"publish","type":"product","link":"https:\/\/gongcenter.ch\/en\/product\/ollihess-profi-gong-mallet-l355\/","title":{"rendered":"Ollihess Profi Gong Mallet L355"},"content":{"rendered":"<p>Alle ollihess\u2122 Mallets werden in Deutschland in liebevoller Handarbeit hergestellt. Wir haben daran gearbeitet mit geringen Gewichten und kleineren Schl\u00e4gelk\u00f6pfen gro\u00dfe Wirkung zu erzielen, da oft bei zu gro\u00dfen Gewichten und K\u00f6pfen der Gong oder auch die Klangschale schnell \u00fcberreizt ist.<\/p>\n<p>Der Profi Gong Mallet L 355 ist der gr\u00f6\u00dfte Mallet in der Serie. Entwickelt, um Ihren Gong oder auch gro\u00dfe Klangschalen voll aufbl\u00fchen zu lassen. Aufgrund des geringen Gewichts erwirkt er einen tollen tiefen und warmen Klang an Gongs und Klangschalen. Der Griff l\u00e4uft am Ende etwas dicker aus, damit der Mallet besser in der Hand liegt.<\/p>\n<p>Geeignet f\u00fcr Gongs \u00f8 von 70 cm bis 2m und Klangschalen ab 6kg<\/p>\n","protected":false},"excerpt":{"rendered":"<table width=\"100%\">\r\n<tbody>\r\n<tr>\r\n<td width=\"180\">Gewicht:<\/td>\r\n<td>ca. 355\u00a0g<\/td>\r\n<\/tr>\r\n<tr>\r\n<td width=\"180\">Griff \u00f8:<\/td>\r\n<td>ca. 22,55 mm<\/td>\r\n<\/tr>\r\n<tr>\r\n<td width=\"180\">Griff L\u00e4nge:<\/td>\r\n<td>ca. 30,5 cm<\/td>\r\n<\/tr>\r\n<tr>\r\n<td width=\"180\">Kopf \u00f8:<\/td>\r\n<td>ca. 8,5\u00a0cm.<\/td>\r\n<\/tr>\r\n<tr>\r\n<td width=\"180\">Material:<\/td>\r\n<td>Buche biologisch gewachst \/ Fleece<\/td>\r\n<\/tr>\r\n<\/tbody>\r\n<\/table>","protected":false},"featured_media":29982,"template":"","meta":[],"product_brand":[],"product_cat":[65],"product_tag":[],"class_list":{"0":"post-27947","1":"product","2":"type-product","3":"status-publish","4":"has-post-thumbnail","6":"brands-ollihess","7":"product_cat-gong-zubehoer-mallets-schlaegel","8":"product_shipping_class-bis-199-chf-9-90-chf","10":"first","11":"instock","12":"taxable","13":"shipping-taxable","14":"purchasable","15":"product-type-variable"},"yoast_head":"<!-- This site is optimized with the Yoast SEO plugin v27.0 - https:\/\/yoast.com\/product\/yoast-seo-wordpress\/ -->\n<title>Ollihess Profi Gong Mallet L355<\/title>\n<meta name=\"description\" content=\"Der Profi Gong Mallet L 355 ist der gr\u00f6\u00dfte Mallet in der Serie. Er kann Gongs oder auch grosse Klangschalen voll aufbl\u00fchen lassen.\" \/>\n<meta name=\"robots\" content=\"index, follow, max-snippet:-1, max-image-preview:large, max-video-preview:-1\" \/>\n<link rel=\"canonical\" href=\"https:\/\/gongcenter.ch\/produkt\/ollihess-profi-gong-mallet-l355\/\" \/>\n<meta property=\"og:locale\" content=\"en_US\" \/>\n<meta property=\"og:type\" content=\"article\" \/>\n<meta property=\"og:title\" content=\"Ollihess Profi Gong Mallet L355\" \/>\n<meta property=\"og:description\" content=\"Der Profi Gong Mallet L 355 ist der gr\u00f6\u00dfte Mallet in der Serie. Er kann Gongs oder auch grosse Klangschalen voll aufbl\u00fchen lassen.\" \/>\n<meta property=\"og:url\" content=\"https:\/\/gongcenter.ch\/produkt\/ollihess-profi-gong-mallet-l355\/\" \/>\n<meta property=\"og:site_name\" content=\"Gong Center Schweiz I Dein Gong und Klanginstrumente Fachgesch\u00e4ft\" \/>\n<meta property=\"article:modified_time\" content=\"2024-02-05T18:43:04+00:00\" \/>\n<meta property=\"og:image\" content=\"https:\/\/gongcenter.ch\/app\/uploads\/2022\/09\/profi-gong-mallet-l355-blau.png\" \/>\n\t<meta property=\"og:image:width\" content=\"1000\" \/>\n\t<meta property=\"og:image:height\" content=\"1000\" \/>\n\t<meta property=\"og:image:type\" content=\"image\/png\" \/>\n<meta name=\"twitter:card\" content=\"summary_large_image\" \/>\n<meta name=\"twitter:label1\" content=\"Est. reading time\" \/>\n\t<meta name=\"twitter:data1\" content=\"1 minute\" \/>\n<!-- \/ Yoast SEO plugin. -->","yoast_head_json":{"title":"Ollihess Profi Gong Mallet L355","description":"Der Profi Gong Mallet L 355 ist der gr\u00f6\u00dfte Mallet in der Serie. Er kann Gongs oder auch grosse Klangschalen voll aufbl\u00fchen lassen.","robots":{"index":"index","follow":"follow","max-snippet":"max-snippet:-1","max-image-preview":"max-image-preview:large","max-video-preview":"max-video-preview:-1"},"canonical":"https:\/\/gongcenter.ch\/produkt\/ollihess-profi-gong-mallet-l355\/","og_locale":"en_US","og_type":"article","og_title":"Ollihess Profi Gong Mallet L355","og_description":"Der Profi Gong Mallet L 355 ist der gr\u00f6\u00dfte Mallet in der Serie. Er kann Gongs oder auch grosse Klangschalen voll aufbl\u00fchen lassen.","og_url":"https:\/\/gongcenter.ch\/produkt\/ollihess-profi-gong-mallet-l355\/","og_site_name":"Gong Center Schweiz I Dein Gong und Klanginstrumente Fachgesch\u00e4ft","article_modified_time":"2024-02-05T18:43:04+00:00","og_image":[{"width":1000,"height":1000,"url":"https:\/\/gongcenter.ch\/app\/uploads\/2022\/09\/profi-gong-mallet-l355-blau.png","type":"image\/png"}],"twitter_card":"summary_large_image","twitter_misc":{"Est. reading time":"1 minute"},"schema":{"@context":"https:\/\/schema.org","@graph":[{"@type":"WebPage","@id":"https:\/\/gongcenter.ch\/produkt\/ollihess-profi-gong-mallet-l355\/","url":"https:\/\/gongcenter.ch\/produkt\/ollihess-profi-gong-mallet-l355\/","name":"Ollihess Profi Gong Mallet L355","isPartOf":{"@id":"https:\/\/gongcenter.ch\/#website"},"primaryImageOfPage":{"@id":"https:\/\/gongcenter.ch\/produkt\/ollihess-profi-gong-mallet-l355\/#primaryimage"},"image":{"@id":"https:\/\/gongcenter.ch\/produkt\/ollihess-profi-gong-mallet-l355\/#primaryimage"},"thumbnailUrl":"https:\/\/gongcenter.ch\/app\/uploads\/2022\/09\/profi-gong-mallet-l355-blau.png","datePublished":"2021-06-04T12:23:43+00:00","dateModified":"2024-02-05T18:43:04+00:00","description":"Der Profi Gong Mallet L 355 ist der gr\u00f6\u00dfte Mallet in der Serie. Er kann Gongs oder auch grosse Klangschalen voll aufbl\u00fchen lassen.","breadcrumb":{"@id":"https:\/\/gongcenter.ch\/produkt\/ollihess-profi-gong-mallet-l355\/#breadcrumb"},"inLanguage":"en-US","potentialAction":[{"@type":"ReadAction","target":["https:\/\/gongcenter.ch\/produkt\/ollihess-profi-gong-mallet-l355\/"]}]},{"@type":"ImageObject","inLanguage":"en-US","@id":"https:\/\/gongcenter.ch\/produkt\/ollihess-profi-gong-mallet-l355\/#primaryimage","url":"https:\/\/gongcenter.ch\/app\/uploads\/2022\/09\/profi-gong-mallet-l355-blau.png","contentUrl":"https:\/\/gongcenter.ch\/app\/uploads\/2022\/09\/profi-gong-mallet-l355-blau.png","width":1000,"height":1000},{"@type":"BreadcrumbList","@id":"https:\/\/gongcenter.ch\/produkt\/ollihess-profi-gong-mallet-l355\/#breadcrumb","itemListElement":[{"@type":"ListItem","position":1,"name":"Startseite","item":"https:\/\/gongcenter.ch\/en\/"},{"@type":"ListItem","position":2,"name":"Shop","item":"https:\/\/gongcenter.ch\/en\/shop\/"},{"@type":"ListItem","position":3,"name":"Ollihess Profi Gong Mallet L355"}]},{"@type":"WebSite","@id":"https:\/\/gongcenter.ch\/#website","url":"https:\/\/gongcenter.ch\/","name":"Gong Center Schweiz I Dein Gong und Klanginstrumente Fachgesch\u00e4ft","description":"Entdecke eine grosse Gong Auswahl sowie weitere Klanginstrumente - Wir sind Gong Klangtherapeut und bieten dir Top Qualit\u00e4t und Beratung.","publisher":{"@id":"https:\/\/gongcenter.ch\/#organization"},"potentialAction":[{"@type":"SearchAction","target":{"@type":"EntryPoint","urlTemplate":"https:\/\/gongcenter.ch\/?s={search_term_string}"},"query-input":{"@type":"PropertyValueSpecification","valueRequired":true,"valueName":"search_term_string"}}],"inLanguage":"en-US"},{"@type":"Organization","@id":"https:\/\/gongcenter.ch\/#organization","name":"Gongcenter Z\u00fcrich I Das Fachgesch\u00e4ft f\u00fcr Gong und Klang","url":"https:\/\/gongcenter.ch\/","logo":{"@type":"ImageObject","inLanguage":"en-US","@id":"https:\/\/gongcenter.ch\/#\/schema\/logo\/image\/","url":"https:\/\/gongcenter.ch\/app\/uploads\/2018\/05\/Gong-Center_Logo_2000_black.png","contentUrl":"https:\/\/gongcenter.ch\/app\/uploads\/2018\/05\/Gong-Center_Logo_2000_black.png","width":2000,"height":600,"caption":"Gongcenter Z\u00fcrich I Das Fachgesch\u00e4ft f\u00fcr Gong und Klang"},"image":{"@id":"https:\/\/gongcenter.ch\/#\/schema\/logo\/image\/"}}]}},"acf":[],"_links":{"self":[{"href":"https:\/\/gongcenter.ch\/en\/wp-json\/wp\/v2\/product\/27947","targetHints":{"allow":["GET"]}}],"collection":[{"href":"https:\/\/gongcenter.ch\/en\/wp-json\/wp\/v2\/product"}],"about":[{"href":"https:\/\/gongcenter.ch\/en\/wp-json\/wp\/v2\/types\/product"}],"wp:featuredmedia":[{"embeddable":true,"href":"https:\/\/gongcenter.ch\/en\/wp-json\/wp\/v2\/media\/29982"}],"wp:attachment":[{"href":"https:\/\/gongcenter.ch\/en\/wp-json\/wp\/v2\/media?parent=27947"}],"wp:term":[{"taxonomy":"product_brand","embeddable":true,"href":"https:\/\/gongcenter.ch\/en\/wp-json\/wp\/v2\/product_brand?post=27947"},{"taxonomy":"product_cat","embeddable":true,"href":"https:\/\/gongcenter.ch\/en\/wp-json\/wp\/v2\/product_cat?post=27947"},{"taxonomy":"product_tag","embeddable":true,"href":"https:\/\/gongcenter.ch\/en\/wp-json\/wp\/v2\/product_tag?post=27947"}],"curies":[{"name":"wp","href":"https:\/\/api.w.org\/{rel}","templated":true}]}}