{"id":27948,"date":"2021-06-04T13:23:43","date_gmt":"2021-06-04T12:23:43","guid":{"rendered":"https:\/\/gongcenter.ch\/product\/profi-gong-mallet-j-o-70\/"},"modified":"2023-04-18T11:39:48","modified_gmt":"2023-04-18T10:39:48","slug":"ollihess-profi-gong-mallet-j-o-70","status":"publish","type":"product","link":"https:\/\/gongcenter.ch\/en\/product\/ollihess-profi-gong-mallet-j-o-70\/","title":{"rendered":"Ollihess Profi Gong Mallet J.O. 70"},"content":{"rendered":"<p>Der J.O.-70 ist einer der wenigen auf dem Markt erh\u00e4ltlichen Schl\u00e4gel, der sich beidseitig spielen l\u00e4sst. So ist er optimal zum Bespielen von Gongs und Klangschalen geeignet. Eine von Olli Hess entwickelte Neuheit ist Kombination mit der wei\u00dfen Filzkugel am Stielende des Profi Gong Mallet PGM-m70. Mit ihr lassen sich wundersch\u00f6ne helle T\u00f6ne sowohl am Gong, als auch an Klangschalen erspielen. Mit der gegen\u00fcberliegenden Seite des perfekt ausbalancierten Mallets erzeugt man durch das weiche Inneneben wirklich beeindruckende Kl\u00e4nge und Schwingungen. Die gef\u00fchlten Vibrationen massieren den K\u00f6rper sanft von innen. Ein einzigartig wohltuendes Erlebnis. Das geringe Gewicht des Profi Gong Mallet J.O-70 hat gleich mehrere Vorteile. Es sorgt nicht nur f\u00fcr ein haltungsschonendes und leichtes Spielen, sondern erzeugt aufgrund der erleichterten Schwungdynamik eine breite Klangfarbensymphonie. Ein wahrer Genuss f\u00fcr Klangliebhaber. Die neue, ergonomische Griffform l\u00e4sst diesen kleinen Mallet wirklich sehr gut in der Hand liegen. Tipp: Auch toll mit einem Zweiten Schlegel als \u201cP\u00e4rchen\u201c zu spielen. Einsatzgebiete Wie alle ollihess Mallets ist auch der Profi Gong Mallet J.O-70 f\u00fcr nahezu jedes Klangerlebnis geeignet. Ob Klangreisen, Klangmeditationen, Klangseminare, Klangkonzerte oder intuitives Spielen. Ein Vorteil beim Spielen von Klangschalen ist der lange Griff. Insbesondere wenn stehend gespielt wird. Denn es erm\u00f6glicht ein r\u00fcckenschonenderes Anschlagen der Schalen. Alle ollihess&#x2122; Mallets werden in Deutschland in liebevoller Handarbeit hergestellt. Geeignet f\u00fcr Gongs \u00f8 von 40 cm bis 2m und Klangschalen ab 700g<\/p>\n","protected":false},"excerpt":{"rendered":"<table width=\"100%\">\r\n<tbody>\r\n<tr>\r\n<td width=\"180\">Gewicht:<\/td>\r\n<td>ca. 100\u00a0g<\/td>\r\n<\/tr>\r\n<tr>\r\n<td width=\"180\">Griff \u00f8:<\/td>\r\n<td>ca. 12 mm<\/td>\r\n<\/tr>\r\n<tr>\r\n<td width=\"180\">Griff L\u00e4nge:<\/td>\r\n<td>ca. 39 cm<\/td>\r\n<\/tr>\r\n<tr>\r\n<td width=\"180\">Kopf \u00f8:<\/td>\r\n<td>ca. 5\u00a0cm.<\/td>\r\n<\/tr>\r\n<tr>\r\n<td width=\"180\">Material:<\/td>\r\n<td>Buche biologisch gewachst \/ Fleece<\/td>\r\n<\/tr>\r\n<\/tbody>\r\n<\/table>","protected":false},"featured_media":29984,"template":"","meta":[],"product_brand":[],"product_cat":[65],"product_tag":[],"class_list":{"0":"post-27948","1":"product","2":"type-product","3":"status-publish","4":"has-post-thumbnail","6":"brands-ollihess","7":"product_cat-gong-zubehoer-mallets-schlaegel","8":"product_shipping_class-bis-199-chf-9-90-chf","10":"first","11":"instock","12":"taxable","13":"shipping-taxable","14":"purchasable","15":"product-type-variable"},"yoast_head":"<!-- This site is optimized with the Yoast SEO plugin v27.0 - https:\/\/yoast.com\/product\/yoast-seo-wordpress\/ -->\n<title>Ollihess Profi Gong Mallet J.O. 70<\/title>\n<meta name=\"description\" content=\"Der J.O.-70 ist einer der wenigen Schl\u00e4gel, der sich beidseitig spielen l\u00e4sst. Er ist auch f\u00fcr Klangschalen geeignet.\" \/>\n<meta name=\"robots\" content=\"index, follow, max-snippet:-1, max-image-preview:large, max-video-preview:-1\" \/>\n<link rel=\"canonical\" href=\"https:\/\/gongcenter.ch\/en\/produkt\/ollihess-profi-gong-mallet-j-o-70\/\" \/>\n<meta property=\"og:locale\" content=\"en_US\" \/>\n<meta property=\"og:type\" content=\"article\" \/>\n<meta property=\"og:title\" content=\"Ollihess Profi Gong Mallet J.O. 70\" \/>\n<meta property=\"og:description\" content=\"Der J.O.-70 ist einer der wenigen Schl\u00e4gel, der sich beidseitig spielen l\u00e4sst. Er ist auch f\u00fcr Klangschalen geeignet.\" \/>\n<meta property=\"og:url\" content=\"https:\/\/gongcenter.ch\/en\/produkt\/ollihess-profi-gong-mallet-j-o-70\/\" \/>\n<meta property=\"og:site_name\" content=\"Gong Center Schweiz I Dein Gong und Klanginstrumente Fachgesch\u00e4ft\" \/>\n<meta property=\"article:modified_time\" content=\"2023-04-18T10:39:48+00:00\" \/>\n<meta property=\"og:image\" content=\"https:\/\/gongcenter.ch\/app\/uploads\/2022\/09\/profi-gong-mallet-jo-70-turkis.png\" \/>\n\t<meta property=\"og:image:width\" content=\"1000\" \/>\n\t<meta property=\"og:image:height\" content=\"1000\" \/>\n\t<meta property=\"og:image:type\" content=\"image\/png\" \/>\n<meta name=\"twitter:card\" content=\"summary_large_image\" \/>\n<meta name=\"twitter:label1\" content=\"Est. reading time\" \/>\n\t<meta name=\"twitter:data1\" content=\"1 minute\" \/>\n<!-- \/ Yoast SEO plugin. -->","yoast_head_json":{"title":"Ollihess Profi Gong Mallet J.O. 70","description":"Der J.O.-70 ist einer der wenigen Schl\u00e4gel, der sich beidseitig spielen l\u00e4sst. Er ist auch f\u00fcr Klangschalen geeignet.","robots":{"index":"index","follow":"follow","max-snippet":"max-snippet:-1","max-image-preview":"max-image-preview:large","max-video-preview":"max-video-preview:-1"},"canonical":"https:\/\/gongcenter.ch\/en\/produkt\/ollihess-profi-gong-mallet-j-o-70\/","og_locale":"en_US","og_type":"article","og_title":"Ollihess Profi Gong Mallet J.O. 70","og_description":"Der J.O.-70 ist einer der wenigen Schl\u00e4gel, der sich beidseitig spielen l\u00e4sst. Er ist auch f\u00fcr Klangschalen geeignet.","og_url":"https:\/\/gongcenter.ch\/en\/produkt\/ollihess-profi-gong-mallet-j-o-70\/","og_site_name":"Gong Center Schweiz I Dein Gong und Klanginstrumente Fachgesch\u00e4ft","article_modified_time":"2023-04-18T10:39:48+00:00","og_image":[{"width":1000,"height":1000,"url":"https:\/\/gongcenter.ch\/app\/uploads\/2022\/09\/profi-gong-mallet-jo-70-turkis.png","type":"image\/png"}],"twitter_card":"summary_large_image","twitter_misc":{"Est. reading time":"1 minute"},"schema":{"@context":"https:\/\/schema.org","@graph":[{"@type":"WebPage","@id":"https:\/\/gongcenter.ch\/en\/produkt\/ollihess-profi-gong-mallet-j-o-70\/","url":"https:\/\/gongcenter.ch\/en\/produkt\/ollihess-profi-gong-mallet-j-o-70\/","name":"Ollihess Profi Gong Mallet J.O. 70","isPartOf":{"@id":"https:\/\/gongcenter.ch\/#website"},"primaryImageOfPage":{"@id":"https:\/\/gongcenter.ch\/en\/produkt\/ollihess-profi-gong-mallet-j-o-70\/#primaryimage"},"image":{"@id":"https:\/\/gongcenter.ch\/en\/produkt\/ollihess-profi-gong-mallet-j-o-70\/#primaryimage"},"thumbnailUrl":"https:\/\/gongcenter.ch\/app\/uploads\/2022\/09\/profi-gong-mallet-jo-70-turkis.png","datePublished":"2021-06-04T12:23:43+00:00","dateModified":"2023-04-18T10:39:48+00:00","description":"Der J.O.-70 ist einer der wenigen Schl\u00e4gel, der sich beidseitig spielen l\u00e4sst. Er ist auch f\u00fcr Klangschalen geeignet.","breadcrumb":{"@id":"https:\/\/gongcenter.ch\/en\/produkt\/ollihess-profi-gong-mallet-j-o-70\/#breadcrumb"},"inLanguage":"en-US","potentialAction":[{"@type":"ReadAction","target":["https:\/\/gongcenter.ch\/en\/produkt\/ollihess-profi-gong-mallet-j-o-70\/"]}]},{"@type":"ImageObject","inLanguage":"en-US","@id":"https:\/\/gongcenter.ch\/en\/produkt\/ollihess-profi-gong-mallet-j-o-70\/#primaryimage","url":"https:\/\/gongcenter.ch\/app\/uploads\/2022\/09\/profi-gong-mallet-jo-70-turkis.png","contentUrl":"https:\/\/gongcenter.ch\/app\/uploads\/2022\/09\/profi-gong-mallet-jo-70-turkis.png","width":1000,"height":1000},{"@type":"BreadcrumbList","@id":"https:\/\/gongcenter.ch\/en\/produkt\/ollihess-profi-gong-mallet-j-o-70\/#breadcrumb","itemListElement":[{"@type":"ListItem","position":1,"name":"Startseite","item":"https:\/\/gongcenter.ch\/en\/"},{"@type":"ListItem","position":2,"name":"Shop","item":"https:\/\/gongcenter.ch\/en\/shop\/"},{"@type":"ListItem","position":3,"name":"Ollihess Profi Gong Mallet J.O. 70"}]},{"@type":"WebSite","@id":"https:\/\/gongcenter.ch\/#website","url":"https:\/\/gongcenter.ch\/","name":"Gong Center Schweiz I Dein Gong und Klanginstrumente Fachgesch\u00e4ft","description":"Entdecke eine grosse Gong Auswahl sowie weitere Klanginstrumente - Wir sind Gong Klangtherapeut und bieten dir Top Qualit\u00e4t und Beratung.","publisher":{"@id":"https:\/\/gongcenter.ch\/#organization"},"potentialAction":[{"@type":"SearchAction","target":{"@type":"EntryPoint","urlTemplate":"https:\/\/gongcenter.ch\/?s={search_term_string}"},"query-input":{"@type":"PropertyValueSpecification","valueRequired":true,"valueName":"search_term_string"}}],"inLanguage":"en-US"},{"@type":"Organization","@id":"https:\/\/gongcenter.ch\/#organization","name":"Gongcenter Z\u00fcrich I Das Fachgesch\u00e4ft f\u00fcr Gong und Klang","url":"https:\/\/gongcenter.ch\/","logo":{"@type":"ImageObject","inLanguage":"en-US","@id":"https:\/\/gongcenter.ch\/#\/schema\/logo\/image\/","url":"https:\/\/gongcenter.ch\/app\/uploads\/2018\/05\/Gong-Center_Logo_2000_black.png","contentUrl":"https:\/\/gongcenter.ch\/app\/uploads\/2018\/05\/Gong-Center_Logo_2000_black.png","width":2000,"height":600,"caption":"Gongcenter Z\u00fcrich I Das Fachgesch\u00e4ft f\u00fcr Gong und Klang"},"image":{"@id":"https:\/\/gongcenter.ch\/#\/schema\/logo\/image\/"}}]}},"acf":[],"_links":{"self":[{"href":"https:\/\/gongcenter.ch\/en\/wp-json\/wp\/v2\/product\/27948","targetHints":{"allow":["GET"]}}],"collection":[{"href":"https:\/\/gongcenter.ch\/en\/wp-json\/wp\/v2\/product"}],"about":[{"href":"https:\/\/gongcenter.ch\/en\/wp-json\/wp\/v2\/types\/product"}],"wp:featuredmedia":[{"embeddable":true,"href":"https:\/\/gongcenter.ch\/en\/wp-json\/wp\/v2\/media\/29984"}],"wp:attachment":[{"href":"https:\/\/gongcenter.ch\/en\/wp-json\/wp\/v2\/media?parent=27948"}],"wp:term":[{"taxonomy":"product_brand","embeddable":true,"href":"https:\/\/gongcenter.ch\/en\/wp-json\/wp\/v2\/product_brand?post=27948"},{"taxonomy":"product_cat","embeddable":true,"href":"https:\/\/gongcenter.ch\/en\/wp-json\/wp\/v2\/product_cat?post=27948"},{"taxonomy":"product_tag","embeddable":true,"href":"https:\/\/gongcenter.ch\/en\/wp-json\/wp\/v2\/product_tag?post=27948"}],"curies":[{"name":"wp","href":"https:\/\/api.w.org\/{rel}","templated":true}]}}