{"id":27949,"date":"2021-06-04T13:23:44","date_gmt":"2021-06-04T12:23:44","guid":{"rendered":"https:\/\/gongcenter.ch\/product\/profi-chakra-gong-mallet-ch-4\/"},"modified":"2023-04-18T11:39:43","modified_gmt":"2023-04-18T10:39:43","slug":"ollihess-profi-chakra-gong-mallet-ch-4","status":"publish","type":"product","link":"https:\/\/gongcenter.ch\/en\/product\/ollihess-profi-chakra-gong-mallet-ch-4\/","title":{"rendered":"Ollihess Profi Chakra Gong Mallet CH 4"},"content":{"rendered":"<p><strong>Wof\u00fcr steht das Wurzelchakra?<\/strong><\/p>\n<p>Das 1. Chakra Chakra, das Wurzelchakra auch Muladhara-Chakra (Mula = Wurzel, adhara = St\u00fctze) genannt liegt auf H\u00f6he des Stei\u00dfbeins.<\/p>\n<p>Wie sein Name vermuten l\u00e4sst steht es in f\u00fcr die Verbundenheit mit der Erde, dem verwurzelt sein. Symbolisch also f\u00fcr Gef\u00fchle wie Urvertrauen und Sicherheit.<\/p>\n<p>Blockaden in diesem Bereich k\u00f6nnen sich in Form von \u00c4ngsten, mangelndem Vertrauen und zum Beispiel in Form von Kreuzschmerzen ausdr\u00fccken.<\/p>\n<p><strong>Was zeichnet den Chakra Mallet CH-4 aus?<\/strong><\/p>\n<p>Der CH-4 ist wie alle unsere Schl\u00e4gel ein universell einsetzbarer Schl\u00e4gel, der sich jedoch ganz besonders speziell f\u00fcr die Energiearbeit am Wurzelchakra eignet.<\/p>\n<p>Seine Kopfgr\u00f6\u00dfe und D\u00e4mmung sind extra auf diese Klangbereiche ausgerichtet.<\/p>\n<p>Seine Leichtigkeit in Kombination mit der Kopfgr\u00f6\u00dfe lassen sehr sch\u00f6ne tiefe bis sehr tiefe T\u00f6ne auf Ihrem Gong oder Ihrer Klangschale entstehen. Diese wirken sich sehr beruhigend auf unseren Organismus aus.<\/p>\n<p>Auch lange Gongmeditationen, Klangreisen oder einfach nur intuitives Spielen sind mit unseren Chakra Mallets eine wahre Freude. Kein schwerer Arm, keine schwere Hand, sondern ein leichtes und unbeschwertes Spielen.<\/p>\n<p>Eine eigens von Olli Hess entwickelte ergonomische Griffform mit einer leichten Verdickung am Ende des schlanken Holzgriffes, erg\u00e4nzt dieses beschwingende Spielgef\u00fchl noch zus\u00e4tzlich.<\/p>\n<p><strong>Einsatzgebiete<\/strong><\/p>\n<p>Der Chakra Mallet CH-4 eignet sich f\u00fcr nahezu jedes Klangerlebnis. Ob Gongmeditationen, Klangreisen, Konzerte oder Energiearbeit.<\/p>\n<p>Die T\u00f6ne, die sich mit einem CH-4 spielen lassen sind tief bis sehr tief. Je nach Intensit\u00e4t und Schwungdynamik entsprechend sanft oder mitrei\u00dfend.<\/p>\n<p>Wir empfehlen den CH-4 gerne f\u00fcr Klangreisen, Meditationen und Energiearbeit.<\/p>\n<p><strong>Besonderheiten<\/strong><\/p>\n<p>Der lange Stiel der Chakra Mallets eignet sich erg\u00e4nzend besonders f\u00fcr Klangmassagen oder Konzerte, die stehend durchgef\u00fchrt werden.<\/p>\n<p>Seine L\u00e4nge erm\u00f6glicht ein entspanntes und r\u00fcckenschonendes Anschlagen der Klanginstrumente.<\/p>\n<p><strong>Geeignet f\u00fcr Gongs (\u00f880cm \u2013 200m) und Klangschalen ab\u00a06\u00a0kg<\/strong><\/p>\n","protected":false},"excerpt":{"rendered":"<ul>\r\n \t<li>Gewicht:ca. 370 g<\/li>\r\n \t<li>Griff \u00f8:ca. 22,55 mm<\/li>\r\n \t<li>Griff L\u00e4nge:ca. 30,5 cm<\/li>\r\n \t<li>Kopf \u00f8:ca. 8,5 cm<\/li>\r\n \t<li>Material:Buche biologisch gewachst \/ Fleece<\/li>\r\n<\/ul>","protected":false},"featured_media":29986,"template":"","meta":[],"product_brand":[],"product_cat":[65],"product_tag":[],"class_list":{"0":"post-27949","1":"product","2":"type-product","3":"status-publish","4":"has-post-thumbnail","6":"brands-ollihess","7":"product_cat-gong-zubehoer-mallets-schlaegel","8":"product_shipping_class-bis-199-chf-9-90-chf","10":"first","11":"instock","12":"taxable","13":"shipping-taxable","14":"purchasable","15":"product-type-simple"},"yoast_head":"<!-- This site is optimized with the Yoast SEO plugin v27.0 - https:\/\/yoast.com\/product\/yoast-seo-wordpress\/ -->\n<title>Ollihess Profi Chakra Gong Mallet CH 4 - Gong Center Schweiz I Dein Gong und Klanginstrumente Fachgesch\u00e4ft<\/title>\n<meta name=\"robots\" content=\"index, follow, max-snippet:-1, max-image-preview:large, max-video-preview:-1\" \/>\n<link rel=\"canonical\" href=\"https:\/\/gongcenter.ch\/en\/produkt\/ollihess-profi-chakra-gong-mallet-ch-4\/\" \/>\n<meta property=\"og:locale\" content=\"en_US\" \/>\n<meta property=\"og:type\" content=\"article\" \/>\n<meta property=\"og:title\" content=\"Ollihess Profi Chakra Gong Mallet CH 4 - Gong Center Schweiz I Dein Gong und Klanginstrumente Fachgesch\u00e4ft\" \/>\n<meta property=\"og:description\" content=\"Gewicht:ca. 370 g  Griff \u00f8:ca. 22,55 mm  Griff L\u00e4nge:ca. 30,5 cm  Kopf \u00f8:ca. 8,5 cm  Material:Buche biologisch gewachst \/ Fleece\" \/>\n<meta property=\"og:url\" content=\"https:\/\/gongcenter.ch\/en\/produkt\/ollihess-profi-chakra-gong-mallet-ch-4\/\" \/>\n<meta property=\"og:site_name\" content=\"Gong Center Schweiz I Dein Gong und Klanginstrumente Fachgesch\u00e4ft\" \/>\n<meta property=\"article:modified_time\" content=\"2023-04-18T10:39:43+00:00\" \/>\n<meta property=\"og:image\" content=\"https:\/\/gongcenter.ch\/app\/uploads\/2022\/09\/chakra-gong-mallet-ch4.png\" \/>\n\t<meta property=\"og:image:width\" content=\"1000\" \/>\n\t<meta property=\"og:image:height\" content=\"1000\" \/>\n\t<meta property=\"og:image:type\" content=\"image\/png\" \/>\n<meta name=\"twitter:card\" content=\"summary_large_image\" \/>\n<meta name=\"twitter:label1\" content=\"Est. reading time\" \/>\n\t<meta name=\"twitter:data1\" content=\"2 minutes\" \/>\n<!-- \/ Yoast SEO plugin. -->","yoast_head_json":{"title":"Ollihess Profi Chakra Gong Mallet CH 4 - Gong Center Schweiz I Dein Gong und Klanginstrumente Fachgesch\u00e4ft","robots":{"index":"index","follow":"follow","max-snippet":"max-snippet:-1","max-image-preview":"max-image-preview:large","max-video-preview":"max-video-preview:-1"},"canonical":"https:\/\/gongcenter.ch\/en\/produkt\/ollihess-profi-chakra-gong-mallet-ch-4\/","og_locale":"en_US","og_type":"article","og_title":"Ollihess Profi Chakra Gong Mallet CH 4 - Gong Center Schweiz I Dein Gong und Klanginstrumente Fachgesch\u00e4ft","og_description":"Gewicht:ca. 370 g  Griff \u00f8:ca. 22,55 mm  Griff L\u00e4nge:ca. 30,5 cm  Kopf \u00f8:ca. 8,5 cm  Material:Buche biologisch gewachst \/ Fleece","og_url":"https:\/\/gongcenter.ch\/en\/produkt\/ollihess-profi-chakra-gong-mallet-ch-4\/","og_site_name":"Gong Center Schweiz I Dein Gong und Klanginstrumente Fachgesch\u00e4ft","article_modified_time":"2023-04-18T10:39:43+00:00","og_image":[{"width":1000,"height":1000,"url":"https:\/\/gongcenter.ch\/app\/uploads\/2022\/09\/chakra-gong-mallet-ch4.png","type":"image\/png"}],"twitter_card":"summary_large_image","twitter_misc":{"Est. reading time":"2 minutes"},"schema":{"@context":"https:\/\/schema.org","@graph":[{"@type":"WebPage","@id":"https:\/\/gongcenter.ch\/en\/produkt\/ollihess-profi-chakra-gong-mallet-ch-4\/","url":"https:\/\/gongcenter.ch\/en\/produkt\/ollihess-profi-chakra-gong-mallet-ch-4\/","name":"Ollihess Profi Chakra Gong Mallet CH 4 - Gong Center Schweiz I Dein Gong und Klanginstrumente Fachgesch\u00e4ft","isPartOf":{"@id":"https:\/\/gongcenter.ch\/#website"},"primaryImageOfPage":{"@id":"https:\/\/gongcenter.ch\/en\/produkt\/ollihess-profi-chakra-gong-mallet-ch-4\/#primaryimage"},"image":{"@id":"https:\/\/gongcenter.ch\/en\/produkt\/ollihess-profi-chakra-gong-mallet-ch-4\/#primaryimage"},"thumbnailUrl":"https:\/\/gongcenter.ch\/app\/uploads\/2022\/09\/chakra-gong-mallet-ch4.png","datePublished":"2021-06-04T12:23:44+00:00","dateModified":"2023-04-18T10:39:43+00:00","breadcrumb":{"@id":"https:\/\/gongcenter.ch\/en\/produkt\/ollihess-profi-chakra-gong-mallet-ch-4\/#breadcrumb"},"inLanguage":"en-US","potentialAction":[{"@type":"ReadAction","target":["https:\/\/gongcenter.ch\/en\/produkt\/ollihess-profi-chakra-gong-mallet-ch-4\/"]}]},{"@type":"ImageObject","inLanguage":"en-US","@id":"https:\/\/gongcenter.ch\/en\/produkt\/ollihess-profi-chakra-gong-mallet-ch-4\/#primaryimage","url":"https:\/\/gongcenter.ch\/app\/uploads\/2022\/09\/chakra-gong-mallet-ch4.png","contentUrl":"https:\/\/gongcenter.ch\/app\/uploads\/2022\/09\/chakra-gong-mallet-ch4.png","width":1000,"height":1000},{"@type":"BreadcrumbList","@id":"https:\/\/gongcenter.ch\/en\/produkt\/ollihess-profi-chakra-gong-mallet-ch-4\/#breadcrumb","itemListElement":[{"@type":"ListItem","position":1,"name":"Startseite","item":"https:\/\/gongcenter.ch\/en\/"},{"@type":"ListItem","position":2,"name":"Shop","item":"https:\/\/gongcenter.ch\/en\/shop\/"},{"@type":"ListItem","position":3,"name":"Ollihess Profi Chakra Gong Mallet CH 4"}]},{"@type":"WebSite","@id":"https:\/\/gongcenter.ch\/#website","url":"https:\/\/gongcenter.ch\/","name":"Gong Center Schweiz I Dein Gong und Klanginstrumente Fachgesch\u00e4ft","description":"Entdecke eine grosse Gong Auswahl sowie weitere Klanginstrumente - Wir sind Gong Klangtherapeut und bieten dir Top Qualit\u00e4t und Beratung.","publisher":{"@id":"https:\/\/gongcenter.ch\/#organization"},"potentialAction":[{"@type":"SearchAction","target":{"@type":"EntryPoint","urlTemplate":"https:\/\/gongcenter.ch\/?s={search_term_string}"},"query-input":{"@type":"PropertyValueSpecification","valueRequired":true,"valueName":"search_term_string"}}],"inLanguage":"en-US"},{"@type":"Organization","@id":"https:\/\/gongcenter.ch\/#organization","name":"Gongcenter Z\u00fcrich I Das Fachgesch\u00e4ft f\u00fcr Gong und Klang","url":"https:\/\/gongcenter.ch\/","logo":{"@type":"ImageObject","inLanguage":"en-US","@id":"https:\/\/gongcenter.ch\/#\/schema\/logo\/image\/","url":"https:\/\/gongcenter.ch\/app\/uploads\/2018\/05\/Gong-Center_Logo_2000_black.png","contentUrl":"https:\/\/gongcenter.ch\/app\/uploads\/2018\/05\/Gong-Center_Logo_2000_black.png","width":2000,"height":600,"caption":"Gongcenter Z\u00fcrich I Das Fachgesch\u00e4ft f\u00fcr Gong und Klang"},"image":{"@id":"https:\/\/gongcenter.ch\/#\/schema\/logo\/image\/"}}]}},"acf":[],"_links":{"self":[{"href":"https:\/\/gongcenter.ch\/en\/wp-json\/wp\/v2\/product\/27949","targetHints":{"allow":["GET"]}}],"collection":[{"href":"https:\/\/gongcenter.ch\/en\/wp-json\/wp\/v2\/product"}],"about":[{"href":"https:\/\/gongcenter.ch\/en\/wp-json\/wp\/v2\/types\/product"}],"wp:featuredmedia":[{"embeddable":true,"href":"https:\/\/gongcenter.ch\/en\/wp-json\/wp\/v2\/media\/29986"}],"wp:attachment":[{"href":"https:\/\/gongcenter.ch\/en\/wp-json\/wp\/v2\/media?parent=27949"}],"wp:term":[{"taxonomy":"product_brand","embeddable":true,"href":"https:\/\/gongcenter.ch\/en\/wp-json\/wp\/v2\/product_brand?post=27949"},{"taxonomy":"product_cat","embeddable":true,"href":"https:\/\/gongcenter.ch\/en\/wp-json\/wp\/v2\/product_cat?post=27949"},{"taxonomy":"product_tag","embeddable":true,"href":"https:\/\/gongcenter.ch\/en\/wp-json\/wp\/v2\/product_tag?post=27949"}],"curies":[{"name":"wp","href":"https:\/\/api.w.org\/{rel}","templated":true}]}}