{"id":27950,"date":"2021-06-04T13:23:44","date_gmt":"2021-06-04T12:23:44","guid":{"rendered":"https:\/\/gongcenter.ch\/product\/profi-chakra-gong-mallet-ch-3\/"},"modified":"2023-04-18T11:39:43","modified_gmt":"2023-04-18T10:39:43","slug":"ollihess-profi-chakra-gong-mallet-ch-3","status":"publish","type":"product","link":"https:\/\/gongcenter.ch\/en\/product\/ollihess-profi-chakra-gong-mallet-ch-3\/","title":{"rendered":"Ollihess Profi Chakra Gong Mallet CH 3"},"content":{"rendered":"<p>Das 4. Chakra, auch Herzchakra genannt liegt in der Mitte der Brust auf H\u00f6he des Herzens.<\/p>\n<p>Das Herzchakra steht symbolisch daf\u00fcr Gef\u00fchle wie Liebe, Vertrauen, Hingabe, Schmerz, Trauer und Vergebung zulassen zu k\u00f6nnen.<\/p>\n<p>Man arbeitet in der Energiearbeit sehr gerne mit Klang um eventuell vorhandene Blockaden oder Verspannungen sanft aufzul\u00f6sen.<\/p>\n<p>Der CH-3 Mallet eignet sich durch seine Kopfgr\u00f6\u00dfe und die besondere innere D\u00e4mmung ganz speziell f\u00fcr die Energiearbeit des Herz- und Solarplexus Chakras. Er l\u00e4sst sich besonders sanft f\u00fchren um so Kl\u00e4nge und T\u00f6ne gezielt anzuspielen.<\/p>\n<p><strong>Was zeichnet den Chakra Mallet CH-3 aus?<\/strong><\/p>\n<p>Das geringe Gewicht des CH-3 Mallets eignet sich ganz besonders f\u00fcr Klangmeditationen, Klangreisen oder intuitives Spielen.<\/p>\n<p>Kein schwerer Arm, keine schwere Hand, sondern ein leichtes und unbeschwertes Spielen.<\/p>\n<p>Durch die Kombination aus geringem Gewicht und guter D\u00e4mmung f\u00e4llt das sonst bekannte \u00dcberdr\u00f6hnen bei st\u00e4rkerer Schwungdynamik weg. Die T\u00f6ne bleiben klar und sauber.<\/p>\n<p>Die eigens von Olli Hess entwickelte ergonomische Griffform mit einer leichten Verdickung am Ende des schlanken Holzgriffes, erg\u00e4nzt dieses beschwingende Spielgef\u00fchl noch zus\u00e4tzlich.<\/p>\n<p>Mit dem ollihess CH-3 lassen entlocken Sie Ihrem Klanginstrument T\u00f6ne des mittleren Frequenzbereiches.<\/p>\n<p><strong>Einsatzgebiete<\/strong><\/p>\n<p>Der Chakra Mallet CH-3 eignet sich f\u00fcr nahezu jedes Klangerlebnis. Ob Gongmeditationen, Klangreisen, Konzerte oder Energiearbeit.<\/p>\n<p>Wir empfehlen den CH-3 gerne f\u00fcr Klangreisen, Meditationen und Energiearbeit.<\/p>\n<p><strong>Besonderheiten<\/strong><\/p>\n<p>Der lange Stiel der Chakra Mallets eignet sich nicht nur f\u00fcr das sitzende Spielen, sondern auch besonders alle Klangerlebnisse die stehend durchgef\u00fchrt werden.<\/p>\n<p>Zum Beispiel Klangkonzerte oder auch Klangmassagen. Es erleichtert das gesunde und aufrechte Stehen, und f\u00f6rdert auf diese Weise ein harmonisches Spielen.<\/p>\n","protected":false},"excerpt":{"rendered":"<table width=\"100%\">\r\n<tbody>\r\n<tr>\r\n<td width=\"180\">Gewicht:<\/td>\r\n<td>ca. 190\u00a0g<\/td>\r\n<\/tr>\r\n<tr>\r\n<td width=\"180\">Griff \u00f8:<\/td>\r\n<td>ca. 17,55\u00a0mm<\/td>\r\n<\/tr>\r\n<tr>\r\n<td width=\"180\">Griff L\u00e4nge:<\/td>\r\n<td>ca. 30 cm<\/td>\r\n<\/tr>\r\n<tr>\r\n<td width=\"180\">Kopf \u00f8:<\/td>\r\n<td>ca. 7,2 cm.<\/td>\r\n<\/tr>\r\n<tr>\r\n<td width=\"180\">Material:<\/td>\r\n<td>Buche biologisch gewachst \/ Fleece<\/td>\r\n<\/tr>\r\n<\/tbody>\r\n<\/table>","protected":false},"featured_media":29988,"template":"","meta":[],"product_brand":[],"product_cat":[65],"product_tag":[],"class_list":{"0":"post-27950","1":"product","2":"type-product","3":"status-publish","4":"has-post-thumbnail","6":"brands-ollihess","7":"product_cat-gong-zubehoer-mallets-schlaegel","8":"product_shipping_class-bis-199-chf-9-90-chf","10":"first","11":"instock","12":"taxable","13":"shipping-taxable","14":"purchasable","15":"product-type-simple"},"yoast_head":"<!-- This site is optimized with the Yoast SEO plugin v27.0 - https:\/\/yoast.com\/product\/yoast-seo-wordpress\/ -->\n<title>Ollihess Profi Chakra Gong Mallet CH 3 - Gong Center Schweiz I Dein Gong und Klanginstrumente Fachgesch\u00e4ft<\/title>\n<meta name=\"robots\" content=\"index, follow, max-snippet:-1, max-image-preview:large, max-video-preview:-1\" \/>\n<link rel=\"canonical\" href=\"https:\/\/gongcenter.ch\/en\/produkt\/ollihess-profi-chakra-gong-mallet-ch-3\/\" \/>\n<meta property=\"og:locale\" content=\"en_US\" \/>\n<meta property=\"og:type\" content=\"article\" \/>\n<meta property=\"og:title\" content=\"Ollihess Profi Chakra Gong Mallet CH 3 - Gong Center Schweiz I Dein Gong und Klanginstrumente Fachgesch\u00e4ft\" \/>\n<meta property=\"og:description\" content=\"Gewicht: ca. 190\u00a0g   Griff \u00f8: ca. 17,55\u00a0mm   Griff L\u00e4nge: ca. 30 cm   Kopf \u00f8: ca. 7,2 cm.   Material: Buche biologisch gewachst \/ Fleece\" \/>\n<meta property=\"og:url\" content=\"https:\/\/gongcenter.ch\/en\/produkt\/ollihess-profi-chakra-gong-mallet-ch-3\/\" \/>\n<meta property=\"og:site_name\" content=\"Gong Center Schweiz I Dein Gong und Klanginstrumente Fachgesch\u00e4ft\" \/>\n<meta property=\"article:modified_time\" content=\"2023-04-18T10:39:43+00:00\" \/>\n<meta property=\"og:image\" content=\"https:\/\/gongcenter.ch\/app\/uploads\/2022\/09\/chakra-gong-mallet-ch3.png\" \/>\n\t<meta property=\"og:image:width\" content=\"1000\" \/>\n\t<meta property=\"og:image:height\" content=\"1000\" \/>\n\t<meta property=\"og:image:type\" content=\"image\/png\" \/>\n<meta name=\"twitter:card\" content=\"summary_large_image\" \/>\n<meta name=\"twitter:label1\" content=\"Est. reading time\" \/>\n\t<meta name=\"twitter:data1\" content=\"1 minute\" \/>\n<!-- \/ Yoast SEO plugin. -->","yoast_head_json":{"title":"Ollihess Profi Chakra Gong Mallet CH 3 - Gong Center Schweiz I Dein Gong und Klanginstrumente Fachgesch\u00e4ft","robots":{"index":"index","follow":"follow","max-snippet":"max-snippet:-1","max-image-preview":"max-image-preview:large","max-video-preview":"max-video-preview:-1"},"canonical":"https:\/\/gongcenter.ch\/en\/produkt\/ollihess-profi-chakra-gong-mallet-ch-3\/","og_locale":"en_US","og_type":"article","og_title":"Ollihess Profi Chakra Gong Mallet CH 3 - Gong Center Schweiz I Dein Gong und Klanginstrumente Fachgesch\u00e4ft","og_description":"Gewicht: ca. 190\u00a0g   Griff \u00f8: ca. 17,55\u00a0mm   Griff L\u00e4nge: ca. 30 cm   Kopf \u00f8: ca. 7,2 cm.   Material: Buche biologisch gewachst \/ Fleece","og_url":"https:\/\/gongcenter.ch\/en\/produkt\/ollihess-profi-chakra-gong-mallet-ch-3\/","og_site_name":"Gong Center Schweiz I Dein Gong und Klanginstrumente Fachgesch\u00e4ft","article_modified_time":"2023-04-18T10:39:43+00:00","og_image":[{"width":1000,"height":1000,"url":"https:\/\/gongcenter.ch\/app\/uploads\/2022\/09\/chakra-gong-mallet-ch3.png","type":"image\/png"}],"twitter_card":"summary_large_image","twitter_misc":{"Est. reading time":"1 minute"},"schema":{"@context":"https:\/\/schema.org","@graph":[{"@type":"WebPage","@id":"https:\/\/gongcenter.ch\/en\/produkt\/ollihess-profi-chakra-gong-mallet-ch-3\/","url":"https:\/\/gongcenter.ch\/en\/produkt\/ollihess-profi-chakra-gong-mallet-ch-3\/","name":"Ollihess Profi Chakra Gong Mallet CH 3 - Gong Center Schweiz I Dein Gong und Klanginstrumente Fachgesch\u00e4ft","isPartOf":{"@id":"https:\/\/gongcenter.ch\/#website"},"primaryImageOfPage":{"@id":"https:\/\/gongcenter.ch\/en\/produkt\/ollihess-profi-chakra-gong-mallet-ch-3\/#primaryimage"},"image":{"@id":"https:\/\/gongcenter.ch\/en\/produkt\/ollihess-profi-chakra-gong-mallet-ch-3\/#primaryimage"},"thumbnailUrl":"https:\/\/gongcenter.ch\/app\/uploads\/2022\/09\/chakra-gong-mallet-ch3.png","datePublished":"2021-06-04T12:23:44+00:00","dateModified":"2023-04-18T10:39:43+00:00","breadcrumb":{"@id":"https:\/\/gongcenter.ch\/en\/produkt\/ollihess-profi-chakra-gong-mallet-ch-3\/#breadcrumb"},"inLanguage":"en-US","potentialAction":[{"@type":"ReadAction","target":["https:\/\/gongcenter.ch\/en\/produkt\/ollihess-profi-chakra-gong-mallet-ch-3\/"]}]},{"@type":"ImageObject","inLanguage":"en-US","@id":"https:\/\/gongcenter.ch\/en\/produkt\/ollihess-profi-chakra-gong-mallet-ch-3\/#primaryimage","url":"https:\/\/gongcenter.ch\/app\/uploads\/2022\/09\/chakra-gong-mallet-ch3.png","contentUrl":"https:\/\/gongcenter.ch\/app\/uploads\/2022\/09\/chakra-gong-mallet-ch3.png","width":1000,"height":1000},{"@type":"BreadcrumbList","@id":"https:\/\/gongcenter.ch\/en\/produkt\/ollihess-profi-chakra-gong-mallet-ch-3\/#breadcrumb","itemListElement":[{"@type":"ListItem","position":1,"name":"Startseite","item":"https:\/\/gongcenter.ch\/en\/"},{"@type":"ListItem","position":2,"name":"Shop","item":"https:\/\/gongcenter.ch\/en\/shop\/"},{"@type":"ListItem","position":3,"name":"Ollihess Profi Chakra Gong Mallet CH 3"}]},{"@type":"WebSite","@id":"https:\/\/gongcenter.ch\/#website","url":"https:\/\/gongcenter.ch\/","name":"Gong Center Schweiz I Dein Gong und Klanginstrumente Fachgesch\u00e4ft","description":"Entdecke eine grosse Gong Auswahl sowie weitere Klanginstrumente - Wir sind Gong Klangtherapeut und bieten dir Top Qualit\u00e4t und Beratung.","publisher":{"@id":"https:\/\/gongcenter.ch\/#organization"},"potentialAction":[{"@type":"SearchAction","target":{"@type":"EntryPoint","urlTemplate":"https:\/\/gongcenter.ch\/?s={search_term_string}"},"query-input":{"@type":"PropertyValueSpecification","valueRequired":true,"valueName":"search_term_string"}}],"inLanguage":"en-US"},{"@type":"Organization","@id":"https:\/\/gongcenter.ch\/#organization","name":"Gongcenter Z\u00fcrich I Das Fachgesch\u00e4ft f\u00fcr Gong und Klang","url":"https:\/\/gongcenter.ch\/","logo":{"@type":"ImageObject","inLanguage":"en-US","@id":"https:\/\/gongcenter.ch\/#\/schema\/logo\/image\/","url":"https:\/\/gongcenter.ch\/app\/uploads\/2018\/05\/Gong-Center_Logo_2000_black.png","contentUrl":"https:\/\/gongcenter.ch\/app\/uploads\/2018\/05\/Gong-Center_Logo_2000_black.png","width":2000,"height":600,"caption":"Gongcenter Z\u00fcrich I Das Fachgesch\u00e4ft f\u00fcr Gong und Klang"},"image":{"@id":"https:\/\/gongcenter.ch\/#\/schema\/logo\/image\/"}}]}},"acf":[],"_links":{"self":[{"href":"https:\/\/gongcenter.ch\/en\/wp-json\/wp\/v2\/product\/27950","targetHints":{"allow":["GET"]}}],"collection":[{"href":"https:\/\/gongcenter.ch\/en\/wp-json\/wp\/v2\/product"}],"about":[{"href":"https:\/\/gongcenter.ch\/en\/wp-json\/wp\/v2\/types\/product"}],"wp:featuredmedia":[{"embeddable":true,"href":"https:\/\/gongcenter.ch\/en\/wp-json\/wp\/v2\/media\/29988"}],"wp:attachment":[{"href":"https:\/\/gongcenter.ch\/en\/wp-json\/wp\/v2\/media?parent=27950"}],"wp:term":[{"taxonomy":"product_brand","embeddable":true,"href":"https:\/\/gongcenter.ch\/en\/wp-json\/wp\/v2\/product_brand?post=27950"},{"taxonomy":"product_cat","embeddable":true,"href":"https:\/\/gongcenter.ch\/en\/wp-json\/wp\/v2\/product_cat?post=27950"},{"taxonomy":"product_tag","embeddable":true,"href":"https:\/\/gongcenter.ch\/en\/wp-json\/wp\/v2\/product_tag?post=27950"}],"curies":[{"name":"wp","href":"https:\/\/api.w.org\/{rel}","templated":true}]}}