{"id":27952,"date":"2021-06-04T13:23:44","date_gmt":"2021-06-04T12:23:44","guid":{"rendered":"https:\/\/gongcenter.ch\/product\/profi-chakra-gong-mallet-ch-1\/"},"modified":"2023-04-18T11:39:42","modified_gmt":"2023-04-18T10:39:42","slug":"ollihess-profi-chakra-gong-mallet-ch-1","status":"publish","type":"product","link":"https:\/\/gongcenter.ch\/en\/product\/ollihess-profi-chakra-gong-mallet-ch-1\/","title":{"rendered":"Ollihess Profi Chakra Gong Mallet CH 1"},"content":{"rendered":"<p>Das 7. Chakra (SAHASRARA), auch Scheitel- oder Kronenchakra genannt befindet sich direkt am Scheitelpunkt des Kopfes und verbindet den K\u00f6rper mit der universellen Energie des Kosmos.<\/p>\n<p>Gerade in der Energiearbeit wird gerne mit meditativem Klang gearbeitet um eventuell vorhandene Blockaden zu l\u00f6sen, oder eine allgemeine Harmonie herzustellen.<\/p>\n<p>Hierf\u00fcr eignen sich unser Chakra Mallets ganz besonders.<\/p>\n<p><strong>Was zeichnet den Chakra Mallet CH-1 aus?<\/strong><\/p>\n<p>Eines der besonderen Merkmale all unserer Chakra Mallets ist ihr geringes Gewicht. Lange Gongmeditationen, Klangreisen oder einfach nur intuitives Spielen sind mit unseren Chakra Mallets eine wahre Freude. Kein schwerer Arm, keine schwere Hand, sondern ein leichtes und unbeschwertes Spielen.<\/p>\n<p>Eine eigens von Olli Hess entwickelte ergonomische Griffform mit einer leichten Verdickung am Ende des schlanken Holzgriffes, erg\u00e4nzt dieses beschwingende Spielgef\u00fchl noch zus\u00e4tzlich.<\/p>\n<p>Durch unterschiedliche D\u00e4mmungen innerhalb des Kernkopfes aus Naturkautschuk lassen sich mit dem CH-1 wunderbar helle Tonvariationen auf Ihrem Gong oder Ihrer Klangschale spielen.<\/p>\n<p><strong>Einsatzgebiete<\/strong><\/p>\n<p>Der Chakra Mallet CH-1 eignet sich f\u00fcr nahezu jedes Klangerlebnis. Ob Gongmeditationen, Klangreisen, Konzerte oder Energiearbeit.<\/p>\n<p>Die T\u00f6ne, die sich mit einem CH-1 spielen lassen sind sehr hell und klar. Je nach Intensit\u00e4t und Schwungdynamik entsprechend sanft oder mitrei\u00dfend.<\/p>\n<p>Wir empfehlen den CH-1 gerne f\u00fcr Klangreisen, Meditationen und Energiearbeit.<\/p>\n<p><strong>Besonderheiten<\/strong><\/p>\n<p>Der lange Stiel der Chakra Mallets eignet sich ebenfalls ganz besonders f\u00fcr Klangmassagen. Seine L\u00e4nge erm\u00f6glicht ein entspanntes und flie\u00dfendes Anschlagen der Klangschalen.<\/p>\n","protected":false},"excerpt":{"rendered":"<table width=\"100%\">\r\n<tbody>\r\n<tr>\r\n<td width=\"180\">Gewicht:<\/td>\r\n<td>ca. 60\u00a0g<\/td>\r\n<\/tr>\r\n<tr>\r\n<td width=\"180\">Griff \u00f8:<\/td>\r\n<td>ca. 12 mm<\/td>\r\n<\/tr>\r\n<tr>\r\n<td width=\"180\">Griff L\u00e4nge:<\/td>\r\n<td>ca. 32 cm<\/td>\r\n<\/tr>\r\n<tr>\r\n<td width=\"180\">Kopf \u00f8:<\/td>\r\n<td>ca. 5,5\u00a0cm.<\/td>\r\n<\/tr>\r\n<tr>\r\n<td width=\"180\">Material:<\/td>\r\n<td>Buche biologisch gewachst \/ Fleece<\/td>\r\n<\/tr>\r\n<\/tbody>\r\n<\/table>","protected":false},"featured_media":29992,"template":"","meta":[],"product_brand":[],"product_cat":[65],"product_tag":[],"class_list":{"0":"post-27952","1":"product","2":"type-product","3":"status-publish","4":"has-post-thumbnail","6":"brands-ollihess","7":"product_cat-gong-zubehoer-mallets-schlaegel","8":"product_shipping_class-bis-199-chf-9-90-chf","10":"first","11":"instock","12":"taxable","13":"shipping-taxable","14":"purchasable","15":"product-type-simple"},"yoast_head":"<!-- This site is optimized with the Yoast SEO plugin v27.0 - https:\/\/yoast.com\/product\/yoast-seo-wordpress\/ -->\n<title>Ollihess Profi Chakra Gong Mallet CH 1 - Gong Center Schweiz I Dein Gong und Klanginstrumente Fachgesch\u00e4ft<\/title>\n<meta name=\"robots\" content=\"index, follow, max-snippet:-1, max-image-preview:large, max-video-preview:-1\" \/>\n<link rel=\"canonical\" href=\"https:\/\/gongcenter.ch\/produkt\/ollihess-profi-chakra-gong-mallet-ch-1\/\" \/>\n<meta property=\"og:locale\" content=\"en_US\" \/>\n<meta property=\"og:type\" content=\"article\" \/>\n<meta property=\"og:title\" content=\"Ollihess Profi Chakra Gong Mallet CH 1 - Gong Center Schweiz I Dein Gong und Klanginstrumente Fachgesch\u00e4ft\" \/>\n<meta property=\"og:description\" content=\"Gewicht: ca. 60\u00a0g   Griff \u00f8: ca. 12 mm   Griff L\u00e4nge: ca. 32 cm   Kopf \u00f8: ca. 5,5\u00a0cm.   Material: Buche biologisch gewachst \/ Fleece\" \/>\n<meta property=\"og:url\" content=\"https:\/\/gongcenter.ch\/produkt\/ollihess-profi-chakra-gong-mallet-ch-1\/\" \/>\n<meta property=\"og:site_name\" content=\"Gong Center Schweiz I Dein Gong und Klanginstrumente Fachgesch\u00e4ft\" \/>\n<meta property=\"article:modified_time\" content=\"2023-04-18T10:39:42+00:00\" \/>\n<meta property=\"og:image\" content=\"https:\/\/gongcenter.ch\/app\/uploads\/2022\/09\/chakra-gong-mallet-ch1.png\" \/>\n\t<meta property=\"og:image:width\" content=\"1000\" \/>\n\t<meta property=\"og:image:height\" content=\"1000\" \/>\n\t<meta property=\"og:image:type\" content=\"image\/png\" \/>\n<meta name=\"twitter:card\" content=\"summary_large_image\" \/>\n<meta name=\"twitter:label1\" content=\"Est. reading time\" \/>\n\t<meta name=\"twitter:data1\" content=\"1 minute\" \/>\n<!-- \/ Yoast SEO plugin. -->","yoast_head_json":{"title":"Ollihess Profi Chakra Gong Mallet CH 1 - Gong Center Schweiz I Dein Gong und Klanginstrumente Fachgesch\u00e4ft","robots":{"index":"index","follow":"follow","max-snippet":"max-snippet:-1","max-image-preview":"max-image-preview:large","max-video-preview":"max-video-preview:-1"},"canonical":"https:\/\/gongcenter.ch\/produkt\/ollihess-profi-chakra-gong-mallet-ch-1\/","og_locale":"en_US","og_type":"article","og_title":"Ollihess Profi Chakra Gong Mallet CH 1 - Gong Center Schweiz I Dein Gong und Klanginstrumente Fachgesch\u00e4ft","og_description":"Gewicht: ca. 60\u00a0g   Griff \u00f8: ca. 12 mm   Griff L\u00e4nge: ca. 32 cm   Kopf \u00f8: ca. 5,5\u00a0cm.   Material: Buche biologisch gewachst \/ Fleece","og_url":"https:\/\/gongcenter.ch\/produkt\/ollihess-profi-chakra-gong-mallet-ch-1\/","og_site_name":"Gong Center Schweiz I Dein Gong und Klanginstrumente Fachgesch\u00e4ft","article_modified_time":"2023-04-18T10:39:42+00:00","og_image":[{"width":1000,"height":1000,"url":"https:\/\/gongcenter.ch\/app\/uploads\/2022\/09\/chakra-gong-mallet-ch1.png","type":"image\/png"}],"twitter_card":"summary_large_image","twitter_misc":{"Est. reading time":"1 minute"},"schema":{"@context":"https:\/\/schema.org","@graph":[{"@type":"WebPage","@id":"https:\/\/gongcenter.ch\/produkt\/ollihess-profi-chakra-gong-mallet-ch-1\/","url":"https:\/\/gongcenter.ch\/produkt\/ollihess-profi-chakra-gong-mallet-ch-1\/","name":"Ollihess Profi Chakra Gong Mallet CH 1 - Gong Center Schweiz I Dein Gong und Klanginstrumente Fachgesch\u00e4ft","isPartOf":{"@id":"https:\/\/gongcenter.ch\/#website"},"primaryImageOfPage":{"@id":"https:\/\/gongcenter.ch\/produkt\/ollihess-profi-chakra-gong-mallet-ch-1\/#primaryimage"},"image":{"@id":"https:\/\/gongcenter.ch\/produkt\/ollihess-profi-chakra-gong-mallet-ch-1\/#primaryimage"},"thumbnailUrl":"https:\/\/gongcenter.ch\/app\/uploads\/2022\/09\/chakra-gong-mallet-ch1.png","datePublished":"2021-06-04T12:23:44+00:00","dateModified":"2023-04-18T10:39:42+00:00","breadcrumb":{"@id":"https:\/\/gongcenter.ch\/produkt\/ollihess-profi-chakra-gong-mallet-ch-1\/#breadcrumb"},"inLanguage":"en-US","potentialAction":[{"@type":"ReadAction","target":["https:\/\/gongcenter.ch\/produkt\/ollihess-profi-chakra-gong-mallet-ch-1\/"]}]},{"@type":"ImageObject","inLanguage":"en-US","@id":"https:\/\/gongcenter.ch\/produkt\/ollihess-profi-chakra-gong-mallet-ch-1\/#primaryimage","url":"https:\/\/gongcenter.ch\/app\/uploads\/2022\/09\/chakra-gong-mallet-ch1.png","contentUrl":"https:\/\/gongcenter.ch\/app\/uploads\/2022\/09\/chakra-gong-mallet-ch1.png","width":1000,"height":1000},{"@type":"BreadcrumbList","@id":"https:\/\/gongcenter.ch\/produkt\/ollihess-profi-chakra-gong-mallet-ch-1\/#breadcrumb","itemListElement":[{"@type":"ListItem","position":1,"name":"Startseite","item":"https:\/\/gongcenter.ch\/en\/"},{"@type":"ListItem","position":2,"name":"Shop","item":"https:\/\/gongcenter.ch\/en\/shop\/"},{"@type":"ListItem","position":3,"name":"Ollihess Profi Chakra Gong Mallet CH 1"}]},{"@type":"WebSite","@id":"https:\/\/gongcenter.ch\/#website","url":"https:\/\/gongcenter.ch\/","name":"Gong Center Schweiz I Dein Gong und Klanginstrumente Fachgesch\u00e4ft","description":"Entdecke eine grosse Gong Auswahl sowie weitere Klanginstrumente - Wir sind Gong Klangtherapeut und bieten dir Top Qualit\u00e4t und Beratung.","publisher":{"@id":"https:\/\/gongcenter.ch\/#organization"},"potentialAction":[{"@type":"SearchAction","target":{"@type":"EntryPoint","urlTemplate":"https:\/\/gongcenter.ch\/?s={search_term_string}"},"query-input":{"@type":"PropertyValueSpecification","valueRequired":true,"valueName":"search_term_string"}}],"inLanguage":"en-US"},{"@type":"Organization","@id":"https:\/\/gongcenter.ch\/#organization","name":"Gongcenter Z\u00fcrich I Das Fachgesch\u00e4ft f\u00fcr Gong und Klang","url":"https:\/\/gongcenter.ch\/","logo":{"@type":"ImageObject","inLanguage":"en-US","@id":"https:\/\/gongcenter.ch\/#\/schema\/logo\/image\/","url":"https:\/\/gongcenter.ch\/app\/uploads\/2018\/05\/Gong-Center_Logo_2000_black.png","contentUrl":"https:\/\/gongcenter.ch\/app\/uploads\/2018\/05\/Gong-Center_Logo_2000_black.png","width":2000,"height":600,"caption":"Gongcenter Z\u00fcrich I Das Fachgesch\u00e4ft f\u00fcr Gong und Klang"},"image":{"@id":"https:\/\/gongcenter.ch\/#\/schema\/logo\/image\/"}}]}},"acf":[],"_links":{"self":[{"href":"https:\/\/gongcenter.ch\/en\/wp-json\/wp\/v2\/product\/27952","targetHints":{"allow":["GET"]}}],"collection":[{"href":"https:\/\/gongcenter.ch\/en\/wp-json\/wp\/v2\/product"}],"about":[{"href":"https:\/\/gongcenter.ch\/en\/wp-json\/wp\/v2\/types\/product"}],"wp:featuredmedia":[{"embeddable":true,"href":"https:\/\/gongcenter.ch\/en\/wp-json\/wp\/v2\/media\/29992"}],"wp:attachment":[{"href":"https:\/\/gongcenter.ch\/en\/wp-json\/wp\/v2\/media?parent=27952"}],"wp:term":[{"taxonomy":"product_brand","embeddable":true,"href":"https:\/\/gongcenter.ch\/en\/wp-json\/wp\/v2\/product_brand?post=27952"},{"taxonomy":"product_cat","embeddable":true,"href":"https:\/\/gongcenter.ch\/en\/wp-json\/wp\/v2\/product_cat?post=27952"},{"taxonomy":"product_tag","embeddable":true,"href":"https:\/\/gongcenter.ch\/en\/wp-json\/wp\/v2\/product_tag?post=27952"}],"curies":[{"name":"wp","href":"https:\/\/api.w.org\/{rel}","templated":true}]}}