{"id":27955,"date":"2021-06-04T13:23:45","date_gmt":"2021-06-04T12:23:45","guid":{"rendered":"https:\/\/gongcenter.ch\/product\/ollihess-gongreiber-lava-edition\/"},"modified":"2024-06-05T10:33:26","modified_gmt":"2024-06-05T09:33:26","slug":"ollihess-gongreiber-lava-edition","status":"publish","type":"product","link":"https:\/\/gongcenter.ch\/en\/product\/ollihess-gongreiber-lava-edition\/","title":{"rendered":"Ollihess Gongreiber Lava Edition"},"content":{"rendered":"<p>Mit den hochqualitativen Gongreibern von Olli Hess entlocken Sie Ihren Klanginstrumenten ein unglaubliches Klangspektrum, ohne dabei irgendwelche Spuren auf dem Gong zu hinterlassen.<\/p>\n<p>In Filmen wird oftmals der Gong mit einem Mallet angeschlagen und zum Schwingen gebracht. Es gibt allerdings auch eine andere M\u00f6glichkeit einen Gong zum Klingen zu bringen, n\u00e4mlich mithilfe eines Gongreibers.<\/p>\n<p>Wie der Name bereits verr\u00e4t, wird bei einem Gongreiber durch Reibung der Gong zum Schwingen gebracht. Daraus resultiert ein vollkommen anderes Klangbild als bei einem Mallet, der auf den Gong geschlagen wird. Der helle Gesang von Walen oder Delfinen oder das ber\u00fchmte, von M\u00f6nchen gesungene, Mantra \u201eOm\u201c lassen sich beispielsweise mit den Gongreibern nachahmen. Die Reiber haben ein ungeheures Potenzial, welches jedes Mal aufs Neue erstaunt und die Zuh\u00f6rer regelrecht verzaubert.<\/p>\n<p>Die Lava Edition der Gongreiber von Ollihess ist in Schwarz geh\u00fcllt. Damit k\u00f6nnen die Gongreiber sowohl aus der Umgebung herausstechen als auch fast unsichtbar sein \u2013 das ist von den Umgebungsfarben und der Platzierung abh\u00e4ngig.<\/p>\n<h3>H\u00f6chste Qualit\u00e4t<\/h3>\n<p>Die Marke Ollihess steht f\u00fcr h\u00f6chste Qualit\u00e4tsstandards. Wir gew\u00e4hrleisten durch die Auswahl von den erlesensten Materialien gepaart mit pr\u00e4ziser Verarbeitungsqualit\u00e4t einen unvergleichlichen Qualit\u00e4tsstandard. Erm\u00f6glicht wird dies durch die kreativen Ans\u00e4tze beziehungsweise den Tatendrang von Olli Hess pers\u00f6nlich. Er selbst sorgt f\u00fcr die Einhaltung der hohen Qualit\u00e4tsanspr\u00fcche.<\/p>\n","protected":false},"excerpt":{"rendered":"<strong>Natur Kautschuk Gongreiber f\u00fcr h\u00f6chste Anspr\u00fcche in f\u00fcnf verschiedenen Durchmessern.<\/strong>\r\n\r\n<strong>Material:<\/strong>\u00a0Naturkautschuck\r\n\r\n&nbsp;","protected":false},"featured_media":29996,"template":"","meta":[],"product_brand":[],"product_cat":[1341],"product_tag":[],"class_list":{"0":"post-27955","1":"product","2":"type-product","3":"status-publish","4":"has-post-thumbnail","6":"brands-ollihess","7":"product_cat-gongreiber","8":"product_shipping_class-bis-199-chf-9-90-chf","10":"first","11":"instock","12":"taxable","13":"shipping-taxable","14":"purchasable","15":"product-type-variable"},"yoast_head":"<!-- This site is optimized with the Yoast SEO plugin v27.0 - https:\/\/yoast.com\/product\/yoast-seo-wordpress\/ -->\n<title>Ollihess Gongreiber Lava Edition - Gong Center Schweiz I Dein Gong und Klanginstrumente Fachgesch\u00e4ft<\/title>\n<meta name=\"robots\" content=\"index, follow, max-snippet:-1, max-image-preview:large, max-video-preview:-1\" \/>\n<link rel=\"canonical\" href=\"https:\/\/gongcenter.ch\/produkt\/ollihess-gongreiber-lava-edition\/\" \/>\n<meta property=\"og:locale\" content=\"en_US\" \/>\n<meta property=\"og:type\" content=\"article\" \/>\n<meta property=\"og:title\" content=\"Ollihess Gongreiber Lava Edition - Gong Center Schweiz I Dein Gong und Klanginstrumente Fachgesch\u00e4ft\" \/>\n<meta property=\"og:description\" content=\"Natur Kautschuk Gongreiber f\u00fcr h\u00f6chste Anspr\u00fcche in f\u00fcnf verschiedenen Durchmessern.  Material:\u00a0Naturkautschuck  &nbsp;\" \/>\n<meta property=\"og:url\" content=\"https:\/\/gongcenter.ch\/produkt\/ollihess-gongreiber-lava-edition\/\" \/>\n<meta property=\"og:site_name\" content=\"Gong Center Schweiz I Dein Gong und Klanginstrumente Fachgesch\u00e4ft\" \/>\n<meta property=\"article:modified_time\" content=\"2024-06-05T09:33:26+00:00\" \/>\n<meta property=\"og:image\" content=\"https:\/\/gongcenter.ch\/app\/uploads\/2022\/09\/lava-an-shop-768x768-1.png\" \/>\n\t<meta property=\"og:image:width\" content=\"1000\" \/>\n\t<meta property=\"og:image:height\" content=\"1000\" \/>\n\t<meta property=\"og:image:type\" content=\"image\/png\" \/>\n<meta name=\"twitter:card\" content=\"summary_large_image\" \/>\n<meta name=\"twitter:label1\" content=\"Est. reading time\" \/>\n\t<meta name=\"twitter:data1\" content=\"2 minutes\" \/>\n<!-- \/ Yoast SEO plugin. -->","yoast_head_json":{"title":"Ollihess Gongreiber Lava Edition - Gong Center Schweiz I Dein Gong und Klanginstrumente Fachgesch\u00e4ft","robots":{"index":"index","follow":"follow","max-snippet":"max-snippet:-1","max-image-preview":"max-image-preview:large","max-video-preview":"max-video-preview:-1"},"canonical":"https:\/\/gongcenter.ch\/produkt\/ollihess-gongreiber-lava-edition\/","og_locale":"en_US","og_type":"article","og_title":"Ollihess Gongreiber Lava Edition - Gong Center Schweiz I Dein Gong und Klanginstrumente Fachgesch\u00e4ft","og_description":"Natur Kautschuk Gongreiber f\u00fcr h\u00f6chste Anspr\u00fcche in f\u00fcnf verschiedenen Durchmessern.  Material:\u00a0Naturkautschuck  &nbsp;","og_url":"https:\/\/gongcenter.ch\/produkt\/ollihess-gongreiber-lava-edition\/","og_site_name":"Gong Center Schweiz I Dein Gong und Klanginstrumente Fachgesch\u00e4ft","article_modified_time":"2024-06-05T09:33:26+00:00","og_image":[{"width":1000,"height":1000,"url":"https:\/\/gongcenter.ch\/app\/uploads\/2022\/09\/lava-an-shop-768x768-1.png","type":"image\/png"}],"twitter_card":"summary_large_image","twitter_misc":{"Est. reading time":"2 minutes"},"schema":{"@context":"https:\/\/schema.org","@graph":[{"@type":"WebPage","@id":"https:\/\/gongcenter.ch\/produkt\/ollihess-gongreiber-lava-edition\/","url":"https:\/\/gongcenter.ch\/produkt\/ollihess-gongreiber-lava-edition\/","name":"Ollihess Gongreiber Lava Edition - Gong Center Schweiz I Dein Gong und Klanginstrumente Fachgesch\u00e4ft","isPartOf":{"@id":"https:\/\/gongcenter.ch\/#website"},"primaryImageOfPage":{"@id":"https:\/\/gongcenter.ch\/produkt\/ollihess-gongreiber-lava-edition\/#primaryimage"},"image":{"@id":"https:\/\/gongcenter.ch\/produkt\/ollihess-gongreiber-lava-edition\/#primaryimage"},"thumbnailUrl":"https:\/\/gongcenter.ch\/app\/uploads\/2022\/09\/lava-an-shop-768x768-1.png","datePublished":"2021-06-04T12:23:45+00:00","dateModified":"2024-06-05T09:33:26+00:00","breadcrumb":{"@id":"https:\/\/gongcenter.ch\/produkt\/ollihess-gongreiber-lava-edition\/#breadcrumb"},"inLanguage":"en-US","potentialAction":[{"@type":"ReadAction","target":["https:\/\/gongcenter.ch\/produkt\/ollihess-gongreiber-lava-edition\/"]}]},{"@type":"ImageObject","inLanguage":"en-US","@id":"https:\/\/gongcenter.ch\/produkt\/ollihess-gongreiber-lava-edition\/#primaryimage","url":"https:\/\/gongcenter.ch\/app\/uploads\/2022\/09\/lava-an-shop-768x768-1.png","contentUrl":"https:\/\/gongcenter.ch\/app\/uploads\/2022\/09\/lava-an-shop-768x768-1.png","width":1000,"height":1000},{"@type":"BreadcrumbList","@id":"https:\/\/gongcenter.ch\/produkt\/ollihess-gongreiber-lava-edition\/#breadcrumb","itemListElement":[{"@type":"ListItem","position":1,"name":"Startseite","item":"https:\/\/gongcenter.ch\/en\/"},{"@type":"ListItem","position":2,"name":"Shop","item":"https:\/\/gongcenter.ch\/en\/shop\/"},{"@type":"ListItem","position":3,"name":"Ollihess Gongreiber Lava Edition"}]},{"@type":"WebSite","@id":"https:\/\/gongcenter.ch\/#website","url":"https:\/\/gongcenter.ch\/","name":"Gong Center Schweiz I Dein Gong und Klanginstrumente Fachgesch\u00e4ft","description":"Entdecke eine grosse Gong Auswahl sowie weitere Klanginstrumente - Wir sind Gong Klangtherapeut und bieten dir Top Qualit\u00e4t und Beratung.","publisher":{"@id":"https:\/\/gongcenter.ch\/#organization"},"potentialAction":[{"@type":"SearchAction","target":{"@type":"EntryPoint","urlTemplate":"https:\/\/gongcenter.ch\/?s={search_term_string}"},"query-input":{"@type":"PropertyValueSpecification","valueRequired":true,"valueName":"search_term_string"}}],"inLanguage":"en-US"},{"@type":"Organization","@id":"https:\/\/gongcenter.ch\/#organization","name":"Gongcenter Z\u00fcrich I Das Fachgesch\u00e4ft f\u00fcr Gong und Klang","url":"https:\/\/gongcenter.ch\/","logo":{"@type":"ImageObject","inLanguage":"en-US","@id":"https:\/\/gongcenter.ch\/#\/schema\/logo\/image\/","url":"https:\/\/gongcenter.ch\/app\/uploads\/2018\/05\/Gong-Center_Logo_2000_black.png","contentUrl":"https:\/\/gongcenter.ch\/app\/uploads\/2018\/05\/Gong-Center_Logo_2000_black.png","width":2000,"height":600,"caption":"Gongcenter Z\u00fcrich I Das Fachgesch\u00e4ft f\u00fcr Gong und Klang"},"image":{"@id":"https:\/\/gongcenter.ch\/#\/schema\/logo\/image\/"}}]}},"acf":[],"_links":{"self":[{"href":"https:\/\/gongcenter.ch\/en\/wp-json\/wp\/v2\/product\/27955","targetHints":{"allow":["GET"]}}],"collection":[{"href":"https:\/\/gongcenter.ch\/en\/wp-json\/wp\/v2\/product"}],"about":[{"href":"https:\/\/gongcenter.ch\/en\/wp-json\/wp\/v2\/types\/product"}],"wp:featuredmedia":[{"embeddable":true,"href":"https:\/\/gongcenter.ch\/en\/wp-json\/wp\/v2\/media\/29996"}],"wp:attachment":[{"href":"https:\/\/gongcenter.ch\/en\/wp-json\/wp\/v2\/media?parent=27955"}],"wp:term":[{"taxonomy":"product_brand","embeddable":true,"href":"https:\/\/gongcenter.ch\/en\/wp-json\/wp\/v2\/product_brand?post=27955"},{"taxonomy":"product_cat","embeddable":true,"href":"https:\/\/gongcenter.ch\/en\/wp-json\/wp\/v2\/product_cat?post=27955"},{"taxonomy":"product_tag","embeddable":true,"href":"https:\/\/gongcenter.ch\/en\/wp-json\/wp\/v2\/product_tag?post=27955"}],"curies":[{"name":"wp","href":"https:\/\/api.w.org\/{rel}","templated":true}]}}