{"id":28563,"date":"2022-01-24T16:44:10","date_gmt":"2022-03-10T11:34:34","guid":{"rendered":"https:\/\/gongcenter.ch\/product\/trigon-xl\/"},"modified":"2022-03-14T18:15:07","modified_gmt":"2022-03-14T17:15:07","slug":"trigon-xl","status":"publish","type":"product","link":"https:\/\/gongcenter.ch\/en\/product\/trigon-xl\/","title":{"rendered":"Trigon XL"},"content":{"rendered":"<p>The Trigon is a small sound triangle from the series of the 7 cosmic treasures and exactly planetary tuned. Master silversmith Martin Bl\u00e4se handcrafts these high-quality sound objects. The fine, bright sound allows an interesting beat to be created by a twisting motion. Trigone is available in metal qualities alpaca, bronze polished and bronze natural, which have very good sound properties. Available are the trigones as a single planetary tuning tone in any planetary frequency or also on request in a very personal tuning according to your wishes.<\/p>\n<p>Each trigon comes in a nice box with certificate.<\/p>\n<p>There are optionally different stands or wall hangers in the appropriate metal qualities under accessories as well as special mallets, but the Trigon can also be played well with the wooden ball.<\/p>\n<p>Trigones are very suitable for work in the aura and for an interactive interaction in a group.<\/p>\n<p>The universe in a box &#8211; space-saving, versatile and sonorous! A complete planet set is available in a wooden box with 13 trigons. Here you can choose one metal or even different metals mixed. These are then made accordingly.<\/p>\n<p>A box of 12 in bronze polished is still in stock. It contains: Sun, Earth Year, Mercury, Mars, Saturn, Platonic Year, Jupiter, Synodic Day, Uranus, Synodic Moon, Neptune and Venus.<\/p>\n<p>The delivery time is 2-6 weeks, if the desired frequency is not in stock.<\/p>\n","protected":false},"excerpt":{"rendered":"The Trigon is a small sound triangle from the series of the 7 cosmic treasures and exactly planetary tuned. Master silversmith Martin Bl\u00e4se handcrafts these high-quality sound objects. The fine, bright sound&#8230;","protected":false},"featured_media":29469,"template":"","meta":[],"product_brand":[],"product_cat":[15],"product_tag":[],"class_list":{"0":"post-28563","1":"product","2":"type-product","3":"status-publish","4":"has-post-thumbnail","6":"product_cat-uncategorized","7":"product_shipping_class-bis-199-chf-9-90-chf-en","8":"pa_material-alpaka-en","9":"pa_material-bronze-natur-en","10":"pa_material-bronze-polished","11":"pa_planeten-erde-jahreston-en","12":"pa_planeten-erde-tageston-en","13":"pa_planeten-erdentag-siderisch-en","14":"pa_planeten-jupiter-en","15":"pa_planeten-mars-en","16":"pa_planeten-merkur-en","17":"pa_planeten-mond-siderisch-en","18":"pa_planeten-mond-synodisch-en","19":"pa_planeten-neptun-en","20":"pa_planeten-plat-erdenjahr-en","21":"pa_planeten-pluto-en","22":"pa_planeten-saturn-en","23":"pa_planeten-sonne-en","24":"pa_planeten-uranus-en","25":"pa_planeten-venus-en","27":"first","28":"instock","29":"taxable","30":"shipping-taxable","31":"purchasable","32":"product-type-variable"},"yoast_head":"<!-- This site is optimized with the Yoast SEO plugin v27.0 - https:\/\/yoast.com\/product\/yoast-seo-wordpress\/ -->\n<title>Trigon XL - Gong Center Schweiz I Dein Gong und Klanginstrumente Fachgesch\u00e4ft<\/title>\n<meta name=\"robots\" content=\"index, follow, max-snippet:-1, max-image-preview:large, max-video-preview:-1\" \/>\n<link rel=\"canonical\" href=\"https:\/\/gongcenter.ch\/en\/product\/trigon-xl\/\" \/>\n<meta property=\"og:locale\" content=\"en_US\" \/>\n<meta property=\"og:type\" content=\"article\" \/>\n<meta property=\"og:title\" content=\"Trigon XL - Gong Center Schweiz I Dein Gong und Klanginstrumente Fachgesch\u00e4ft\" \/>\n<meta property=\"og:description\" content=\"The Trigon is a small sound triangle from the series of the 7 cosmic treasures and exactly planetary tuned. Master silversmith Martin Bl\u00e4se handcrafts these high-quality sound objects. The fine, bright sound...\" \/>\n<meta property=\"og:url\" content=\"https:\/\/gongcenter.ch\/en\/product\/trigon-xl\/\" \/>\n<meta property=\"og:site_name\" content=\"Gong Center Schweiz I Dein Gong und Klanginstrumente Fachgesch\u00e4ft\" \/>\n<meta property=\"article:modified_time\" content=\"2022-03-14T17:15:07+00:00\" \/>\n<meta property=\"og:image\" content=\"https:\/\/gongcenter.ch\/app\/uploads\/2022\/09\/EC-E-69.jpg\" \/>\n\t<meta property=\"og:image:width\" content=\"800\" \/>\n\t<meta property=\"og:image:height\" content=\"800\" \/>\n\t<meta property=\"og:image:type\" content=\"image\/jpeg\" \/>\n<meta name=\"twitter:card\" content=\"summary_large_image\" \/>\n<meta name=\"twitter:label1\" content=\"Est. reading time\" \/>\n\t<meta name=\"twitter:data1\" content=\"1 minute\" \/>\n<!-- \/ Yoast SEO plugin. -->","yoast_head_json":{"title":"Trigon XL - Gong Center Schweiz I Dein Gong und Klanginstrumente Fachgesch\u00e4ft","robots":{"index":"index","follow":"follow","max-snippet":"max-snippet:-1","max-image-preview":"max-image-preview:large","max-video-preview":"max-video-preview:-1"},"canonical":"https:\/\/gongcenter.ch\/en\/product\/trigon-xl\/","og_locale":"en_US","og_type":"article","og_title":"Trigon XL - Gong Center Schweiz I Dein Gong und Klanginstrumente Fachgesch\u00e4ft","og_description":"The Trigon is a small sound triangle from the series of the 7 cosmic treasures and exactly planetary tuned. Master silversmith Martin Bl\u00e4se handcrafts these high-quality sound objects. The fine, bright sound...","og_url":"https:\/\/gongcenter.ch\/en\/product\/trigon-xl\/","og_site_name":"Gong Center Schweiz I Dein Gong und Klanginstrumente Fachgesch\u00e4ft","article_modified_time":"2022-03-14T17:15:07+00:00","og_image":[{"width":800,"height":800,"url":"https:\/\/gongcenter.ch\/app\/uploads\/2022\/09\/EC-E-69.jpg","type":"image\/jpeg"}],"twitter_card":"summary_large_image","twitter_misc":{"Est. reading time":"1 minute"},"schema":{"@context":"https:\/\/schema.org","@graph":[{"@type":"WebPage","@id":"https:\/\/gongcenter.ch\/en\/product\/trigon-xl\/","url":"https:\/\/gongcenter.ch\/en\/product\/trigon-xl\/","name":"Trigon XL - Gong Center Schweiz I Dein Gong und Klanginstrumente Fachgesch\u00e4ft","isPartOf":{"@id":"https:\/\/gongcenter.ch\/#website"},"primaryImageOfPage":{"@id":"https:\/\/gongcenter.ch\/en\/product\/trigon-xl\/#primaryimage"},"image":{"@id":"https:\/\/gongcenter.ch\/en\/product\/trigon-xl\/#primaryimage"},"thumbnailUrl":"https:\/\/gongcenter.ch\/app\/uploads\/2022\/09\/EC-E-69.jpg","datePublished":"2022-03-10T11:34:34+00:00","dateModified":"2022-03-14T17:15:07+00:00","breadcrumb":{"@id":"https:\/\/gongcenter.ch\/en\/product\/trigon-xl\/#breadcrumb"},"inLanguage":"en-US","potentialAction":[{"@type":"ReadAction","target":["https:\/\/gongcenter.ch\/en\/product\/trigon-xl\/"]}]},{"@type":"ImageObject","inLanguage":"en-US","@id":"https:\/\/gongcenter.ch\/en\/product\/trigon-xl\/#primaryimage","url":"https:\/\/gongcenter.ch\/app\/uploads\/2022\/09\/EC-E-69.jpg","contentUrl":"https:\/\/gongcenter.ch\/app\/uploads\/2022\/09\/EC-E-69.jpg","width":800,"height":800},{"@type":"BreadcrumbList","@id":"https:\/\/gongcenter.ch\/en\/product\/trigon-xl\/#breadcrumb","itemListElement":[{"@type":"ListItem","position":1,"name":"Startseite","item":"https:\/\/gongcenter.ch\/en\/"},{"@type":"ListItem","position":2,"name":"Shop","item":"https:\/\/gongcenter.ch\/en\/shop\/"},{"@type":"ListItem","position":3,"name":"Trigon XL"}]},{"@type":"WebSite","@id":"https:\/\/gongcenter.ch\/#website","url":"https:\/\/gongcenter.ch\/","name":"Gong Center Schweiz I Dein Gong und Klanginstrumente Fachgesch\u00e4ft","description":"Entdecke eine grosse Gong Auswahl sowie weitere Klanginstrumente - Wir sind Gong Klangtherapeut und bieten dir Top Qualit\u00e4t und Beratung.","publisher":{"@id":"https:\/\/gongcenter.ch\/#organization"},"potentialAction":[{"@type":"SearchAction","target":{"@type":"EntryPoint","urlTemplate":"https:\/\/gongcenter.ch\/?s={search_term_string}"},"query-input":{"@type":"PropertyValueSpecification","valueRequired":true,"valueName":"search_term_string"}}],"inLanguage":"en-US"},{"@type":"Organization","@id":"https:\/\/gongcenter.ch\/#organization","name":"Gongcenter Z\u00fcrich I Das Fachgesch\u00e4ft f\u00fcr Gong und Klang","url":"https:\/\/gongcenter.ch\/","logo":{"@type":"ImageObject","inLanguage":"en-US","@id":"https:\/\/gongcenter.ch\/#\/schema\/logo\/image\/","url":"https:\/\/gongcenter.ch\/app\/uploads\/2018\/05\/Gong-Center_Logo_2000_black.png","contentUrl":"https:\/\/gongcenter.ch\/app\/uploads\/2018\/05\/Gong-Center_Logo_2000_black.png","width":2000,"height":600,"caption":"Gongcenter Z\u00fcrich I Das Fachgesch\u00e4ft f\u00fcr Gong und Klang"},"image":{"@id":"https:\/\/gongcenter.ch\/#\/schema\/logo\/image\/"}}]}},"acf":[],"_links":{"self":[{"href":"https:\/\/gongcenter.ch\/en\/wp-json\/wp\/v2\/product\/28563","targetHints":{"allow":["GET"]}}],"collection":[{"href":"https:\/\/gongcenter.ch\/en\/wp-json\/wp\/v2\/product"}],"about":[{"href":"https:\/\/gongcenter.ch\/en\/wp-json\/wp\/v2\/types\/product"}],"wp:featuredmedia":[{"embeddable":true,"href":"https:\/\/gongcenter.ch\/en\/wp-json\/wp\/v2\/media\/29469"}],"wp:attachment":[{"href":"https:\/\/gongcenter.ch\/en\/wp-json\/wp\/v2\/media?parent=28563"}],"wp:term":[{"taxonomy":"product_brand","embeddable":true,"href":"https:\/\/gongcenter.ch\/en\/wp-json\/wp\/v2\/product_brand?post=28563"},{"taxonomy":"product_cat","embeddable":true,"href":"https:\/\/gongcenter.ch\/en\/wp-json\/wp\/v2\/product_cat?post=28563"},{"taxonomy":"product_tag","embeddable":true,"href":"https:\/\/gongcenter.ch\/en\/wp-json\/wp\/v2\/product_tag?post=28563"}],"curies":[{"name":"wp","href":"https:\/\/api.w.org\/{rel}","templated":true}]}}