{"id":28564,"date":"2022-01-22T20:13:37","date_gmt":"2022-01-22T19:13:37","guid":{"rendered":"https:\/\/gongcenter.ch\/product\/gongland-solaris-gong-55-cm-215\/"},"modified":"2022-03-10T12:40:27","modified_gmt":"2022-03-10T11:40:27","slug":"gongland-solaris-gong-55-cm-215","status":"publish","type":"product","link":"https:\/\/gongcenter.ch\/en\/product\/gongland-solaris-gong-55-cm-215\/","title":{"rendered":"Gongland Solaris Gong  55 cm &#8211; 21,5&#8243; (eng)"},"content":{"rendered":"<h4>Ein kleiner Gong f\u00fcr Gongb\u00e4der. Wie eine Sonne aus einer anderen Galaxie.[Eng]<\/h4>\n<p>Es ist ein grosser Handgong mit \u00fcberraschender Tiefe. Er eignet sich hervorragend f\u00fcr den Einsatz in Klangtherapie, Meditation und Yoga.<\/p>\n<p>Durch die Arbeit mit den sch\u00f6nen, tiefen T\u00f6nen dieses Gongs betreten Sie einen Raum der Achtsamkeit. Sie tauchen ganz in den Moment ein &#8211; und erleben Frieden und Stille. Im Klangraum dieses Gongs darf emotionale und spirituelle Heilung geschehen. Dein K\u00f6rper und dein Geist k\u00f6nnen entspannen.<\/p>\n<p>Ahhh&#8230; Endlich Frieden.<\/p>\n<p>INFO<br \/>\nAuch wenn Sie hier und bei anderen Gong-Beschreibungen Wirkungen und Entsprechungen finden werden, handelt es sich immer um Beschreibungen von Erfahrungen, die im Verlaufe vieler Jahre gemacht worden sind und sich mitunter auch nur im Kontext der jeweiligen Begrifflichkeiten erschliessen. Alle Texte hier sollen Anregungen und Inspirationen f\u00fcr Ihre Gongarbeit sein. In dem Moment, wo Sie sich mit einer Frequenz besch\u00e4ftigen, erst dann k\u00f6nnen Sie sagen, was diese Frequenz f\u00fcr Sie leisten kann. Fakt ist, jede dieser Frequenzen hat eine spezifische Wirkung \u2013 da alle Menschen verschieden sind, wirken sich diese eben auch unterschiedlich aus. Erst die eigene Erfahrung wird eigenes, wertvolles Wissen generieren k\u00f6nnen.<\/p>\n<p>PFLEGE<br \/>\nGongs laden dazu ein, angefasst zu werden. Das Material ist grunds\u00e4tzlich extrem trocken und hat die Eigenschaft, sofort die nat\u00fcrlichen Fette und \u00d6le aus der Haut aufzusaugen. Der Gong entwickelt dadurch eine leicht unansehnliche Optik. Umgehen Sie dies, indem sie das Pflegen der Oberfl\u00e4che zur Routine werden lassen. Geeignet zur Plege sind Silber- und Metallputzmittel. Seien Sie sorgsam mit dem Nachpolieren, damit die Mallets nicht dunkel werden durch Reste von Putzmittel. Der Klang wird durch die Optik eines Gongs in keinem Fall beeintr\u00e4chtigt.<\/p>\n<p>&nbsp;<\/p>\n","protected":false},"excerpt":{"rendered":"<ul>\r\n \t<li>Gr\u00f6sse: 55 cm &#8211; 21,5&#8243;<\/li>\r\n<\/ul>","protected":false},"featured_media":30077,"template":"","meta":[],"product_brand":[],"product_cat":[867,855,842],"product_tag":[],"class_list":{"0":"post-28564","1":"product","2":"type-product","3":"status-publish","4":"has-post-thumbnail","6":"product_cat-gongland-advanced-gongs-en","7":"product_cat-gongland-gongs","8":"product_cat-hand-gong-gongland-gongs-en","9":"product_shipping_class-kostenloser-versand-innerhalb-der-schweiz-en","11":"first","12":"instock","13":"sold-individually","14":"taxable","15":"shipping-taxable","16":"purchasable","17":"product-type-simple"},"yoast_head":"<!-- This site is optimized with the Yoast SEO plugin v27.0 - https:\/\/yoast.com\/product\/yoast-seo-wordpress\/ -->\n<title>Gongland Gong Solaris I Der kleine leichte Gong<\/title>\n<meta name=\"description\" content=\"Der Gong Solaris von Gongland ist ein kleiner und leichter Gong. Ideal f\u00fcr Klangtherapie, Meditation und Yoga.\" \/>\n<meta name=\"robots\" content=\"index, follow, max-snippet:-1, max-image-preview:large, max-video-preview:-1\" \/>\n<link rel=\"canonical\" href=\"https:\/\/gongcenter.ch\/en\/product\/gongland-solaris-gong-55-cm-215\/\" \/>\n<meta property=\"og:locale\" content=\"en_US\" \/>\n<meta property=\"og:type\" content=\"article\" \/>\n<meta property=\"og:title\" content=\"Gongland Gong Solaris I Der kleine leichte Gong\" \/>\n<meta property=\"og:description\" content=\"Der Gong Solaris von Gongland ist ein kleiner und leichter Gong. Ideal f\u00fcr Klangtherapie, Meditation und Yoga.\" \/>\n<meta property=\"og:url\" content=\"https:\/\/gongcenter.ch\/en\/product\/gongland-solaris-gong-55-cm-215\/\" \/>\n<meta property=\"og:site_name\" content=\"Gong Center Schweiz I Dein Gong und Klanginstrumente Fachgesch\u00e4ft\" \/>\n<meta property=\"article:modified_time\" content=\"2022-03-10T11:40:27+00:00\" \/>\n<meta property=\"og:image\" content=\"https:\/\/gongcenter.ch\/app\/uploads\/2022\/09\/solaris.jpg\" \/>\n\t<meta property=\"og:image:width\" content=\"425\" \/>\n\t<meta property=\"og:image:height\" content=\"431\" \/>\n\t<meta property=\"og:image:type\" content=\"image\/jpeg\" \/>\n<meta name=\"twitter:card\" content=\"summary_large_image\" \/>\n<meta name=\"twitter:label1\" content=\"Est. reading time\" \/>\n\t<meta name=\"twitter:data1\" content=\"2 minutes\" \/>\n<!-- \/ Yoast SEO plugin. -->","yoast_head_json":{"title":"Gongland Gong Solaris I Der kleine leichte Gong","description":"Der Gong Solaris von Gongland ist ein kleiner und leichter Gong. Ideal f\u00fcr Klangtherapie, Meditation und Yoga.","robots":{"index":"index","follow":"follow","max-snippet":"max-snippet:-1","max-image-preview":"max-image-preview:large","max-video-preview":"max-video-preview:-1"},"canonical":"https:\/\/gongcenter.ch\/en\/product\/gongland-solaris-gong-55-cm-215\/","og_locale":"en_US","og_type":"article","og_title":"Gongland Gong Solaris I Der kleine leichte Gong","og_description":"Der Gong Solaris von Gongland ist ein kleiner und leichter Gong. Ideal f\u00fcr Klangtherapie, Meditation und Yoga.","og_url":"https:\/\/gongcenter.ch\/en\/product\/gongland-solaris-gong-55-cm-215\/","og_site_name":"Gong Center Schweiz I Dein Gong und Klanginstrumente Fachgesch\u00e4ft","article_modified_time":"2022-03-10T11:40:27+00:00","og_image":[{"width":425,"height":431,"url":"https:\/\/gongcenter.ch\/app\/uploads\/2022\/09\/solaris.jpg","type":"image\/jpeg"}],"twitter_card":"summary_large_image","twitter_misc":{"Est. reading time":"2 minutes"},"schema":{"@context":"https:\/\/schema.org","@graph":[{"@type":"WebPage","@id":"https:\/\/gongcenter.ch\/en\/product\/gongland-solaris-gong-55-cm-215\/","url":"https:\/\/gongcenter.ch\/en\/product\/gongland-solaris-gong-55-cm-215\/","name":"Gongland Gong Solaris I Der kleine leichte Gong","isPartOf":{"@id":"https:\/\/gongcenter.ch\/#website"},"primaryImageOfPage":{"@id":"https:\/\/gongcenter.ch\/en\/product\/gongland-solaris-gong-55-cm-215\/#primaryimage"},"image":{"@id":"https:\/\/gongcenter.ch\/en\/product\/gongland-solaris-gong-55-cm-215\/#primaryimage"},"thumbnailUrl":"https:\/\/gongcenter.ch\/app\/uploads\/2022\/09\/solaris.jpg","datePublished":"2022-01-22T19:13:37+00:00","dateModified":"2022-03-10T11:40:27+00:00","description":"Der Gong Solaris von Gongland ist ein kleiner und leichter Gong. Ideal f\u00fcr Klangtherapie, Meditation und Yoga.","breadcrumb":{"@id":"https:\/\/gongcenter.ch\/en\/product\/gongland-solaris-gong-55-cm-215\/#breadcrumb"},"inLanguage":"en-US","potentialAction":[{"@type":"ReadAction","target":["https:\/\/gongcenter.ch\/en\/product\/gongland-solaris-gong-55-cm-215\/"]}]},{"@type":"ImageObject","inLanguage":"en-US","@id":"https:\/\/gongcenter.ch\/en\/product\/gongland-solaris-gong-55-cm-215\/#primaryimage","url":"https:\/\/gongcenter.ch\/app\/uploads\/2022\/09\/solaris.jpg","contentUrl":"https:\/\/gongcenter.ch\/app\/uploads\/2022\/09\/solaris.jpg","width":425,"height":431},{"@type":"BreadcrumbList","@id":"https:\/\/gongcenter.ch\/en\/product\/gongland-solaris-gong-55-cm-215\/#breadcrumb","itemListElement":[{"@type":"ListItem","position":1,"name":"Startseite","item":"https:\/\/gongcenter.ch\/en\/"},{"@type":"ListItem","position":2,"name":"Shop","item":"https:\/\/gongcenter.ch\/en\/shop\/"},{"@type":"ListItem","position":3,"name":"Gongland Solaris Gong 55 cm &#8211; 21,5&#8243; (eng)"}]},{"@type":"WebSite","@id":"https:\/\/gongcenter.ch\/#website","url":"https:\/\/gongcenter.ch\/","name":"Gong Center Schweiz I Dein Gong und Klanginstrumente Fachgesch\u00e4ft","description":"Entdecke eine grosse Gong Auswahl sowie weitere Klanginstrumente - Wir sind Gong Klangtherapeut und bieten dir Top Qualit\u00e4t und Beratung.","publisher":{"@id":"https:\/\/gongcenter.ch\/#organization"},"potentialAction":[{"@type":"SearchAction","target":{"@type":"EntryPoint","urlTemplate":"https:\/\/gongcenter.ch\/?s={search_term_string}"},"query-input":{"@type":"PropertyValueSpecification","valueRequired":true,"valueName":"search_term_string"}}],"inLanguage":"en-US"},{"@type":"Organization","@id":"https:\/\/gongcenter.ch\/#organization","name":"Gongcenter Z\u00fcrich I Das Fachgesch\u00e4ft f\u00fcr Gong und Klang","url":"https:\/\/gongcenter.ch\/","logo":{"@type":"ImageObject","inLanguage":"en-US","@id":"https:\/\/gongcenter.ch\/#\/schema\/logo\/image\/","url":"https:\/\/gongcenter.ch\/app\/uploads\/2018\/05\/Gong-Center_Logo_2000_black.png","contentUrl":"https:\/\/gongcenter.ch\/app\/uploads\/2018\/05\/Gong-Center_Logo_2000_black.png","width":2000,"height":600,"caption":"Gongcenter Z\u00fcrich I Das Fachgesch\u00e4ft f\u00fcr Gong und Klang"},"image":{"@id":"https:\/\/gongcenter.ch\/#\/schema\/logo\/image\/"}}]}},"acf":[],"_links":{"self":[{"href":"https:\/\/gongcenter.ch\/en\/wp-json\/wp\/v2\/product\/28564","targetHints":{"allow":["GET"]}}],"collection":[{"href":"https:\/\/gongcenter.ch\/en\/wp-json\/wp\/v2\/product"}],"about":[{"href":"https:\/\/gongcenter.ch\/en\/wp-json\/wp\/v2\/types\/product"}],"wp:featuredmedia":[{"embeddable":true,"href":"https:\/\/gongcenter.ch\/en\/wp-json\/wp\/v2\/media\/30077"}],"wp:attachment":[{"href":"https:\/\/gongcenter.ch\/en\/wp-json\/wp\/v2\/media?parent=28564"}],"wp:term":[{"taxonomy":"product_brand","embeddable":true,"href":"https:\/\/gongcenter.ch\/en\/wp-json\/wp\/v2\/product_brand?post=28564"},{"taxonomy":"product_cat","embeddable":true,"href":"https:\/\/gongcenter.ch\/en\/wp-json\/wp\/v2\/product_cat?post=28564"},{"taxonomy":"product_tag","embeddable":true,"href":"https:\/\/gongcenter.ch\/en\/wp-json\/wp\/v2\/product_tag?post=28564"}],"curies":[{"name":"wp","href":"https:\/\/api.w.org\/{rel}","templated":true}]}}