{"id":28569,"date":"2021-12-04T18:05:57","date_gmt":"2021-12-04T17:05:57","guid":{"rendered":"https:\/\/gongcenter.ch\/product\/gongland-new-planet-gong-venus\/"},"modified":"2022-04-26T00:02:52","modified_gmt":"2022-04-25T23:02:52","slug":"gongland-new-planet-gong-venus","status":"publish","type":"product","link":"https:\/\/gongcenter.ch\/en\/product\/gongland-new-planet-gong-venus\/","title":{"rendered":"New Planet Gong Venus 62 cm &#8211; 24&#8243;"},"content":{"rendered":"<p>In astrology, Venus stands for emotion, friendship, partnership, relationships and, of course, love. Venus is considered the embodiment of allure and eroticism. Artistic interests, good taste and sensual pleasures are also attributed to Venus.<\/p>\n<p>Venus can be both evening star and morning star.<\/p>\n<p>Venus is the principle that wants to choose what seems valuable to her and pleases her.<\/p>\n<p>INFO<br \/>\nEven if you will find effects and correspondences here and in other Gong descriptions, they are always descriptions of experiences that have been made in the course of many years and sometimes can only be understood in the context of the respective concepts. All texts here are meant to be suggestions and inspirations for your gong work. The moment you start working with a frequency, only then can you say what this frequency can do for you. Fact is, each of these frequencies has a specific effect &#8211; since all people are different, they also have different effects. Only your own experience will be able to generate your own valuable knowledge.<\/p>\n<p>CARE<br \/>\nGongs invite to be touched. The material is basically extremely dry and has the property of immediately absorbing the natural fats and oils from the skin. As a result, the gong develops a slightly unsightly appearance. Get around this by making surface care a routine. Silver and metal polishes are suitable for maintenance. Be careful with the polishing, so that the mallets do not darken due to residues of cleaning agents. The sound is not affected by the appearance of a gong in any case.<\/p>\n","protected":false},"excerpt":{"rendered":"<ul>\r\n \t<li>Gr\u00f6sse: 62 cm &#8211; 24&#8243;<\/li>\r\n \t<li>Frequenz: 221,23 Hz &#8211; 110,62 Hz<\/li>\r\n<\/ul>","protected":false},"featured_media":0,"template":"","meta":[],"product_brand":[],"product_cat":[869,845],"product_tag":[],"class_list":{"0":"post-28569","1":"product","2":"type-product","3":"status-publish","5":"brands-gongland-gongs","6":"product_cat-gongland-planet-gongs","7":"product_cat-tuned-gongs-en","8":"product_shipping_class-kostenloser-versand-innerhalb-der-schweiz-en","10":"first","11":"instock","12":"sold-individually","13":"taxable","14":"shipping-taxable","15":"purchasable","16":"product-type-simple"},"yoast_head":"<!-- This site is optimized with the Yoast SEO plugin v27.0 - https:\/\/yoast.com\/product\/yoast-seo-wordpress\/ -->\n<title>New Planet Gong Venus | The Bright Star Activates Our Intuition<\/title>\n<meta name=\"description\" content=\"The buzzers associated the brightest convertible star with the goddess of love and war. Erfaher Intuition und Liebe.\" \/>\n<meta name=\"robots\" content=\"index, follow, max-snippet:-1, max-image-preview:large, max-video-preview:-1\" \/>\n<link rel=\"canonical\" href=\"https:\/\/gongcenter.ch\/en\/product\/gongland-new-planet-gong-venus\/\" \/>\n<meta property=\"og:locale\" content=\"en_US\" \/>\n<meta property=\"og:type\" content=\"article\" \/>\n<meta property=\"og:title\" content=\"New Planet Gong Venus | The Bright Star Activates Our Intuition\" \/>\n<meta property=\"og:description\" content=\"The buzzers associated the brightest convertible star with the goddess of love and war. Erfaher Intuition und Liebe.\" \/>\n<meta property=\"og:url\" content=\"https:\/\/gongcenter.ch\/en\/product\/gongland-new-planet-gong-venus\/\" \/>\n<meta property=\"og:site_name\" content=\"Gong Center Schweiz I Dein Gong und Klanginstrumente Fachgesch\u00e4ft\" \/>\n<meta property=\"article:modified_time\" content=\"2022-04-25T23:02:52+00:00\" \/>\n<meta name=\"twitter:card\" content=\"summary_large_image\" \/>\n<meta name=\"twitter:label1\" content=\"Est. reading time\" \/>\n\t<meta name=\"twitter:data1\" content=\"1 minute\" \/>\n<!-- \/ Yoast SEO plugin. -->","yoast_head_json":{"title":"New Planet Gong Venus | The Bright Star Activates Our Intuition","description":"The buzzers associated the brightest convertible star with the goddess of love and war. Erfaher Intuition und Liebe.","robots":{"index":"index","follow":"follow","max-snippet":"max-snippet:-1","max-image-preview":"max-image-preview:large","max-video-preview":"max-video-preview:-1"},"canonical":"https:\/\/gongcenter.ch\/en\/product\/gongland-new-planet-gong-venus\/","og_locale":"en_US","og_type":"article","og_title":"New Planet Gong Venus | The Bright Star Activates Our Intuition","og_description":"The buzzers associated the brightest convertible star with the goddess of love and war. Erfaher Intuition und Liebe.","og_url":"https:\/\/gongcenter.ch\/en\/product\/gongland-new-planet-gong-venus\/","og_site_name":"Gong Center Schweiz I Dein Gong und Klanginstrumente Fachgesch\u00e4ft","article_modified_time":"2022-04-25T23:02:52+00:00","twitter_card":"summary_large_image","twitter_misc":{"Est. reading time":"1 minute"},"schema":{"@context":"https:\/\/schema.org","@graph":[{"@type":"WebPage","@id":"https:\/\/gongcenter.ch\/en\/product\/gongland-new-planet-gong-venus\/","url":"https:\/\/gongcenter.ch\/en\/product\/gongland-new-planet-gong-venus\/","name":"New Planet Gong Venus | The Bright Star Activates Our Intuition","isPartOf":{"@id":"https:\/\/gongcenter.ch\/#website"},"datePublished":"2021-12-04T17:05:57+00:00","dateModified":"2022-04-25T23:02:52+00:00","description":"The buzzers associated the brightest convertible star with the goddess of love and war. Erfaher Intuition und Liebe.","breadcrumb":{"@id":"https:\/\/gongcenter.ch\/en\/product\/gongland-new-planet-gong-venus\/#breadcrumb"},"inLanguage":"en-US","potentialAction":[{"@type":"ReadAction","target":["https:\/\/gongcenter.ch\/en\/product\/gongland-new-planet-gong-venus\/"]}]},{"@type":"BreadcrumbList","@id":"https:\/\/gongcenter.ch\/en\/product\/gongland-new-planet-gong-venus\/#breadcrumb","itemListElement":[{"@type":"ListItem","position":1,"name":"Startseite","item":"https:\/\/gongcenter.ch\/en\/"},{"@type":"ListItem","position":2,"name":"Shop","item":"https:\/\/gongcenter.ch\/en\/shop\/"},{"@type":"ListItem","position":3,"name":"New Planet Gong Venus 62 cm &#8211; 24&#8243;"}]},{"@type":"WebSite","@id":"https:\/\/gongcenter.ch\/#website","url":"https:\/\/gongcenter.ch\/","name":"Gong Center Schweiz I Dein Gong und Klanginstrumente Fachgesch\u00e4ft","description":"Entdecke eine grosse Gong Auswahl sowie weitere Klanginstrumente - Wir sind Gong Klangtherapeut und bieten dir Top Qualit\u00e4t und Beratung.","publisher":{"@id":"https:\/\/gongcenter.ch\/#organization"},"potentialAction":[{"@type":"SearchAction","target":{"@type":"EntryPoint","urlTemplate":"https:\/\/gongcenter.ch\/?s={search_term_string}"},"query-input":{"@type":"PropertyValueSpecification","valueRequired":true,"valueName":"search_term_string"}}],"inLanguage":"en-US"},{"@type":"Organization","@id":"https:\/\/gongcenter.ch\/#organization","name":"Gongcenter Z\u00fcrich I Das Fachgesch\u00e4ft f\u00fcr Gong und Klang","url":"https:\/\/gongcenter.ch\/","logo":{"@type":"ImageObject","inLanguage":"en-US","@id":"https:\/\/gongcenter.ch\/#\/schema\/logo\/image\/","url":"https:\/\/gongcenter.ch\/app\/uploads\/2018\/05\/Gong-Center_Logo_2000_black.png","contentUrl":"https:\/\/gongcenter.ch\/app\/uploads\/2018\/05\/Gong-Center_Logo_2000_black.png","width":2000,"height":600,"caption":"Gongcenter Z\u00fcrich I Das Fachgesch\u00e4ft f\u00fcr Gong und Klang"},"image":{"@id":"https:\/\/gongcenter.ch\/#\/schema\/logo\/image\/"}}]}},"acf":[],"_links":{"self":[{"href":"https:\/\/gongcenter.ch\/en\/wp-json\/wp\/v2\/product\/28569","targetHints":{"allow":["GET"]}}],"collection":[{"href":"https:\/\/gongcenter.ch\/en\/wp-json\/wp\/v2\/product"}],"about":[{"href":"https:\/\/gongcenter.ch\/en\/wp-json\/wp\/v2\/types\/product"}],"wp:attachment":[{"href":"https:\/\/gongcenter.ch\/en\/wp-json\/wp\/v2\/media?parent=28569"}],"wp:term":[{"taxonomy":"product_brand","embeddable":true,"href":"https:\/\/gongcenter.ch\/en\/wp-json\/wp\/v2\/product_brand?post=28569"},{"taxonomy":"product_cat","embeddable":true,"href":"https:\/\/gongcenter.ch\/en\/wp-json\/wp\/v2\/product_cat?post=28569"},{"taxonomy":"product_tag","embeddable":true,"href":"https:\/\/gongcenter.ch\/en\/wp-json\/wp\/v2\/product_tag?post=28569"}],"curies":[{"name":"wp","href":"https:\/\/api.w.org\/{rel}","templated":true}]}}