{"id":28570,"date":"2018-07-21T11:08:56","date_gmt":"2018-07-21T10:08:56","guid":{"rendered":"https:\/\/gongcenter.ch\/product\/trigon\/"},"modified":"2022-03-10T13:15:43","modified_gmt":"2022-03-10T12:15:43","slug":"trigon","status":"publish","type":"product","link":"https:\/\/gongcenter.ch\/en\/product\/trigon\/","title":{"rendered":"Trigon"},"content":{"rendered":"<p>Das Trigon ist ein kleines Klangdreieck aus der Serie der 7 kosmischen Kostbarkeiten und exakt planetarisch gestimmt. Der Silberschmiedemeister Martin Bl\u00e4se fertigt diese hochwertigen Klangobjekte in Handarbeit. Der feine, helle Klang l\u00e4sst durch eine Drehbewegung eine interessante Schwebung entstehen. Trigone erhalten Sie in den Metallqualit\u00e4ten Alpaka, Bronze poliert und Bronze natur, die sehr gute Klangeigenschaften haben. Lieferbar sind die Trigone als einzelner planetarischer Stimmton in jeder Planetenfrequenz oder auch auf Anfrage in einer ganz pers\u00f6nlichen Stimmung nach Ihren W\u00fcnschen.<\/p>\n<p>Jedes Trigon wird in einer h\u00fcbschen Schachtel mit Zertifikat geliefert.<\/p>\n<p>Es gibt wahlweise verschiedene St\u00e4nder oder Wandh\u00e4nger in den passenden Metallqualit\u00e4ten unter Zubeh\u00f6r sowie spezielle Schlegel, das Trigon kann aber auch gut mit der Holzkugel angespielt werden.<\/p>\n<p>Trigone eignen sich sehr f\u00fcr Arbeit in der Aura und f\u00fcr ein interaktives Zusammenspiel in einer Gruppe.<\/p>\n<p>Das Universum in einer Box &#8211; platzsparend, vielseitig und klangvoll! Ein komplettes Planetenset gibt es in einer Holzbox mit 13 Trigonen. Hier k\u00f6nnen Sie ein Metall oder auch unterschiedliche Metalle gemischt w\u00e4hlen. Diese werden dann entsprechend angefertigt.<\/p>\n<p>Eine 12er Box in Bronze poliert ist noch vorr\u00e4tig. Sie enth\u00e4lt: Sonne, Erdenjahr, Merkur, Mars, Saturn, Platonisches Jahr, Jupiter, Synodischer Tag, Uranus, Synodischer Mond, Neptun und Venus.<\/p>\n<p>Die Lieferzeit betr\u00e4gt 2-6 Wochen, sofern die gew\u00fcnschte Frequenz nicht vorr\u00e4tig ist.<\/p>\n","protected":false},"excerpt":{"rendered":"Das Trigon ist ein kleines Klangdreieck aus der Serie der 7 kosmischen Kostbarkeiten und exakt planetarisch gestimmt. Der Silberschmiedemeister Martin Bl\u00e4se fertigt diese hochwertigen Klangobjekte in Handarbeit. Der feine, helle Klang&#8230;","protected":false},"featured_media":20361,"template":"","meta":[],"product_brand":[],"product_cat":[15],"product_tag":[],"class_list":{"0":"post-28570","1":"product","2":"type-product","3":"status-publish","4":"has-post-thumbnail","6":"brands-7kk","7":"product_cat-uncategorized","8":"product_shipping_class-bis-199-chf-9-90-chf-en","9":"pa_material-alpaka-en","10":"pa_material-bronze-natur-en","11":"pa_material-bronze-polished","12":"pa_planeten-erde-jahreston-en","13":"pa_planeten-erde-tageston-en","14":"pa_planeten-erdentag-siderisch-en","15":"pa_planeten-jupiter-en","16":"pa_planeten-mars-en","17":"pa_planeten-merkur-en","18":"pa_planeten-mond-siderisch-en","19":"pa_planeten-mond-synodisch-en","20":"pa_planeten-neptun-en","21":"pa_planeten-plat-erdenjahr-en","22":"pa_planeten-pluto-en","23":"pa_planeten-saturn-en","24":"pa_planeten-sonne-en","25":"pa_planeten-uranus-en","26":"pa_planeten-venus-en","28":"first","29":"instock","30":"taxable","31":"shipping-taxable","32":"purchasable","33":"product-type-variable"},"yoast_head":"<!-- This site is optimized with the Yoast SEO plugin v27.0 - https:\/\/yoast.com\/product\/yoast-seo-wordpress\/ -->\n<title>Trigon - Gong Center Schweiz I Dein Gong und Klanginstrumente Fachgesch\u00e4ft<\/title>\n<meta name=\"robots\" content=\"index, follow, max-snippet:-1, max-image-preview:large, max-video-preview:-1\" \/>\n<link rel=\"canonical\" href=\"https:\/\/gongcenter.ch\/en\/product\/trigon\/\" \/>\n<meta property=\"og:locale\" content=\"en_US\" \/>\n<meta property=\"og:type\" content=\"article\" \/>\n<meta property=\"og:title\" content=\"Trigon - Gong Center Schweiz I Dein Gong und Klanginstrumente Fachgesch\u00e4ft\" \/>\n<meta property=\"og:description\" content=\"Das Trigon ist ein kleines Klangdreieck aus der Serie der 7 kosmischen Kostbarkeiten und exakt planetarisch gestimmt. Der Silberschmiedemeister Martin Bl\u00e4se fertigt diese hochwertigen Klangobjekte in Handarbeit. Der feine, helle Klang...\" \/>\n<meta property=\"og:url\" content=\"https:\/\/gongcenter.ch\/en\/product\/trigon\/\" \/>\n<meta property=\"og:site_name\" content=\"Gong Center Schweiz I Dein Gong und Klanginstrumente Fachgesch\u00e4ft\" \/>\n<meta property=\"article:modified_time\" content=\"2022-03-10T12:15:43+00:00\" \/>\n<meta property=\"og:image\" content=\"https:\/\/gongcenter.ch\/app\/uploads\/2018\/07\/EC-E-69.jpg\" \/>\n\t<meta property=\"og:image:width\" content=\"800\" \/>\n\t<meta property=\"og:image:height\" content=\"800\" \/>\n\t<meta property=\"og:image:type\" content=\"image\/jpeg\" \/>\n<meta name=\"twitter:card\" content=\"summary_large_image\" \/>\n<meta name=\"twitter:label1\" content=\"Est. reading time\" \/>\n\t<meta name=\"twitter:data1\" content=\"1 minute\" \/>\n<!-- \/ Yoast SEO plugin. -->","yoast_head_json":{"title":"Trigon - Gong Center Schweiz I Dein Gong und Klanginstrumente Fachgesch\u00e4ft","robots":{"index":"index","follow":"follow","max-snippet":"max-snippet:-1","max-image-preview":"max-image-preview:large","max-video-preview":"max-video-preview:-1"},"canonical":"https:\/\/gongcenter.ch\/en\/product\/trigon\/","og_locale":"en_US","og_type":"article","og_title":"Trigon - Gong Center Schweiz I Dein Gong und Klanginstrumente Fachgesch\u00e4ft","og_description":"Das Trigon ist ein kleines Klangdreieck aus der Serie der 7 kosmischen Kostbarkeiten und exakt planetarisch gestimmt. Der Silberschmiedemeister Martin Bl\u00e4se fertigt diese hochwertigen Klangobjekte in Handarbeit. Der feine, helle Klang...","og_url":"https:\/\/gongcenter.ch\/en\/product\/trigon\/","og_site_name":"Gong Center Schweiz I Dein Gong und Klanginstrumente Fachgesch\u00e4ft","article_modified_time":"2022-03-10T12:15:43+00:00","og_image":[{"width":800,"height":800,"url":"https:\/\/gongcenter.ch\/app\/uploads\/2018\/07\/EC-E-69.jpg","type":"image\/jpeg"}],"twitter_card":"summary_large_image","twitter_misc":{"Est. reading time":"1 minute"},"schema":{"@context":"https:\/\/schema.org","@graph":[{"@type":"WebPage","@id":"https:\/\/gongcenter.ch\/en\/product\/trigon\/","url":"https:\/\/gongcenter.ch\/en\/product\/trigon\/","name":"Trigon - Gong Center Schweiz I Dein Gong und Klanginstrumente Fachgesch\u00e4ft","isPartOf":{"@id":"https:\/\/gongcenter.ch\/#website"},"primaryImageOfPage":{"@id":"https:\/\/gongcenter.ch\/en\/product\/trigon\/#primaryimage"},"image":{"@id":"https:\/\/gongcenter.ch\/en\/product\/trigon\/#primaryimage"},"thumbnailUrl":"https:\/\/gongcenter.ch\/app\/uploads\/2018\/07\/EC-E-69.jpg","datePublished":"2018-07-21T10:08:56+00:00","dateModified":"2022-03-10T12:15:43+00:00","breadcrumb":{"@id":"https:\/\/gongcenter.ch\/en\/product\/trigon\/#breadcrumb"},"inLanguage":"en-US","potentialAction":[{"@type":"ReadAction","target":["https:\/\/gongcenter.ch\/en\/product\/trigon\/"]}]},{"@type":"ImageObject","inLanguage":"en-US","@id":"https:\/\/gongcenter.ch\/en\/product\/trigon\/#primaryimage","url":"https:\/\/gongcenter.ch\/app\/uploads\/2018\/07\/EC-E-69.jpg","contentUrl":"https:\/\/gongcenter.ch\/app\/uploads\/2018\/07\/EC-E-69.jpg","width":800,"height":800},{"@type":"BreadcrumbList","@id":"https:\/\/gongcenter.ch\/en\/product\/trigon\/#breadcrumb","itemListElement":[{"@type":"ListItem","position":1,"name":"Startseite","item":"https:\/\/gongcenter.ch\/en\/"},{"@type":"ListItem","position":2,"name":"Shop","item":"https:\/\/gongcenter.ch\/en\/shop\/"},{"@type":"ListItem","position":3,"name":"Trigon"}]},{"@type":"WebSite","@id":"https:\/\/gongcenter.ch\/#website","url":"https:\/\/gongcenter.ch\/","name":"Gong Center Schweiz I Dein Gong und Klanginstrumente Fachgesch\u00e4ft","description":"Entdecke eine grosse Gong Auswahl sowie weitere Klanginstrumente - Wir sind Gong Klangtherapeut und bieten dir Top Qualit\u00e4t und Beratung.","publisher":{"@id":"https:\/\/gongcenter.ch\/#organization"},"potentialAction":[{"@type":"SearchAction","target":{"@type":"EntryPoint","urlTemplate":"https:\/\/gongcenter.ch\/?s={search_term_string}"},"query-input":{"@type":"PropertyValueSpecification","valueRequired":true,"valueName":"search_term_string"}}],"inLanguage":"en-US"},{"@type":"Organization","@id":"https:\/\/gongcenter.ch\/#organization","name":"Gongcenter Z\u00fcrich I Das Fachgesch\u00e4ft f\u00fcr Gong und Klang","url":"https:\/\/gongcenter.ch\/","logo":{"@type":"ImageObject","inLanguage":"en-US","@id":"https:\/\/gongcenter.ch\/#\/schema\/logo\/image\/","url":"https:\/\/gongcenter.ch\/app\/uploads\/2018\/05\/Gong-Center_Logo_2000_black.png","contentUrl":"https:\/\/gongcenter.ch\/app\/uploads\/2018\/05\/Gong-Center_Logo_2000_black.png","width":2000,"height":600,"caption":"Gongcenter Z\u00fcrich I Das Fachgesch\u00e4ft f\u00fcr Gong und Klang"},"image":{"@id":"https:\/\/gongcenter.ch\/#\/schema\/logo\/image\/"}}]}},"acf":[],"_links":{"self":[{"href":"https:\/\/gongcenter.ch\/en\/wp-json\/wp\/v2\/product\/28570","targetHints":{"allow":["GET"]}}],"collection":[{"href":"https:\/\/gongcenter.ch\/en\/wp-json\/wp\/v2\/product"}],"about":[{"href":"https:\/\/gongcenter.ch\/en\/wp-json\/wp\/v2\/types\/product"}],"wp:featuredmedia":[{"embeddable":true,"href":"https:\/\/gongcenter.ch\/en\/wp-json\/wp\/v2\/media\/20361"}],"wp:attachment":[{"href":"https:\/\/gongcenter.ch\/en\/wp-json\/wp\/v2\/media?parent=28570"}],"wp:term":[{"taxonomy":"product_brand","embeddable":true,"href":"https:\/\/gongcenter.ch\/en\/wp-json\/wp\/v2\/product_brand?post=28570"},{"taxonomy":"product_cat","embeddable":true,"href":"https:\/\/gongcenter.ch\/en\/wp-json\/wp\/v2\/product_cat?post=28570"},{"taxonomy":"product_tag","embeddable":true,"href":"https:\/\/gongcenter.ch\/en\/wp-json\/wp\/v2\/product_tag?post=28570"}],"curies":[{"name":"wp","href":"https:\/\/api.w.org\/{rel}","templated":true}]}}