{"id":28931,"date":"2022-03-17T10:57:45","date_gmt":"2022-03-17T09:57:45","guid":{"rendered":"https:\/\/gongcenter.ch\/?post_type=product&#038;p=28931"},"modified":"2023-11-27T20:59:05","modified_gmt":"2023-11-27T19:59:05","slug":"klangspielstander-modell-tipi","status":"publish","type":"product","link":"https:\/\/gongcenter.ch\/en\/product\/klangspielstander-modell-tipi\/","title":{"rendered":"St\u00e4nder Windspiel Modell Tipi"},"content":{"rendered":"<h2>Ideal zum Aufh\u00e4ngen von Koshi- und Zaphir-Klangspielen<\/h2>\n<p>Mit diesem Klangspielst\u00e4nder setzen Sie Ihr Koshi- oder Zaphir-Klangspiel gekonnt in Szene. So k\u00f6nnen Sie \u00fcberall das Klangspiel aufh\u00e4ngen, auch wenn es keine Aufh\u00e4ngem\u00f6glichkeit gibt, zum Beispiel auf dem Schreibtisch, im Regal oder jeder anderen Unterlage.<\/p>\n<h3>Made in Germany<\/h3>\n<p>Die Klangpielst\u00e4nder\u00a0fertigt ein deutscher Drechsler exklusiv f\u00fcr uns an. Der St\u00e4nder besteht aus vollem Buchenholz.<br \/>\nHinweis: Unregelm\u00e4SSigkeiten im Holz k\u00f6nnen durch Maserung und \u00c4ste entstehen und unterstreichen die Nat\u00fcrlichkeit des Materials.<\/p>\n<h3>Leichte Montage<\/h3>\n<p>Der St\u00e4nder wird nur zusammengesteckt und schon k\u00f6nnen Sie Ihr Klangspiel aufh\u00e4ngen und sich an den sch\u00f6nen Kl\u00e4ngen erfreuen.<\/p>\n<p>Die Lieferung erfolgt ohne Klangspiel.<\/p>\n","protected":false},"excerpt":{"rendered":"Ideal zum Aufh\u00e4ngen von Koshi- und Zaphir-Klangspielen Mit diesem Klangspielst\u00e4nder setzen Sie Ihr Koshi- oder Zaphir-Klangspiel gekonnt in Szene. So k\u00f6nnen Sie \u00fcberall das Klangspiel aufh\u00e4ngen, auch wenn es keine Aufh\u00e4ngem\u00f6glichkeit gibt, zum Beispiel auf dem Schreibtisch, im Regal oder jeder anderen Unterlage. Made in Germany Die Klangpielst\u00e4nder\u00a0fertigt ein deutscher Drechsler exklusiv f\u00fcr uns an.<a href=\"https:\/\/gongcenter.ch\/en\/product\/klangspielstander-modell-tipi\/\" class=\"readmore\">Mehr  <i class=\"fa fa-angle-double-right\"><\/i><\/a>","protected":false},"featured_media":30080,"template":"","meta":[],"product_brand":[],"product_cat":[507],"product_tag":[],"class_list":{"0":"post-28931","1":"product","2":"type-product","3":"status-publish","4":"has-post-thumbnail","6":"product_cat-koshi-heloa-zaphir-klangpiele","7":"product_shipping_class-bis-199-chf-9-90-chf","9":"first","10":"onbackorder","11":"taxable","12":"shipping-taxable","13":"purchasable","14":"product-type-simple"},"yoast_head":"<!-- This site is optimized with the Yoast SEO plugin v27.0 - https:\/\/yoast.com\/product\/yoast-seo-wordpress\/ -->\n<title>St\u00e4nder Windspiel Modell Tipi - Gong Center Schweiz I Dein Gong und Klanginstrumente Fachgesch\u00e4ft<\/title>\n<meta name=\"robots\" content=\"index, follow, max-snippet:-1, max-image-preview:large, max-video-preview:-1\" \/>\n<link rel=\"canonical\" href=\"https:\/\/gongcenter.ch\/produkt\/klangspielstander-modell-tipi\/\" \/>\n<meta property=\"og:locale\" content=\"en_US\" \/>\n<meta property=\"og:type\" content=\"article\" \/>\n<meta property=\"og:title\" content=\"St\u00e4nder Windspiel Modell Tipi - Gong Center Schweiz I Dein Gong und Klanginstrumente Fachgesch\u00e4ft\" \/>\n<meta property=\"og:description\" content=\"Ideal zum Aufh\u00e4ngen von Koshi- und Zaphir-Klangspielen Mit diesem Klangspielst\u00e4nder setzen Sie Ihr Koshi- oder Zaphir-Klangspiel gekonnt in Szene. So k\u00f6nnen Sie \u00fcberall das Klangspiel aufh\u00e4ngen, auch wenn es keine Aufh\u00e4ngem\u00f6glichkeit gibt, zum Beispiel auf dem Schreibtisch, im Regal oder jeder anderen Unterlage. Made in Germany Die Klangpielst\u00e4nder\u00a0fertigt ein deutscher Drechsler exklusiv f\u00fcr uns an.Mehr\" \/>\n<meta property=\"og:url\" content=\"https:\/\/gongcenter.ch\/produkt\/klangspielstander-modell-tipi\/\" \/>\n<meta property=\"og:site_name\" content=\"Gong Center Schweiz I Dein Gong und Klanginstrumente Fachgesch\u00e4ft\" \/>\n<meta property=\"article:modified_time\" content=\"2023-11-27T19:59:05+00:00\" \/>\n<meta property=\"og:image\" content=\"https:\/\/gongcenter.ch\/app\/uploads\/2022\/09\/klangspielstaender-fuer-zaphir-koshi-klangspiele-tipi.jpg\" \/>\n\t<meta property=\"og:image:width\" content=\"800\" \/>\n\t<meta property=\"og:image:height\" content=\"800\" \/>\n\t<meta property=\"og:image:type\" content=\"image\/jpeg\" \/>\n<meta name=\"twitter:card\" content=\"summary_large_image\" \/>\n<meta name=\"twitter:label1\" content=\"Est. reading time\" \/>\n\t<meta name=\"twitter:data1\" content=\"1 minute\" \/>\n<!-- \/ Yoast SEO plugin. -->","yoast_head_json":{"title":"St\u00e4nder Windspiel Modell Tipi - Gong Center Schweiz I Dein Gong und Klanginstrumente Fachgesch\u00e4ft","robots":{"index":"index","follow":"follow","max-snippet":"max-snippet:-1","max-image-preview":"max-image-preview:large","max-video-preview":"max-video-preview:-1"},"canonical":"https:\/\/gongcenter.ch\/produkt\/klangspielstander-modell-tipi\/","og_locale":"en_US","og_type":"article","og_title":"St\u00e4nder Windspiel Modell Tipi - Gong Center Schweiz I Dein Gong und Klanginstrumente Fachgesch\u00e4ft","og_description":"Ideal zum Aufh\u00e4ngen von Koshi- und Zaphir-Klangspielen Mit diesem Klangspielst\u00e4nder setzen Sie Ihr Koshi- oder Zaphir-Klangspiel gekonnt in Szene. So k\u00f6nnen Sie \u00fcberall das Klangspiel aufh\u00e4ngen, auch wenn es keine Aufh\u00e4ngem\u00f6glichkeit gibt, zum Beispiel auf dem Schreibtisch, im Regal oder jeder anderen Unterlage. Made in Germany Die Klangpielst\u00e4nder\u00a0fertigt ein deutscher Drechsler exklusiv f\u00fcr uns an.Mehr","og_url":"https:\/\/gongcenter.ch\/produkt\/klangspielstander-modell-tipi\/","og_site_name":"Gong Center Schweiz I Dein Gong und Klanginstrumente Fachgesch\u00e4ft","article_modified_time":"2023-11-27T19:59:05+00:00","og_image":[{"width":800,"height":800,"url":"https:\/\/gongcenter.ch\/app\/uploads\/2022\/09\/klangspielstaender-fuer-zaphir-koshi-klangspiele-tipi.jpg","type":"image\/jpeg"}],"twitter_card":"summary_large_image","twitter_misc":{"Est. reading time":"1 minute"},"schema":{"@context":"https:\/\/schema.org","@graph":[{"@type":"WebPage","@id":"https:\/\/gongcenter.ch\/produkt\/klangspielstander-modell-tipi\/","url":"https:\/\/gongcenter.ch\/produkt\/klangspielstander-modell-tipi\/","name":"St\u00e4nder Windspiel Modell Tipi - Gong Center Schweiz I Dein Gong und Klanginstrumente Fachgesch\u00e4ft","isPartOf":{"@id":"https:\/\/gongcenter.ch\/#website"},"primaryImageOfPage":{"@id":"https:\/\/gongcenter.ch\/produkt\/klangspielstander-modell-tipi\/#primaryimage"},"image":{"@id":"https:\/\/gongcenter.ch\/produkt\/klangspielstander-modell-tipi\/#primaryimage"},"thumbnailUrl":"https:\/\/gongcenter.ch\/app\/uploads\/2022\/09\/klangspielstaender-fuer-zaphir-koshi-klangspiele-tipi.jpg","datePublished":"2022-03-17T09:57:45+00:00","dateModified":"2023-11-27T19:59:05+00:00","breadcrumb":{"@id":"https:\/\/gongcenter.ch\/produkt\/klangspielstander-modell-tipi\/#breadcrumb"},"inLanguage":"en-US","potentialAction":[{"@type":"ReadAction","target":["https:\/\/gongcenter.ch\/produkt\/klangspielstander-modell-tipi\/"]}]},{"@type":"ImageObject","inLanguage":"en-US","@id":"https:\/\/gongcenter.ch\/produkt\/klangspielstander-modell-tipi\/#primaryimage","url":"https:\/\/gongcenter.ch\/app\/uploads\/2022\/09\/klangspielstaender-fuer-zaphir-koshi-klangspiele-tipi.jpg","contentUrl":"https:\/\/gongcenter.ch\/app\/uploads\/2022\/09\/klangspielstaender-fuer-zaphir-koshi-klangspiele-tipi.jpg","width":800,"height":800},{"@type":"BreadcrumbList","@id":"https:\/\/gongcenter.ch\/produkt\/klangspielstander-modell-tipi\/#breadcrumb","itemListElement":[{"@type":"ListItem","position":1,"name":"Startseite","item":"https:\/\/gongcenter.ch\/en\/"},{"@type":"ListItem","position":2,"name":"Shop","item":"https:\/\/gongcenter.ch\/en\/shop\/"},{"@type":"ListItem","position":3,"name":"St\u00e4nder Windspiel Modell Tipi"}]},{"@type":"WebSite","@id":"https:\/\/gongcenter.ch\/#website","url":"https:\/\/gongcenter.ch\/","name":"Gong Center Schweiz I Dein Gong und Klanginstrumente Fachgesch\u00e4ft","description":"Entdecke eine grosse Gong Auswahl sowie weitere Klanginstrumente - Wir sind Gong Klangtherapeut und bieten dir Top Qualit\u00e4t und Beratung.","publisher":{"@id":"https:\/\/gongcenter.ch\/#organization"},"potentialAction":[{"@type":"SearchAction","target":{"@type":"EntryPoint","urlTemplate":"https:\/\/gongcenter.ch\/?s={search_term_string}"},"query-input":{"@type":"PropertyValueSpecification","valueRequired":true,"valueName":"search_term_string"}}],"inLanguage":"en-US"},{"@type":"Organization","@id":"https:\/\/gongcenter.ch\/#organization","name":"Gongcenter Z\u00fcrich I Das Fachgesch\u00e4ft f\u00fcr Gong und Klang","url":"https:\/\/gongcenter.ch\/","logo":{"@type":"ImageObject","inLanguage":"en-US","@id":"https:\/\/gongcenter.ch\/#\/schema\/logo\/image\/","url":"https:\/\/gongcenter.ch\/app\/uploads\/2018\/05\/Gong-Center_Logo_2000_black.png","contentUrl":"https:\/\/gongcenter.ch\/app\/uploads\/2018\/05\/Gong-Center_Logo_2000_black.png","width":2000,"height":600,"caption":"Gongcenter Z\u00fcrich I Das Fachgesch\u00e4ft f\u00fcr Gong und Klang"},"image":{"@id":"https:\/\/gongcenter.ch\/#\/schema\/logo\/image\/"}}]}},"acf":[],"_links":{"self":[{"href":"https:\/\/gongcenter.ch\/en\/wp-json\/wp\/v2\/product\/28931","targetHints":{"allow":["GET"]}}],"collection":[{"href":"https:\/\/gongcenter.ch\/en\/wp-json\/wp\/v2\/product"}],"about":[{"href":"https:\/\/gongcenter.ch\/en\/wp-json\/wp\/v2\/types\/product"}],"wp:featuredmedia":[{"embeddable":true,"href":"https:\/\/gongcenter.ch\/en\/wp-json\/wp\/v2\/media\/30080"}],"wp:attachment":[{"href":"https:\/\/gongcenter.ch\/en\/wp-json\/wp\/v2\/media?parent=28931"}],"wp:term":[{"taxonomy":"product_brand","embeddable":true,"href":"https:\/\/gongcenter.ch\/en\/wp-json\/wp\/v2\/product_brand?post=28931"},{"taxonomy":"product_cat","embeddable":true,"href":"https:\/\/gongcenter.ch\/en\/wp-json\/wp\/v2\/product_cat?post=28931"},{"taxonomy":"product_tag","embeddable":true,"href":"https:\/\/gongcenter.ch\/en\/wp-json\/wp\/v2\/product_tag?post=28931"}],"curies":[{"name":"wp","href":"https:\/\/api.w.org\/{rel}","templated":true}]}}