{"id":28934,"date":"2022-03-17T11:05:55","date_gmt":"2022-03-17T10:05:55","guid":{"rendered":"https:\/\/gongcenter.ch\/?post_type=product&#038;p=28934"},"modified":"2025-10-08T08:38:33","modified_gmt":"2025-10-08T07:38:33","slug":"klangspielstaender-modell-pisa","status":"publish","type":"product","link":"https:\/\/gongcenter.ch\/en\/product\/klangspielstaender-modell-pisa\/","title":{"rendered":"St\u00e4nder Windspiel Modell Pisa"},"content":{"rendered":"<h2>Ideal zum Aufh\u00e4ngen von Koshi- und Zaphir-Klangspielen<\/h2>\n<p>Mit diesem Klangspielst\u00e4nder setzen Sie Ihr Koshi- oder Zaphir-Klangspiel gekonnt in Szene. So k\u00f6nnen Sie \u00fcberall das Klangspiel aufh\u00e4ngen, auch wenn es keine Aufh\u00e4ngem\u00f6glichkeit gibt, zum Beispiel auf dem Schreibtisch, im Regal oder jeder anderen Unterlage.<\/p>\n<h3>Leichte Montage<\/h3>\n<p>Der St\u00e4nder wird nur zusammengesteckt und schon k\u00f6nnen Sie Ihr Klangspiel aufh\u00e4ngen und sich an den sch\u00f6nen Kl\u00e4ngen erfreuen.<\/p>\n<p>Die Lieferung erfolgt ohne Klangspiel.<\/p>\n","protected":false},"excerpt":{"rendered":"Ideal zum Aufh\u00e4ngen von Koshi- und Zaphir-Klangspielen Mit diesem Klangspielst\u00e4nder setzen Sie Ihr Koshi- oder Zaphir-Klangspiel gekonnt in Szene. So k\u00f6nnen Sie \u00fcberall das Klangspiel aufh\u00e4ngen, auch wenn es keine Aufh\u00e4ngem\u00f6glichkeit gibt, zum Beispiel auf dem Schreibtisch, im Regal oder jeder anderen Unterlage. Leichte Montage Der St\u00e4nder wird nur zusammengesteckt und schon k\u00f6nnen Sie Ihr<a href=\"https:\/\/gongcenter.ch\/en\/product\/klangspielstaender-modell-pisa\/\" class=\"readmore\">Mehr  <i class=\"fa fa-angle-double-right\"><\/i><\/a>","protected":false},"featured_media":30082,"template":"","meta":[],"product_brand":[],"product_cat":[507],"product_tag":[],"class_list":{"0":"post-28934","1":"product","2":"type-product","3":"status-publish","4":"has-post-thumbnail","6":"product_cat-koshi-heloa-zaphir-klangpiele","7":"product_shipping_class-bis-199-chf-9-90-chf","9":"first","10":"onbackorder","11":"taxable","12":"shipping-taxable","13":"purchasable","14":"product-type-simple"},"yoast_head":"<!-- This site is optimized with the Yoast SEO plugin v27.0 - https:\/\/yoast.com\/product\/yoast-seo-wordpress\/ -->\n<title>St\u00e4nder Windspiel Modell Pisa - Gong Center Schweiz I Dein Gong und Klanginstrumente Fachgesch\u00e4ft<\/title>\n<meta name=\"robots\" content=\"index, follow, max-snippet:-1, max-image-preview:large, max-video-preview:-1\" \/>\n<link rel=\"canonical\" href=\"https:\/\/gongcenter.ch\/produkt\/klangspielstaender-modell-pisa\/\" \/>\n<meta property=\"og:locale\" content=\"en_US\" \/>\n<meta property=\"og:type\" content=\"article\" \/>\n<meta property=\"og:title\" content=\"St\u00e4nder Windspiel Modell Pisa - Gong Center Schweiz I Dein Gong und Klanginstrumente Fachgesch\u00e4ft\" \/>\n<meta property=\"og:description\" content=\"Ideal zum Aufh\u00e4ngen von Koshi- und Zaphir-Klangspielen Mit diesem Klangspielst\u00e4nder setzen Sie Ihr Koshi- oder Zaphir-Klangspiel gekonnt in Szene. So k\u00f6nnen Sie \u00fcberall das Klangspiel aufh\u00e4ngen, auch wenn es keine Aufh\u00e4ngem\u00f6glichkeit gibt, zum Beispiel auf dem Schreibtisch, im Regal oder jeder anderen Unterlage. Leichte Montage Der St\u00e4nder wird nur zusammengesteckt und schon k\u00f6nnen Sie IhrMehr\" \/>\n<meta property=\"og:url\" content=\"https:\/\/gongcenter.ch\/produkt\/klangspielstaender-modell-pisa\/\" \/>\n<meta property=\"og:site_name\" content=\"Gong Center Schweiz I Dein Gong und Klanginstrumente Fachgesch\u00e4ft\" \/>\n<meta property=\"article:modified_time\" content=\"2025-10-08T07:38:33+00:00\" \/>\n<meta property=\"og:image\" content=\"https:\/\/gongcenter.ch\/app\/uploads\/2022\/09\/klangspielstaender-fuer-zaphir-koshi-klangspiele-pisa.jpg\" \/>\n\t<meta property=\"og:image:width\" content=\"800\" \/>\n\t<meta property=\"og:image:height\" content=\"800\" \/>\n\t<meta property=\"og:image:type\" content=\"image\/jpeg\" \/>\n<meta name=\"twitter:card\" content=\"summary_large_image\" \/>\n<meta name=\"twitter:label1\" content=\"Est. reading time\" \/>\n\t<meta name=\"twitter:data1\" content=\"1 minute\" \/>\n<!-- \/ Yoast SEO plugin. -->","yoast_head_json":{"title":"St\u00e4nder Windspiel Modell Pisa - Gong Center Schweiz I Dein Gong und Klanginstrumente Fachgesch\u00e4ft","robots":{"index":"index","follow":"follow","max-snippet":"max-snippet:-1","max-image-preview":"max-image-preview:large","max-video-preview":"max-video-preview:-1"},"canonical":"https:\/\/gongcenter.ch\/produkt\/klangspielstaender-modell-pisa\/","og_locale":"en_US","og_type":"article","og_title":"St\u00e4nder Windspiel Modell Pisa - Gong Center Schweiz I Dein Gong und Klanginstrumente Fachgesch\u00e4ft","og_description":"Ideal zum Aufh\u00e4ngen von Koshi- und Zaphir-Klangspielen Mit diesem Klangspielst\u00e4nder setzen Sie Ihr Koshi- oder Zaphir-Klangspiel gekonnt in Szene. So k\u00f6nnen Sie \u00fcberall das Klangspiel aufh\u00e4ngen, auch wenn es keine Aufh\u00e4ngem\u00f6glichkeit gibt, zum Beispiel auf dem Schreibtisch, im Regal oder jeder anderen Unterlage. Leichte Montage Der St\u00e4nder wird nur zusammengesteckt und schon k\u00f6nnen Sie IhrMehr","og_url":"https:\/\/gongcenter.ch\/produkt\/klangspielstaender-modell-pisa\/","og_site_name":"Gong Center Schweiz I Dein Gong und Klanginstrumente Fachgesch\u00e4ft","article_modified_time":"2025-10-08T07:38:33+00:00","og_image":[{"width":800,"height":800,"url":"https:\/\/gongcenter.ch\/app\/uploads\/2022\/09\/klangspielstaender-fuer-zaphir-koshi-klangspiele-pisa.jpg","type":"image\/jpeg"}],"twitter_card":"summary_large_image","twitter_misc":{"Est. reading time":"1 minute"},"schema":{"@context":"https:\/\/schema.org","@graph":[{"@type":"WebPage","@id":"https:\/\/gongcenter.ch\/produkt\/klangspielstaender-modell-pisa\/","url":"https:\/\/gongcenter.ch\/produkt\/klangspielstaender-modell-pisa\/","name":"St\u00e4nder Windspiel Modell Pisa - Gong Center Schweiz I Dein Gong und Klanginstrumente Fachgesch\u00e4ft","isPartOf":{"@id":"https:\/\/gongcenter.ch\/#website"},"primaryImageOfPage":{"@id":"https:\/\/gongcenter.ch\/produkt\/klangspielstaender-modell-pisa\/#primaryimage"},"image":{"@id":"https:\/\/gongcenter.ch\/produkt\/klangspielstaender-modell-pisa\/#primaryimage"},"thumbnailUrl":"https:\/\/gongcenter.ch\/app\/uploads\/2022\/09\/klangspielstaender-fuer-zaphir-koshi-klangspiele-pisa.jpg","datePublished":"2022-03-17T10:05:55+00:00","dateModified":"2025-10-08T07:38:33+00:00","breadcrumb":{"@id":"https:\/\/gongcenter.ch\/produkt\/klangspielstaender-modell-pisa\/#breadcrumb"},"inLanguage":"en-US","potentialAction":[{"@type":"ReadAction","target":["https:\/\/gongcenter.ch\/produkt\/klangspielstaender-modell-pisa\/"]}]},{"@type":"ImageObject","inLanguage":"en-US","@id":"https:\/\/gongcenter.ch\/produkt\/klangspielstaender-modell-pisa\/#primaryimage","url":"https:\/\/gongcenter.ch\/app\/uploads\/2022\/09\/klangspielstaender-fuer-zaphir-koshi-klangspiele-pisa.jpg","contentUrl":"https:\/\/gongcenter.ch\/app\/uploads\/2022\/09\/klangspielstaender-fuer-zaphir-koshi-klangspiele-pisa.jpg","width":800,"height":800},{"@type":"BreadcrumbList","@id":"https:\/\/gongcenter.ch\/produkt\/klangspielstaender-modell-pisa\/#breadcrumb","itemListElement":[{"@type":"ListItem","position":1,"name":"Startseite","item":"https:\/\/gongcenter.ch\/en\/"},{"@type":"ListItem","position":2,"name":"Shop","item":"https:\/\/gongcenter.ch\/en\/shop\/"},{"@type":"ListItem","position":3,"name":"St\u00e4nder Windspiel Modell Pisa"}]},{"@type":"WebSite","@id":"https:\/\/gongcenter.ch\/#website","url":"https:\/\/gongcenter.ch\/","name":"Gong Center Schweiz I Dein Gong und Klanginstrumente Fachgesch\u00e4ft","description":"Entdecke eine grosse Gong Auswahl sowie weitere Klanginstrumente - Wir sind Gong Klangtherapeut und bieten dir Top Qualit\u00e4t und Beratung.","publisher":{"@id":"https:\/\/gongcenter.ch\/#organization"},"potentialAction":[{"@type":"SearchAction","target":{"@type":"EntryPoint","urlTemplate":"https:\/\/gongcenter.ch\/?s={search_term_string}"},"query-input":{"@type":"PropertyValueSpecification","valueRequired":true,"valueName":"search_term_string"}}],"inLanguage":"en-US"},{"@type":"Organization","@id":"https:\/\/gongcenter.ch\/#organization","name":"Gongcenter Z\u00fcrich I Das Fachgesch\u00e4ft f\u00fcr Gong und Klang","url":"https:\/\/gongcenter.ch\/","logo":{"@type":"ImageObject","inLanguage":"en-US","@id":"https:\/\/gongcenter.ch\/#\/schema\/logo\/image\/","url":"https:\/\/gongcenter.ch\/app\/uploads\/2018\/05\/Gong-Center_Logo_2000_black.png","contentUrl":"https:\/\/gongcenter.ch\/app\/uploads\/2018\/05\/Gong-Center_Logo_2000_black.png","width":2000,"height":600,"caption":"Gongcenter Z\u00fcrich I Das Fachgesch\u00e4ft f\u00fcr Gong und Klang"},"image":{"@id":"https:\/\/gongcenter.ch\/#\/schema\/logo\/image\/"}}]}},"acf":[],"_links":{"self":[{"href":"https:\/\/gongcenter.ch\/en\/wp-json\/wp\/v2\/product\/28934","targetHints":{"allow":["GET"]}}],"collection":[{"href":"https:\/\/gongcenter.ch\/en\/wp-json\/wp\/v2\/product"}],"about":[{"href":"https:\/\/gongcenter.ch\/en\/wp-json\/wp\/v2\/types\/product"}],"wp:featuredmedia":[{"embeddable":true,"href":"https:\/\/gongcenter.ch\/en\/wp-json\/wp\/v2\/media\/30082"}],"wp:attachment":[{"href":"https:\/\/gongcenter.ch\/en\/wp-json\/wp\/v2\/media?parent=28934"}],"wp:term":[{"taxonomy":"product_brand","embeddable":true,"href":"https:\/\/gongcenter.ch\/en\/wp-json\/wp\/v2\/product_brand?post=28934"},{"taxonomy":"product_cat","embeddable":true,"href":"https:\/\/gongcenter.ch\/en\/wp-json\/wp\/v2\/product_cat?post=28934"},{"taxonomy":"product_tag","embeddable":true,"href":"https:\/\/gongcenter.ch\/en\/wp-json\/wp\/v2\/product_tag?post=28934"}],"curies":[{"name":"wp","href":"https:\/\/api.w.org\/{rel}","templated":true}]}}