{"id":29008,"date":"2022-04-29T05:08:18","date_gmt":"2022-04-29T15:57:11","guid":{"rendered":"https:\/\/gongcenter.ch\/product\/aureliophone-swinging-chime\/"},"modified":"2022-04-29T16:57:11","modified_gmt":"2022-04-29T15:57:11","slug":"aureliophon-schwingendes-glockenspiel","status":"publish","type":"product","link":"https:\/\/gongcenter.ch\/en\/product\/aureliophon-schwingendes-glockenspiel\/","title":{"rendered":"Aureliophone, Swinging Chime"},"content":{"rendered":"<p>Aureliophone, Swinging Chime Morgenstimmung<\/p>\n<p>This groundbreaking musical instrument is set to fundamental C 256 hertz<\/p>\n<p>(A=432 Hz) based in harmonic, overtone-pure tone sequences<\/p>\n<p>(according to the 22 Shrutis of the classical Indian system). The<\/p>\n<p>Games can be gently swung, rotated or panned. You<\/p>\n<p>create a spherical room sound. 9 tones, 36x50x3 cm, 1,2 kg,<\/p>\n<p>Stimulation: Bhairagi &#8211; Vedic scale of concentrated morning invocation<\/p>\n","protected":false},"excerpt":{"rendered":"Aureliophone, Swinging Chime Morgenstimmung This groundbreaking musical instrument is set to fundamental C 256 hertz (A=432 Hz) based in harmonic, overtone-pure tone sequences (according to the 22 Shrutis of the classical Indian system). The Games can be gently swung, rotated or panned. You create a spherical room sound. 9 tones, 36x50x3 cm, 1,2 kg, Stimulation:<a href=\"https:\/\/gongcenter.ch\/en\/product\/aureliophon-schwingendes-glockenspiel\/\" class=\"readmore\">Mehr  <i class=\"fa fa-angle-double-right\"><\/i><\/a>","protected":false},"featured_media":30091,"template":"","meta":[],"product_brand":[],"product_cat":[908,40],"product_tag":[],"class_list":{"0":"post-29008","1":"product","2":"type-product","3":"status-publish","4":"has-post-thumbnail","6":"brands-allton","7":"product_cat-regensaeulen-koshi-shanti-klangspiele","8":"product_cat-klanginstrumente","10":"first","11":"instock","12":"taxable","13":"shipping-taxable","14":"product-type-variable"},"yoast_head":"<!-- This site is optimized with the Yoast SEO plugin v27.0 - https:\/\/yoast.com\/product\/yoast-seo-wordpress\/ -->\n<title>Aureliophone, Swinging Chime - Gong Center Schweiz I Dein Gong und Klanginstrumente Fachgesch\u00e4ft<\/title>\n<meta name=\"robots\" content=\"index, follow, max-snippet:-1, max-image-preview:large, max-video-preview:-1\" \/>\n<link rel=\"canonical\" href=\"https:\/\/gongcenter.ch\/en\/product\/aureliophon-schwingendes-glockenspiel\/\" \/>\n<meta property=\"og:locale\" content=\"en_US\" \/>\n<meta property=\"og:type\" content=\"article\" \/>\n<meta property=\"og:title\" content=\"Aureliophone, Swinging Chime - Gong Center Schweiz I Dein Gong und Klanginstrumente Fachgesch\u00e4ft\" \/>\n<meta property=\"og:description\" content=\"Aureliophone, Swinging Chime Morgenstimmung This groundbreaking musical instrument is set to fundamental C 256 hertz (A=432 Hz) based in harmonic, overtone-pure tone sequences (according to the 22 Shrutis of the classical Indian system). The Games can be gently swung, rotated or panned. You create a spherical room sound. 9 tones, 36x50x3 cm, 1,2 kg, Stimulation:Mehr\" \/>\n<meta property=\"og:url\" content=\"https:\/\/gongcenter.ch\/en\/product\/aureliophon-schwingendes-glockenspiel\/\" \/>\n<meta property=\"og:site_name\" content=\"Gong Center Schweiz I Dein Gong und Klanginstrumente Fachgesch\u00e4ft\" \/>\n<meta property=\"og:image\" content=\"https:\/\/gongcenter.ch\/app\/uploads\/2022\/09\/Aureliophone-2.png\" \/>\n\t<meta property=\"og:image:width\" content=\"600\" \/>\n\t<meta property=\"og:image:height\" content=\"600\" \/>\n\t<meta property=\"og:image:type\" content=\"image\/png\" \/>\n<meta name=\"twitter:card\" content=\"summary_large_image\" \/>\n<!-- \/ Yoast SEO plugin. -->","yoast_head_json":{"title":"Aureliophone, Swinging Chime - Gong Center Schweiz I Dein Gong und Klanginstrumente Fachgesch\u00e4ft","robots":{"index":"index","follow":"follow","max-snippet":"max-snippet:-1","max-image-preview":"max-image-preview:large","max-video-preview":"max-video-preview:-1"},"canonical":"https:\/\/gongcenter.ch\/en\/product\/aureliophon-schwingendes-glockenspiel\/","og_locale":"en_US","og_type":"article","og_title":"Aureliophone, Swinging Chime - Gong Center Schweiz I Dein Gong und Klanginstrumente Fachgesch\u00e4ft","og_description":"Aureliophone, Swinging Chime Morgenstimmung This groundbreaking musical instrument is set to fundamental C 256 hertz (A=432 Hz) based in harmonic, overtone-pure tone sequences (according to the 22 Shrutis of the classical Indian system). The Games can be gently swung, rotated or panned. You create a spherical room sound. 9 tones, 36x50x3 cm, 1,2 kg, Stimulation:Mehr","og_url":"https:\/\/gongcenter.ch\/en\/product\/aureliophon-schwingendes-glockenspiel\/","og_site_name":"Gong Center Schweiz I Dein Gong und Klanginstrumente Fachgesch\u00e4ft","og_image":[{"width":600,"height":600,"url":"https:\/\/gongcenter.ch\/app\/uploads\/2022\/09\/Aureliophone-2.png","type":"image\/png"}],"twitter_card":"summary_large_image","schema":{"@context":"https:\/\/schema.org","@graph":[{"@type":"WebPage","@id":"https:\/\/gongcenter.ch\/en\/product\/aureliophon-schwingendes-glockenspiel\/","url":"https:\/\/gongcenter.ch\/en\/product\/aureliophon-schwingendes-glockenspiel\/","name":"Aureliophone, Swinging Chime - Gong Center Schweiz I Dein Gong und Klanginstrumente Fachgesch\u00e4ft","isPartOf":{"@id":"https:\/\/gongcenter.ch\/#website"},"primaryImageOfPage":{"@id":"https:\/\/gongcenter.ch\/en\/product\/aureliophon-schwingendes-glockenspiel\/#primaryimage"},"image":{"@id":"https:\/\/gongcenter.ch\/en\/product\/aureliophon-schwingendes-glockenspiel\/#primaryimage"},"thumbnailUrl":"https:\/\/gongcenter.ch\/app\/uploads\/2022\/09\/Aureliophone-2.png","datePublished":"2022-04-29T15:57:11+00:00","breadcrumb":{"@id":"https:\/\/gongcenter.ch\/en\/product\/aureliophon-schwingendes-glockenspiel\/#breadcrumb"},"inLanguage":"en-US","potentialAction":[{"@type":"ReadAction","target":["https:\/\/gongcenter.ch\/en\/product\/aureliophon-schwingendes-glockenspiel\/"]}]},{"@type":"ImageObject","inLanguage":"en-US","@id":"https:\/\/gongcenter.ch\/en\/product\/aureliophon-schwingendes-glockenspiel\/#primaryimage","url":"https:\/\/gongcenter.ch\/app\/uploads\/2022\/09\/Aureliophone-2.png","contentUrl":"https:\/\/gongcenter.ch\/app\/uploads\/2022\/09\/Aureliophone-2.png","width":600,"height":600},{"@type":"BreadcrumbList","@id":"https:\/\/gongcenter.ch\/en\/product\/aureliophon-schwingendes-glockenspiel\/#breadcrumb","itemListElement":[{"@type":"ListItem","position":1,"name":"Startseite","item":"https:\/\/gongcenter.ch\/en\/"},{"@type":"ListItem","position":2,"name":"Shop","item":"https:\/\/gongcenter.ch\/en\/shop\/"},{"@type":"ListItem","position":3,"name":"Aureliophone, Swinging Chime"}]},{"@type":"WebSite","@id":"https:\/\/gongcenter.ch\/#website","url":"https:\/\/gongcenter.ch\/","name":"Gong Center Schweiz I Dein Gong und Klanginstrumente Fachgesch\u00e4ft","description":"Entdecke eine grosse Gong Auswahl sowie weitere Klanginstrumente - Wir sind Gong Klangtherapeut und bieten dir Top Qualit\u00e4t und Beratung.","publisher":{"@id":"https:\/\/gongcenter.ch\/#organization"},"potentialAction":[{"@type":"SearchAction","target":{"@type":"EntryPoint","urlTemplate":"https:\/\/gongcenter.ch\/?s={search_term_string}"},"query-input":{"@type":"PropertyValueSpecification","valueRequired":true,"valueName":"search_term_string"}}],"inLanguage":"en-US"},{"@type":"Organization","@id":"https:\/\/gongcenter.ch\/#organization","name":"Gongcenter Z\u00fcrich I Das Fachgesch\u00e4ft f\u00fcr Gong und Klang","url":"https:\/\/gongcenter.ch\/","logo":{"@type":"ImageObject","inLanguage":"en-US","@id":"https:\/\/gongcenter.ch\/#\/schema\/logo\/image\/","url":"https:\/\/gongcenter.ch\/app\/uploads\/2018\/05\/Gong-Center_Logo_2000_black.png","contentUrl":"https:\/\/gongcenter.ch\/app\/uploads\/2018\/05\/Gong-Center_Logo_2000_black.png","width":2000,"height":600,"caption":"Gongcenter Z\u00fcrich I Das Fachgesch\u00e4ft f\u00fcr Gong und Klang"},"image":{"@id":"https:\/\/gongcenter.ch\/#\/schema\/logo\/image\/"}}]}},"acf":[],"_links":{"self":[{"href":"https:\/\/gongcenter.ch\/en\/wp-json\/wp\/v2\/product\/29008","targetHints":{"allow":["GET"]}}],"collection":[{"href":"https:\/\/gongcenter.ch\/en\/wp-json\/wp\/v2\/product"}],"about":[{"href":"https:\/\/gongcenter.ch\/en\/wp-json\/wp\/v2\/types\/product"}],"wp:featuredmedia":[{"embeddable":true,"href":"https:\/\/gongcenter.ch\/en\/wp-json\/wp\/v2\/media\/30091"}],"wp:attachment":[{"href":"https:\/\/gongcenter.ch\/en\/wp-json\/wp\/v2\/media?parent=29008"}],"wp:term":[{"taxonomy":"product_brand","embeddable":true,"href":"https:\/\/gongcenter.ch\/en\/wp-json\/wp\/v2\/product_brand?post=29008"},{"taxonomy":"product_cat","embeddable":true,"href":"https:\/\/gongcenter.ch\/en\/wp-json\/wp\/v2\/product_cat?post=29008"},{"taxonomy":"product_tag","embeddable":true,"href":"https:\/\/gongcenter.ch\/en\/wp-json\/wp\/v2\/product_tag?post=29008"}],"curies":[{"name":"wp","href":"https:\/\/api.w.org\/{rel}","templated":true}]}}