{"id":29019,"date":"2022-04-29T17:02:54","date_gmt":"2022-04-30T04:43:15","guid":{"rendered":"https:\/\/gongcenter.ch\/product\/bamboo-rain-sound-column\/"},"modified":"2022-04-30T05:43:15","modified_gmt":"2022-04-30T04:43:15","slug":"regenklang-saeule-aus-bambus-2","status":"publish","type":"product","link":"https:\/\/gongcenter.ch\/en\/product\/regenklang-saeule-aus-bambus-2\/","title":{"rendered":"Bamboo rain sound column"},"content":{"rendered":"<p>A new generation of the rain stick. Once turned over for several minutes sounds gently flowing water.<\/p>\n<p>Ideal for short relaxation in a small break, for attention and relaxation exercises.<\/p>\n<p>The instrument is very suitable for the attunement or accompaniment of a sound journey or meditation. Also ideally suited for mobile use.<\/p>\n","protected":false},"excerpt":{"rendered":"<ul>\n \t<li>Mass: 10x9x50 cm<\/li>\n \t<li>Weight 1,6 kg<\/li>\n \t<li>Material: bamboo \/ cork, treated with natural shellac, high quality workmanship, made in EU.<\/li>\n \t<li>Sound duration: approx. 4 min.<\/li>\n<\/ul>\n&nbsp;","protected":false},"featured_media":30093,"template":"","meta":[],"product_brand":[],"product_cat":[15],"product_tag":[],"class_list":{"0":"post-29019","1":"product","2":"type-product","3":"status-publish","4":"has-post-thumbnail","6":"product_cat-uncategorized","7":"product_shipping_class-kostenloser-versand-innerhalb-der-schweiz-en","8":"pa_groesse-50-cm-4-min-en","9":"pa_groesse-60-cm-7-min-en","10":"pa_groesse-70-cm-9-min-en","12":"first","13":"instock","14":"taxable","15":"shipping-taxable","16":"purchasable","17":"product-type-simple"},"yoast_head":"<!-- This site is optimized with the Yoast SEO plugin v27.0 - https:\/\/yoast.com\/product\/yoast-seo-wordpress\/ -->\n<title>Rainmaker column I made of bamboo I from 50 cm long<\/title>\n<meta name=\"description\" content=\"Rainmaker columns are very suitable for the attunement or accompaniment of a sound journey or meditation.\" \/>\n<meta name=\"robots\" content=\"index, follow, max-snippet:-1, max-image-preview:large, max-video-preview:-1\" \/>\n<link rel=\"canonical\" href=\"https:\/\/gongcenter.ch\/en\/product\/regenklang-saeule-aus-bambus-2\/\" \/>\n<meta property=\"og:locale\" content=\"en_US\" \/>\n<meta property=\"og:type\" content=\"article\" \/>\n<meta property=\"og:title\" content=\"Rainmaker column I made of bamboo I from 50 cm long\" \/>\n<meta property=\"og:description\" content=\"Rainmaker columns are very suitable for the attunement or accompaniment of a sound journey or meditation.\" \/>\n<meta property=\"og:url\" content=\"https:\/\/gongcenter.ch\/en\/product\/regenklang-saeule-aus-bambus-2\/\" \/>\n<meta property=\"og:site_name\" content=\"Gong Center Schweiz I Dein Gong und Klanginstrumente Fachgesch\u00e4ft\" \/>\n<meta property=\"og:image\" content=\"https:\/\/gongcenter.ch\/app\/uploads\/2022\/09\/Regenklang-Saeule-verschiedene-Groessen-2.png\" \/>\n\t<meta property=\"og:image:width\" content=\"600\" \/>\n\t<meta property=\"og:image:height\" content=\"600\" \/>\n\t<meta property=\"og:image:type\" content=\"image\/png\" \/>\n<meta name=\"twitter:card\" content=\"summary_large_image\" \/>\n<!-- \/ Yoast SEO plugin. -->","yoast_head_json":{"title":"Rainmaker column I made of bamboo I from 50 cm long","description":"Rainmaker columns are very suitable for the attunement or accompaniment of a sound journey or meditation.","robots":{"index":"index","follow":"follow","max-snippet":"max-snippet:-1","max-image-preview":"max-image-preview:large","max-video-preview":"max-video-preview:-1"},"canonical":"https:\/\/gongcenter.ch\/en\/product\/regenklang-saeule-aus-bambus-2\/","og_locale":"en_US","og_type":"article","og_title":"Rainmaker column I made of bamboo I from 50 cm long","og_description":"Rainmaker columns are very suitable for the attunement or accompaniment of a sound journey or meditation.","og_url":"https:\/\/gongcenter.ch\/en\/product\/regenklang-saeule-aus-bambus-2\/","og_site_name":"Gong Center Schweiz I Dein Gong und Klanginstrumente Fachgesch\u00e4ft","og_image":[{"width":600,"height":600,"url":"https:\/\/gongcenter.ch\/app\/uploads\/2022\/09\/Regenklang-Saeule-verschiedene-Groessen-2.png","type":"image\/png"}],"twitter_card":"summary_large_image","schema":{"@context":"https:\/\/schema.org","@graph":[{"@type":"WebPage","@id":"https:\/\/gongcenter.ch\/en\/product\/regenklang-saeule-aus-bambus-2\/","url":"https:\/\/gongcenter.ch\/en\/product\/regenklang-saeule-aus-bambus-2\/","name":"Rainmaker column I made of bamboo I from 50 cm long","isPartOf":{"@id":"https:\/\/gongcenter.ch\/#website"},"primaryImageOfPage":{"@id":"https:\/\/gongcenter.ch\/en\/product\/regenklang-saeule-aus-bambus-2\/#primaryimage"},"image":{"@id":"https:\/\/gongcenter.ch\/en\/product\/regenklang-saeule-aus-bambus-2\/#primaryimage"},"thumbnailUrl":"https:\/\/gongcenter.ch\/app\/uploads\/2022\/09\/Regenklang-Saeule-verschiedene-Groessen-2.png","datePublished":"2022-04-30T04:43:15+00:00","description":"Rainmaker columns are very suitable for the attunement or accompaniment of a sound journey or meditation.","breadcrumb":{"@id":"https:\/\/gongcenter.ch\/en\/product\/regenklang-saeule-aus-bambus-2\/#breadcrumb"},"inLanguage":"en-US","potentialAction":[{"@type":"ReadAction","target":["https:\/\/gongcenter.ch\/en\/product\/regenklang-saeule-aus-bambus-2\/"]}]},{"@type":"ImageObject","inLanguage":"en-US","@id":"https:\/\/gongcenter.ch\/en\/product\/regenklang-saeule-aus-bambus-2\/#primaryimage","url":"https:\/\/gongcenter.ch\/app\/uploads\/2022\/09\/Regenklang-Saeule-verschiedene-Groessen-2.png","contentUrl":"https:\/\/gongcenter.ch\/app\/uploads\/2022\/09\/Regenklang-Saeule-verschiedene-Groessen-2.png","width":600,"height":600},{"@type":"BreadcrumbList","@id":"https:\/\/gongcenter.ch\/en\/product\/regenklang-saeule-aus-bambus-2\/#breadcrumb","itemListElement":[{"@type":"ListItem","position":1,"name":"Startseite","item":"https:\/\/gongcenter.ch\/en\/"},{"@type":"ListItem","position":2,"name":"Shop","item":"https:\/\/gongcenter.ch\/en\/shop\/"},{"@type":"ListItem","position":3,"name":"Bamboo rain sound column"}]},{"@type":"WebSite","@id":"https:\/\/gongcenter.ch\/#website","url":"https:\/\/gongcenter.ch\/","name":"Gong Center Schweiz I Dein Gong und Klanginstrumente Fachgesch\u00e4ft","description":"Entdecke eine grosse Gong Auswahl sowie weitere Klanginstrumente - Wir sind Gong Klangtherapeut und bieten dir Top Qualit\u00e4t und Beratung.","publisher":{"@id":"https:\/\/gongcenter.ch\/#organization"},"potentialAction":[{"@type":"SearchAction","target":{"@type":"EntryPoint","urlTemplate":"https:\/\/gongcenter.ch\/?s={search_term_string}"},"query-input":{"@type":"PropertyValueSpecification","valueRequired":true,"valueName":"search_term_string"}}],"inLanguage":"en-US"},{"@type":"Organization","@id":"https:\/\/gongcenter.ch\/#organization","name":"Gongcenter Z\u00fcrich I Das Fachgesch\u00e4ft f\u00fcr Gong und Klang","url":"https:\/\/gongcenter.ch\/","logo":{"@type":"ImageObject","inLanguage":"en-US","@id":"https:\/\/gongcenter.ch\/#\/schema\/logo\/image\/","url":"https:\/\/gongcenter.ch\/app\/uploads\/2018\/05\/Gong-Center_Logo_2000_black.png","contentUrl":"https:\/\/gongcenter.ch\/app\/uploads\/2018\/05\/Gong-Center_Logo_2000_black.png","width":2000,"height":600,"caption":"Gongcenter Z\u00fcrich I Das Fachgesch\u00e4ft f\u00fcr Gong und Klang"},"image":{"@id":"https:\/\/gongcenter.ch\/#\/schema\/logo\/image\/"}}]}},"acf":[],"_links":{"self":[{"href":"https:\/\/gongcenter.ch\/en\/wp-json\/wp\/v2\/product\/29019","targetHints":{"allow":["GET"]}}],"collection":[{"href":"https:\/\/gongcenter.ch\/en\/wp-json\/wp\/v2\/product"}],"about":[{"href":"https:\/\/gongcenter.ch\/en\/wp-json\/wp\/v2\/types\/product"}],"wp:featuredmedia":[{"embeddable":true,"href":"https:\/\/gongcenter.ch\/en\/wp-json\/wp\/v2\/media\/30093"}],"wp:attachment":[{"href":"https:\/\/gongcenter.ch\/en\/wp-json\/wp\/v2\/media?parent=29019"}],"wp:term":[{"taxonomy":"product_brand","embeddable":true,"href":"https:\/\/gongcenter.ch\/en\/wp-json\/wp\/v2\/product_brand?post=29019"},{"taxonomy":"product_cat","embeddable":true,"href":"https:\/\/gongcenter.ch\/en\/wp-json\/wp\/v2\/product_cat?post=29019"},{"taxonomy":"product_tag","embeddable":true,"href":"https:\/\/gongcenter.ch\/en\/wp-json\/wp\/v2\/product_tag?post=29019"}],"curies":[{"name":"wp","href":"https:\/\/api.w.org\/{rel}","templated":true}]}}