{"id":29035,"date":"2020-05-02T19:11:50","date_gmt":"2022-05-01T18:28:39","guid":{"rendered":"https:\/\/gongcenter.ch\/product\/koshi-wind-chime\/"},"modified":"2022-05-01T19:28:39","modified_gmt":"2022-05-01T18:28:39","slug":"koshi-windspiel-element-erde-2","status":"publish","type":"product","link":"https:\/\/gongcenter.ch\/en\/product\/koshi-windspiel-element-erde-2\/","title":{"rendered":"Koshi wind chime"},"content":{"rendered":"<p>g<br \/>\nKlangst&amp;auml<\/p>\n","protected":false},"excerpt":{"rendered":"Modell: Koshi\nKlangname: Terra &#8211; Erde\nFarbe: Bambusfurnier\nTonfolge: g &#8211; c &#8211; e &#8211; f &#8211; g &#8211; c &#8211; e &amp;ndash\n\n&nbsp;\n\nModell: Koshi Klangname: Aqua &#8211; Wasser Farbe: Bambusfurnier Tonfolge: a &#8211; d &#8211; f &#8211; g &#8211; a &#8211; d &#8211; f \u2013 a Klangst\u00e4be: Bronze Pendel: Glas Gesamtl\u00e4nge: 36 cm Gesamtgewicht: 135 g\n\n&nbsp;","protected":false},"featured_media":29782,"template":"","meta":[],"product_brand":[],"product_cat":[908],"product_tag":[],"class_list":{"0":"post-29035","1":"product","2":"type-product","3":"status-publish","4":"has-post-thumbnail","6":"brands-koshi","7":"product_cat-regensaeulen-koshi-shanti-klangspiele","8":"product_shipping_class-bis-199-chf-9-90-chf-en","10":"first","11":"instock","12":"taxable","13":"shipping-taxable","14":"purchasable","15":"product-type-simple"},"yoast_head":"<!-- This site is optimized with the Yoast SEO plugin v27.0 - https:\/\/yoast.com\/product\/yoast-seo-wordpress\/ -->\n<title>Koshi wind chime - Gong Center Schweiz I Dein Gong und Klanginstrumente Fachgesch\u00e4ft<\/title>\n<meta name=\"robots\" content=\"index, follow, max-snippet:-1, max-image-preview:large, max-video-preview:-1\" \/>\n<link rel=\"canonical\" href=\"https:\/\/gongcenter.ch\/en\/product\/koshi-windspiel-element-erde-2\/\" \/>\n<meta property=\"og:locale\" content=\"en_US\" \/>\n<meta property=\"og:type\" content=\"article\" \/>\n<meta property=\"og:title\" content=\"Koshi wind chime - Gong Center Schweiz I Dein Gong und Klanginstrumente Fachgesch\u00e4ft\" \/>\n<meta property=\"og:description\" content=\"Modell: Koshi Klangname: Terra - Erde Farbe: Bambusfurnier Tonfolge: g - c - e - f - g - c - e &amp;ndash &nbsp; Modell: Koshi Klangname: Aqua - Wasser Farbe: Bambusfurnier Tonfolge: a - d - f - g - a - d - f \u2013 a Klangst\u00e4be: Bronze Pendel: Glas Gesamtl\u00e4nge: 36 cm Gesamtgewicht: 135 g &nbsp;\" \/>\n<meta property=\"og:url\" content=\"https:\/\/gongcenter.ch\/en\/product\/koshi-windspiel-element-erde-2\/\" \/>\n<meta property=\"og:site_name\" content=\"Gong Center Schweiz I Dein Gong und Klanginstrumente Fachgesch\u00e4ft\" \/>\n<meta property=\"og:image\" content=\"https:\/\/gongcenter.ch\/app\/uploads\/2022\/09\/koshi_set_4.jpg\" \/>\n\t<meta property=\"og:image:width\" content=\"500\" \/>\n\t<meta property=\"og:image:height\" content=\"500\" \/>\n\t<meta property=\"og:image:type\" content=\"image\/jpeg\" \/>\n<meta name=\"twitter:card\" content=\"summary_large_image\" \/>\n<!-- \/ Yoast SEO plugin. -->","yoast_head_json":{"title":"Koshi wind chime - Gong Center Schweiz I Dein Gong und Klanginstrumente Fachgesch\u00e4ft","robots":{"index":"index","follow":"follow","max-snippet":"max-snippet:-1","max-image-preview":"max-image-preview:large","max-video-preview":"max-video-preview:-1"},"canonical":"https:\/\/gongcenter.ch\/en\/product\/koshi-windspiel-element-erde-2\/","og_locale":"en_US","og_type":"article","og_title":"Koshi wind chime - Gong Center Schweiz I Dein Gong und Klanginstrumente Fachgesch\u00e4ft","og_description":"Modell: Koshi Klangname: Terra - Erde Farbe: Bambusfurnier Tonfolge: g - c - e - f - g - c - e &amp;ndash &nbsp; Modell: Koshi Klangname: Aqua - Wasser Farbe: Bambusfurnier Tonfolge: a - d - f - g - a - d - f \u2013 a Klangst\u00e4be: Bronze Pendel: Glas Gesamtl\u00e4nge: 36 cm Gesamtgewicht: 135 g &nbsp;","og_url":"https:\/\/gongcenter.ch\/en\/product\/koshi-windspiel-element-erde-2\/","og_site_name":"Gong Center Schweiz I Dein Gong und Klanginstrumente Fachgesch\u00e4ft","og_image":[{"width":500,"height":500,"url":"https:\/\/gongcenter.ch\/app\/uploads\/2022\/09\/koshi_set_4.jpg","type":"image\/jpeg"}],"twitter_card":"summary_large_image","schema":{"@context":"https:\/\/schema.org","@graph":[{"@type":"WebPage","@id":"https:\/\/gongcenter.ch\/en\/product\/koshi-windspiel-element-erde-2\/","url":"https:\/\/gongcenter.ch\/en\/product\/koshi-windspiel-element-erde-2\/","name":"Koshi wind chime - Gong Center Schweiz I Dein Gong und Klanginstrumente Fachgesch\u00e4ft","isPartOf":{"@id":"https:\/\/gongcenter.ch\/#website"},"primaryImageOfPage":{"@id":"https:\/\/gongcenter.ch\/en\/product\/koshi-windspiel-element-erde-2\/#primaryimage"},"image":{"@id":"https:\/\/gongcenter.ch\/en\/product\/koshi-windspiel-element-erde-2\/#primaryimage"},"thumbnailUrl":"https:\/\/gongcenter.ch\/app\/uploads\/2022\/09\/koshi_set_4.jpg","datePublished":"2022-05-01T18:28:39+00:00","breadcrumb":{"@id":"https:\/\/gongcenter.ch\/en\/product\/koshi-windspiel-element-erde-2\/#breadcrumb"},"inLanguage":"en-US","potentialAction":[{"@type":"ReadAction","target":["https:\/\/gongcenter.ch\/en\/product\/koshi-windspiel-element-erde-2\/"]}]},{"@type":"ImageObject","inLanguage":"en-US","@id":"https:\/\/gongcenter.ch\/en\/product\/koshi-windspiel-element-erde-2\/#primaryimage","url":"https:\/\/gongcenter.ch\/app\/uploads\/2022\/09\/koshi_set_4.jpg","contentUrl":"https:\/\/gongcenter.ch\/app\/uploads\/2022\/09\/koshi_set_4.jpg","width":500,"height":500},{"@type":"BreadcrumbList","@id":"https:\/\/gongcenter.ch\/en\/product\/koshi-windspiel-element-erde-2\/#breadcrumb","itemListElement":[{"@type":"ListItem","position":1,"name":"Startseite","item":"https:\/\/gongcenter.ch\/en\/"},{"@type":"ListItem","position":2,"name":"Shop","item":"https:\/\/gongcenter.ch\/en\/shop\/"},{"@type":"ListItem","position":3,"name":"Koshi wind chime"}]},{"@type":"WebSite","@id":"https:\/\/gongcenter.ch\/#website","url":"https:\/\/gongcenter.ch\/","name":"Gong Center Schweiz I Dein Gong und Klanginstrumente Fachgesch\u00e4ft","description":"Entdecke eine grosse Gong Auswahl sowie weitere Klanginstrumente - Wir sind Gong Klangtherapeut und bieten dir Top Qualit\u00e4t und Beratung.","publisher":{"@id":"https:\/\/gongcenter.ch\/#organization"},"potentialAction":[{"@type":"SearchAction","target":{"@type":"EntryPoint","urlTemplate":"https:\/\/gongcenter.ch\/?s={search_term_string}"},"query-input":{"@type":"PropertyValueSpecification","valueRequired":true,"valueName":"search_term_string"}}],"inLanguage":"en-US"},{"@type":"Organization","@id":"https:\/\/gongcenter.ch\/#organization","name":"Gongcenter Z\u00fcrich I Das Fachgesch\u00e4ft f\u00fcr Gong und Klang","url":"https:\/\/gongcenter.ch\/","logo":{"@type":"ImageObject","inLanguage":"en-US","@id":"https:\/\/gongcenter.ch\/#\/schema\/logo\/image\/","url":"https:\/\/gongcenter.ch\/app\/uploads\/2018\/05\/Gong-Center_Logo_2000_black.png","contentUrl":"https:\/\/gongcenter.ch\/app\/uploads\/2018\/05\/Gong-Center_Logo_2000_black.png","width":2000,"height":600,"caption":"Gongcenter Z\u00fcrich I Das Fachgesch\u00e4ft f\u00fcr Gong und Klang"},"image":{"@id":"https:\/\/gongcenter.ch\/#\/schema\/logo\/image\/"}}]}},"acf":[],"_links":{"self":[{"href":"https:\/\/gongcenter.ch\/en\/wp-json\/wp\/v2\/product\/29035","targetHints":{"allow":["GET"]}}],"collection":[{"href":"https:\/\/gongcenter.ch\/en\/wp-json\/wp\/v2\/product"}],"about":[{"href":"https:\/\/gongcenter.ch\/en\/wp-json\/wp\/v2\/types\/product"}],"wp:featuredmedia":[{"embeddable":true,"href":"https:\/\/gongcenter.ch\/en\/wp-json\/wp\/v2\/media\/29782"}],"wp:attachment":[{"href":"https:\/\/gongcenter.ch\/en\/wp-json\/wp\/v2\/media?parent=29035"}],"wp:term":[{"taxonomy":"product_brand","embeddable":true,"href":"https:\/\/gongcenter.ch\/en\/wp-json\/wp\/v2\/product_brand?post=29035"},{"taxonomy":"product_cat","embeddable":true,"href":"https:\/\/gongcenter.ch\/en\/wp-json\/wp\/v2\/product_cat?post=29035"},{"taxonomy":"product_tag","embeddable":true,"href":"https:\/\/gongcenter.ch\/en\/wp-json\/wp\/v2\/product_tag?post=29035"}],"curies":[{"name":"wp","href":"https:\/\/api.w.org\/{rel}","templated":true}]}}