{"id":30115,"date":"2022-09-16T04:46:09","date_gmt":"2022-09-16T03:46:09","guid":{"rendered":"https:\/\/beta.gongcenter.ch\/?post_type=product&#038;p=30115"},"modified":"2025-03-24T13:23:26","modified_gmt":"2025-03-24T12:23:26","slug":"unicorn-gong-125-cm","status":"publish","type":"product","link":"https:\/\/gongcenter.ch\/en\/product\/unicorn-gong-125-cm\/","title":{"rendered":"Gongland Unicorn Gong 125 cm"},"content":{"rendered":"<p class=\"\" data-start=\"627\" data-end=\"802\">Der <strong data-start=\"631\" data-end=\"660\">Unicorn Gong von Gongland<\/strong> ist so einzigartig wie sein Name: Ein majest\u00e4tischer 50&#8243; Gong mit einem Spektrum, das so weit ist wie die M\u00f6glichkeiten, die in dir liegen.<\/p>\n<p class=\"\" data-start=\"804\" data-end=\"970\">Sein Klang \u00f6ffnet R\u00e4ume \u2013 f\u00fcr Heilung, Transformation und Staunen. Lass dich von seinem harmonischen und gleichzeitig tiefen Sound auf deinem inneren Weg begleiten.<\/p>\n<p class=\"\" data-start=\"972\" data-end=\"1068\">Staune \u00fcber die Dimensionen, die sich entfalten \u2013 in seinem Klang und vor allem in dir selbst.<\/p>\n<h4 class=\"\" data-start=\"804\" data-end=\"852\"> <strong data-start=\"812\" data-end=\"852\">INFO ZUR WIRKUNG:<\/strong><\/h4>\n<blockquote data-start=\"854\" data-end=\"1101\">\n<p class=\"\" style=\"padding-left: 40px;\" data-start=\"856\" data-end=\"1101\">Die Beschreibungen zur Wirkung basieren auf langj\u00e4hriger Erfahrung. Sie sollen dir Inspiration und Anregung f\u00fcr deine eigene Reise mit dem Gong geben. Jede Frequenz wirkt individuell \u2013 erst durch dein eigenes Erleben entsteht wahres Verst\u00e4ndnis.<\/p>\n<\/blockquote>\n<hr class=\"\" data-start=\"1103\" data-end=\"1106\" \/>\n<h4 class=\"\" data-start=\"1108\" data-end=\"1169\"> <strong data-start=\"1116\" data-end=\"1169\">PFLEGEHINWEIS:<\/strong><\/h4>\n<blockquote data-start=\"1171\" data-end=\"1493\">\n<p class=\"\" style=\"padding-left: 40px;\" data-start=\"1173\" data-end=\"1493\">Gongs lieben Ber\u00fchrung \u2013 nehmen aber schnell Fette aus der Haut auf. Um die Oberfl\u00e4che sch\u00f6n zu halten, empfehlen wir regelm\u00e4ssige Pflege mit einem geeigneten Metall- oder Silberputzmittel. Achte beim Nachpolieren darauf, R\u00fcckst\u00e4nde zu vermeiden, damit Mallets nicht verschmutzen. Der Klang bleibt stets unbeeintr\u00e4chtigt.<\/p>\n<\/blockquote>\n<p>&nbsp;<\/p>\n","protected":false},"excerpt":{"rendered":"Der Unicorn Gong von Gongland ist so einzigartig wie sein Name: Ein majest\u00e4tischer 50&#8243; Gong mit einem Spektrum, das so weit ist wie die M\u00f6glichkeiten, die in dir liegen. Sein Klang \u00f6ffnet R\u00e4ume \u2013 f\u00fcr Heilung, Transformation und Staunen. Lass dich von seinem harmonischen und gleichzeitig tiefen Sound auf deinem inneren Weg begleiten. Staune \u00fcber<a href=\"https:\/\/gongcenter.ch\/en\/product\/unicorn-gong-125-cm\/\" class=\"readmore\">Mehr  <i class=\"fa fa-angle-double-right\"><\/i><\/a>","protected":false},"featured_media":30129,"template":"","meta":[],"product_brand":[],"product_cat":[472,1252,426],"product_tag":[],"class_list":{"0":"post-30115","1":"product","2":"type-product","3":"status-publish","4":"has-post-thumbnail","6":"product_cat-gongland-advanced-gongs","7":"product_cat-special-edition","8":"product_cat-gongland-gongs","9":"product_shipping_class-kostenloser-versand-innerhalb-der-schweiz","11":"first","12":"onbackorder","13":"sold-individually","14":"taxable","15":"shipping-taxable","16":"purchasable","17":"product-type-simple"},"yoast_head":"<!-- This site is optimized with the Yoast SEO plugin v27.0 - https:\/\/yoast.com\/product\/yoast-seo-wordpress\/ -->\n<title>Gongland Unicorn Gong 50&quot; \u2013 Heilklang voller M\u00f6glichkeiten<\/title>\n<meta name=\"description\" content=\"Entdecke das weite Klangspektrum des Unicorn Gongs von Gongland. Lass dich tragen, staunen und heilen \u2013 auf deinem ganz pers\u00f6nlichen Weg der Entfaltung.\" \/>\n<meta name=\"robots\" content=\"index, follow, max-snippet:-1, max-image-preview:large, max-video-preview:-1\" \/>\n<link rel=\"canonical\" href=\"https:\/\/gongcenter.ch\/produkt\/unicorn-gong-125-cm\/\" \/>\n<meta property=\"og:locale\" content=\"en_US\" \/>\n<meta property=\"og:type\" content=\"article\" \/>\n<meta property=\"og:title\" content=\"Gongland Unicorn Gong 50&quot; \u2013 Heilklang voller M\u00f6glichkeiten\" \/>\n<meta property=\"og:description\" content=\"Entdecke das weite Klangspektrum des Unicorn Gongs von Gongland. Lass dich tragen, staunen und heilen \u2013 auf deinem ganz pers\u00f6nlichen Weg der Entfaltung.\" \/>\n<meta property=\"og:url\" content=\"https:\/\/gongcenter.ch\/produkt\/unicorn-gong-125-cm\/\" \/>\n<meta property=\"og:site_name\" content=\"Gong Center Schweiz I Dein Gong und Klanginstrumente Fachgesch\u00e4ft\" \/>\n<meta property=\"article:modified_time\" content=\"2025-03-24T12:23:26+00:00\" \/>\n<meta property=\"og:image\" content=\"https:\/\/gongcenter.ch\/app\/uploads\/2022\/09\/gongland-unicorne-gong125.png\" \/>\n\t<meta property=\"og:image:width\" content=\"600\" \/>\n\t<meta property=\"og:image:height\" content=\"600\" \/>\n\t<meta property=\"og:image:type\" content=\"image\/png\" \/>\n<meta name=\"twitter:card\" content=\"summary_large_image\" \/>\n<meta name=\"twitter:label1\" content=\"Est. reading time\" \/>\n\t<meta name=\"twitter:data1\" content=\"1 minute\" \/>\n<!-- \/ Yoast SEO plugin. -->","yoast_head_json":{"title":"Gongland Unicorn Gong 50\" \u2013 Heilklang voller M\u00f6glichkeiten","description":"Entdecke das weite Klangspektrum des Unicorn Gongs von Gongland. Lass dich tragen, staunen und heilen \u2013 auf deinem ganz pers\u00f6nlichen Weg der Entfaltung.","robots":{"index":"index","follow":"follow","max-snippet":"max-snippet:-1","max-image-preview":"max-image-preview:large","max-video-preview":"max-video-preview:-1"},"canonical":"https:\/\/gongcenter.ch\/produkt\/unicorn-gong-125-cm\/","og_locale":"en_US","og_type":"article","og_title":"Gongland Unicorn Gong 50\" \u2013 Heilklang voller M\u00f6glichkeiten","og_description":"Entdecke das weite Klangspektrum des Unicorn Gongs von Gongland. Lass dich tragen, staunen und heilen \u2013 auf deinem ganz pers\u00f6nlichen Weg der Entfaltung.","og_url":"https:\/\/gongcenter.ch\/produkt\/unicorn-gong-125-cm\/","og_site_name":"Gong Center Schweiz I Dein Gong und Klanginstrumente Fachgesch\u00e4ft","article_modified_time":"2025-03-24T12:23:26+00:00","og_image":[{"width":600,"height":600,"url":"https:\/\/gongcenter.ch\/app\/uploads\/2022\/09\/gongland-unicorne-gong125.png","type":"image\/png"}],"twitter_card":"summary_large_image","twitter_misc":{"Est. reading time":"1 minute"},"schema":{"@context":"https:\/\/schema.org","@graph":[{"@type":"WebPage","@id":"https:\/\/gongcenter.ch\/produkt\/unicorn-gong-125-cm\/","url":"https:\/\/gongcenter.ch\/produkt\/unicorn-gong-125-cm\/","name":"Gongland Unicorn Gong 50\" \u2013 Heilklang voller M\u00f6glichkeiten","isPartOf":{"@id":"https:\/\/gongcenter.ch\/#website"},"primaryImageOfPage":{"@id":"https:\/\/gongcenter.ch\/produkt\/unicorn-gong-125-cm\/#primaryimage"},"image":{"@id":"https:\/\/gongcenter.ch\/produkt\/unicorn-gong-125-cm\/#primaryimage"},"thumbnailUrl":"https:\/\/gongcenter.ch\/app\/uploads\/2022\/09\/gongland-unicorne-gong125.png","datePublished":"2022-09-16T03:46:09+00:00","dateModified":"2025-03-24T12:23:26+00:00","description":"Entdecke das weite Klangspektrum des Unicorn Gongs von Gongland. Lass dich tragen, staunen und heilen \u2013 auf deinem ganz pers\u00f6nlichen Weg der Entfaltung.","breadcrumb":{"@id":"https:\/\/gongcenter.ch\/produkt\/unicorn-gong-125-cm\/#breadcrumb"},"inLanguage":"en-US","potentialAction":[{"@type":"ReadAction","target":["https:\/\/gongcenter.ch\/produkt\/unicorn-gong-125-cm\/"]}]},{"@type":"ImageObject","inLanguage":"en-US","@id":"https:\/\/gongcenter.ch\/produkt\/unicorn-gong-125-cm\/#primaryimage","url":"https:\/\/gongcenter.ch\/app\/uploads\/2022\/09\/gongland-unicorne-gong125.png","contentUrl":"https:\/\/gongcenter.ch\/app\/uploads\/2022\/09\/gongland-unicorne-gong125.png","width":600,"height":600},{"@type":"BreadcrumbList","@id":"https:\/\/gongcenter.ch\/produkt\/unicorn-gong-125-cm\/#breadcrumb","itemListElement":[{"@type":"ListItem","position":1,"name":"Startseite","item":"https:\/\/gongcenter.ch\/en\/"},{"@type":"ListItem","position":2,"name":"Shop","item":"https:\/\/gongcenter.ch\/en\/shop\/"},{"@type":"ListItem","position":3,"name":"Gongland Unicorn Gong 125 cm"}]},{"@type":"WebSite","@id":"https:\/\/gongcenter.ch\/#website","url":"https:\/\/gongcenter.ch\/","name":"Gong Center Schweiz I Dein Gong und Klanginstrumente Fachgesch\u00e4ft","description":"Entdecke eine grosse Gong Auswahl sowie weitere Klanginstrumente - Wir sind Gong Klangtherapeut und bieten dir Top Qualit\u00e4t und Beratung.","publisher":{"@id":"https:\/\/gongcenter.ch\/#organization"},"potentialAction":[{"@type":"SearchAction","target":{"@type":"EntryPoint","urlTemplate":"https:\/\/gongcenter.ch\/?s={search_term_string}"},"query-input":{"@type":"PropertyValueSpecification","valueRequired":true,"valueName":"search_term_string"}}],"inLanguage":"en-US"},{"@type":"Organization","@id":"https:\/\/gongcenter.ch\/#organization","name":"Gongcenter Z\u00fcrich I Das Fachgesch\u00e4ft f\u00fcr Gong und Klang","url":"https:\/\/gongcenter.ch\/","logo":{"@type":"ImageObject","inLanguage":"en-US","@id":"https:\/\/gongcenter.ch\/#\/schema\/logo\/image\/","url":"https:\/\/gongcenter.ch\/app\/uploads\/2018\/05\/Gong-Center_Logo_2000_black.png","contentUrl":"https:\/\/gongcenter.ch\/app\/uploads\/2018\/05\/Gong-Center_Logo_2000_black.png","width":2000,"height":600,"caption":"Gongcenter Z\u00fcrich I Das Fachgesch\u00e4ft f\u00fcr Gong und Klang"},"image":{"@id":"https:\/\/gongcenter.ch\/#\/schema\/logo\/image\/"}}]}},"acf":[],"_links":{"self":[{"href":"https:\/\/gongcenter.ch\/en\/wp-json\/wp\/v2\/product\/30115","targetHints":{"allow":["GET"]}}],"collection":[{"href":"https:\/\/gongcenter.ch\/en\/wp-json\/wp\/v2\/product"}],"about":[{"href":"https:\/\/gongcenter.ch\/en\/wp-json\/wp\/v2\/types\/product"}],"wp:featuredmedia":[{"embeddable":true,"href":"https:\/\/gongcenter.ch\/en\/wp-json\/wp\/v2\/media\/30129"}],"wp:attachment":[{"href":"https:\/\/gongcenter.ch\/en\/wp-json\/wp\/v2\/media?parent=30115"}],"wp:term":[{"taxonomy":"product_brand","embeddable":true,"href":"https:\/\/gongcenter.ch\/en\/wp-json\/wp\/v2\/product_brand?post=30115"},{"taxonomy":"product_cat","embeddable":true,"href":"https:\/\/gongcenter.ch\/en\/wp-json\/wp\/v2\/product_cat?post=30115"},{"taxonomy":"product_tag","embeddable":true,"href":"https:\/\/gongcenter.ch\/en\/wp-json\/wp\/v2\/product_tag?post=30115"}],"curies":[{"name":"wp","href":"https:\/\/api.w.org\/{rel}","templated":true}]}}